{"id":39534,"date":"2024-03-01T09:18:48","date_gmt":"2024-03-01T08:18:48","guid":{"rendered":"https:\/\/librairie7l.com\/?post_type=product&#038;p=39534"},"modified":"2026-04-18T06:34:15","modified_gmt":"2026-04-18T04:34:15","slug":"nivola-le-corbusier-une-amitie-creatrice","status":"publish","type":"product","link":"https:\/\/librairie7l.com\/en\/produit\/nivola-le-corbusier-une-amitie-creatrice\/","title":{"rendered":"NIVOLA &#8211; LE CORBUSIER, UNE AMITI\u00c9 CR\u00c9ATRICE"},"content":{"rendered":"<p>C&#8217;est par hasard que Costantino Nivola rencontre Le Corbusier \u00e0 New York en 1946. L&#8217;amiti\u00e9 imm\u00e9diate qui na\u00eetra alors durera jusqu&#8217;\u00e0 la mort de Corbu en 1965. Ce volume pr\u00e9sente un ensemble de textes qui t\u00e9moignent de cette amiti\u00e9, mais aussi d&#8217;une proximit\u00e9 d&#8217;esprit qui renforce la relation entre le ma\u00eetre affirm\u00e9 et son disciple indisciplin\u00e9. Plac\u00e9e sous le signe du soleil, l&#8217;amiti\u00e9 cr\u00e9atrice de Nivola et Le Corbusier r\u00e9v\u00e8le un aspect in\u00e9dit du grand architecte controvers\u00e9 et revient sur la relation entre sculpture et architecture. &#8220;La rencontre avec Le Corbusier a d\u00e9termin\u00e9 toute ma formation, parce que je n&#8217;ai jamais ressenti par la suite le besoin de l&#8217;imiter&#8221;, \u00e9crit Nivola, et Le Corbusier se demande: &#8220;O\u00f9 diable est-il all\u00e9 chercher le style ind\u00e9niable qui anime ses oeuvres ?&#8221;<\/p>\n","protected":false},"excerpt":{"rendered":"<p>C&#8217;est par hasard que Costantino Nivola rencontre Le Corbusier \u00e0 New York en 1946. L&#8217;amiti\u00e9 imm\u00e9diate qui na\u00eetra alors durera jusqu&#8217;\u00e0 la mort de Corbu en 1965. Ce volume pr\u00e9sente un ensemble de textes qui t\u00e9moignent de cette amiti\u00e9, mais aussi d&#8217;une proximit\u00e9 d&#8217;esprit qui renforce la relation entre le ma\u00eetre affirm\u00e9 et son disciple [&hellip;]<\/p>\n","protected":false},"featured_media":39532,"template":"","meta":[],"product_cat":[2948,2950],"product_tag":[],"acf":[],"yoast_head":"<!-- This site is optimized with the Yoast SEO plugin v20.11 - https:\/\/yoast.com\/wordpress\/plugins\/seo\/ -->\n<title>Nivola - Le Corbusier, une amiti\u00e9 cr\u00e9atrice - Librairie 7L<\/title>\n<meta name=\"robots\" content=\"index, follow, max-snippet:-1, max-image-preview:large, max-video-preview:-1\" \/>\n<link rel=\"canonical\" href=\"https:\/\/librairie7l.com\/en\/produit\/nivola-le-corbusier-une-amitie-creatrice\/\" \/>\n<meta property=\"og:locale\" content=\"en_US\" \/>\n<meta property=\"og:type\" content=\"article\" \/>\n<meta property=\"og:title\" content=\"Nivola - Le Corbusier, une amiti\u00e9 cr\u00e9atrice - Librairie 7L\" \/>\n<meta property=\"og:description\" content=\"C&#8217;est par hasard que Costantino Nivola rencontre Le Corbusier \u00e0 New York en 1946. L&#8217;amiti\u00e9 imm\u00e9diate qui na\u00eetra alors durera jusqu&#8217;\u00e0 la mort de Corbu en 1965. Ce volume pr\u00e9sente un ensemble de textes qui t\u00e9moignent de cette amiti\u00e9, mais aussi d&#8217;une proximit\u00e9 d&#8217;esprit qui renforce la relation entre le ma\u00eetre affirm\u00e9 et son disciple [&hellip;]\" \/>\n<meta property=\"og:url\" content=\"https:\/\/librairie7l.com\/en\/produit\/nivola-le-corbusier-une-amitie-creatrice\/\" \/>\n<meta property=\"og:site_name\" content=\"Librairie 7L\" \/>\n<meta property=\"article:modified_time\" content=\"2026-04-18T04:34:15+00:00\" \/>\n<meta property=\"og:image\" content=\"https:\/\/librairie7l.com\/wp-content\/uploads\/2023\/11\/9782841626960_1_75.jpg\" \/>\n\t<meta property=\"og:image:width\" content=\"600\" \/>\n\t<meta property=\"og:image:height\" content=\"934\" \/>\n\t<meta property=\"og:image:type\" content=\"image\/jpeg\" \/>\n<meta name=\"twitter:card\" content=\"summary_large_image\" \/>\n<meta name=\"twitter:label1\" content=\"Est. reading time\" \/>\n\t<meta name=\"twitter:data1\" content=\"1 minute\" \/>\n<script type=\"application\/ld+json\" class=\"yoast-schema-graph\">{\"@context\":\"https:\/\/schema.org\",\"@graph\":[{\"@type\":\"WebPage\",\"@id\":\"https:\/\/librairie7l.com\/en\/produit\/nivola-le-corbusier-une-amitie-creatrice\/\",\"url\":\"https:\/\/librairie7l.com\/en\/produit\/nivola-le-corbusier-une-amitie-creatrice\/\",\"name\":\"Nivola - Le Corbusier, une amiti\u00e9 cr\u00e9atrice - Librairie 7L\",\"isPartOf\":{\"@id\":\"https:\/\/librairie7l.com\/en\/#website\"},\"datePublished\":\"2024-03-01T08:18:48+00:00\",\"dateModified\":\"2026-04-18T04:34:15+00:00\",\"breadcrumb\":{\"@id\":\"https:\/\/librairie7l.com\/en\/produit\/nivola-le-corbusier-une-amitie-creatrice\/#breadcrumb\"},\"inLanguage\":\"en-US\",\"potentialAction\":[{\"@type\":\"ReadAction\",\"target\":[\"https:\/\/librairie7l.com\/en\/produit\/nivola-le-corbusier-une-amitie-creatrice\/\"]}]},{\"@type\":\"BreadcrumbList\",\"@id\":\"https:\/\/librairie7l.com\/en\/produit\/nivola-le-corbusier-une-amitie-creatrice\/#breadcrumb\",\"itemListElement\":[{\"@type\":\"ListItem\",\"position\":1,\"name\":\"Accueil\",\"item\":\"https:\/\/librairie7l.com\/en\/\"},{\"@type\":\"ListItem\",\"position\":2,\"name\":\"Shop\",\"item\":\"https:\/\/librairie7l.com\/en\/shop\/\"},{\"@type\":\"ListItem\",\"position\":3,\"name\":\"NIVOLA &#8211; LE CORBUSIER, UNE AMITI\u00c9 CR\u00c9ATRICE\"}]},{\"@type\":\"WebSite\",\"@id\":\"https:\/\/librairie7l.com\/en\/#website\",\"url\":\"https:\/\/librairie7l.com\/en\/\",\"name\":\"Librairie 7L\",\"description\":\"Librairie fond\u00e9e en 1999 par Karl Lagerfeld \u00e0 Paris\",\"publisher\":{\"@id\":\"https:\/\/librairie7l.com\/en\/#organization\"},\"potentialAction\":[{\"@type\":\"SearchAction\",\"target\":{\"@type\":\"EntryPoint\",\"urlTemplate\":\"https:\/\/librairie7l.com\/en\/?s={search_term_string}\"},\"query-input\":\"required name=search_term_string\"}],\"inLanguage\":\"en-US\"},{\"@type\":\"Organization\",\"@id\":\"https:\/\/librairie7l.com\/en\/#organization\",\"name\":\"Librairie 7L\",\"url\":\"https:\/\/librairie7l.com\/en\/\",\"logo\":{\"@type\":\"ImageObject\",\"inLanguage\":\"en-US\",\"@id\":\"https:\/\/librairie7l.com\/en\/#\/schema\/logo\/image\/\",\"url\":\"https:\/\/librairie7l.com\/wp-content\/uploads\/2022\/08\/logo-1.png\",\"contentUrl\":\"https:\/\/librairie7l.com\/wp-content\/uploads\/2022\/08\/logo-1.png\",\"width\":227,\"height\":301,\"caption\":\"Librairie 7L\"},\"image\":{\"@id\":\"https:\/\/librairie7l.com\/en\/#\/schema\/logo\/image\/\"}}]}<\/script>\n<!-- \/ Yoast SEO plugin. -->","yoast_head_json":{"title":"Nivola - Le Corbusier, une amiti\u00e9 cr\u00e9atrice - Librairie 7L","robots":{"index":"index","follow":"follow","max-snippet":"max-snippet:-1","max-image-preview":"max-image-preview:large","max-video-preview":"max-video-preview:-1"},"canonical":"https:\/\/librairie7l.com\/en\/produit\/nivola-le-corbusier-une-amitie-creatrice\/","og_locale":"en_US","og_type":"article","og_title":"Nivola - Le Corbusier, une amiti\u00e9 cr\u00e9atrice - Librairie 7L","og_description":"C&#8217;est par hasard que Costantino Nivola rencontre Le Corbusier \u00e0 New York en 1946. L&#8217;amiti\u00e9 imm\u00e9diate qui na\u00eetra alors durera jusqu&#8217;\u00e0 la mort de Corbu en 1965. Ce volume pr\u00e9sente un ensemble de textes qui t\u00e9moignent de cette amiti\u00e9, mais aussi d&#8217;une proximit\u00e9 d&#8217;esprit qui renforce la relation entre le ma\u00eetre affirm\u00e9 et son disciple [&hellip;]","og_url":"https:\/\/librairie7l.com\/en\/produit\/nivola-le-corbusier-une-amitie-creatrice\/","og_site_name":"Librairie 7L","article_modified_time":"2026-04-18T04:34:15+00:00","og_image":[{"width":600,"height":934,"url":"https:\/\/librairie7l.com\/wp-content\/uploads\/2023\/11\/9782841626960_1_75.jpg","type":"image\/jpeg"}],"twitter_card":"summary_large_image","twitter_misc":{"Est. reading time":"1 minute"},"schema":{"@context":"https:\/\/schema.org","@graph":[{"@type":"WebPage","@id":"https:\/\/librairie7l.com\/en\/produit\/nivola-le-corbusier-une-amitie-creatrice\/","url":"https:\/\/librairie7l.com\/en\/produit\/nivola-le-corbusier-une-amitie-creatrice\/","name":"Nivola - Le Corbusier, une amiti\u00e9 cr\u00e9atrice - Librairie 7L","isPartOf":{"@id":"https:\/\/librairie7l.com\/en\/#website"},"datePublished":"2024-03-01T08:18:48+00:00","dateModified":"2026-04-18T04:34:15+00:00","breadcrumb":{"@id":"https:\/\/librairie7l.com\/en\/produit\/nivola-le-corbusier-une-amitie-creatrice\/#breadcrumb"},"inLanguage":"en-US","potentialAction":[{"@type":"ReadAction","target":["https:\/\/librairie7l.com\/en\/produit\/nivola-le-corbusier-une-amitie-creatrice\/"]}]},{"@type":"BreadcrumbList","@id":"https:\/\/librairie7l.com\/en\/produit\/nivola-le-corbusier-une-amitie-creatrice\/#breadcrumb","itemListElement":[{"@type":"ListItem","position":1,"name":"Accueil","item":"https:\/\/librairie7l.com\/en\/"},{"@type":"ListItem","position":2,"name":"Shop","item":"https:\/\/librairie7l.com\/en\/shop\/"},{"@type":"ListItem","position":3,"name":"NIVOLA &#8211; LE CORBUSIER, UNE AMITI\u00c9 CR\u00c9ATRICE"}]},{"@type":"WebSite","@id":"https:\/\/librairie7l.com\/en\/#website","url":"https:\/\/librairie7l.com\/en\/","name":"Librairie 7L","description":"Librairie fond\u00e9e en 1999 par Karl Lagerfeld \u00e0 Paris","publisher":{"@id":"https:\/\/librairie7l.com\/en\/#organization"},"potentialAction":[{"@type":"SearchAction","target":{"@type":"EntryPoint","urlTemplate":"https:\/\/librairie7l.com\/en\/?s={search_term_string}"},"query-input":"required name=search_term_string"}],"inLanguage":"en-US"},{"@type":"Organization","@id":"https:\/\/librairie7l.com\/en\/#organization","name":"Librairie 7L","url":"https:\/\/librairie7l.com\/en\/","logo":{"@type":"ImageObject","inLanguage":"en-US","@id":"https:\/\/librairie7l.com\/en\/#\/schema\/logo\/image\/","url":"https:\/\/librairie7l.com\/wp-content\/uploads\/2022\/08\/logo-1.png","contentUrl":"https:\/\/librairie7l.com\/wp-content\/uploads\/2022\/08\/logo-1.png","width":227,"height":301,"caption":"Librairie 7L"},"image":{"@id":"https:\/\/librairie7l.com\/en\/#\/schema\/logo\/image\/"}}]}},"_links":{"self":[{"href":"https:\/\/librairie7l.com\/en\/wp-json\/wp\/v2\/product\/39534"}],"collection":[{"href":"https:\/\/librairie7l.com\/en\/wp-json\/wp\/v2\/product"}],"about":[{"href":"https:\/\/librairie7l.com\/en\/wp-json\/wp\/v2\/types\/product"}],"wp:featuredmedia":[{"embeddable":true,"href":"https:\/\/librairie7l.com\/en\/wp-json\/wp\/v2\/media\/39532"}],"wp:attachment":[{"href":"https:\/\/librairie7l.com\/en\/wp-json\/wp\/v2\/media?parent=39534"}],"wp:term":[{"taxonomy":"product_cat","embeddable":true,"href":"https:\/\/librairie7l.com\/en\/wp-json\/wp\/v2\/product_cat?post=39534"},{"taxonomy":"product_tag","embeddable":true,"href":"https:\/\/librairie7l.com\/en\/wp-json\/wp\/v2\/product_tag?post=39534"}],"curies":[{"name":"wp","href":"https:\/\/api.w.org\/{rel}","templated":true}]}}