{"id":39538,"date":"2024-03-02T09:21:16","date_gmt":"2024-03-02T08:21:16","guid":{"rendered":"https:\/\/librairie7l.com\/?post_type=product&#038;p=39538"},"modified":"2026-04-18T06:54:46","modified_gmt":"2026-04-18T04:54:46","slug":"jay-defeo-photographic-work","status":"publish","type":"product","link":"https:\/\/librairie7l.com\/en\/produit\/jay-defeo-photographic-work\/","title":{"rendered":"JAY DEFEO PHOTOGRAPHIC WORK"},"content":{"rendered":"<p>Publi\u00e9e conjointement par Delmonico Books et la fondation Jay DeFeo, cette monographie sur l&#8217;artiste Jay DeFeo, associ\u00e9e \u00e0 la Beat Generation, qui a travaill\u00e9 de 1950 \u00e0 la fin des ann\u00e9es 90 \u00e0 San Francisco. Cet ouvrage reprend plus de 150 oeuvres photographiques, dont plusieurs in\u00e9dites, et pour la plupart reproduites \u00e0 taille r\u00e9elle. Apr\u00e8s l&#8217;ach\u00e8vement de son chef-d&#8217;oeuvre monumental The Rose en 1966, DeFeo a quitt\u00e9 San Francisco pour une petite maison dans le comt\u00e9 de Marin, en Californie. L\u00e0, elle s&#8217;est concentr\u00e9e sur la photographie. Pour une grande partie des ann\u00e9es 1970, elle a utilis\u00e9 l&#8217;objectif comme un outil pour regarder et penser, cr\u00e9er des images en noir et blanc tant\u00f4t fantastiques, tant\u00f4t documentaires de mani\u00e8re exp\u00e9rimentale, qui, dans son atelier, c\u00f4toient les peintures. Ses planches contact, dont certaines sont reproduites ici, pr\u00e9sentent souvent plusieurs vues d&#8217;un m\u00eame objet, r\u00e9v\u00e9lant la fa\u00e7on dont Jay DeFeo utilis\u00e9 l&#8217;appareil photo comme un outil de travail et d&#8217;esquisses. En 1972 elle \u00e9crit : \u00ab Mon int\u00e9r\u00eat pour la photographie a toujours \u00e9t\u00e9 parall\u00e8le \u00e0 mon expression de peintre. \u00bb<\/p>\n","protected":false},"excerpt":{"rendered":"<p>Publi\u00e9e conjointement par Delmonico Books et la fondation Jay DeFeo, cette monographie sur l&#8217;artiste Jay DeFeo, associ\u00e9e \u00e0 la Beat Generation, qui a travaill\u00e9 de 1950 \u00e0 la fin des ann\u00e9es 90 \u00e0 San Francisco. Cet ouvrage reprend plus de 150 oeuvres photographiques, dont plusieurs in\u00e9dites, et pour la plupart reproduites \u00e0 taille r\u00e9elle. Apr\u00e8s [&hellip;]<\/p>\n","protected":false},"featured_media":39536,"template":"","meta":[],"product_cat":[2948,2958],"product_tag":[],"acf":[],"yoast_head":"<!-- This site is optimized with the Yoast SEO plugin v20.11 - https:\/\/yoast.com\/wordpress\/plugins\/seo\/ -->\n<title>Jay DeFeo photographic work - Librairie 7L<\/title>\n<meta name=\"robots\" content=\"index, follow, max-snippet:-1, max-image-preview:large, max-video-preview:-1\" \/>\n<link rel=\"canonical\" href=\"https:\/\/librairie7l.com\/en\/produit\/jay-defeo-photographic-work\/\" \/>\n<meta property=\"og:locale\" content=\"en_US\" \/>\n<meta property=\"og:type\" content=\"article\" \/>\n<meta property=\"og:title\" content=\"Jay DeFeo photographic work - Librairie 7L\" \/>\n<meta property=\"og:description\" content=\"Publi\u00e9e conjointement par Delmonico Books et la fondation Jay DeFeo, cette monographie sur l&#8217;artiste Jay DeFeo, associ\u00e9e \u00e0 la Beat Generation, qui a travaill\u00e9 de 1950 \u00e0 la fin des ann\u00e9es 90 \u00e0 San Francisco. Cet ouvrage reprend plus de 150 oeuvres photographiques, dont plusieurs in\u00e9dites, et pour la plupart reproduites \u00e0 taille r\u00e9elle. Apr\u00e8s [&hellip;]\" \/>\n<meta property=\"og:url\" content=\"https:\/\/librairie7l.com\/en\/produit\/jay-defeo-photographic-work\/\" \/>\n<meta property=\"og:site_name\" content=\"Librairie 7L\" \/>\n<meta property=\"article:modified_time\" content=\"2026-04-18T04:54:46+00:00\" \/>\n<meta property=\"og:image\" content=\"https:\/\/librairie7l.com\/wp-content\/uploads\/2023\/02\/9781636811116_1_75.jpg\" \/>\n\t<meta property=\"og:image:width\" content=\"407\" \/>\n\t<meta property=\"og:image:height\" content=\"500\" \/>\n\t<meta property=\"og:image:type\" content=\"image\/jpeg\" \/>\n<meta name=\"twitter:card\" content=\"summary_large_image\" \/>\n<meta name=\"twitter:label1\" content=\"Est. reading time\" \/>\n\t<meta name=\"twitter:data1\" content=\"1 minute\" \/>\n<script type=\"application\/ld+json\" class=\"yoast-schema-graph\">{\"@context\":\"https:\/\/schema.org\",\"@graph\":[{\"@type\":\"WebPage\",\"@id\":\"https:\/\/librairie7l.com\/en\/produit\/jay-defeo-photographic-work\/\",\"url\":\"https:\/\/librairie7l.com\/en\/produit\/jay-defeo-photographic-work\/\",\"name\":\"Jay DeFeo photographic work - Librairie 7L\",\"isPartOf\":{\"@id\":\"https:\/\/librairie7l.com\/en\/#website\"},\"datePublished\":\"2024-03-02T08:21:16+00:00\",\"dateModified\":\"2026-04-18T04:54:46+00:00\",\"breadcrumb\":{\"@id\":\"https:\/\/librairie7l.com\/en\/produit\/jay-defeo-photographic-work\/#breadcrumb\"},\"inLanguage\":\"en-US\",\"potentialAction\":[{\"@type\":\"ReadAction\",\"target\":[\"https:\/\/librairie7l.com\/en\/produit\/jay-defeo-photographic-work\/\"]}]},{\"@type\":\"BreadcrumbList\",\"@id\":\"https:\/\/librairie7l.com\/en\/produit\/jay-defeo-photographic-work\/#breadcrumb\",\"itemListElement\":[{\"@type\":\"ListItem\",\"position\":1,\"name\":\"Accueil\",\"item\":\"https:\/\/librairie7l.com\/en\/\"},{\"@type\":\"ListItem\",\"position\":2,\"name\":\"Shop\",\"item\":\"https:\/\/librairie7l.com\/en\/shop\/\"},{\"@type\":\"ListItem\",\"position\":3,\"name\":\"JAY DEFEO PHOTOGRAPHIC WORK\"}]},{\"@type\":\"WebSite\",\"@id\":\"https:\/\/librairie7l.com\/en\/#website\",\"url\":\"https:\/\/librairie7l.com\/en\/\",\"name\":\"Librairie 7L\",\"description\":\"Librairie fond\u00e9e en 1999 par Karl Lagerfeld \u00e0 Paris\",\"publisher\":{\"@id\":\"https:\/\/librairie7l.com\/en\/#organization\"},\"potentialAction\":[{\"@type\":\"SearchAction\",\"target\":{\"@type\":\"EntryPoint\",\"urlTemplate\":\"https:\/\/librairie7l.com\/en\/?s={search_term_string}\"},\"query-input\":\"required name=search_term_string\"}],\"inLanguage\":\"en-US\"},{\"@type\":\"Organization\",\"@id\":\"https:\/\/librairie7l.com\/en\/#organization\",\"name\":\"Librairie 7L\",\"url\":\"https:\/\/librairie7l.com\/en\/\",\"logo\":{\"@type\":\"ImageObject\",\"inLanguage\":\"en-US\",\"@id\":\"https:\/\/librairie7l.com\/en\/#\/schema\/logo\/image\/\",\"url\":\"https:\/\/librairie7l.com\/wp-content\/uploads\/2022\/08\/logo-1.png\",\"contentUrl\":\"https:\/\/librairie7l.com\/wp-content\/uploads\/2022\/08\/logo-1.png\",\"width\":227,\"height\":301,\"caption\":\"Librairie 7L\"},\"image\":{\"@id\":\"https:\/\/librairie7l.com\/en\/#\/schema\/logo\/image\/\"}}]}<\/script>\n<!-- \/ Yoast SEO plugin. -->","yoast_head_json":{"title":"Jay DeFeo photographic work - Librairie 7L","robots":{"index":"index","follow":"follow","max-snippet":"max-snippet:-1","max-image-preview":"max-image-preview:large","max-video-preview":"max-video-preview:-1"},"canonical":"https:\/\/librairie7l.com\/en\/produit\/jay-defeo-photographic-work\/","og_locale":"en_US","og_type":"article","og_title":"Jay DeFeo photographic work - Librairie 7L","og_description":"Publi\u00e9e conjointement par Delmonico Books et la fondation Jay DeFeo, cette monographie sur l&#8217;artiste Jay DeFeo, associ\u00e9e \u00e0 la Beat Generation, qui a travaill\u00e9 de 1950 \u00e0 la fin des ann\u00e9es 90 \u00e0 San Francisco. Cet ouvrage reprend plus de 150 oeuvres photographiques, dont plusieurs in\u00e9dites, et pour la plupart reproduites \u00e0 taille r\u00e9elle. Apr\u00e8s [&hellip;]","og_url":"https:\/\/librairie7l.com\/en\/produit\/jay-defeo-photographic-work\/","og_site_name":"Librairie 7L","article_modified_time":"2026-04-18T04:54:46+00:00","og_image":[{"width":407,"height":500,"url":"https:\/\/librairie7l.com\/wp-content\/uploads\/2023\/02\/9781636811116_1_75.jpg","type":"image\/jpeg"}],"twitter_card":"summary_large_image","twitter_misc":{"Est. reading time":"1 minute"},"schema":{"@context":"https:\/\/schema.org","@graph":[{"@type":"WebPage","@id":"https:\/\/librairie7l.com\/en\/produit\/jay-defeo-photographic-work\/","url":"https:\/\/librairie7l.com\/en\/produit\/jay-defeo-photographic-work\/","name":"Jay DeFeo photographic work - Librairie 7L","isPartOf":{"@id":"https:\/\/librairie7l.com\/en\/#website"},"datePublished":"2024-03-02T08:21:16+00:00","dateModified":"2026-04-18T04:54:46+00:00","breadcrumb":{"@id":"https:\/\/librairie7l.com\/en\/produit\/jay-defeo-photographic-work\/#breadcrumb"},"inLanguage":"en-US","potentialAction":[{"@type":"ReadAction","target":["https:\/\/librairie7l.com\/en\/produit\/jay-defeo-photographic-work\/"]}]},{"@type":"BreadcrumbList","@id":"https:\/\/librairie7l.com\/en\/produit\/jay-defeo-photographic-work\/#breadcrumb","itemListElement":[{"@type":"ListItem","position":1,"name":"Accueil","item":"https:\/\/librairie7l.com\/en\/"},{"@type":"ListItem","position":2,"name":"Shop","item":"https:\/\/librairie7l.com\/en\/shop\/"},{"@type":"ListItem","position":3,"name":"JAY DEFEO PHOTOGRAPHIC WORK"}]},{"@type":"WebSite","@id":"https:\/\/librairie7l.com\/en\/#website","url":"https:\/\/librairie7l.com\/en\/","name":"Librairie 7L","description":"Librairie fond\u00e9e en 1999 par Karl Lagerfeld \u00e0 Paris","publisher":{"@id":"https:\/\/librairie7l.com\/en\/#organization"},"potentialAction":[{"@type":"SearchAction","target":{"@type":"EntryPoint","urlTemplate":"https:\/\/librairie7l.com\/en\/?s={search_term_string}"},"query-input":"required name=search_term_string"}],"inLanguage":"en-US"},{"@type":"Organization","@id":"https:\/\/librairie7l.com\/en\/#organization","name":"Librairie 7L","url":"https:\/\/librairie7l.com\/en\/","logo":{"@type":"ImageObject","inLanguage":"en-US","@id":"https:\/\/librairie7l.com\/en\/#\/schema\/logo\/image\/","url":"https:\/\/librairie7l.com\/wp-content\/uploads\/2022\/08\/logo-1.png","contentUrl":"https:\/\/librairie7l.com\/wp-content\/uploads\/2022\/08\/logo-1.png","width":227,"height":301,"caption":"Librairie 7L"},"image":{"@id":"https:\/\/librairie7l.com\/en\/#\/schema\/logo\/image\/"}}]}},"_links":{"self":[{"href":"https:\/\/librairie7l.com\/en\/wp-json\/wp\/v2\/product\/39538"}],"collection":[{"href":"https:\/\/librairie7l.com\/en\/wp-json\/wp\/v2\/product"}],"about":[{"href":"https:\/\/librairie7l.com\/en\/wp-json\/wp\/v2\/types\/product"}],"wp:featuredmedia":[{"embeddable":true,"href":"https:\/\/librairie7l.com\/en\/wp-json\/wp\/v2\/media\/39536"}],"wp:attachment":[{"href":"https:\/\/librairie7l.com\/en\/wp-json\/wp\/v2\/media?parent=39538"}],"wp:term":[{"taxonomy":"product_cat","embeddable":true,"href":"https:\/\/librairie7l.com\/en\/wp-json\/wp\/v2\/product_cat?post=39538"},{"taxonomy":"product_tag","embeddable":true,"href":"https:\/\/librairie7l.com\/en\/wp-json\/wp\/v2\/product_tag?post=39538"}],"curies":[{"name":"wp","href":"https:\/\/api.w.org\/{rel}","templated":true}]}}