{"id":39546,"date":"2024-05-23T23:05:51","date_gmt":"2024-05-23T21:05:51","guid":{"rendered":"https:\/\/librairie7l.com\/?post_type=product&#038;p=39546"},"modified":"2026-05-03T22:04:02","modified_gmt":"2026-05-03T20:04:02","slug":"papiers-peints-lhistoire-des-motifs","status":"publish","type":"product","link":"https:\/\/librairie7l.com\/en\/produit\/papiers-peints-lhistoire-des-motifs\/","title":{"rendered":"PAPIERS PEINTS ; L&#8217;HISTOIRE DES MOTIFS"},"content":{"rendered":"<p>En se fondant sur les riches collections du Mus\u00e9e du papier peint de Rixheim, ce livre a pour propos de faire revivre ces innombrables motifs qui ont transform\u00e9 la vie de nos anc\u00eatres, de tenter de leur redonner un sens. Le motif de papier est un monde : les manufactures en ont imprim\u00e9 des milliers des ann\u00e9es 1770 \u00e0 nos jours, de fa\u00e7on \u00e0 transformer \u00e0 moindre frais le mur nu et lui donner un sens en rapport avec les d\u00e9sirs de chacun. Ne parle-t-on pas \u00e0 son propos de seconde peau ?<\/p>\n","protected":false},"excerpt":{"rendered":"<p>En se fondant sur les riches collections du Mus\u00e9e du papier peint de Rixheim, ce livre a pour propos de faire revivre ces innombrables motifs qui ont transform\u00e9 la vie de nos anc\u00eatres, de tenter de leur redonner un sens. Le motif de papier est un monde : les manufactures en ont imprim\u00e9 des milliers [&hellip;]<\/p>\n","protected":false},"featured_media":39544,"template":"","meta":[],"product_cat":[2948,2952],"product_tag":[],"acf":[],"yoast_head":"<!-- This site is optimized with the Yoast SEO plugin v20.11 - https:\/\/yoast.com\/wordpress\/plugins\/seo\/ -->\n<title>Papiers peints ; l&#039;histoire des motifs - Librairie 7L<\/title>\n<meta name=\"robots\" content=\"index, follow, max-snippet:-1, max-image-preview:large, max-video-preview:-1\" \/>\n<link rel=\"canonical\" href=\"https:\/\/librairie7l.com\/en\/produit\/papiers-peints-lhistoire-des-motifs\/\" \/>\n<meta property=\"og:locale\" content=\"en_US\" \/>\n<meta property=\"og:type\" content=\"article\" \/>\n<meta property=\"og:title\" content=\"Papiers peints ; l&#039;histoire des motifs - Librairie 7L\" \/>\n<meta property=\"og:description\" content=\"En se fondant sur les riches collections du Mus\u00e9e du papier peint de Rixheim, ce livre a pour propos de faire revivre ces innombrables motifs qui ont transform\u00e9 la vie de nos anc\u00eatres, de tenter de leur redonner un sens. Le motif de papier est un monde : les manufactures en ont imprim\u00e9 des milliers [&hellip;]\" \/>\n<meta property=\"og:url\" content=\"https:\/\/librairie7l.com\/en\/produit\/papiers-peints-lhistoire-des-motifs\/\" \/>\n<meta property=\"og:site_name\" content=\"Librairie 7L\" \/>\n<meta property=\"article:modified_time\" content=\"2026-05-03T20:04:02+00:00\" \/>\n<meta property=\"og:image\" content=\"https:\/\/librairie7l.com\/wp-content\/uploads\/2010\/03\/9782851011350_1_75.jpg\" \/>\n\t<meta property=\"og:image:width\" content=\"600\" \/>\n\t<meta property=\"og:image:height\" content=\"782\" \/>\n\t<meta property=\"og:image:type\" content=\"image\/jpeg\" \/>\n<meta name=\"twitter:card\" content=\"summary_large_image\" \/>\n<script type=\"application\/ld+json\" class=\"yoast-schema-graph\">{\"@context\":\"https:\/\/schema.org\",\"@graph\":[{\"@type\":\"WebPage\",\"@id\":\"https:\/\/librairie7l.com\/en\/produit\/papiers-peints-lhistoire-des-motifs\/\",\"url\":\"https:\/\/librairie7l.com\/en\/produit\/papiers-peints-lhistoire-des-motifs\/\",\"name\":\"Papiers peints ; l'histoire des motifs - Librairie 7L\",\"isPartOf\":{\"@id\":\"https:\/\/librairie7l.com\/en\/#website\"},\"datePublished\":\"2024-05-23T21:05:51+00:00\",\"dateModified\":\"2026-05-03T20:04:02+00:00\",\"breadcrumb\":{\"@id\":\"https:\/\/librairie7l.com\/en\/produit\/papiers-peints-lhistoire-des-motifs\/#breadcrumb\"},\"inLanguage\":\"en-US\",\"potentialAction\":[{\"@type\":\"ReadAction\",\"target\":[\"https:\/\/librairie7l.com\/en\/produit\/papiers-peints-lhistoire-des-motifs\/\"]}]},{\"@type\":\"BreadcrumbList\",\"@id\":\"https:\/\/librairie7l.com\/en\/produit\/papiers-peints-lhistoire-des-motifs\/#breadcrumb\",\"itemListElement\":[{\"@type\":\"ListItem\",\"position\":1,\"name\":\"Accueil\",\"item\":\"https:\/\/librairie7l.com\/en\/\"},{\"@type\":\"ListItem\",\"position\":2,\"name\":\"Shop\",\"item\":\"https:\/\/librairie7l.com\/en\/shop\/\"},{\"@type\":\"ListItem\",\"position\":3,\"name\":\"PAPIERS PEINTS ; L&#8217;HISTOIRE DES MOTIFS\"}]},{\"@type\":\"WebSite\",\"@id\":\"https:\/\/librairie7l.com\/en\/#website\",\"url\":\"https:\/\/librairie7l.com\/en\/\",\"name\":\"Librairie 7L\",\"description\":\"Librairie fond\u00e9e en 1999 par Karl Lagerfeld \u00e0 Paris\",\"publisher\":{\"@id\":\"https:\/\/librairie7l.com\/en\/#organization\"},\"potentialAction\":[{\"@type\":\"SearchAction\",\"target\":{\"@type\":\"EntryPoint\",\"urlTemplate\":\"https:\/\/librairie7l.com\/en\/?s={search_term_string}\"},\"query-input\":\"required name=search_term_string\"}],\"inLanguage\":\"en-US\"},{\"@type\":\"Organization\",\"@id\":\"https:\/\/librairie7l.com\/en\/#organization\",\"name\":\"Librairie 7L\",\"url\":\"https:\/\/librairie7l.com\/en\/\",\"logo\":{\"@type\":\"ImageObject\",\"inLanguage\":\"en-US\",\"@id\":\"https:\/\/librairie7l.com\/en\/#\/schema\/logo\/image\/\",\"url\":\"https:\/\/librairie7l.com\/wp-content\/uploads\/2022\/08\/logo-1.png\",\"contentUrl\":\"https:\/\/librairie7l.com\/wp-content\/uploads\/2022\/08\/logo-1.png\",\"width\":227,\"height\":301,\"caption\":\"Librairie 7L\"},\"image\":{\"@id\":\"https:\/\/librairie7l.com\/en\/#\/schema\/logo\/image\/\"}}]}<\/script>\n<!-- \/ Yoast SEO plugin. -->","yoast_head_json":{"title":"Papiers peints ; l'histoire des motifs - Librairie 7L","robots":{"index":"index","follow":"follow","max-snippet":"max-snippet:-1","max-image-preview":"max-image-preview:large","max-video-preview":"max-video-preview:-1"},"canonical":"https:\/\/librairie7l.com\/en\/produit\/papiers-peints-lhistoire-des-motifs\/","og_locale":"en_US","og_type":"article","og_title":"Papiers peints ; l'histoire des motifs - Librairie 7L","og_description":"En se fondant sur les riches collections du Mus\u00e9e du papier peint de Rixheim, ce livre a pour propos de faire revivre ces innombrables motifs qui ont transform\u00e9 la vie de nos anc\u00eatres, de tenter de leur redonner un sens. Le motif de papier est un monde : les manufactures en ont imprim\u00e9 des milliers [&hellip;]","og_url":"https:\/\/librairie7l.com\/en\/produit\/papiers-peints-lhistoire-des-motifs\/","og_site_name":"Librairie 7L","article_modified_time":"2026-05-03T20:04:02+00:00","og_image":[{"width":600,"height":782,"url":"https:\/\/librairie7l.com\/wp-content\/uploads\/2010\/03\/9782851011350_1_75.jpg","type":"image\/jpeg"}],"twitter_card":"summary_large_image","schema":{"@context":"https:\/\/schema.org","@graph":[{"@type":"WebPage","@id":"https:\/\/librairie7l.com\/en\/produit\/papiers-peints-lhistoire-des-motifs\/","url":"https:\/\/librairie7l.com\/en\/produit\/papiers-peints-lhistoire-des-motifs\/","name":"Papiers peints ; l'histoire des motifs - Librairie 7L","isPartOf":{"@id":"https:\/\/librairie7l.com\/en\/#website"},"datePublished":"2024-05-23T21:05:51+00:00","dateModified":"2026-05-03T20:04:02+00:00","breadcrumb":{"@id":"https:\/\/librairie7l.com\/en\/produit\/papiers-peints-lhistoire-des-motifs\/#breadcrumb"},"inLanguage":"en-US","potentialAction":[{"@type":"ReadAction","target":["https:\/\/librairie7l.com\/en\/produit\/papiers-peints-lhistoire-des-motifs\/"]}]},{"@type":"BreadcrumbList","@id":"https:\/\/librairie7l.com\/en\/produit\/papiers-peints-lhistoire-des-motifs\/#breadcrumb","itemListElement":[{"@type":"ListItem","position":1,"name":"Accueil","item":"https:\/\/librairie7l.com\/en\/"},{"@type":"ListItem","position":2,"name":"Shop","item":"https:\/\/librairie7l.com\/en\/shop\/"},{"@type":"ListItem","position":3,"name":"PAPIERS PEINTS ; L&#8217;HISTOIRE DES MOTIFS"}]},{"@type":"WebSite","@id":"https:\/\/librairie7l.com\/en\/#website","url":"https:\/\/librairie7l.com\/en\/","name":"Librairie 7L","description":"Librairie fond\u00e9e en 1999 par Karl Lagerfeld \u00e0 Paris","publisher":{"@id":"https:\/\/librairie7l.com\/en\/#organization"},"potentialAction":[{"@type":"SearchAction","target":{"@type":"EntryPoint","urlTemplate":"https:\/\/librairie7l.com\/en\/?s={search_term_string}"},"query-input":"required name=search_term_string"}],"inLanguage":"en-US"},{"@type":"Organization","@id":"https:\/\/librairie7l.com\/en\/#organization","name":"Librairie 7L","url":"https:\/\/librairie7l.com\/en\/","logo":{"@type":"ImageObject","inLanguage":"en-US","@id":"https:\/\/librairie7l.com\/en\/#\/schema\/logo\/image\/","url":"https:\/\/librairie7l.com\/wp-content\/uploads\/2022\/08\/logo-1.png","contentUrl":"https:\/\/librairie7l.com\/wp-content\/uploads\/2022\/08\/logo-1.png","width":227,"height":301,"caption":"Librairie 7L"},"image":{"@id":"https:\/\/librairie7l.com\/en\/#\/schema\/logo\/image\/"}}]}},"_links":{"self":[{"href":"https:\/\/librairie7l.com\/en\/wp-json\/wp\/v2\/product\/39546"}],"collection":[{"href":"https:\/\/librairie7l.com\/en\/wp-json\/wp\/v2\/product"}],"about":[{"href":"https:\/\/librairie7l.com\/en\/wp-json\/wp\/v2\/types\/product"}],"wp:featuredmedia":[{"embeddable":true,"href":"https:\/\/librairie7l.com\/en\/wp-json\/wp\/v2\/media\/39544"}],"wp:attachment":[{"href":"https:\/\/librairie7l.com\/en\/wp-json\/wp\/v2\/media?parent=39546"}],"wp:term":[{"taxonomy":"product_cat","embeddable":true,"href":"https:\/\/librairie7l.com\/en\/wp-json\/wp\/v2\/product_cat?post=39546"},{"taxonomy":"product_tag","embeddable":true,"href":"https:\/\/librairie7l.com\/en\/wp-json\/wp\/v2\/product_tag?post=39546"}],"curies":[{"name":"wp","href":"https:\/\/api.w.org\/{rel}","templated":true}]}}