{"id":39564,"date":"2024-03-07T09:18:06","date_gmt":"2024-03-07T08:18:06","guid":{"rendered":"https:\/\/librairie7l.com\/?post_type=product&#038;p=39564"},"modified":"2026-04-18T05:03:35","modified_gmt":"2026-04-18T03:03:35","slug":"extravagance-renaissance-larchitectura-de-wendel-dietterlin","status":"publish","type":"product","link":"https:\/\/librairie7l.com\/en\/produit\/extravagance-renaissance-larchitectura-de-wendel-dietterlin\/","title":{"rendered":"EXTRAVAGANCE RENAISSANCE : L&#8217;ARCHITECTURA DE WENDEL DIETTERLIN"},"content":{"rendered":"<p>L&#8217;<br \/>\nArchitectura de Wendel Dietterlin est l&#8217;un des plus c\u00e9l\u00e8bres trait\u00e9s d&#8217;architecture de la Renaissance. L&#8217;artiste y propose des mod\u00e8les de colonnes, chemin\u00e9es, blasons, fontaines et portails richement d\u00e9cor\u00e9s. Cinq si\u00e8cles plus tard, poussez la porte de ce palais fant\u00f4me, peupl\u00e9 d&#8217;\u00eatres \u00e9tranges, mi hommes mi dieux, mi b\u00eates mi monstres.<br \/>\nLes id\u00e9es et th\u00e9ories humanistes de la Renaissance ont principalement circul\u00e9 en Europe via les livres. Profitant des d\u00e9veloppements techniques (gravure sur bois et sur cuivre), les artistes et \u00e9diteurs con\u00e7oivent des ouvrages d&#8217;un nouveau genre, largement illustr\u00e9s : les<br \/>\nlivres de mod\u00e8les, qui rassemblent des r\u00e9pertoires d&#8217;images \u00e0 destination d&#8217;autres artistes et artisans. Parmi eux, les<br \/>\ntrait\u00e9s d&#8217;architecture constituent un genre \u00e0 part enti\u00e8re : ils d\u00e9taillent les r\u00e8gles, proportions et ornementations caract\u00e9ristiques des ordres architecturaux (ionique, dorique, corinthien, toscan et composite) qui permettent de concevoir des constructions conformes aux nouveaux canons esth\u00e9tiques et th\u00e9oriques.<br \/>\nL&#8217;<br \/>\nArchitectura de Wendel Dietterlin est un des exemples les plus fameux de ce type de trait\u00e9s. Il para\u00eet \u00e0 Strasbourg \u00e0 la fin de la Renaissance et constitue un jalon dans la diffusion du mani\u00e9risme : formes organiques \u00e9tranges, \u00eatres hybrides, espaces distordus y cohabitent avec des exemples plus &#8221; classiques &#8220;. L&#8217;ouvrage a \u00e9t\u00e9 r\u00e9\u00e9dit\u00e9 et compl\u00e9t\u00e9 de nombreuses fois au xvie si\u00e8cle. L&#8217;\u00e9dition que nous en proposons aujourd&#8217;hui rassemble une s\u00e9lection d&#8217;une quarantaine des planches les plus embl\u00e9matiques et frappantes : mod\u00e8les de portes, portails, chemin\u00e9es, colonnes et fontaines sur lesquels dragons, licornes et fauves croisent moines et d\u00e9esses antiques et cr\u00e9ent,<br \/>\nsous des apparences harmonieuses, un univers \u00e9trange et inqui\u00e9tant.<\/p>\n","protected":false},"excerpt":{"rendered":"<p>L&#8217; Architectura de Wendel Dietterlin est l&#8217;un des plus c\u00e9l\u00e8bres trait\u00e9s d&#8217;architecture de la Renaissance. L&#8217;artiste y propose des mod\u00e8les de colonnes, chemin\u00e9es, blasons, fontaines et portails richement d\u00e9cor\u00e9s. Cinq si\u00e8cles plus tard, poussez la porte de ce palais fant\u00f4me, peupl\u00e9 d&#8217;\u00eatres \u00e9tranges, mi hommes mi dieux, mi b\u00eates mi monstres. Les id\u00e9es et th\u00e9ories [&hellip;]<\/p>\n","protected":false},"featured_media":39562,"template":"","meta":[],"product_cat":[2948,2950],"product_tag":[],"acf":[],"yoast_head":"<!-- This site is optimized with the Yoast SEO plugin v20.11 - https:\/\/yoast.com\/wordpress\/plugins\/seo\/ -->\n<title>Extravagance renaissance : L&#039;architectura de Wendel Dietterlin - Librairie 7L<\/title>\n<meta name=\"robots\" content=\"index, follow, max-snippet:-1, max-image-preview:large, max-video-preview:-1\" \/>\n<link rel=\"canonical\" href=\"https:\/\/librairie7l.com\/en\/produit\/extravagance-renaissance-larchitectura-de-wendel-dietterlin\/\" \/>\n<meta property=\"og:locale\" content=\"en_US\" \/>\n<meta property=\"og:type\" content=\"article\" \/>\n<meta property=\"og:title\" content=\"Extravagance renaissance : L&#039;architectura de Wendel Dietterlin - Librairie 7L\" \/>\n<meta property=\"og:description\" content=\"L&#8217; Architectura de Wendel Dietterlin est l&#8217;un des plus c\u00e9l\u00e8bres trait\u00e9s d&#8217;architecture de la Renaissance. L&#8217;artiste y propose des mod\u00e8les de colonnes, chemin\u00e9es, blasons, fontaines et portails richement d\u00e9cor\u00e9s. Cinq si\u00e8cles plus tard, poussez la porte de ce palais fant\u00f4me, peupl\u00e9 d&#8217;\u00eatres \u00e9tranges, mi hommes mi dieux, mi b\u00eates mi monstres. Les id\u00e9es et th\u00e9ories [&hellip;]\" \/>\n<meta property=\"og:url\" content=\"https:\/\/librairie7l.com\/en\/produit\/extravagance-renaissance-larchitectura-de-wendel-dietterlin\/\" \/>\n<meta property=\"og:site_name\" content=\"Librairie 7L\" \/>\n<meta property=\"article:modified_time\" content=\"2026-04-18T03:03:35+00:00\" \/>\n<meta property=\"og:image\" content=\"https:\/\/librairie7l.com\/wp-content\/uploads\/2023\/12\/9782351252208_1_75.jpg\" \/>\n\t<meta property=\"og:image:width\" content=\"600\" \/>\n\t<meta property=\"og:image:height\" content=\"843\" \/>\n\t<meta property=\"og:image:type\" content=\"image\/jpeg\" \/>\n<meta name=\"twitter:card\" content=\"summary_large_image\" \/>\n<meta name=\"twitter:label1\" content=\"Est. reading time\" \/>\n\t<meta name=\"twitter:data1\" content=\"1 minute\" \/>\n<script type=\"application\/ld+json\" class=\"yoast-schema-graph\">{\"@context\":\"https:\/\/schema.org\",\"@graph\":[{\"@type\":\"WebPage\",\"@id\":\"https:\/\/librairie7l.com\/en\/produit\/extravagance-renaissance-larchitectura-de-wendel-dietterlin\/\",\"url\":\"https:\/\/librairie7l.com\/en\/produit\/extravagance-renaissance-larchitectura-de-wendel-dietterlin\/\",\"name\":\"Extravagance renaissance : L'architectura de Wendel Dietterlin - Librairie 7L\",\"isPartOf\":{\"@id\":\"https:\/\/librairie7l.com\/en\/#website\"},\"datePublished\":\"2024-03-07T08:18:06+00:00\",\"dateModified\":\"2026-04-18T03:03:35+00:00\",\"breadcrumb\":{\"@id\":\"https:\/\/librairie7l.com\/en\/produit\/extravagance-renaissance-larchitectura-de-wendel-dietterlin\/#breadcrumb\"},\"inLanguage\":\"en-US\",\"potentialAction\":[{\"@type\":\"ReadAction\",\"target\":[\"https:\/\/librairie7l.com\/en\/produit\/extravagance-renaissance-larchitectura-de-wendel-dietterlin\/\"]}]},{\"@type\":\"BreadcrumbList\",\"@id\":\"https:\/\/librairie7l.com\/en\/produit\/extravagance-renaissance-larchitectura-de-wendel-dietterlin\/#breadcrumb\",\"itemListElement\":[{\"@type\":\"ListItem\",\"position\":1,\"name\":\"Accueil\",\"item\":\"https:\/\/librairie7l.com\/en\/\"},{\"@type\":\"ListItem\",\"position\":2,\"name\":\"Shop\",\"item\":\"https:\/\/librairie7l.com\/en\/shop\/\"},{\"@type\":\"ListItem\",\"position\":3,\"name\":\"EXTRAVAGANCE RENAISSANCE : L&#8217;ARCHITECTURA DE WENDEL DIETTERLIN\"}]},{\"@type\":\"WebSite\",\"@id\":\"https:\/\/librairie7l.com\/en\/#website\",\"url\":\"https:\/\/librairie7l.com\/en\/\",\"name\":\"Librairie 7L\",\"description\":\"Librairie fond\u00e9e en 1999 par Karl Lagerfeld \u00e0 Paris\",\"publisher\":{\"@id\":\"https:\/\/librairie7l.com\/en\/#organization\"},\"potentialAction\":[{\"@type\":\"SearchAction\",\"target\":{\"@type\":\"EntryPoint\",\"urlTemplate\":\"https:\/\/librairie7l.com\/en\/?s={search_term_string}\"},\"query-input\":\"required name=search_term_string\"}],\"inLanguage\":\"en-US\"},{\"@type\":\"Organization\",\"@id\":\"https:\/\/librairie7l.com\/en\/#organization\",\"name\":\"Librairie 7L\",\"url\":\"https:\/\/librairie7l.com\/en\/\",\"logo\":{\"@type\":\"ImageObject\",\"inLanguage\":\"en-US\",\"@id\":\"https:\/\/librairie7l.com\/en\/#\/schema\/logo\/image\/\",\"url\":\"https:\/\/librairie7l.com\/wp-content\/uploads\/2022\/08\/logo-1.png\",\"contentUrl\":\"https:\/\/librairie7l.com\/wp-content\/uploads\/2022\/08\/logo-1.png\",\"width\":227,\"height\":301,\"caption\":\"Librairie 7L\"},\"image\":{\"@id\":\"https:\/\/librairie7l.com\/en\/#\/schema\/logo\/image\/\"}}]}<\/script>\n<!-- \/ Yoast SEO plugin. -->","yoast_head_json":{"title":"Extravagance renaissance : L'architectura de Wendel Dietterlin - Librairie 7L","robots":{"index":"index","follow":"follow","max-snippet":"max-snippet:-1","max-image-preview":"max-image-preview:large","max-video-preview":"max-video-preview:-1"},"canonical":"https:\/\/librairie7l.com\/en\/produit\/extravagance-renaissance-larchitectura-de-wendel-dietterlin\/","og_locale":"en_US","og_type":"article","og_title":"Extravagance renaissance : L'architectura de Wendel Dietterlin - Librairie 7L","og_description":"L&#8217; Architectura de Wendel Dietterlin est l&#8217;un des plus c\u00e9l\u00e8bres trait\u00e9s d&#8217;architecture de la Renaissance. L&#8217;artiste y propose des mod\u00e8les de colonnes, chemin\u00e9es, blasons, fontaines et portails richement d\u00e9cor\u00e9s. Cinq si\u00e8cles plus tard, poussez la porte de ce palais fant\u00f4me, peupl\u00e9 d&#8217;\u00eatres \u00e9tranges, mi hommes mi dieux, mi b\u00eates mi monstres. Les id\u00e9es et th\u00e9ories [&hellip;]","og_url":"https:\/\/librairie7l.com\/en\/produit\/extravagance-renaissance-larchitectura-de-wendel-dietterlin\/","og_site_name":"Librairie 7L","article_modified_time":"2026-04-18T03:03:35+00:00","og_image":[{"width":600,"height":843,"url":"https:\/\/librairie7l.com\/wp-content\/uploads\/2023\/12\/9782351252208_1_75.jpg","type":"image\/jpeg"}],"twitter_card":"summary_large_image","twitter_misc":{"Est. reading time":"1 minute"},"schema":{"@context":"https:\/\/schema.org","@graph":[{"@type":"WebPage","@id":"https:\/\/librairie7l.com\/en\/produit\/extravagance-renaissance-larchitectura-de-wendel-dietterlin\/","url":"https:\/\/librairie7l.com\/en\/produit\/extravagance-renaissance-larchitectura-de-wendel-dietterlin\/","name":"Extravagance renaissance : L'architectura de Wendel Dietterlin - Librairie 7L","isPartOf":{"@id":"https:\/\/librairie7l.com\/en\/#website"},"datePublished":"2024-03-07T08:18:06+00:00","dateModified":"2026-04-18T03:03:35+00:00","breadcrumb":{"@id":"https:\/\/librairie7l.com\/en\/produit\/extravagance-renaissance-larchitectura-de-wendel-dietterlin\/#breadcrumb"},"inLanguage":"en-US","potentialAction":[{"@type":"ReadAction","target":["https:\/\/librairie7l.com\/en\/produit\/extravagance-renaissance-larchitectura-de-wendel-dietterlin\/"]}]},{"@type":"BreadcrumbList","@id":"https:\/\/librairie7l.com\/en\/produit\/extravagance-renaissance-larchitectura-de-wendel-dietterlin\/#breadcrumb","itemListElement":[{"@type":"ListItem","position":1,"name":"Accueil","item":"https:\/\/librairie7l.com\/en\/"},{"@type":"ListItem","position":2,"name":"Shop","item":"https:\/\/librairie7l.com\/en\/shop\/"},{"@type":"ListItem","position":3,"name":"EXTRAVAGANCE RENAISSANCE : L&#8217;ARCHITECTURA DE WENDEL DIETTERLIN"}]},{"@type":"WebSite","@id":"https:\/\/librairie7l.com\/en\/#website","url":"https:\/\/librairie7l.com\/en\/","name":"Librairie 7L","description":"Librairie fond\u00e9e en 1999 par Karl Lagerfeld \u00e0 Paris","publisher":{"@id":"https:\/\/librairie7l.com\/en\/#organization"},"potentialAction":[{"@type":"SearchAction","target":{"@type":"EntryPoint","urlTemplate":"https:\/\/librairie7l.com\/en\/?s={search_term_string}"},"query-input":"required name=search_term_string"}],"inLanguage":"en-US"},{"@type":"Organization","@id":"https:\/\/librairie7l.com\/en\/#organization","name":"Librairie 7L","url":"https:\/\/librairie7l.com\/en\/","logo":{"@type":"ImageObject","inLanguage":"en-US","@id":"https:\/\/librairie7l.com\/en\/#\/schema\/logo\/image\/","url":"https:\/\/librairie7l.com\/wp-content\/uploads\/2022\/08\/logo-1.png","contentUrl":"https:\/\/librairie7l.com\/wp-content\/uploads\/2022\/08\/logo-1.png","width":227,"height":301,"caption":"Librairie 7L"},"image":{"@id":"https:\/\/librairie7l.com\/en\/#\/schema\/logo\/image\/"}}]}},"_links":{"self":[{"href":"https:\/\/librairie7l.com\/en\/wp-json\/wp\/v2\/product\/39564"}],"collection":[{"href":"https:\/\/librairie7l.com\/en\/wp-json\/wp\/v2\/product"}],"about":[{"href":"https:\/\/librairie7l.com\/en\/wp-json\/wp\/v2\/types\/product"}],"wp:featuredmedia":[{"embeddable":true,"href":"https:\/\/librairie7l.com\/en\/wp-json\/wp\/v2\/media\/39562"}],"wp:attachment":[{"href":"https:\/\/librairie7l.com\/en\/wp-json\/wp\/v2\/media?parent=39564"}],"wp:term":[{"taxonomy":"product_cat","embeddable":true,"href":"https:\/\/librairie7l.com\/en\/wp-json\/wp\/v2\/product_cat?post=39564"},{"taxonomy":"product_tag","embeddable":true,"href":"https:\/\/librairie7l.com\/en\/wp-json\/wp\/v2\/product_tag?post=39564"}],"curies":[{"name":"wp","href":"https:\/\/api.w.org\/{rel}","templated":true}]}}