{"id":39566,"date":"2024-03-07T09:18:09","date_gmt":"2024-03-07T08:18:09","guid":{"rendered":"https:\/\/librairie7l.com\/?post_type=product&#038;p=39566"},"modified":"2026-04-09T10:17:06","modified_gmt":"2026-04-09T08:17:06","slug":"perrin-perrin","status":"publish","type":"product","link":"https:\/\/librairie7l.com\/en\/produit\/perrin-perrin\/","title":{"rendered":"PERRIN &AMP; PERRIN"},"content":{"rendered":"<p>Duo cr\u00e9atif qui oeuvre \u00e0 quatre mains, Martine et Jacki Perrin explorent, depuis les ann\u00e9es 1990, les richesses insoup\u00e7onn\u00e9es du verre.<\/p>\n<p> Mati\u00e8re de la lumi\u00e8re, dans laquelle couleurs, ombres et jeux de transparences et d&#8217;opacit\u00e9s se fondent, contrastent ou se r\u00e9v\u00e8lent, le verre se fait sculptures min\u00e9rales. Formes, \u00e9chelles, effets mats ou translucides composent des oeuvres \u00e0 la beaut\u00e9 singuli\u00e8re. Le regard plonge dans des oc\u00e9ans qui semblent peupl\u00e9s de chim\u00e8res. Le duo cr\u00e9e aussi bien des pi\u00e8ces monumentales que plus intimistes, des masses compactes ou d&#8217;autres qui semblent au contraire se dissoudre sous nos yeux. \u00c0 la limite de la mat\u00e9rialit\u00e9, certaines sculptures fascinent par leur chromie m\u00e9tamorphos\u00e9e sous l&#8217;effet de la chaleur extr\u00eame du four : les Perrin &amp; Perrin sont des alchimistes. Chaque pi\u00e8ce est unique, chacune r\u00e9sulte des savoirs de l&#8217;artiste et de la magie des \u00e9l\u00e9ments entr\u00e9s en fusion.<\/p>\n<p> Cette monographie pr\u00e9sente pour la premi\u00e8re fois toutes les facettes cr\u00e9atives du duo : l&#8217;atelier est un lieu d&#8217;exploration des possibles de la mati\u00e8re, le verre bien s\u00fbr, mais aussi le m\u00e9tal, la c\u00e9ramique, le textile, l&#8217;encre de Chine. Leur approche transdisciplinaire est ici restitu\u00e9e : telle une partition musicale, l&#8217;oeuvre des Perrin &amp; Perrin se d\u00e9couvre au fil des pages sur des variations de rythmes de couleurs, de textures et de formes.<\/p>\n","protected":false},"excerpt":{"rendered":"<p>Duo cr\u00e9atif qui oeuvre \u00e0 quatre mains, Martine et Jacki Perrin explorent, depuis les ann\u00e9es 1990, les richesses insoup\u00e7onn\u00e9es du verre. Mati\u00e8re de la lumi\u00e8re, dans laquelle couleurs, ombres et jeux de transparences et d&#8217;opacit\u00e9s se fondent, contrastent ou se r\u00e9v\u00e8lent, le verre se fait sculptures min\u00e9rales. Formes, \u00e9chelles, effets mats ou translucides composent des [&hellip;]<\/p>\n","protected":false},"featured_media":39665,"template":"","meta":[],"product_cat":[2948,2953],"product_tag":[],"acf":[],"yoast_head":"<!-- This site is optimized with the Yoast SEO plugin v20.11 - https:\/\/yoast.com\/wordpress\/plugins\/seo\/ -->\n<title>Perrin &amp; Perrin - Librairie 7L<\/title>\n<meta name=\"robots\" content=\"index, follow, max-snippet:-1, max-image-preview:large, max-video-preview:-1\" \/>\n<link rel=\"canonical\" href=\"https:\/\/librairie7l.com\/en\/produit\/perrin-perrin\/\" \/>\n<meta property=\"og:locale\" content=\"en_US\" \/>\n<meta property=\"og:type\" content=\"article\" \/>\n<meta property=\"og:title\" content=\"Perrin &amp; Perrin - Librairie 7L\" \/>\n<meta property=\"og:description\" content=\"Duo cr\u00e9atif qui oeuvre \u00e0 quatre mains, Martine et Jacki Perrin explorent, depuis les ann\u00e9es 1990, les richesses insoup\u00e7onn\u00e9es du verre. Mati\u00e8re de la lumi\u00e8re, dans laquelle couleurs, ombres et jeux de transparences et d&#8217;opacit\u00e9s se fondent, contrastent ou se r\u00e9v\u00e8lent, le verre se fait sculptures min\u00e9rales. Formes, \u00e9chelles, effets mats ou translucides composent des [&hellip;]\" \/>\n<meta property=\"og:url\" content=\"https:\/\/librairie7l.com\/en\/produit\/perrin-perrin\/\" \/>\n<meta property=\"og:site_name\" content=\"Librairie 7L\" \/>\n<meta property=\"article:modified_time\" content=\"2026-04-09T08:17:06+00:00\" \/>\n<meta property=\"og:image\" content=\"https:\/\/librairie7l.com\/wp-content\/uploads\/2024\/03\/9782365113939_1_75.jpg\" \/>\n\t<meta property=\"og:image:width\" content=\"600\" \/>\n\t<meta property=\"og:image:height\" content=\"837\" \/>\n\t<meta property=\"og:image:type\" content=\"image\/jpeg\" \/>\n<meta name=\"twitter:card\" content=\"summary_large_image\" \/>\n<meta name=\"twitter:label1\" content=\"Est. reading time\" \/>\n\t<meta name=\"twitter:data1\" content=\"1 minute\" \/>\n<script type=\"application\/ld+json\" class=\"yoast-schema-graph\">{\"@context\":\"https:\/\/schema.org\",\"@graph\":[{\"@type\":\"WebPage\",\"@id\":\"https:\/\/librairie7l.com\/en\/produit\/perrin-perrin\/\",\"url\":\"https:\/\/librairie7l.com\/en\/produit\/perrin-perrin\/\",\"name\":\"Perrin &amp; Perrin - Librairie 7L\",\"isPartOf\":{\"@id\":\"https:\/\/librairie7l.com\/en\/#website\"},\"datePublished\":\"2024-03-07T08:18:09+00:00\",\"dateModified\":\"2026-04-09T08:17:06+00:00\",\"breadcrumb\":{\"@id\":\"https:\/\/librairie7l.com\/en\/produit\/perrin-perrin\/#breadcrumb\"},\"inLanguage\":\"en-US\",\"potentialAction\":[{\"@type\":\"ReadAction\",\"target\":[\"https:\/\/librairie7l.com\/en\/produit\/perrin-perrin\/\"]}]},{\"@type\":\"BreadcrumbList\",\"@id\":\"https:\/\/librairie7l.com\/en\/produit\/perrin-perrin\/#breadcrumb\",\"itemListElement\":[{\"@type\":\"ListItem\",\"position\":1,\"name\":\"Accueil\",\"item\":\"https:\/\/librairie7l.com\/en\/\"},{\"@type\":\"ListItem\",\"position\":2,\"name\":\"Shop\",\"item\":\"https:\/\/librairie7l.com\/en\/shop\/\"},{\"@type\":\"ListItem\",\"position\":3,\"name\":\"PERRIN &AMP; PERRIN\"}]},{\"@type\":\"WebSite\",\"@id\":\"https:\/\/librairie7l.com\/en\/#website\",\"url\":\"https:\/\/librairie7l.com\/en\/\",\"name\":\"Librairie 7L\",\"description\":\"Librairie fond\u00e9e en 1999 par Karl Lagerfeld \u00e0 Paris\",\"publisher\":{\"@id\":\"https:\/\/librairie7l.com\/en\/#organization\"},\"potentialAction\":[{\"@type\":\"SearchAction\",\"target\":{\"@type\":\"EntryPoint\",\"urlTemplate\":\"https:\/\/librairie7l.com\/en\/?s={search_term_string}\"},\"query-input\":\"required name=search_term_string\"}],\"inLanguage\":\"en-US\"},{\"@type\":\"Organization\",\"@id\":\"https:\/\/librairie7l.com\/en\/#organization\",\"name\":\"Librairie 7L\",\"url\":\"https:\/\/librairie7l.com\/en\/\",\"logo\":{\"@type\":\"ImageObject\",\"inLanguage\":\"en-US\",\"@id\":\"https:\/\/librairie7l.com\/en\/#\/schema\/logo\/image\/\",\"url\":\"https:\/\/librairie7l.com\/wp-content\/uploads\/2022\/08\/logo-1.png\",\"contentUrl\":\"https:\/\/librairie7l.com\/wp-content\/uploads\/2022\/08\/logo-1.png\",\"width\":227,\"height\":301,\"caption\":\"Librairie 7L\"},\"image\":{\"@id\":\"https:\/\/librairie7l.com\/en\/#\/schema\/logo\/image\/\"}}]}<\/script>\n<!-- \/ Yoast SEO plugin. -->","yoast_head_json":{"title":"Perrin &amp; Perrin - Librairie 7L","robots":{"index":"index","follow":"follow","max-snippet":"max-snippet:-1","max-image-preview":"max-image-preview:large","max-video-preview":"max-video-preview:-1"},"canonical":"https:\/\/librairie7l.com\/en\/produit\/perrin-perrin\/","og_locale":"en_US","og_type":"article","og_title":"Perrin &amp; Perrin - Librairie 7L","og_description":"Duo cr\u00e9atif qui oeuvre \u00e0 quatre mains, Martine et Jacki Perrin explorent, depuis les ann\u00e9es 1990, les richesses insoup\u00e7onn\u00e9es du verre. Mati\u00e8re de la lumi\u00e8re, dans laquelle couleurs, ombres et jeux de transparences et d&#8217;opacit\u00e9s se fondent, contrastent ou se r\u00e9v\u00e8lent, le verre se fait sculptures min\u00e9rales. Formes, \u00e9chelles, effets mats ou translucides composent des [&hellip;]","og_url":"https:\/\/librairie7l.com\/en\/produit\/perrin-perrin\/","og_site_name":"Librairie 7L","article_modified_time":"2026-04-09T08:17:06+00:00","og_image":[{"width":600,"height":837,"url":"https:\/\/librairie7l.com\/wp-content\/uploads\/2024\/03\/9782365113939_1_75.jpg","type":"image\/jpeg"}],"twitter_card":"summary_large_image","twitter_misc":{"Est. reading time":"1 minute"},"schema":{"@context":"https:\/\/schema.org","@graph":[{"@type":"WebPage","@id":"https:\/\/librairie7l.com\/en\/produit\/perrin-perrin\/","url":"https:\/\/librairie7l.com\/en\/produit\/perrin-perrin\/","name":"Perrin &amp; Perrin - Librairie 7L","isPartOf":{"@id":"https:\/\/librairie7l.com\/en\/#website"},"datePublished":"2024-03-07T08:18:09+00:00","dateModified":"2026-04-09T08:17:06+00:00","breadcrumb":{"@id":"https:\/\/librairie7l.com\/en\/produit\/perrin-perrin\/#breadcrumb"},"inLanguage":"en-US","potentialAction":[{"@type":"ReadAction","target":["https:\/\/librairie7l.com\/en\/produit\/perrin-perrin\/"]}]},{"@type":"BreadcrumbList","@id":"https:\/\/librairie7l.com\/en\/produit\/perrin-perrin\/#breadcrumb","itemListElement":[{"@type":"ListItem","position":1,"name":"Accueil","item":"https:\/\/librairie7l.com\/en\/"},{"@type":"ListItem","position":2,"name":"Shop","item":"https:\/\/librairie7l.com\/en\/shop\/"},{"@type":"ListItem","position":3,"name":"PERRIN &AMP; PERRIN"}]},{"@type":"WebSite","@id":"https:\/\/librairie7l.com\/en\/#website","url":"https:\/\/librairie7l.com\/en\/","name":"Librairie 7L","description":"Librairie fond\u00e9e en 1999 par Karl Lagerfeld \u00e0 Paris","publisher":{"@id":"https:\/\/librairie7l.com\/en\/#organization"},"potentialAction":[{"@type":"SearchAction","target":{"@type":"EntryPoint","urlTemplate":"https:\/\/librairie7l.com\/en\/?s={search_term_string}"},"query-input":"required name=search_term_string"}],"inLanguage":"en-US"},{"@type":"Organization","@id":"https:\/\/librairie7l.com\/en\/#organization","name":"Librairie 7L","url":"https:\/\/librairie7l.com\/en\/","logo":{"@type":"ImageObject","inLanguage":"en-US","@id":"https:\/\/librairie7l.com\/en\/#\/schema\/logo\/image\/","url":"https:\/\/librairie7l.com\/wp-content\/uploads\/2022\/08\/logo-1.png","contentUrl":"https:\/\/librairie7l.com\/wp-content\/uploads\/2022\/08\/logo-1.png","width":227,"height":301,"caption":"Librairie 7L"},"image":{"@id":"https:\/\/librairie7l.com\/en\/#\/schema\/logo\/image\/"}}]}},"_links":{"self":[{"href":"https:\/\/librairie7l.com\/en\/wp-json\/wp\/v2\/product\/39566"}],"collection":[{"href":"https:\/\/librairie7l.com\/en\/wp-json\/wp\/v2\/product"}],"about":[{"href":"https:\/\/librairie7l.com\/en\/wp-json\/wp\/v2\/types\/product"}],"wp:featuredmedia":[{"embeddable":true,"href":"https:\/\/librairie7l.com\/en\/wp-json\/wp\/v2\/media\/39665"}],"wp:attachment":[{"href":"https:\/\/librairie7l.com\/en\/wp-json\/wp\/v2\/media?parent=39566"}],"wp:term":[{"taxonomy":"product_cat","embeddable":true,"href":"https:\/\/librairie7l.com\/en\/wp-json\/wp\/v2\/product_cat?post=39566"},{"taxonomy":"product_tag","embeddable":true,"href":"https:\/\/librairie7l.com\/en\/wp-json\/wp\/v2\/product_tag?post=39566"}],"curies":[{"name":"wp","href":"https:\/\/api.w.org\/{rel}","templated":true}]}}