{"id":39572,"date":"2024-06-26T12:11:38","date_gmt":"2024-06-26T10:11:38","guid":{"rendered":"https:\/\/librairie7l.com\/?post_type=product&#038;p=39572"},"modified":"2026-04-07T09:20:11","modified_gmt":"2026-04-07T07:20:11","slug":"le-grand-palais-monument-capitale","status":"publish","type":"product","link":"https:\/\/librairie7l.com\/en\/produit\/le-grand-palais-monument-capitale\/","title":{"rendered":"LE GRAND PALAIS, MONUMENT-CAPITALE"},"content":{"rendered":"<p>Con\u00e7u pour \u00eatre le fleuron de l&#8217;Exposition universelle de 1900, au coeur du nouvel axe r\u00e9publicain reliant les Champs-Elys\u00e9es aux Invalides, le Grand Palais est un vaisseau de fer, de verre et de pierre fait pour durer. Sa vocation est double. Palais des Arts, il accueille les Salons artistiques &#8211; Beaux-Arts, Ind\u00e9pendants, Artistes fran\u00e7ais, Salon d&#8217;automne, Arts d\u00e9co puis les galeries nationales, \u00e9pousant \u00e9volutions et querelles de son temps. Palais de l&#8217;industrie, miroir du XXe si\u00e8cle, il va vivre au plus pr\u00e8s de la modernit\u00e9 et des mouvements de la soci\u00e9t\u00e9. Salons de l&#8217;auto, de l&#8217;aviation, des arts m\u00e9nagers, manifestations sportives s&#8217;installent sous la nef et sa verri\u00e8re. En un si\u00e8cle, le monument subit l&#8217;usure du temps. Magnifiquement restaur\u00e9, le Grand Palais rena\u00eet en 2005 et aborde le XXIe si\u00e8cle avec le m\u00eame esprit : symbole du patrimoine national, machine \u00e0 r\u00eave, lieu embl\u00e9matique d&#8217;accueil des expressions de la cr\u00e9ativit\u00e9 humaine, artistique, culturelle, scientifique ou technique, \u00e0 l&#8217;instar de son incroyable architecture. Yves Saint-Geours, historien et pr\u00e9sident de l&#8217;Etablissement public du Grand Palais, retrace ici les 1 000 vies d&#8217;un Monument-Capitale.<\/p>\n","protected":false},"excerpt":{"rendered":"<p>Con\u00e7u pour \u00eatre le fleuron de l&#8217;Exposition universelle de 1900, au coeur du nouvel axe r\u00e9publicain reliant les Champs-Elys\u00e9es aux Invalides, le Grand Palais est un vaisseau de fer, de verre et de pierre fait pour durer. Sa vocation est double. Palais des Arts, il accueille les Salons artistiques &#8211; Beaux-Arts, Ind\u00e9pendants, Artistes fran\u00e7ais, Salon [&hellip;]<\/p>\n","protected":false},"featured_media":39570,"template":"","meta":[],"product_cat":[2948,2950],"product_tag":[],"acf":[],"yoast_head":"<!-- This site is optimized with the Yoast SEO plugin v20.11 - https:\/\/yoast.com\/wordpress\/plugins\/seo\/ -->\n<title>Le grand palais, monument-capitale - Librairie 7L<\/title>\n<meta name=\"robots\" content=\"index, follow, max-snippet:-1, max-image-preview:large, max-video-preview:-1\" \/>\n<link rel=\"canonical\" href=\"https:\/\/librairie7l.com\/en\/produit\/le-grand-palais-monument-capitale\/\" \/>\n<meta property=\"og:locale\" content=\"en_US\" \/>\n<meta property=\"og:type\" content=\"article\" \/>\n<meta property=\"og:title\" content=\"Le grand palais, monument-capitale - Librairie 7L\" \/>\n<meta property=\"og:description\" content=\"Con\u00e7u pour \u00eatre le fleuron de l&#8217;Exposition universelle de 1900, au coeur du nouvel axe r\u00e9publicain reliant les Champs-Elys\u00e9es aux Invalides, le Grand Palais est un vaisseau de fer, de verre et de pierre fait pour durer. Sa vocation est double. Palais des Arts, il accueille les Salons artistiques &#8211; Beaux-Arts, Ind\u00e9pendants, Artistes fran\u00e7ais, Salon [&hellip;]\" \/>\n<meta property=\"og:url\" content=\"https:\/\/librairie7l.com\/en\/produit\/le-grand-palais-monument-capitale\/\" \/>\n<meta property=\"og:site_name\" content=\"Librairie 7L\" \/>\n<meta property=\"article:modified_time\" content=\"2026-04-07T07:20:11+00:00\" \/>\n<meta property=\"og:image\" content=\"https:\/\/librairie7l.com\/wp-content\/uploads\/2008\/09\/9782070361809_1_75.jpg\" \/>\n\t<meta property=\"og:image:width\" content=\"343\" \/>\n\t<meta property=\"og:image:height\" content=\"490\" \/>\n\t<meta property=\"og:image:type\" content=\"image\/jpeg\" \/>\n<meta name=\"twitter:card\" content=\"summary_large_image\" \/>\n<meta name=\"twitter:label1\" content=\"Est. reading time\" \/>\n\t<meta name=\"twitter:data1\" content=\"1 minute\" \/>\n<script type=\"application\/ld+json\" class=\"yoast-schema-graph\">{\"@context\":\"https:\/\/schema.org\",\"@graph\":[{\"@type\":\"WebPage\",\"@id\":\"https:\/\/librairie7l.com\/en\/produit\/le-grand-palais-monument-capitale\/\",\"url\":\"https:\/\/librairie7l.com\/en\/produit\/le-grand-palais-monument-capitale\/\",\"name\":\"Le grand palais, monument-capitale - Librairie 7L\",\"isPartOf\":{\"@id\":\"https:\/\/librairie7l.com\/en\/#website\"},\"datePublished\":\"2024-06-26T10:11:38+00:00\",\"dateModified\":\"2026-04-07T07:20:11+00:00\",\"breadcrumb\":{\"@id\":\"https:\/\/librairie7l.com\/en\/produit\/le-grand-palais-monument-capitale\/#breadcrumb\"},\"inLanguage\":\"en-US\",\"potentialAction\":[{\"@type\":\"ReadAction\",\"target\":[\"https:\/\/librairie7l.com\/en\/produit\/le-grand-palais-monument-capitale\/\"]}]},{\"@type\":\"BreadcrumbList\",\"@id\":\"https:\/\/librairie7l.com\/en\/produit\/le-grand-palais-monument-capitale\/#breadcrumb\",\"itemListElement\":[{\"@type\":\"ListItem\",\"position\":1,\"name\":\"Accueil\",\"item\":\"https:\/\/librairie7l.com\/en\/\"},{\"@type\":\"ListItem\",\"position\":2,\"name\":\"Shop\",\"item\":\"https:\/\/librairie7l.com\/en\/shop\/\"},{\"@type\":\"ListItem\",\"position\":3,\"name\":\"LE GRAND PALAIS, MONUMENT-CAPITALE\"}]},{\"@type\":\"WebSite\",\"@id\":\"https:\/\/librairie7l.com\/en\/#website\",\"url\":\"https:\/\/librairie7l.com\/en\/\",\"name\":\"Librairie 7L\",\"description\":\"Librairie fond\u00e9e en 1999 par Karl Lagerfeld \u00e0 Paris\",\"publisher\":{\"@id\":\"https:\/\/librairie7l.com\/en\/#organization\"},\"potentialAction\":[{\"@type\":\"SearchAction\",\"target\":{\"@type\":\"EntryPoint\",\"urlTemplate\":\"https:\/\/librairie7l.com\/en\/?s={search_term_string}\"},\"query-input\":\"required name=search_term_string\"}],\"inLanguage\":\"en-US\"},{\"@type\":\"Organization\",\"@id\":\"https:\/\/librairie7l.com\/en\/#organization\",\"name\":\"Librairie 7L\",\"url\":\"https:\/\/librairie7l.com\/en\/\",\"logo\":{\"@type\":\"ImageObject\",\"inLanguage\":\"en-US\",\"@id\":\"https:\/\/librairie7l.com\/en\/#\/schema\/logo\/image\/\",\"url\":\"https:\/\/librairie7l.com\/wp-content\/uploads\/2022\/08\/logo-1.png\",\"contentUrl\":\"https:\/\/librairie7l.com\/wp-content\/uploads\/2022\/08\/logo-1.png\",\"width\":227,\"height\":301,\"caption\":\"Librairie 7L\"},\"image\":{\"@id\":\"https:\/\/librairie7l.com\/en\/#\/schema\/logo\/image\/\"}}]}<\/script>\n<!-- \/ Yoast SEO plugin. -->","yoast_head_json":{"title":"Le grand palais, monument-capitale - Librairie 7L","robots":{"index":"index","follow":"follow","max-snippet":"max-snippet:-1","max-image-preview":"max-image-preview:large","max-video-preview":"max-video-preview:-1"},"canonical":"https:\/\/librairie7l.com\/en\/produit\/le-grand-palais-monument-capitale\/","og_locale":"en_US","og_type":"article","og_title":"Le grand palais, monument-capitale - Librairie 7L","og_description":"Con\u00e7u pour \u00eatre le fleuron de l&#8217;Exposition universelle de 1900, au coeur du nouvel axe r\u00e9publicain reliant les Champs-Elys\u00e9es aux Invalides, le Grand Palais est un vaisseau de fer, de verre et de pierre fait pour durer. Sa vocation est double. Palais des Arts, il accueille les Salons artistiques &#8211; Beaux-Arts, Ind\u00e9pendants, Artistes fran\u00e7ais, Salon [&hellip;]","og_url":"https:\/\/librairie7l.com\/en\/produit\/le-grand-palais-monument-capitale\/","og_site_name":"Librairie 7L","article_modified_time":"2026-04-07T07:20:11+00:00","og_image":[{"width":343,"height":490,"url":"https:\/\/librairie7l.com\/wp-content\/uploads\/2008\/09\/9782070361809_1_75.jpg","type":"image\/jpeg"}],"twitter_card":"summary_large_image","twitter_misc":{"Est. reading time":"1 minute"},"schema":{"@context":"https:\/\/schema.org","@graph":[{"@type":"WebPage","@id":"https:\/\/librairie7l.com\/en\/produit\/le-grand-palais-monument-capitale\/","url":"https:\/\/librairie7l.com\/en\/produit\/le-grand-palais-monument-capitale\/","name":"Le grand palais, monument-capitale - Librairie 7L","isPartOf":{"@id":"https:\/\/librairie7l.com\/en\/#website"},"datePublished":"2024-06-26T10:11:38+00:00","dateModified":"2026-04-07T07:20:11+00:00","breadcrumb":{"@id":"https:\/\/librairie7l.com\/en\/produit\/le-grand-palais-monument-capitale\/#breadcrumb"},"inLanguage":"en-US","potentialAction":[{"@type":"ReadAction","target":["https:\/\/librairie7l.com\/en\/produit\/le-grand-palais-monument-capitale\/"]}]},{"@type":"BreadcrumbList","@id":"https:\/\/librairie7l.com\/en\/produit\/le-grand-palais-monument-capitale\/#breadcrumb","itemListElement":[{"@type":"ListItem","position":1,"name":"Accueil","item":"https:\/\/librairie7l.com\/en\/"},{"@type":"ListItem","position":2,"name":"Shop","item":"https:\/\/librairie7l.com\/en\/shop\/"},{"@type":"ListItem","position":3,"name":"LE GRAND PALAIS, MONUMENT-CAPITALE"}]},{"@type":"WebSite","@id":"https:\/\/librairie7l.com\/en\/#website","url":"https:\/\/librairie7l.com\/en\/","name":"Librairie 7L","description":"Librairie fond\u00e9e en 1999 par Karl Lagerfeld \u00e0 Paris","publisher":{"@id":"https:\/\/librairie7l.com\/en\/#organization"},"potentialAction":[{"@type":"SearchAction","target":{"@type":"EntryPoint","urlTemplate":"https:\/\/librairie7l.com\/en\/?s={search_term_string}"},"query-input":"required name=search_term_string"}],"inLanguage":"en-US"},{"@type":"Organization","@id":"https:\/\/librairie7l.com\/en\/#organization","name":"Librairie 7L","url":"https:\/\/librairie7l.com\/en\/","logo":{"@type":"ImageObject","inLanguage":"en-US","@id":"https:\/\/librairie7l.com\/en\/#\/schema\/logo\/image\/","url":"https:\/\/librairie7l.com\/wp-content\/uploads\/2022\/08\/logo-1.png","contentUrl":"https:\/\/librairie7l.com\/wp-content\/uploads\/2022\/08\/logo-1.png","width":227,"height":301,"caption":"Librairie 7L"},"image":{"@id":"https:\/\/librairie7l.com\/en\/#\/schema\/logo\/image\/"}}]}},"_links":{"self":[{"href":"https:\/\/librairie7l.com\/en\/wp-json\/wp\/v2\/product\/39572"}],"collection":[{"href":"https:\/\/librairie7l.com\/en\/wp-json\/wp\/v2\/product"}],"about":[{"href":"https:\/\/librairie7l.com\/en\/wp-json\/wp\/v2\/types\/product"}],"wp:featuredmedia":[{"embeddable":true,"href":"https:\/\/librairie7l.com\/en\/wp-json\/wp\/v2\/media\/39570"}],"wp:attachment":[{"href":"https:\/\/librairie7l.com\/en\/wp-json\/wp\/v2\/media?parent=39572"}],"wp:term":[{"taxonomy":"product_cat","embeddable":true,"href":"https:\/\/librairie7l.com\/en\/wp-json\/wp\/v2\/product_cat?post=39572"},{"taxonomy":"product_tag","embeddable":true,"href":"https:\/\/librairie7l.com\/en\/wp-json\/wp\/v2\/product_tag?post=39572"}],"curies":[{"name":"wp","href":"https:\/\/api.w.org\/{rel}","templated":true}]}}