{"id":39580,"date":"2024-06-26T12:11:43","date_gmt":"2024-06-26T10:11:43","guid":{"rendered":"https:\/\/librairie7l.com\/?post_type=product&#038;p=39580"},"modified":"2026-04-07T09:20:56","modified_gmt":"2026-04-07T07:20:56","slug":"le-grand-palais-catalogue-deraisonne","status":"publish","type":"product","link":"https:\/\/librairie7l.com\/en\/produit\/le-grand-palais-catalogue-deraisonne\/","title":{"rendered":"LE GRAND PALAIS ; CATALOGUE D\u00c9RAISONN\u00c9"},"content":{"rendered":"<p>Le Grand Palais, catalogue d\u00e9raisonn\u00e9, est le premier beau livre qui restitue le Grand Palais sous l&#8217;angle artistique, gr\u00e2ce \u00e0 la confrontation de l&#8217;oeil du photographe Rapha\u00ebl Gaillarde et de la plume de Tonino Benacquista, \u00e9crivain r\u00e9put\u00e9 pour son imagination sans bornes.<\/p>\n<p>Le croisement de ces deux regards singuliers souligne la diversit\u00e9 et la vitalit\u00e9 du Grand Palais.<br \/>\nLa d\u00e9mesure de ce monument grandiose construit pour l&#8217;Exposition universelle de 1900 \u00e9clate dans ce catalogue d\u00e9raisonn\u00e9 qui offre aux lecteurs un aper\u00e7u original, ludique et visionnaire du Grand Palais.<\/p>\n","protected":false},"excerpt":{"rendered":"<p>Le Grand Palais, catalogue d\u00e9raisonn\u00e9, est le premier beau livre qui restitue le Grand Palais sous l&#8217;angle artistique, gr\u00e2ce \u00e0 la confrontation de l&#8217;oeil du photographe Rapha\u00ebl Gaillarde et de la plume de Tonino Benacquista, \u00e9crivain r\u00e9put\u00e9 pour son imagination sans bornes. Le croisement de ces deux regards singuliers souligne la diversit\u00e9 et la vitalit\u00e9 [&hellip;]<\/p>\n","protected":false},"featured_media":39578,"template":"","meta":[],"product_cat":[2948,2950],"product_tag":[],"acf":[],"yoast_head":"<!-- This site is optimized with the Yoast SEO plugin v20.11 - https:\/\/yoast.com\/wordpress\/plugins\/seo\/ -->\n<title>Le Grand Palais ; catalogue d\u00e9raisonn\u00e9 - Librairie 7L<\/title>\n<meta name=\"robots\" content=\"index, follow, max-snippet:-1, max-image-preview:large, max-video-preview:-1\" \/>\n<link rel=\"canonical\" href=\"https:\/\/librairie7l.com\/en\/produit\/le-grand-palais-catalogue-deraisonne\/\" \/>\n<meta property=\"og:locale\" content=\"en_US\" \/>\n<meta property=\"og:type\" content=\"article\" \/>\n<meta property=\"og:title\" content=\"Le Grand Palais ; catalogue d\u00e9raisonn\u00e9 - Librairie 7L\" \/>\n<meta property=\"og:description\" content=\"Le Grand Palais, catalogue d\u00e9raisonn\u00e9, est le premier beau livre qui restitue le Grand Palais sous l&#8217;angle artistique, gr\u00e2ce \u00e0 la confrontation de l&#8217;oeil du photographe Rapha\u00ebl Gaillarde et de la plume de Tonino Benacquista, \u00e9crivain r\u00e9put\u00e9 pour son imagination sans bornes. Le croisement de ces deux regards singuliers souligne la diversit\u00e9 et la vitalit\u00e9 [&hellip;]\" \/>\n<meta property=\"og:url\" content=\"https:\/\/librairie7l.com\/en\/produit\/le-grand-palais-catalogue-deraisonne\/\" \/>\n<meta property=\"og:site_name\" content=\"Librairie 7L\" \/>\n<meta property=\"article:modified_time\" content=\"2026-04-07T07:20:56+00:00\" \/>\n<meta property=\"og:image\" content=\"https:\/\/librairie7l.com\/wp-content\/uploads\/2010\/06\/9782711857753_1_75.jpg\" \/>\n\t<meta property=\"og:image:width\" content=\"684\" \/>\n\t<meta property=\"og:image:height\" content=\"866\" \/>\n\t<meta property=\"og:image:type\" content=\"image\/jpeg\" \/>\n<meta name=\"twitter:card\" content=\"summary_large_image\" \/>\n<script type=\"application\/ld+json\" class=\"yoast-schema-graph\">{\"@context\":\"https:\/\/schema.org\",\"@graph\":[{\"@type\":\"WebPage\",\"@id\":\"https:\/\/librairie7l.com\/en\/produit\/le-grand-palais-catalogue-deraisonne\/\",\"url\":\"https:\/\/librairie7l.com\/en\/produit\/le-grand-palais-catalogue-deraisonne\/\",\"name\":\"Le Grand Palais ; catalogue d\u00e9raisonn\u00e9 - Librairie 7L\",\"isPartOf\":{\"@id\":\"https:\/\/librairie7l.com\/en\/#website\"},\"datePublished\":\"2024-06-26T10:11:43+00:00\",\"dateModified\":\"2026-04-07T07:20:56+00:00\",\"breadcrumb\":{\"@id\":\"https:\/\/librairie7l.com\/en\/produit\/le-grand-palais-catalogue-deraisonne\/#breadcrumb\"},\"inLanguage\":\"en-US\",\"potentialAction\":[{\"@type\":\"ReadAction\",\"target\":[\"https:\/\/librairie7l.com\/en\/produit\/le-grand-palais-catalogue-deraisonne\/\"]}]},{\"@type\":\"BreadcrumbList\",\"@id\":\"https:\/\/librairie7l.com\/en\/produit\/le-grand-palais-catalogue-deraisonne\/#breadcrumb\",\"itemListElement\":[{\"@type\":\"ListItem\",\"position\":1,\"name\":\"Accueil\",\"item\":\"https:\/\/librairie7l.com\/en\/\"},{\"@type\":\"ListItem\",\"position\":2,\"name\":\"Shop\",\"item\":\"https:\/\/librairie7l.com\/en\/shop\/\"},{\"@type\":\"ListItem\",\"position\":3,\"name\":\"LE GRAND PALAIS ; CATALOGUE D\u00c9RAISONN\u00c9\"}]},{\"@type\":\"WebSite\",\"@id\":\"https:\/\/librairie7l.com\/en\/#website\",\"url\":\"https:\/\/librairie7l.com\/en\/\",\"name\":\"Librairie 7L\",\"description\":\"Librairie fond\u00e9e en 1999 par Karl Lagerfeld \u00e0 Paris\",\"publisher\":{\"@id\":\"https:\/\/librairie7l.com\/en\/#organization\"},\"potentialAction\":[{\"@type\":\"SearchAction\",\"target\":{\"@type\":\"EntryPoint\",\"urlTemplate\":\"https:\/\/librairie7l.com\/en\/?s={search_term_string}\"},\"query-input\":\"required name=search_term_string\"}],\"inLanguage\":\"en-US\"},{\"@type\":\"Organization\",\"@id\":\"https:\/\/librairie7l.com\/en\/#organization\",\"name\":\"Librairie 7L\",\"url\":\"https:\/\/librairie7l.com\/en\/\",\"logo\":{\"@type\":\"ImageObject\",\"inLanguage\":\"en-US\",\"@id\":\"https:\/\/librairie7l.com\/en\/#\/schema\/logo\/image\/\",\"url\":\"https:\/\/librairie7l.com\/wp-content\/uploads\/2022\/08\/logo-1.png\",\"contentUrl\":\"https:\/\/librairie7l.com\/wp-content\/uploads\/2022\/08\/logo-1.png\",\"width\":227,\"height\":301,\"caption\":\"Librairie 7L\"},\"image\":{\"@id\":\"https:\/\/librairie7l.com\/en\/#\/schema\/logo\/image\/\"}}]}<\/script>\n<!-- \/ Yoast SEO plugin. -->","yoast_head_json":{"title":"Le Grand Palais ; catalogue d\u00e9raisonn\u00e9 - Librairie 7L","robots":{"index":"index","follow":"follow","max-snippet":"max-snippet:-1","max-image-preview":"max-image-preview:large","max-video-preview":"max-video-preview:-1"},"canonical":"https:\/\/librairie7l.com\/en\/produit\/le-grand-palais-catalogue-deraisonne\/","og_locale":"en_US","og_type":"article","og_title":"Le Grand Palais ; catalogue d\u00e9raisonn\u00e9 - Librairie 7L","og_description":"Le Grand Palais, catalogue d\u00e9raisonn\u00e9, est le premier beau livre qui restitue le Grand Palais sous l&#8217;angle artistique, gr\u00e2ce \u00e0 la confrontation de l&#8217;oeil du photographe Rapha\u00ebl Gaillarde et de la plume de Tonino Benacquista, \u00e9crivain r\u00e9put\u00e9 pour son imagination sans bornes. Le croisement de ces deux regards singuliers souligne la diversit\u00e9 et la vitalit\u00e9 [&hellip;]","og_url":"https:\/\/librairie7l.com\/en\/produit\/le-grand-palais-catalogue-deraisonne\/","og_site_name":"Librairie 7L","article_modified_time":"2026-04-07T07:20:56+00:00","og_image":[{"width":684,"height":866,"url":"https:\/\/librairie7l.com\/wp-content\/uploads\/2010\/06\/9782711857753_1_75.jpg","type":"image\/jpeg"}],"twitter_card":"summary_large_image","schema":{"@context":"https:\/\/schema.org","@graph":[{"@type":"WebPage","@id":"https:\/\/librairie7l.com\/en\/produit\/le-grand-palais-catalogue-deraisonne\/","url":"https:\/\/librairie7l.com\/en\/produit\/le-grand-palais-catalogue-deraisonne\/","name":"Le Grand Palais ; catalogue d\u00e9raisonn\u00e9 - Librairie 7L","isPartOf":{"@id":"https:\/\/librairie7l.com\/en\/#website"},"datePublished":"2024-06-26T10:11:43+00:00","dateModified":"2026-04-07T07:20:56+00:00","breadcrumb":{"@id":"https:\/\/librairie7l.com\/en\/produit\/le-grand-palais-catalogue-deraisonne\/#breadcrumb"},"inLanguage":"en-US","potentialAction":[{"@type":"ReadAction","target":["https:\/\/librairie7l.com\/en\/produit\/le-grand-palais-catalogue-deraisonne\/"]}]},{"@type":"BreadcrumbList","@id":"https:\/\/librairie7l.com\/en\/produit\/le-grand-palais-catalogue-deraisonne\/#breadcrumb","itemListElement":[{"@type":"ListItem","position":1,"name":"Accueil","item":"https:\/\/librairie7l.com\/en\/"},{"@type":"ListItem","position":2,"name":"Shop","item":"https:\/\/librairie7l.com\/en\/shop\/"},{"@type":"ListItem","position":3,"name":"LE GRAND PALAIS ; CATALOGUE D\u00c9RAISONN\u00c9"}]},{"@type":"WebSite","@id":"https:\/\/librairie7l.com\/en\/#website","url":"https:\/\/librairie7l.com\/en\/","name":"Librairie 7L","description":"Librairie fond\u00e9e en 1999 par Karl Lagerfeld \u00e0 Paris","publisher":{"@id":"https:\/\/librairie7l.com\/en\/#organization"},"potentialAction":[{"@type":"SearchAction","target":{"@type":"EntryPoint","urlTemplate":"https:\/\/librairie7l.com\/en\/?s={search_term_string}"},"query-input":"required name=search_term_string"}],"inLanguage":"en-US"},{"@type":"Organization","@id":"https:\/\/librairie7l.com\/en\/#organization","name":"Librairie 7L","url":"https:\/\/librairie7l.com\/en\/","logo":{"@type":"ImageObject","inLanguage":"en-US","@id":"https:\/\/librairie7l.com\/en\/#\/schema\/logo\/image\/","url":"https:\/\/librairie7l.com\/wp-content\/uploads\/2022\/08\/logo-1.png","contentUrl":"https:\/\/librairie7l.com\/wp-content\/uploads\/2022\/08\/logo-1.png","width":227,"height":301,"caption":"Librairie 7L"},"image":{"@id":"https:\/\/librairie7l.com\/en\/#\/schema\/logo\/image\/"}}]}},"_links":{"self":[{"href":"https:\/\/librairie7l.com\/en\/wp-json\/wp\/v2\/product\/39580"}],"collection":[{"href":"https:\/\/librairie7l.com\/en\/wp-json\/wp\/v2\/product"}],"about":[{"href":"https:\/\/librairie7l.com\/en\/wp-json\/wp\/v2\/types\/product"}],"wp:featuredmedia":[{"embeddable":true,"href":"https:\/\/librairie7l.com\/en\/wp-json\/wp\/v2\/media\/39578"}],"wp:attachment":[{"href":"https:\/\/librairie7l.com\/en\/wp-json\/wp\/v2\/media?parent=39580"}],"wp:term":[{"taxonomy":"product_cat","embeddable":true,"href":"https:\/\/librairie7l.com\/en\/wp-json\/wp\/v2\/product_cat?post=39580"},{"taxonomy":"product_tag","embeddable":true,"href":"https:\/\/librairie7l.com\/en\/wp-json\/wp\/v2\/product_tag?post=39580"}],"curies":[{"name":"wp","href":"https:\/\/api.w.org\/{rel}","templated":true}]}}