{"id":39605,"date":"2024-05-23T23:06:16","date_gmt":"2024-05-23T21:06:16","guid":{"rendered":"https:\/\/librairie7l.com\/?post_type=product&#038;p=39605"},"modified":"2026-04-12T04:59:24","modified_gmt":"2026-04-12T02:59:24","slug":"beaute-du-mingei","status":"publish","type":"product","link":"https:\/\/librairie7l.com\/en\/produit\/beaute-du-mingei\/","title":{"rendered":"BEAUT\u00c9 DU MINGEI"},"content":{"rendered":"<p>D&#8217;un sombre recoin enfoui dans la poussi\u00e8re, un nouveau monde de beaut\u00e9 a \u00e9clos. Un monde connu de tous, mais que personne n&#8217;avait su voir auparavant. Je veux parler de la beaut\u00e9 de l&#8217;objet ordinaire. Elle lui a \u00e9t\u00e9 donn\u00e9e par la patine, l&#8217;usage, la caresse. Plus il est utilis\u00e9, plus il est beau, plus il est beau, plus il est aim\u00e9, plus il est aim\u00e9, plus il est utilis\u00e9. L\u00e0 r\u00e9side la relation infinie qui lie l&#8217;\u00eatre humain et l&#8217;ustensile. L&#8217;ustensile est au chaud dans la main qui l&#8217;utilise, l&#8217;humain le tient avec amour, tous deux passeront cette journ\u00e9e ensemble.<\/p>\n<p>Dans les ann\u00e9es 1920, l&#8217;\u00e9crivain et penseur Yanagi S\u00f4etsu cr\u00e9e le mouvement mingei pour valoriser et d\u00e9fendre les savoir-faire et les artisans qui fabriquent anonymement, humblement, les objets du quotidien. C&#8217;est un art produit par le peuple pour le peuple, o\u00f9 la beaut\u00e9 n&#8217;est pas le privil\u00e8ge d&#8217;une minorit\u00e9 fortun\u00e9e mais un bien commun partag\u00e9 par tous. Le mingei nous invite \u00e0 regarder de pr\u00e8s ces objets modestes, fid\u00e8les qui accompagnent notre quotidien, et \u00e0 nouer avec eux une relation de confiance et de tendresse.<\/p>\n","protected":false},"excerpt":{"rendered":"<p>D&#8217;un sombre recoin enfoui dans la poussi\u00e8re, un nouveau monde de beaut\u00e9 a \u00e9clos. Un monde connu de tous, mais que personne n&#8217;avait su voir auparavant. Je veux parler de la beaut\u00e9 de l&#8217;objet ordinaire. Elle lui a \u00e9t\u00e9 donn\u00e9e par la patine, l&#8217;usage, la caresse. Plus il est utilis\u00e9, plus il est beau, plus [&hellip;]<\/p>\n","protected":false},"featured_media":39603,"template":"","meta":[],"product_cat":[2948,2953],"product_tag":[],"acf":[],"yoast_head":"<!-- This site is optimized with the Yoast SEO plugin v20.11 - https:\/\/yoast.com\/wordpress\/plugins\/seo\/ -->\n<title>Beaut\u00e9 du mingei - Librairie 7L<\/title>\n<meta name=\"robots\" content=\"index, follow, max-snippet:-1, max-image-preview:large, max-video-preview:-1\" \/>\n<link rel=\"canonical\" href=\"https:\/\/librairie7l.com\/en\/produit\/beaute-du-mingei\/\" \/>\n<meta property=\"og:locale\" content=\"en_US\" \/>\n<meta property=\"og:type\" content=\"article\" \/>\n<meta property=\"og:title\" content=\"Beaut\u00e9 du mingei - Librairie 7L\" \/>\n<meta property=\"og:description\" content=\"D&#8217;un sombre recoin enfoui dans la poussi\u00e8re, un nouveau monde de beaut\u00e9 a \u00e9clos. Un monde connu de tous, mais que personne n&#8217;avait su voir auparavant. Je veux parler de la beaut\u00e9 de l&#8217;objet ordinaire. Elle lui a \u00e9t\u00e9 donn\u00e9e par la patine, l&#8217;usage, la caresse. Plus il est utilis\u00e9, plus il est beau, plus [&hellip;]\" \/>\n<meta property=\"og:url\" content=\"https:\/\/librairie7l.com\/en\/produit\/beaute-du-mingei\/\" \/>\n<meta property=\"og:site_name\" content=\"Librairie 7L\" \/>\n<meta property=\"article:modified_time\" content=\"2026-04-12T02:59:24+00:00\" \/>\n<meta property=\"og:image\" content=\"https:\/\/librairie7l.com\/wp-content\/uploads\/2023\/06\/9782809716436_1_75.jpg\" \/>\n\t<meta property=\"og:image:width\" content=\"600\" \/>\n\t<meta property=\"og:image:height\" content=\"916\" \/>\n\t<meta property=\"og:image:type\" content=\"image\/jpeg\" \/>\n<meta name=\"twitter:card\" content=\"summary_large_image\" \/>\n<meta name=\"twitter:label1\" content=\"Est. reading time\" \/>\n\t<meta name=\"twitter:data1\" content=\"1 minute\" \/>\n<script type=\"application\/ld+json\" class=\"yoast-schema-graph\">{\"@context\":\"https:\/\/schema.org\",\"@graph\":[{\"@type\":\"WebPage\",\"@id\":\"https:\/\/librairie7l.com\/en\/produit\/beaute-du-mingei\/\",\"url\":\"https:\/\/librairie7l.com\/en\/produit\/beaute-du-mingei\/\",\"name\":\"Beaut\u00e9 du mingei - Librairie 7L\",\"isPartOf\":{\"@id\":\"https:\/\/librairie7l.com\/en\/#website\"},\"datePublished\":\"2024-05-23T21:06:16+00:00\",\"dateModified\":\"2026-04-12T02:59:24+00:00\",\"breadcrumb\":{\"@id\":\"https:\/\/librairie7l.com\/en\/produit\/beaute-du-mingei\/#breadcrumb\"},\"inLanguage\":\"en-US\",\"potentialAction\":[{\"@type\":\"ReadAction\",\"target\":[\"https:\/\/librairie7l.com\/en\/produit\/beaute-du-mingei\/\"]}]},{\"@type\":\"BreadcrumbList\",\"@id\":\"https:\/\/librairie7l.com\/en\/produit\/beaute-du-mingei\/#breadcrumb\",\"itemListElement\":[{\"@type\":\"ListItem\",\"position\":1,\"name\":\"Accueil\",\"item\":\"https:\/\/librairie7l.com\/en\/\"},{\"@type\":\"ListItem\",\"position\":2,\"name\":\"Shop\",\"item\":\"https:\/\/librairie7l.com\/en\/shop\/\"},{\"@type\":\"ListItem\",\"position\":3,\"name\":\"BEAUT\u00c9 DU MINGEI\"}]},{\"@type\":\"WebSite\",\"@id\":\"https:\/\/librairie7l.com\/en\/#website\",\"url\":\"https:\/\/librairie7l.com\/en\/\",\"name\":\"Librairie 7L\",\"description\":\"Librairie fond\u00e9e en 1999 par Karl Lagerfeld \u00e0 Paris\",\"publisher\":{\"@id\":\"https:\/\/librairie7l.com\/en\/#organization\"},\"potentialAction\":[{\"@type\":\"SearchAction\",\"target\":{\"@type\":\"EntryPoint\",\"urlTemplate\":\"https:\/\/librairie7l.com\/en\/?s={search_term_string}\"},\"query-input\":\"required name=search_term_string\"}],\"inLanguage\":\"en-US\"},{\"@type\":\"Organization\",\"@id\":\"https:\/\/librairie7l.com\/en\/#organization\",\"name\":\"Librairie 7L\",\"url\":\"https:\/\/librairie7l.com\/en\/\",\"logo\":{\"@type\":\"ImageObject\",\"inLanguage\":\"en-US\",\"@id\":\"https:\/\/librairie7l.com\/en\/#\/schema\/logo\/image\/\",\"url\":\"https:\/\/librairie7l.com\/wp-content\/uploads\/2022\/08\/logo-1.png\",\"contentUrl\":\"https:\/\/librairie7l.com\/wp-content\/uploads\/2022\/08\/logo-1.png\",\"width\":227,\"height\":301,\"caption\":\"Librairie 7L\"},\"image\":{\"@id\":\"https:\/\/librairie7l.com\/en\/#\/schema\/logo\/image\/\"}}]}<\/script>\n<!-- \/ Yoast SEO plugin. -->","yoast_head_json":{"title":"Beaut\u00e9 du mingei - Librairie 7L","robots":{"index":"index","follow":"follow","max-snippet":"max-snippet:-1","max-image-preview":"max-image-preview:large","max-video-preview":"max-video-preview:-1"},"canonical":"https:\/\/librairie7l.com\/en\/produit\/beaute-du-mingei\/","og_locale":"en_US","og_type":"article","og_title":"Beaut\u00e9 du mingei - Librairie 7L","og_description":"D&#8217;un sombre recoin enfoui dans la poussi\u00e8re, un nouveau monde de beaut\u00e9 a \u00e9clos. Un monde connu de tous, mais que personne n&#8217;avait su voir auparavant. Je veux parler de la beaut\u00e9 de l&#8217;objet ordinaire. Elle lui a \u00e9t\u00e9 donn\u00e9e par la patine, l&#8217;usage, la caresse. Plus il est utilis\u00e9, plus il est beau, plus [&hellip;]","og_url":"https:\/\/librairie7l.com\/en\/produit\/beaute-du-mingei\/","og_site_name":"Librairie 7L","article_modified_time":"2026-04-12T02:59:24+00:00","og_image":[{"width":600,"height":916,"url":"https:\/\/librairie7l.com\/wp-content\/uploads\/2023\/06\/9782809716436_1_75.jpg","type":"image\/jpeg"}],"twitter_card":"summary_large_image","twitter_misc":{"Est. reading time":"1 minute"},"schema":{"@context":"https:\/\/schema.org","@graph":[{"@type":"WebPage","@id":"https:\/\/librairie7l.com\/en\/produit\/beaute-du-mingei\/","url":"https:\/\/librairie7l.com\/en\/produit\/beaute-du-mingei\/","name":"Beaut\u00e9 du mingei - Librairie 7L","isPartOf":{"@id":"https:\/\/librairie7l.com\/en\/#website"},"datePublished":"2024-05-23T21:06:16+00:00","dateModified":"2026-04-12T02:59:24+00:00","breadcrumb":{"@id":"https:\/\/librairie7l.com\/en\/produit\/beaute-du-mingei\/#breadcrumb"},"inLanguage":"en-US","potentialAction":[{"@type":"ReadAction","target":["https:\/\/librairie7l.com\/en\/produit\/beaute-du-mingei\/"]}]},{"@type":"BreadcrumbList","@id":"https:\/\/librairie7l.com\/en\/produit\/beaute-du-mingei\/#breadcrumb","itemListElement":[{"@type":"ListItem","position":1,"name":"Accueil","item":"https:\/\/librairie7l.com\/en\/"},{"@type":"ListItem","position":2,"name":"Shop","item":"https:\/\/librairie7l.com\/en\/shop\/"},{"@type":"ListItem","position":3,"name":"BEAUT\u00c9 DU MINGEI"}]},{"@type":"WebSite","@id":"https:\/\/librairie7l.com\/en\/#website","url":"https:\/\/librairie7l.com\/en\/","name":"Librairie 7L","description":"Librairie fond\u00e9e en 1999 par Karl Lagerfeld \u00e0 Paris","publisher":{"@id":"https:\/\/librairie7l.com\/en\/#organization"},"potentialAction":[{"@type":"SearchAction","target":{"@type":"EntryPoint","urlTemplate":"https:\/\/librairie7l.com\/en\/?s={search_term_string}"},"query-input":"required name=search_term_string"}],"inLanguage":"en-US"},{"@type":"Organization","@id":"https:\/\/librairie7l.com\/en\/#organization","name":"Librairie 7L","url":"https:\/\/librairie7l.com\/en\/","logo":{"@type":"ImageObject","inLanguage":"en-US","@id":"https:\/\/librairie7l.com\/en\/#\/schema\/logo\/image\/","url":"https:\/\/librairie7l.com\/wp-content\/uploads\/2022\/08\/logo-1.png","contentUrl":"https:\/\/librairie7l.com\/wp-content\/uploads\/2022\/08\/logo-1.png","width":227,"height":301,"caption":"Librairie 7L"},"image":{"@id":"https:\/\/librairie7l.com\/en\/#\/schema\/logo\/image\/"}}]}},"_links":{"self":[{"href":"https:\/\/librairie7l.com\/en\/wp-json\/wp\/v2\/product\/39605"}],"collection":[{"href":"https:\/\/librairie7l.com\/en\/wp-json\/wp\/v2\/product"}],"about":[{"href":"https:\/\/librairie7l.com\/en\/wp-json\/wp\/v2\/types\/product"}],"wp:featuredmedia":[{"embeddable":true,"href":"https:\/\/librairie7l.com\/en\/wp-json\/wp\/v2\/media\/39603"}],"wp:attachment":[{"href":"https:\/\/librairie7l.com\/en\/wp-json\/wp\/v2\/media?parent=39605"}],"wp:term":[{"taxonomy":"product_cat","embeddable":true,"href":"https:\/\/librairie7l.com\/en\/wp-json\/wp\/v2\/product_cat?post=39605"},{"taxonomy":"product_tag","embeddable":true,"href":"https:\/\/librairie7l.com\/en\/wp-json\/wp\/v2\/product_tag?post=39605"}],"curies":[{"name":"wp","href":"https:\/\/api.w.org\/{rel}","templated":true}]}}