{"id":39609,"date":"2024-05-23T23:06:17","date_gmt":"2024-05-23T21:06:17","guid":{"rendered":"https:\/\/librairie7l.com\/?post_type=product&#038;p=39609"},"modified":"2026-04-07T11:05:34","modified_gmt":"2026-04-07T09:05:34","slug":"les-1001-merveilles-de-larchitecture-quil-faut-avoir-vues-dans-sa-vie","status":"publish","type":"product","link":"https:\/\/librairie7l.com\/en\/produit\/les-1001-merveilles-de-larchitecture-quil-faut-avoir-vues-dans-sa-vie\/","title":{"rendered":"LES 1001 MERVEILLES DE L&#8217;ARCHITECTURE QU&#8217;IL FAUT AVOIR VUES DANS SA VIE"},"content":{"rendered":"<p>Des pyramides d&#8217;\u00c9gypte aux Bains des Docks du Havre, du Taj Mahal au Palais d&#8217;Hiver de Saint-P\u00e9tersbourg, du mus\u00e9e Guggenheim de Bilbao au stade olympique de P\u00e9kin, cet ouvrage rassemble dans une m\u00eame chronologie toutes les r\u00e9gions du monde et toutes les cultures. Temples, cath\u00e9drales, mus\u00e9es, palais, ch\u00e2teaux, h\u00f4tels, a\u00e9roports, maisons priv\u00e9es, constructions de pierre, de marbre, de bois, d&#8217;acier, de b\u00e9ton&#8230; Ce sont 1001 lieux \u00e0 d\u00e9couvrir, grandioses ou intimes, \u00e0 travers 100 pays. Les oeuvres des plus grands architectes contemporains &#8211; Rem Koolhas, Pei, Frank Gehry, Jean Nouvel &#8211; c\u00f4toient les merveilles que nous ont l\u00e9gu\u00e9es des g\u00e9nies souvent oubli\u00e9s. La tr\u00e8s riche iconographie du livre rend vivante cette d\u00e9couverte et invite \u00e0 porter un regard neuf sur notre environnement.<\/p>\n","protected":false},"excerpt":{"rendered":"<p>Des pyramides d&#8217;\u00c9gypte aux Bains des Docks du Havre, du Taj Mahal au Palais d&#8217;Hiver de Saint-P\u00e9tersbourg, du mus\u00e9e Guggenheim de Bilbao au stade olympique de P\u00e9kin, cet ouvrage rassemble dans une m\u00eame chronologie toutes les r\u00e9gions du monde et toutes les cultures. Temples, cath\u00e9drales, mus\u00e9es, palais, ch\u00e2teaux, h\u00f4tels, a\u00e9roports, maisons priv\u00e9es, constructions de pierre, [&hellip;]<\/p>\n","protected":false},"featured_media":39607,"template":"","meta":[],"product_cat":[2948,2950],"product_tag":[],"acf":[],"yoast_head":"<!-- This site is optimized with the Yoast SEO plugin v20.11 - https:\/\/yoast.com\/wordpress\/plugins\/seo\/ -->\n<title>Les 1001 merveilles de l&#039;architecture qu&#039;il faut avoir vues dans sa vie - Librairie 7L<\/title>\n<meta name=\"robots\" content=\"index, follow, max-snippet:-1, max-image-preview:large, max-video-preview:-1\" \/>\n<link rel=\"canonical\" href=\"https:\/\/librairie7l.com\/en\/produit\/les-1001-merveilles-de-larchitecture-quil-faut-avoir-vues-dans-sa-vie\/\" \/>\n<meta property=\"og:locale\" content=\"en_US\" \/>\n<meta property=\"og:type\" content=\"article\" \/>\n<meta property=\"og:title\" content=\"Les 1001 merveilles de l&#039;architecture qu&#039;il faut avoir vues dans sa vie - Librairie 7L\" \/>\n<meta property=\"og:description\" content=\"Des pyramides d&#8217;\u00c9gypte aux Bains des Docks du Havre, du Taj Mahal au Palais d&#8217;Hiver de Saint-P\u00e9tersbourg, du mus\u00e9e Guggenheim de Bilbao au stade olympique de P\u00e9kin, cet ouvrage rassemble dans une m\u00eame chronologie toutes les r\u00e9gions du monde et toutes les cultures. Temples, cath\u00e9drales, mus\u00e9es, palais, ch\u00e2teaux, h\u00f4tels, a\u00e9roports, maisons priv\u00e9es, constructions de pierre, [&hellip;]\" \/>\n<meta property=\"og:url\" content=\"https:\/\/librairie7l.com\/en\/produit\/les-1001-merveilles-de-larchitecture-quil-faut-avoir-vues-dans-sa-vie\/\" \/>\n<meta property=\"og:site_name\" content=\"Librairie 7L\" \/>\n<meta property=\"article:modified_time\" content=\"2026-04-07T09:05:34+00:00\" \/>\n<meta property=\"og:image\" content=\"https:\/\/librairie7l.com\/wp-content\/uploads\/2023\/12\/9782080439222_1_75.jpg\" \/>\n\t<meta property=\"og:image:width\" content=\"600\" \/>\n\t<meta property=\"og:image:height\" content=\"769\" \/>\n\t<meta property=\"og:image:type\" content=\"image\/jpeg\" \/>\n<meta name=\"twitter:card\" content=\"summary_large_image\" \/>\n<meta name=\"twitter:label1\" content=\"Est. reading time\" \/>\n\t<meta name=\"twitter:data1\" content=\"1 minute\" \/>\n<script type=\"application\/ld+json\" class=\"yoast-schema-graph\">{\"@context\":\"https:\/\/schema.org\",\"@graph\":[{\"@type\":\"WebPage\",\"@id\":\"https:\/\/librairie7l.com\/en\/produit\/les-1001-merveilles-de-larchitecture-quil-faut-avoir-vues-dans-sa-vie\/\",\"url\":\"https:\/\/librairie7l.com\/en\/produit\/les-1001-merveilles-de-larchitecture-quil-faut-avoir-vues-dans-sa-vie\/\",\"name\":\"Les 1001 merveilles de l'architecture qu'il faut avoir vues dans sa vie - Librairie 7L\",\"isPartOf\":{\"@id\":\"https:\/\/librairie7l.com\/en\/#website\"},\"datePublished\":\"2024-05-23T21:06:17+00:00\",\"dateModified\":\"2026-04-07T09:05:34+00:00\",\"breadcrumb\":{\"@id\":\"https:\/\/librairie7l.com\/en\/produit\/les-1001-merveilles-de-larchitecture-quil-faut-avoir-vues-dans-sa-vie\/#breadcrumb\"},\"inLanguage\":\"en-US\",\"potentialAction\":[{\"@type\":\"ReadAction\",\"target\":[\"https:\/\/librairie7l.com\/en\/produit\/les-1001-merveilles-de-larchitecture-quil-faut-avoir-vues-dans-sa-vie\/\"]}]},{\"@type\":\"BreadcrumbList\",\"@id\":\"https:\/\/librairie7l.com\/en\/produit\/les-1001-merveilles-de-larchitecture-quil-faut-avoir-vues-dans-sa-vie\/#breadcrumb\",\"itemListElement\":[{\"@type\":\"ListItem\",\"position\":1,\"name\":\"Accueil\",\"item\":\"https:\/\/librairie7l.com\/en\/\"},{\"@type\":\"ListItem\",\"position\":2,\"name\":\"Shop\",\"item\":\"https:\/\/librairie7l.com\/en\/shop\/\"},{\"@type\":\"ListItem\",\"position\":3,\"name\":\"LES 1001 MERVEILLES DE L&#8217;ARCHITECTURE QU&#8217;IL FAUT AVOIR VUES DANS SA VIE\"}]},{\"@type\":\"WebSite\",\"@id\":\"https:\/\/librairie7l.com\/en\/#website\",\"url\":\"https:\/\/librairie7l.com\/en\/\",\"name\":\"Librairie 7L\",\"description\":\"Librairie fond\u00e9e en 1999 par Karl Lagerfeld \u00e0 Paris\",\"publisher\":{\"@id\":\"https:\/\/librairie7l.com\/en\/#organization\"},\"potentialAction\":[{\"@type\":\"SearchAction\",\"target\":{\"@type\":\"EntryPoint\",\"urlTemplate\":\"https:\/\/librairie7l.com\/en\/?s={search_term_string}\"},\"query-input\":\"required name=search_term_string\"}],\"inLanguage\":\"en-US\"},{\"@type\":\"Organization\",\"@id\":\"https:\/\/librairie7l.com\/en\/#organization\",\"name\":\"Librairie 7L\",\"url\":\"https:\/\/librairie7l.com\/en\/\",\"logo\":{\"@type\":\"ImageObject\",\"inLanguage\":\"en-US\",\"@id\":\"https:\/\/librairie7l.com\/en\/#\/schema\/logo\/image\/\",\"url\":\"https:\/\/librairie7l.com\/wp-content\/uploads\/2022\/08\/logo-1.png\",\"contentUrl\":\"https:\/\/librairie7l.com\/wp-content\/uploads\/2022\/08\/logo-1.png\",\"width\":227,\"height\":301,\"caption\":\"Librairie 7L\"},\"image\":{\"@id\":\"https:\/\/librairie7l.com\/en\/#\/schema\/logo\/image\/\"}}]}<\/script>\n<!-- \/ Yoast SEO plugin. -->","yoast_head_json":{"title":"Les 1001 merveilles de l'architecture qu'il faut avoir vues dans sa vie - Librairie 7L","robots":{"index":"index","follow":"follow","max-snippet":"max-snippet:-1","max-image-preview":"max-image-preview:large","max-video-preview":"max-video-preview:-1"},"canonical":"https:\/\/librairie7l.com\/en\/produit\/les-1001-merveilles-de-larchitecture-quil-faut-avoir-vues-dans-sa-vie\/","og_locale":"en_US","og_type":"article","og_title":"Les 1001 merveilles de l'architecture qu'il faut avoir vues dans sa vie - Librairie 7L","og_description":"Des pyramides d&#8217;\u00c9gypte aux Bains des Docks du Havre, du Taj Mahal au Palais d&#8217;Hiver de Saint-P\u00e9tersbourg, du mus\u00e9e Guggenheim de Bilbao au stade olympique de P\u00e9kin, cet ouvrage rassemble dans une m\u00eame chronologie toutes les r\u00e9gions du monde et toutes les cultures. Temples, cath\u00e9drales, mus\u00e9es, palais, ch\u00e2teaux, h\u00f4tels, a\u00e9roports, maisons priv\u00e9es, constructions de pierre, [&hellip;]","og_url":"https:\/\/librairie7l.com\/en\/produit\/les-1001-merveilles-de-larchitecture-quil-faut-avoir-vues-dans-sa-vie\/","og_site_name":"Librairie 7L","article_modified_time":"2026-04-07T09:05:34+00:00","og_image":[{"width":600,"height":769,"url":"https:\/\/librairie7l.com\/wp-content\/uploads\/2023\/12\/9782080439222_1_75.jpg","type":"image\/jpeg"}],"twitter_card":"summary_large_image","twitter_misc":{"Est. reading time":"1 minute"},"schema":{"@context":"https:\/\/schema.org","@graph":[{"@type":"WebPage","@id":"https:\/\/librairie7l.com\/en\/produit\/les-1001-merveilles-de-larchitecture-quil-faut-avoir-vues-dans-sa-vie\/","url":"https:\/\/librairie7l.com\/en\/produit\/les-1001-merveilles-de-larchitecture-quil-faut-avoir-vues-dans-sa-vie\/","name":"Les 1001 merveilles de l'architecture qu'il faut avoir vues dans sa vie - Librairie 7L","isPartOf":{"@id":"https:\/\/librairie7l.com\/en\/#website"},"datePublished":"2024-05-23T21:06:17+00:00","dateModified":"2026-04-07T09:05:34+00:00","breadcrumb":{"@id":"https:\/\/librairie7l.com\/en\/produit\/les-1001-merveilles-de-larchitecture-quil-faut-avoir-vues-dans-sa-vie\/#breadcrumb"},"inLanguage":"en-US","potentialAction":[{"@type":"ReadAction","target":["https:\/\/librairie7l.com\/en\/produit\/les-1001-merveilles-de-larchitecture-quil-faut-avoir-vues-dans-sa-vie\/"]}]},{"@type":"BreadcrumbList","@id":"https:\/\/librairie7l.com\/en\/produit\/les-1001-merveilles-de-larchitecture-quil-faut-avoir-vues-dans-sa-vie\/#breadcrumb","itemListElement":[{"@type":"ListItem","position":1,"name":"Accueil","item":"https:\/\/librairie7l.com\/en\/"},{"@type":"ListItem","position":2,"name":"Shop","item":"https:\/\/librairie7l.com\/en\/shop\/"},{"@type":"ListItem","position":3,"name":"LES 1001 MERVEILLES DE L&#8217;ARCHITECTURE QU&#8217;IL FAUT AVOIR VUES DANS SA VIE"}]},{"@type":"WebSite","@id":"https:\/\/librairie7l.com\/en\/#website","url":"https:\/\/librairie7l.com\/en\/","name":"Librairie 7L","description":"Librairie fond\u00e9e en 1999 par Karl Lagerfeld \u00e0 Paris","publisher":{"@id":"https:\/\/librairie7l.com\/en\/#organization"},"potentialAction":[{"@type":"SearchAction","target":{"@type":"EntryPoint","urlTemplate":"https:\/\/librairie7l.com\/en\/?s={search_term_string}"},"query-input":"required name=search_term_string"}],"inLanguage":"en-US"},{"@type":"Organization","@id":"https:\/\/librairie7l.com\/en\/#organization","name":"Librairie 7L","url":"https:\/\/librairie7l.com\/en\/","logo":{"@type":"ImageObject","inLanguage":"en-US","@id":"https:\/\/librairie7l.com\/en\/#\/schema\/logo\/image\/","url":"https:\/\/librairie7l.com\/wp-content\/uploads\/2022\/08\/logo-1.png","contentUrl":"https:\/\/librairie7l.com\/wp-content\/uploads\/2022\/08\/logo-1.png","width":227,"height":301,"caption":"Librairie 7L"},"image":{"@id":"https:\/\/librairie7l.com\/en\/#\/schema\/logo\/image\/"}}]}},"_links":{"self":[{"href":"https:\/\/librairie7l.com\/en\/wp-json\/wp\/v2\/product\/39609"}],"collection":[{"href":"https:\/\/librairie7l.com\/en\/wp-json\/wp\/v2\/product"}],"about":[{"href":"https:\/\/librairie7l.com\/en\/wp-json\/wp\/v2\/types\/product"}],"wp:featuredmedia":[{"embeddable":true,"href":"https:\/\/librairie7l.com\/en\/wp-json\/wp\/v2\/media\/39607"}],"wp:attachment":[{"href":"https:\/\/librairie7l.com\/en\/wp-json\/wp\/v2\/media?parent=39609"}],"wp:term":[{"taxonomy":"product_cat","embeddable":true,"href":"https:\/\/librairie7l.com\/en\/wp-json\/wp\/v2\/product_cat?post=39609"},{"taxonomy":"product_tag","embeddable":true,"href":"https:\/\/librairie7l.com\/en\/wp-json\/wp\/v2\/product_tag?post=39609"}],"curies":[{"name":"wp","href":"https:\/\/api.w.org\/{rel}","templated":true}]}}