{"id":39635,"date":"2024-05-23T23:06:26","date_gmt":"2024-05-23T21:06:26","guid":{"rendered":"https:\/\/librairie7l.com\/?post_type=product&#038;p=39635"},"modified":"2026-04-10T12:16:17","modified_gmt":"2026-04-10T10:16:17","slug":"linstant-et-leternite","status":"publish","type":"product","link":"https:\/\/librairie7l.com\/en\/produit\/linstant-et-leternite\/","title":{"rendered":"L&#8217;INSTANT ET L&#8217;\u00c9TERNIT\u00c9"},"content":{"rendered":"<p>L&#8217;Instant et L&#8217;Eternit\u00e9 est un beau livre d&#8217;art trilingue (fran\u00e7ais, grec et anglais) m\u00ealant photographie et po\u00e9sie. Genevi\u00e8ve Hofman a souhait\u00e9 rassembler dans cet ouvrage le fruit du travail r\u00e9alis\u00e9 au cours des r\u00e9sidences artistiques qu&#8217;elle a v\u00e9cu dans ce pays qu&#8217;elle fr\u00e9quente depuis plus de 30 ans, la Gr\u00e8ce. <\/p>\n<p>En  juin  1980  Genevi\u00e8ve  Hofman  d\u00e9cide  de  vivre  un  \u00e9t\u00e9  entier  en  Gr\u00e8ce.  Ce  sera  le  premier  d&#8217;une  longue  s\u00e9rie  de  s\u00e9jours,  de  Thessalonique  \u00e0  Ath\u00e8nes,  d&#8217;Epidaure  \u00e0  Delphes,  de  l&#8217;\u00eele  de  Milos  \u00e0  celle  de  Folegandros, de Naxos \u00e0 Patmos et bien d&#8217;autres  encore,  seule  ou  totalement  isol\u00e9e,  comme  \u00e0  l&#8217;automne 1994 pendant sa r\u00e9sidence d&#8217;artiste  de  plusieurs  semaines  dans  l&#8217;\u00eele  de  Thassos.   Se retournant sur ce cheminement ininterrompu,  puisant  dans  un  important  gisement  de photographies prises lors de r\u00e9sidences ou  s\u00e9jours, elle veut aujourd&#8217;hui restituer un peu  de  tout  ce  que  la  Gr\u00e8ce  lui  a  apport\u00e9  et  lui  apporte : \u00ab Le plaisir de l&#8217;\u00e9change&#8230; mais aussi  celui de faire vivre ce qui est au plus profond  de  moi&#8230;  d&#8217;aller  vers  une  connaissance  plus  intime de moi-m\u00eame \u00bb. &#8211; Extrait de la pr\u00e9face r\u00e9dig\u00e9e par Cypris Kophid\u00e8s.<\/p>\n","protected":false},"excerpt":{"rendered":"<p>L&#8217;Instant et L&#8217;Eternit\u00e9 est un beau livre d&#8217;art trilingue (fran\u00e7ais, grec et anglais) m\u00ealant photographie et po\u00e9sie. Genevi\u00e8ve Hofman a souhait\u00e9 rassembler dans cet ouvrage le fruit du travail r\u00e9alis\u00e9 au cours des r\u00e9sidences artistiques qu&#8217;elle a v\u00e9cu dans ce pays qu&#8217;elle fr\u00e9quente depuis plus de 30 ans, la Gr\u00e8ce. En juin 1980 Genevi\u00e8ve Hofman [&hellip;]<\/p>\n","protected":false},"featured_media":39633,"template":"","meta":[],"product_cat":[2948,2958],"product_tag":[],"acf":[],"yoast_head":"<!-- This site is optimized with the Yoast SEO plugin v20.11 - https:\/\/yoast.com\/wordpress\/plugins\/seo\/ -->\n<title>L&#039;instant et l&#039;\u00e9ternit\u00e9 - Librairie 7L<\/title>\n<meta name=\"robots\" content=\"index, follow, max-snippet:-1, max-image-preview:large, max-video-preview:-1\" \/>\n<link rel=\"canonical\" href=\"https:\/\/librairie7l.com\/en\/produit\/linstant-et-leternite\/\" \/>\n<meta property=\"og:locale\" content=\"en_US\" \/>\n<meta property=\"og:type\" content=\"article\" \/>\n<meta property=\"og:title\" content=\"L&#039;instant et l&#039;\u00e9ternit\u00e9 - Librairie 7L\" \/>\n<meta property=\"og:description\" content=\"L&#8217;Instant et L&#8217;Eternit\u00e9 est un beau livre d&#8217;art trilingue (fran\u00e7ais, grec et anglais) m\u00ealant photographie et po\u00e9sie. Genevi\u00e8ve Hofman a souhait\u00e9 rassembler dans cet ouvrage le fruit du travail r\u00e9alis\u00e9 au cours des r\u00e9sidences artistiques qu&#8217;elle a v\u00e9cu dans ce pays qu&#8217;elle fr\u00e9quente depuis plus de 30 ans, la Gr\u00e8ce. En juin 1980 Genevi\u00e8ve Hofman [&hellip;]\" \/>\n<meta property=\"og:url\" content=\"https:\/\/librairie7l.com\/en\/produit\/linstant-et-leternite\/\" \/>\n<meta property=\"og:site_name\" content=\"Librairie 7L\" \/>\n<meta property=\"article:modified_time\" content=\"2026-04-10T10:16:17+00:00\" \/>\n<meta property=\"og:image\" content=\"https:\/\/librairie7l.com\/wp-content\/uploads\/2023\/10\/9782909478647_1_75.jpg\" \/>\n\t<meta property=\"og:image:width\" content=\"600\" \/>\n\t<meta property=\"og:image:height\" content=\"633\" \/>\n\t<meta property=\"og:image:type\" content=\"image\/jpeg\" \/>\n<meta name=\"twitter:card\" content=\"summary_large_image\" \/>\n<meta name=\"twitter:label1\" content=\"Est. reading time\" \/>\n\t<meta name=\"twitter:data1\" content=\"1 minute\" \/>\n<script type=\"application\/ld+json\" class=\"yoast-schema-graph\">{\"@context\":\"https:\/\/schema.org\",\"@graph\":[{\"@type\":\"WebPage\",\"@id\":\"https:\/\/librairie7l.com\/en\/produit\/linstant-et-leternite\/\",\"url\":\"https:\/\/librairie7l.com\/en\/produit\/linstant-et-leternite\/\",\"name\":\"L'instant et l'\u00e9ternit\u00e9 - Librairie 7L\",\"isPartOf\":{\"@id\":\"https:\/\/librairie7l.com\/en\/#website\"},\"datePublished\":\"2024-05-23T21:06:26+00:00\",\"dateModified\":\"2026-04-10T10:16:17+00:00\",\"breadcrumb\":{\"@id\":\"https:\/\/librairie7l.com\/en\/produit\/linstant-et-leternite\/#breadcrumb\"},\"inLanguage\":\"en-US\",\"potentialAction\":[{\"@type\":\"ReadAction\",\"target\":[\"https:\/\/librairie7l.com\/en\/produit\/linstant-et-leternite\/\"]}]},{\"@type\":\"BreadcrumbList\",\"@id\":\"https:\/\/librairie7l.com\/en\/produit\/linstant-et-leternite\/#breadcrumb\",\"itemListElement\":[{\"@type\":\"ListItem\",\"position\":1,\"name\":\"Accueil\",\"item\":\"https:\/\/librairie7l.com\/en\/\"},{\"@type\":\"ListItem\",\"position\":2,\"name\":\"Shop\",\"item\":\"https:\/\/librairie7l.com\/en\/shop\/\"},{\"@type\":\"ListItem\",\"position\":3,\"name\":\"L&#8217;INSTANT ET L&#8217;\u00c9TERNIT\u00c9\"}]},{\"@type\":\"WebSite\",\"@id\":\"https:\/\/librairie7l.com\/en\/#website\",\"url\":\"https:\/\/librairie7l.com\/en\/\",\"name\":\"Librairie 7L\",\"description\":\"Librairie fond\u00e9e en 1999 par Karl Lagerfeld \u00e0 Paris\",\"publisher\":{\"@id\":\"https:\/\/librairie7l.com\/en\/#organization\"},\"potentialAction\":[{\"@type\":\"SearchAction\",\"target\":{\"@type\":\"EntryPoint\",\"urlTemplate\":\"https:\/\/librairie7l.com\/en\/?s={search_term_string}\"},\"query-input\":\"required name=search_term_string\"}],\"inLanguage\":\"en-US\"},{\"@type\":\"Organization\",\"@id\":\"https:\/\/librairie7l.com\/en\/#organization\",\"name\":\"Librairie 7L\",\"url\":\"https:\/\/librairie7l.com\/en\/\",\"logo\":{\"@type\":\"ImageObject\",\"inLanguage\":\"en-US\",\"@id\":\"https:\/\/librairie7l.com\/en\/#\/schema\/logo\/image\/\",\"url\":\"https:\/\/librairie7l.com\/wp-content\/uploads\/2022\/08\/logo-1.png\",\"contentUrl\":\"https:\/\/librairie7l.com\/wp-content\/uploads\/2022\/08\/logo-1.png\",\"width\":227,\"height\":301,\"caption\":\"Librairie 7L\"},\"image\":{\"@id\":\"https:\/\/librairie7l.com\/en\/#\/schema\/logo\/image\/\"}}]}<\/script>\n<!-- \/ Yoast SEO plugin. -->","yoast_head_json":{"title":"L'instant et l'\u00e9ternit\u00e9 - Librairie 7L","robots":{"index":"index","follow":"follow","max-snippet":"max-snippet:-1","max-image-preview":"max-image-preview:large","max-video-preview":"max-video-preview:-1"},"canonical":"https:\/\/librairie7l.com\/en\/produit\/linstant-et-leternite\/","og_locale":"en_US","og_type":"article","og_title":"L'instant et l'\u00e9ternit\u00e9 - Librairie 7L","og_description":"L&#8217;Instant et L&#8217;Eternit\u00e9 est un beau livre d&#8217;art trilingue (fran\u00e7ais, grec et anglais) m\u00ealant photographie et po\u00e9sie. Genevi\u00e8ve Hofman a souhait\u00e9 rassembler dans cet ouvrage le fruit du travail r\u00e9alis\u00e9 au cours des r\u00e9sidences artistiques qu&#8217;elle a v\u00e9cu dans ce pays qu&#8217;elle fr\u00e9quente depuis plus de 30 ans, la Gr\u00e8ce. En juin 1980 Genevi\u00e8ve Hofman [&hellip;]","og_url":"https:\/\/librairie7l.com\/en\/produit\/linstant-et-leternite\/","og_site_name":"Librairie 7L","article_modified_time":"2026-04-10T10:16:17+00:00","og_image":[{"width":600,"height":633,"url":"https:\/\/librairie7l.com\/wp-content\/uploads\/2023\/10\/9782909478647_1_75.jpg","type":"image\/jpeg"}],"twitter_card":"summary_large_image","twitter_misc":{"Est. reading time":"1 minute"},"schema":{"@context":"https:\/\/schema.org","@graph":[{"@type":"WebPage","@id":"https:\/\/librairie7l.com\/en\/produit\/linstant-et-leternite\/","url":"https:\/\/librairie7l.com\/en\/produit\/linstant-et-leternite\/","name":"L'instant et l'\u00e9ternit\u00e9 - Librairie 7L","isPartOf":{"@id":"https:\/\/librairie7l.com\/en\/#website"},"datePublished":"2024-05-23T21:06:26+00:00","dateModified":"2026-04-10T10:16:17+00:00","breadcrumb":{"@id":"https:\/\/librairie7l.com\/en\/produit\/linstant-et-leternite\/#breadcrumb"},"inLanguage":"en-US","potentialAction":[{"@type":"ReadAction","target":["https:\/\/librairie7l.com\/en\/produit\/linstant-et-leternite\/"]}]},{"@type":"BreadcrumbList","@id":"https:\/\/librairie7l.com\/en\/produit\/linstant-et-leternite\/#breadcrumb","itemListElement":[{"@type":"ListItem","position":1,"name":"Accueil","item":"https:\/\/librairie7l.com\/en\/"},{"@type":"ListItem","position":2,"name":"Shop","item":"https:\/\/librairie7l.com\/en\/shop\/"},{"@type":"ListItem","position":3,"name":"L&#8217;INSTANT ET L&#8217;\u00c9TERNIT\u00c9"}]},{"@type":"WebSite","@id":"https:\/\/librairie7l.com\/en\/#website","url":"https:\/\/librairie7l.com\/en\/","name":"Librairie 7L","description":"Librairie fond\u00e9e en 1999 par Karl Lagerfeld \u00e0 Paris","publisher":{"@id":"https:\/\/librairie7l.com\/en\/#organization"},"potentialAction":[{"@type":"SearchAction","target":{"@type":"EntryPoint","urlTemplate":"https:\/\/librairie7l.com\/en\/?s={search_term_string}"},"query-input":"required name=search_term_string"}],"inLanguage":"en-US"},{"@type":"Organization","@id":"https:\/\/librairie7l.com\/en\/#organization","name":"Librairie 7L","url":"https:\/\/librairie7l.com\/en\/","logo":{"@type":"ImageObject","inLanguage":"en-US","@id":"https:\/\/librairie7l.com\/en\/#\/schema\/logo\/image\/","url":"https:\/\/librairie7l.com\/wp-content\/uploads\/2022\/08\/logo-1.png","contentUrl":"https:\/\/librairie7l.com\/wp-content\/uploads\/2022\/08\/logo-1.png","width":227,"height":301,"caption":"Librairie 7L"},"image":{"@id":"https:\/\/librairie7l.com\/en\/#\/schema\/logo\/image\/"}}]}},"_links":{"self":[{"href":"https:\/\/librairie7l.com\/en\/wp-json\/wp\/v2\/product\/39635"}],"collection":[{"href":"https:\/\/librairie7l.com\/en\/wp-json\/wp\/v2\/product"}],"about":[{"href":"https:\/\/librairie7l.com\/en\/wp-json\/wp\/v2\/types\/product"}],"wp:featuredmedia":[{"embeddable":true,"href":"https:\/\/librairie7l.com\/en\/wp-json\/wp\/v2\/media\/39633"}],"wp:attachment":[{"href":"https:\/\/librairie7l.com\/en\/wp-json\/wp\/v2\/media?parent=39635"}],"wp:term":[{"taxonomy":"product_cat","embeddable":true,"href":"https:\/\/librairie7l.com\/en\/wp-json\/wp\/v2\/product_cat?post=39635"},{"taxonomy":"product_tag","embeddable":true,"href":"https:\/\/librairie7l.com\/en\/wp-json\/wp\/v2\/product_tag?post=39635"}],"curies":[{"name":"wp","href":"https:\/\/api.w.org\/{rel}","templated":true}]}}