{"id":39643,"date":"2024-06-26T12:11:41","date_gmt":"2024-06-26T10:11:41","guid":{"rendered":"https:\/\/librairie7l.com\/?post_type=product&#038;p=39643"},"modified":"2026-04-15T18:29:22","modified_gmt":"2026-04-15T16:29:22","slug":"la-danse-philosophie-du-corps-en-mouvement","status":"publish","type":"product","link":"https:\/\/librairie7l.com\/en\/produit\/la-danse-philosophie-du-corps-en-mouvement\/","title":{"rendered":"LA DANSE : PHILOSOPHIE DU CORPS EN MOUVEMENT"},"content":{"rendered":"<p>Pourquoi \u00e9prouvons-nous le besoin de danser ? Qu&#8217;est-ce qui se joue dans la danse ?<br \/>\n Une enqu\u00eate philosophique dans les coulisses de l&#8217;Op\u00e9ra.<br \/>\nNous ne connaissons aucune soci\u00e9t\u00e9 humaine sans danse.<\/p>\n<p> Mais pourquoi \u00e9prouvons-nous le besoin de danser? Pourquoi certains mouvements nous \u00e9meuvent-ils, nous procurent-ils un tel sentiment de vie ? Que nous apprend cet art sur les liens entre discipline et libert\u00e9 ?<\/p>\n<p> Alexandre Lacroix a eu l&#8217;autorisation exceptionnelle de p\u00e9n\u00e9trer dans les coulisses de l&#8217;Op\u00e9ra de Paris. Pendant plusieurs mois, il a suivi le travail des danseurs \u00e9toiles Ludmila Pagliero et St\u00e9phane Bullion qui, par leurs mots, leurs gestes, lui ont permis d&#8217;entrer dans l&#8217;intimit\u00e9 de leur art.<\/p>\n<p> Le r\u00e9sultat est un essai nous ouvrant les yeux sur ce qui se joue dans la danse. Une enqu\u00eate philosophique qui r\u00e9jouira les n\u00e9ophytes comme les amateurs \u00e9clair\u00e9s, car sa lecture intensifie notre plaisir de spectateur et de danseur.<\/p>\n","protected":false},"excerpt":{"rendered":"<p>Pourquoi \u00e9prouvons-nous le besoin de danser ? Qu&#8217;est-ce qui se joue dans la danse ? Une enqu\u00eate philosophique dans les coulisses de l&#8217;Op\u00e9ra. Nous ne connaissons aucune soci\u00e9t\u00e9 humaine sans danse. Mais pourquoi \u00e9prouvons-nous le besoin de danser? Pourquoi certains mouvements nous \u00e9meuvent-ils, nous procurent-ils un tel sentiment de vie ? Que nous apprend cet [&hellip;]<\/p>\n","protected":false},"featured_media":39641,"template":"","meta":[],"product_cat":[2948,2953],"product_tag":[],"acf":[],"yoast_head":"<!-- This site is optimized with the Yoast SEO plugin v20.11 - https:\/\/yoast.com\/wordpress\/plugins\/seo\/ -->\n<title>La danse : Philosophie du corps en mouvement - Librairie 7L<\/title>\n<meta name=\"robots\" content=\"index, follow, max-snippet:-1, max-image-preview:large, max-video-preview:-1\" \/>\n<link rel=\"canonical\" href=\"https:\/\/librairie7l.com\/en\/produit\/la-danse-philosophie-du-corps-en-mouvement\/\" \/>\n<meta property=\"og:locale\" content=\"en_US\" \/>\n<meta property=\"og:type\" content=\"article\" \/>\n<meta property=\"og:title\" content=\"La danse : Philosophie du corps en mouvement - Librairie 7L\" \/>\n<meta property=\"og:description\" content=\"Pourquoi \u00e9prouvons-nous le besoin de danser ? Qu&#8217;est-ce qui se joue dans la danse ? Une enqu\u00eate philosophique dans les coulisses de l&#8217;Op\u00e9ra. Nous ne connaissons aucune soci\u00e9t\u00e9 humaine sans danse. Mais pourquoi \u00e9prouvons-nous le besoin de danser? Pourquoi certains mouvements nous \u00e9meuvent-ils, nous procurent-ils un tel sentiment de vie ? Que nous apprend cet [&hellip;]\" \/>\n<meta property=\"og:url\" content=\"https:\/\/librairie7l.com\/en\/produit\/la-danse-philosophie-du-corps-en-mouvement\/\" \/>\n<meta property=\"og:site_name\" content=\"Librairie 7L\" \/>\n<meta property=\"article:modified_time\" content=\"2026-04-15T16:29:22+00:00\" \/>\n<meta property=\"og:image\" content=\"https:\/\/librairie7l.com\/wp-content\/uploads\/2023\/10\/9782370734730_1_75.jpg\" \/>\n\t<meta property=\"og:image:width\" content=\"600\" \/>\n\t<meta property=\"og:image:height\" content=\"890\" \/>\n\t<meta property=\"og:image:type\" content=\"image\/jpeg\" \/>\n<meta name=\"twitter:card\" content=\"summary_large_image\" \/>\n<meta name=\"twitter:label1\" content=\"Est. reading time\" \/>\n\t<meta name=\"twitter:data1\" content=\"1 minute\" \/>\n<script type=\"application\/ld+json\" class=\"yoast-schema-graph\">{\"@context\":\"https:\/\/schema.org\",\"@graph\":[{\"@type\":\"WebPage\",\"@id\":\"https:\/\/librairie7l.com\/en\/produit\/la-danse-philosophie-du-corps-en-mouvement\/\",\"url\":\"https:\/\/librairie7l.com\/en\/produit\/la-danse-philosophie-du-corps-en-mouvement\/\",\"name\":\"La danse : Philosophie du corps en mouvement - Librairie 7L\",\"isPartOf\":{\"@id\":\"https:\/\/librairie7l.com\/en\/#website\"},\"datePublished\":\"2024-06-26T10:11:41+00:00\",\"dateModified\":\"2026-04-15T16:29:22+00:00\",\"breadcrumb\":{\"@id\":\"https:\/\/librairie7l.com\/en\/produit\/la-danse-philosophie-du-corps-en-mouvement\/#breadcrumb\"},\"inLanguage\":\"en-US\",\"potentialAction\":[{\"@type\":\"ReadAction\",\"target\":[\"https:\/\/librairie7l.com\/en\/produit\/la-danse-philosophie-du-corps-en-mouvement\/\"]}]},{\"@type\":\"BreadcrumbList\",\"@id\":\"https:\/\/librairie7l.com\/en\/produit\/la-danse-philosophie-du-corps-en-mouvement\/#breadcrumb\",\"itemListElement\":[{\"@type\":\"ListItem\",\"position\":1,\"name\":\"Accueil\",\"item\":\"https:\/\/librairie7l.com\/en\/\"},{\"@type\":\"ListItem\",\"position\":2,\"name\":\"Shop\",\"item\":\"https:\/\/librairie7l.com\/en\/shop\/\"},{\"@type\":\"ListItem\",\"position\":3,\"name\":\"LA DANSE : PHILOSOPHIE DU CORPS EN MOUVEMENT\"}]},{\"@type\":\"WebSite\",\"@id\":\"https:\/\/librairie7l.com\/en\/#website\",\"url\":\"https:\/\/librairie7l.com\/en\/\",\"name\":\"Librairie 7L\",\"description\":\"Librairie fond\u00e9e en 1999 par Karl Lagerfeld \u00e0 Paris\",\"publisher\":{\"@id\":\"https:\/\/librairie7l.com\/en\/#organization\"},\"potentialAction\":[{\"@type\":\"SearchAction\",\"target\":{\"@type\":\"EntryPoint\",\"urlTemplate\":\"https:\/\/librairie7l.com\/en\/?s={search_term_string}\"},\"query-input\":\"required name=search_term_string\"}],\"inLanguage\":\"en-US\"},{\"@type\":\"Organization\",\"@id\":\"https:\/\/librairie7l.com\/en\/#organization\",\"name\":\"Librairie 7L\",\"url\":\"https:\/\/librairie7l.com\/en\/\",\"logo\":{\"@type\":\"ImageObject\",\"inLanguage\":\"en-US\",\"@id\":\"https:\/\/librairie7l.com\/en\/#\/schema\/logo\/image\/\",\"url\":\"https:\/\/librairie7l.com\/wp-content\/uploads\/2022\/08\/logo-1.png\",\"contentUrl\":\"https:\/\/librairie7l.com\/wp-content\/uploads\/2022\/08\/logo-1.png\",\"width\":227,\"height\":301,\"caption\":\"Librairie 7L\"},\"image\":{\"@id\":\"https:\/\/librairie7l.com\/en\/#\/schema\/logo\/image\/\"}}]}<\/script>\n<!-- \/ Yoast SEO plugin. -->","yoast_head_json":{"title":"La danse : Philosophie du corps en mouvement - Librairie 7L","robots":{"index":"index","follow":"follow","max-snippet":"max-snippet:-1","max-image-preview":"max-image-preview:large","max-video-preview":"max-video-preview:-1"},"canonical":"https:\/\/librairie7l.com\/en\/produit\/la-danse-philosophie-du-corps-en-mouvement\/","og_locale":"en_US","og_type":"article","og_title":"La danse : Philosophie du corps en mouvement - Librairie 7L","og_description":"Pourquoi \u00e9prouvons-nous le besoin de danser ? Qu&#8217;est-ce qui se joue dans la danse ? Une enqu\u00eate philosophique dans les coulisses de l&#8217;Op\u00e9ra. Nous ne connaissons aucune soci\u00e9t\u00e9 humaine sans danse. Mais pourquoi \u00e9prouvons-nous le besoin de danser? Pourquoi certains mouvements nous \u00e9meuvent-ils, nous procurent-ils un tel sentiment de vie ? Que nous apprend cet [&hellip;]","og_url":"https:\/\/librairie7l.com\/en\/produit\/la-danse-philosophie-du-corps-en-mouvement\/","og_site_name":"Librairie 7L","article_modified_time":"2026-04-15T16:29:22+00:00","og_image":[{"width":600,"height":890,"url":"https:\/\/librairie7l.com\/wp-content\/uploads\/2023\/10\/9782370734730_1_75.jpg","type":"image\/jpeg"}],"twitter_card":"summary_large_image","twitter_misc":{"Est. reading time":"1 minute"},"schema":{"@context":"https:\/\/schema.org","@graph":[{"@type":"WebPage","@id":"https:\/\/librairie7l.com\/en\/produit\/la-danse-philosophie-du-corps-en-mouvement\/","url":"https:\/\/librairie7l.com\/en\/produit\/la-danse-philosophie-du-corps-en-mouvement\/","name":"La danse : Philosophie du corps en mouvement - Librairie 7L","isPartOf":{"@id":"https:\/\/librairie7l.com\/en\/#website"},"datePublished":"2024-06-26T10:11:41+00:00","dateModified":"2026-04-15T16:29:22+00:00","breadcrumb":{"@id":"https:\/\/librairie7l.com\/en\/produit\/la-danse-philosophie-du-corps-en-mouvement\/#breadcrumb"},"inLanguage":"en-US","potentialAction":[{"@type":"ReadAction","target":["https:\/\/librairie7l.com\/en\/produit\/la-danse-philosophie-du-corps-en-mouvement\/"]}]},{"@type":"BreadcrumbList","@id":"https:\/\/librairie7l.com\/en\/produit\/la-danse-philosophie-du-corps-en-mouvement\/#breadcrumb","itemListElement":[{"@type":"ListItem","position":1,"name":"Accueil","item":"https:\/\/librairie7l.com\/en\/"},{"@type":"ListItem","position":2,"name":"Shop","item":"https:\/\/librairie7l.com\/en\/shop\/"},{"@type":"ListItem","position":3,"name":"LA DANSE : PHILOSOPHIE DU CORPS EN MOUVEMENT"}]},{"@type":"WebSite","@id":"https:\/\/librairie7l.com\/en\/#website","url":"https:\/\/librairie7l.com\/en\/","name":"Librairie 7L","description":"Librairie fond\u00e9e en 1999 par Karl Lagerfeld \u00e0 Paris","publisher":{"@id":"https:\/\/librairie7l.com\/en\/#organization"},"potentialAction":[{"@type":"SearchAction","target":{"@type":"EntryPoint","urlTemplate":"https:\/\/librairie7l.com\/en\/?s={search_term_string}"},"query-input":"required name=search_term_string"}],"inLanguage":"en-US"},{"@type":"Organization","@id":"https:\/\/librairie7l.com\/en\/#organization","name":"Librairie 7L","url":"https:\/\/librairie7l.com\/en\/","logo":{"@type":"ImageObject","inLanguage":"en-US","@id":"https:\/\/librairie7l.com\/en\/#\/schema\/logo\/image\/","url":"https:\/\/librairie7l.com\/wp-content\/uploads\/2022\/08\/logo-1.png","contentUrl":"https:\/\/librairie7l.com\/wp-content\/uploads\/2022\/08\/logo-1.png","width":227,"height":301,"caption":"Librairie 7L"},"image":{"@id":"https:\/\/librairie7l.com\/en\/#\/schema\/logo\/image\/"}}]}},"_links":{"self":[{"href":"https:\/\/librairie7l.com\/en\/wp-json\/wp\/v2\/product\/39643"}],"collection":[{"href":"https:\/\/librairie7l.com\/en\/wp-json\/wp\/v2\/product"}],"about":[{"href":"https:\/\/librairie7l.com\/en\/wp-json\/wp\/v2\/types\/product"}],"wp:featuredmedia":[{"embeddable":true,"href":"https:\/\/librairie7l.com\/en\/wp-json\/wp\/v2\/media\/39641"}],"wp:attachment":[{"href":"https:\/\/librairie7l.com\/en\/wp-json\/wp\/v2\/media?parent=39643"}],"wp:term":[{"taxonomy":"product_cat","embeddable":true,"href":"https:\/\/librairie7l.com\/en\/wp-json\/wp\/v2\/product_cat?post=39643"},{"taxonomy":"product_tag","embeddable":true,"href":"https:\/\/librairie7l.com\/en\/wp-json\/wp\/v2\/product_tag?post=39643"}],"curies":[{"name":"wp","href":"https:\/\/api.w.org\/{rel}","templated":true}]}}