{"id":39663,"date":"2024-03-09T09:18:23","date_gmt":"2024-03-09T08:18:23","guid":{"rendered":"https:\/\/librairie7l.com\/?post_type=product&#038;p=39663"},"modified":"2026-04-07T12:45:46","modified_gmt":"2026-04-07T10:45:46","slug":"sacred-modernity-the-holy-embrace-of-modernist-architecture","status":"publish","type":"product","link":"https:\/\/librairie7l.com\/en\/produit\/sacred-modernity-the-holy-embrace-of-modernist-architecture\/","title":{"rendered":"SACRED MODERNITY THE HOLY EMBRACE OF MODERNIST ARCHITECTURE"},"content":{"rendered":"<p>Traditional Christian dogma meets 20th-century sensibilities in modernist church spaces across Europe<\/p>\n<p>Spurred on by the modernizing impulses of the Second Vatican Council in the early 1960s, the Catholic Church searched for an appropriate architectural language that showed its relevance to the modern world. Sacred Modernity documents this dramatic shift in ecclesiastical architecture across postwar Europe. Among these structures, some exude a joyful antagonism, while others emanate a cold minimalism. Boldly designed, outrageous and provocative for their time, the aesthetic of this period still ignites great debate between modernists and traditionalists. Half a century on, this study traces how their materials and ideals have matured and patinated. The book represents the first attempt to collate the religious architecture of the mid-century high modern years that took many forms, from Brutalism to Structural Expressionism.<br \/>\nArchitects include: Alvar Aalto, Dominikus B\u00f6hm, Justus Dahinden, G\u00fcnther Domenig, Walter Maria F\u00f6rderer, Clemens Holzmeister, Viktor Hufnagl, Angelo Mangiarotti, Giovanni Michelucci, Gio Ponti, Roland Rainer, Sep Ruf, Carlo Scarpa, Richard Gilbert Scott, Basil Spence.<\/p>\n","protected":false},"excerpt":{"rendered":"<p>Traditional Christian dogma meets 20th-century sensibilities in modernist church spaces across Europe Spurred on by the modernizing impulses of the Second Vatican Council in the early 1960s, the Catholic Church searched for an appropriate architectural language that showed its relevance to the modern world. Sacred Modernity documents this dramatic shift in ecclesiastical architecture across postwar [&hellip;]<\/p>\n","protected":false},"featured_media":39661,"template":"","meta":[],"product_cat":[2948,2950],"product_tag":[],"acf":[],"yoast_head":"<!-- This site is optimized with the Yoast SEO plugin v20.11 - https:\/\/yoast.com\/wordpress\/plugins\/seo\/ -->\n<title>Sacred modernity the holy embrace of modernist architecture - Librairie 7L<\/title>\n<meta name=\"robots\" content=\"index, follow, max-snippet:-1, max-image-preview:large, max-video-preview:-1\" \/>\n<link rel=\"canonical\" href=\"https:\/\/librairie7l.com\/en\/produit\/sacred-modernity-the-holy-embrace-of-modernist-architecture\/\" \/>\n<meta property=\"og:locale\" content=\"en_US\" \/>\n<meta property=\"og:type\" content=\"article\" \/>\n<meta property=\"og:title\" content=\"Sacred modernity the holy embrace of modernist architecture - Librairie 7L\" \/>\n<meta property=\"og:description\" content=\"Traditional Christian dogma meets 20th-century sensibilities in modernist church spaces across Europe Spurred on by the modernizing impulses of the Second Vatican Council in the early 1960s, the Catholic Church searched for an appropriate architectural language that showed its relevance to the modern world. Sacred Modernity documents this dramatic shift in ecclesiastical architecture across postwar [&hellip;]\" \/>\n<meta property=\"og:url\" content=\"https:\/\/librairie7l.com\/en\/produit\/sacred-modernity-the-holy-embrace-of-modernist-architecture\/\" \/>\n<meta property=\"og:site_name\" content=\"Librairie 7L\" \/>\n<meta property=\"article:modified_time\" content=\"2026-04-07T10:45:46+00:00\" \/>\n<meta property=\"og:image\" content=\"https:\/\/librairie7l.com\/wp-content\/uploads\/2024\/01\/9783775756464_1_75.jpg\" \/>\n\t<meta property=\"og:image:width\" content=\"744\" \/>\n\t<meta property=\"og:image:height\" content=\"600\" \/>\n\t<meta property=\"og:image:type\" content=\"image\/jpeg\" \/>\n<meta name=\"twitter:card\" content=\"summary_large_image\" \/>\n<meta name=\"twitter:label1\" content=\"Est. reading time\" \/>\n\t<meta name=\"twitter:data1\" content=\"1 minute\" \/>\n<script type=\"application\/ld+json\" class=\"yoast-schema-graph\">{\"@context\":\"https:\/\/schema.org\",\"@graph\":[{\"@type\":\"WebPage\",\"@id\":\"https:\/\/librairie7l.com\/en\/produit\/sacred-modernity-the-holy-embrace-of-modernist-architecture\/\",\"url\":\"https:\/\/librairie7l.com\/en\/produit\/sacred-modernity-the-holy-embrace-of-modernist-architecture\/\",\"name\":\"Sacred modernity the holy embrace of modernist architecture - Librairie 7L\",\"isPartOf\":{\"@id\":\"https:\/\/librairie7l.com\/en\/#website\"},\"datePublished\":\"2024-03-09T08:18:23+00:00\",\"dateModified\":\"2026-04-07T10:45:46+00:00\",\"breadcrumb\":{\"@id\":\"https:\/\/librairie7l.com\/en\/produit\/sacred-modernity-the-holy-embrace-of-modernist-architecture\/#breadcrumb\"},\"inLanguage\":\"en-US\",\"potentialAction\":[{\"@type\":\"ReadAction\",\"target\":[\"https:\/\/librairie7l.com\/en\/produit\/sacred-modernity-the-holy-embrace-of-modernist-architecture\/\"]}]},{\"@type\":\"BreadcrumbList\",\"@id\":\"https:\/\/librairie7l.com\/en\/produit\/sacred-modernity-the-holy-embrace-of-modernist-architecture\/#breadcrumb\",\"itemListElement\":[{\"@type\":\"ListItem\",\"position\":1,\"name\":\"Accueil\",\"item\":\"https:\/\/librairie7l.com\/en\/\"},{\"@type\":\"ListItem\",\"position\":2,\"name\":\"Shop\",\"item\":\"https:\/\/librairie7l.com\/en\/shop\/\"},{\"@type\":\"ListItem\",\"position\":3,\"name\":\"SACRED MODERNITY THE HOLY EMBRACE OF MODERNIST ARCHITECTURE\"}]},{\"@type\":\"WebSite\",\"@id\":\"https:\/\/librairie7l.com\/en\/#website\",\"url\":\"https:\/\/librairie7l.com\/en\/\",\"name\":\"Librairie 7L\",\"description\":\"Librairie fond\u00e9e en 1999 par Karl Lagerfeld \u00e0 Paris\",\"publisher\":{\"@id\":\"https:\/\/librairie7l.com\/en\/#organization\"},\"potentialAction\":[{\"@type\":\"SearchAction\",\"target\":{\"@type\":\"EntryPoint\",\"urlTemplate\":\"https:\/\/librairie7l.com\/en\/?s={search_term_string}\"},\"query-input\":\"required name=search_term_string\"}],\"inLanguage\":\"en-US\"},{\"@type\":\"Organization\",\"@id\":\"https:\/\/librairie7l.com\/en\/#organization\",\"name\":\"Librairie 7L\",\"url\":\"https:\/\/librairie7l.com\/en\/\",\"logo\":{\"@type\":\"ImageObject\",\"inLanguage\":\"en-US\",\"@id\":\"https:\/\/librairie7l.com\/en\/#\/schema\/logo\/image\/\",\"url\":\"https:\/\/librairie7l.com\/wp-content\/uploads\/2022\/08\/logo-1.png\",\"contentUrl\":\"https:\/\/librairie7l.com\/wp-content\/uploads\/2022\/08\/logo-1.png\",\"width\":227,\"height\":301,\"caption\":\"Librairie 7L\"},\"image\":{\"@id\":\"https:\/\/librairie7l.com\/en\/#\/schema\/logo\/image\/\"}}]}<\/script>\n<!-- \/ Yoast SEO plugin. -->","yoast_head_json":{"title":"Sacred modernity the holy embrace of modernist architecture - Librairie 7L","robots":{"index":"index","follow":"follow","max-snippet":"max-snippet:-1","max-image-preview":"max-image-preview:large","max-video-preview":"max-video-preview:-1"},"canonical":"https:\/\/librairie7l.com\/en\/produit\/sacred-modernity-the-holy-embrace-of-modernist-architecture\/","og_locale":"en_US","og_type":"article","og_title":"Sacred modernity the holy embrace of modernist architecture - Librairie 7L","og_description":"Traditional Christian dogma meets 20th-century sensibilities in modernist church spaces across Europe Spurred on by the modernizing impulses of the Second Vatican Council in the early 1960s, the Catholic Church searched for an appropriate architectural language that showed its relevance to the modern world. Sacred Modernity documents this dramatic shift in ecclesiastical architecture across postwar [&hellip;]","og_url":"https:\/\/librairie7l.com\/en\/produit\/sacred-modernity-the-holy-embrace-of-modernist-architecture\/","og_site_name":"Librairie 7L","article_modified_time":"2026-04-07T10:45:46+00:00","og_image":[{"width":744,"height":600,"url":"https:\/\/librairie7l.com\/wp-content\/uploads\/2024\/01\/9783775756464_1_75.jpg","type":"image\/jpeg"}],"twitter_card":"summary_large_image","twitter_misc":{"Est. reading time":"1 minute"},"schema":{"@context":"https:\/\/schema.org","@graph":[{"@type":"WebPage","@id":"https:\/\/librairie7l.com\/en\/produit\/sacred-modernity-the-holy-embrace-of-modernist-architecture\/","url":"https:\/\/librairie7l.com\/en\/produit\/sacred-modernity-the-holy-embrace-of-modernist-architecture\/","name":"Sacred modernity the holy embrace of modernist architecture - Librairie 7L","isPartOf":{"@id":"https:\/\/librairie7l.com\/en\/#website"},"datePublished":"2024-03-09T08:18:23+00:00","dateModified":"2026-04-07T10:45:46+00:00","breadcrumb":{"@id":"https:\/\/librairie7l.com\/en\/produit\/sacred-modernity-the-holy-embrace-of-modernist-architecture\/#breadcrumb"},"inLanguage":"en-US","potentialAction":[{"@type":"ReadAction","target":["https:\/\/librairie7l.com\/en\/produit\/sacred-modernity-the-holy-embrace-of-modernist-architecture\/"]}]},{"@type":"BreadcrumbList","@id":"https:\/\/librairie7l.com\/en\/produit\/sacred-modernity-the-holy-embrace-of-modernist-architecture\/#breadcrumb","itemListElement":[{"@type":"ListItem","position":1,"name":"Accueil","item":"https:\/\/librairie7l.com\/en\/"},{"@type":"ListItem","position":2,"name":"Shop","item":"https:\/\/librairie7l.com\/en\/shop\/"},{"@type":"ListItem","position":3,"name":"SACRED MODERNITY THE HOLY EMBRACE OF MODERNIST ARCHITECTURE"}]},{"@type":"WebSite","@id":"https:\/\/librairie7l.com\/en\/#website","url":"https:\/\/librairie7l.com\/en\/","name":"Librairie 7L","description":"Librairie fond\u00e9e en 1999 par Karl Lagerfeld \u00e0 Paris","publisher":{"@id":"https:\/\/librairie7l.com\/en\/#organization"},"potentialAction":[{"@type":"SearchAction","target":{"@type":"EntryPoint","urlTemplate":"https:\/\/librairie7l.com\/en\/?s={search_term_string}"},"query-input":"required name=search_term_string"}],"inLanguage":"en-US"},{"@type":"Organization","@id":"https:\/\/librairie7l.com\/en\/#organization","name":"Librairie 7L","url":"https:\/\/librairie7l.com\/en\/","logo":{"@type":"ImageObject","inLanguage":"en-US","@id":"https:\/\/librairie7l.com\/en\/#\/schema\/logo\/image\/","url":"https:\/\/librairie7l.com\/wp-content\/uploads\/2022\/08\/logo-1.png","contentUrl":"https:\/\/librairie7l.com\/wp-content\/uploads\/2022\/08\/logo-1.png","width":227,"height":301,"caption":"Librairie 7L"},"image":{"@id":"https:\/\/librairie7l.com\/en\/#\/schema\/logo\/image\/"}}]}},"_links":{"self":[{"href":"https:\/\/librairie7l.com\/en\/wp-json\/wp\/v2\/product\/39663"}],"collection":[{"href":"https:\/\/librairie7l.com\/en\/wp-json\/wp\/v2\/product"}],"about":[{"href":"https:\/\/librairie7l.com\/en\/wp-json\/wp\/v2\/types\/product"}],"wp:featuredmedia":[{"embeddable":true,"href":"https:\/\/librairie7l.com\/en\/wp-json\/wp\/v2\/media\/39661"}],"wp:attachment":[{"href":"https:\/\/librairie7l.com\/en\/wp-json\/wp\/v2\/media?parent=39663"}],"wp:term":[{"taxonomy":"product_cat","embeddable":true,"href":"https:\/\/librairie7l.com\/en\/wp-json\/wp\/v2\/product_cat?post=39663"},{"taxonomy":"product_tag","embeddable":true,"href":"https:\/\/librairie7l.com\/en\/wp-json\/wp\/v2\/product_tag?post=39663"}],"curies":[{"name":"wp","href":"https:\/\/api.w.org\/{rel}","templated":true}]}}