{"id":39729,"date":"2024-03-13T09:18:12","date_gmt":"2024-03-13T08:18:12","guid":{"rendered":"https:\/\/librairie7l.com\/?post_type=product&#038;p=39729"},"modified":"2026-04-17T01:06:53","modified_gmt":"2026-04-16T23:06:53","slug":"les-migrations-des-plantes","status":"publish","type":"product","link":"https:\/\/librairie7l.com\/en\/produit\/les-migrations-des-plantes\/","title":{"rendered":"LES MIGRATIONS DES PLANTES"},"content":{"rendered":"<p>En rassemblant textes scientifiques, artistiques, et critiques autour de la migration des plantes, cet ouvrage rejoint la discussion contemporaine entre arts et sciences : \u00e9crivains, penseurs et artistes y croisent et confrontent leurs regards en abordant des sujets tels que le brassage, le voyage, ou la migration. Quels mots, quels r\u00e9cits et quelles images pour parler des plantes qui prolif\u00e8rent, provoquant parfois des peurs de d\u00e9paysement et de perte de biodiversit\u00e9 ? Les mani\u00e8res que nous avons d&#8217;appr\u00e9hender ces mouvements v\u00e9g\u00e9taux font \u00e9clater au grand jour des enjeux esth\u00e9tiques, \u00e9thiques et politiques, articul\u00e9s autour de quatre axes : modalit\u00e9s, indisciplines v\u00e9g\u00e9tales, ambigu\u00eft\u00e9s coloniales et postcoloniales et enfin sympo\u00ef\u00e8ses*. L&#8217;adresse du livre est plurielle : lecteurs et lectrices sensibles aux mondes acad\u00e9miques, artistiques et du jardin pourront prendre la mesure de ce que peuvent nous dire et nous apprendre les plantes, entre enqu\u00eates photographiques, textes, po\u00e8mes, illustrations et entretiens.<\/p>\n","protected":false},"excerpt":{"rendered":"<p>En rassemblant textes scientifiques, artistiques, et critiques autour de la migration des plantes, cet ouvrage rejoint la discussion contemporaine entre arts et sciences : \u00e9crivains, penseurs et artistes y croisent et confrontent leurs regards en abordant des sujets tels que le brassage, le voyage, ou la migration. Quels mots, quels r\u00e9cits et quelles images pour [&hellip;]<\/p>\n","protected":false},"featured_media":39727,"template":"","meta":[],"product_cat":[2948,2956],"product_tag":[],"acf":[],"yoast_head":"<!-- This site is optimized with the Yoast SEO plugin v20.11 - https:\/\/yoast.com\/wordpress\/plugins\/seo\/ -->\n<title>Les migrations des plantes - Librairie 7L<\/title>\n<meta name=\"robots\" content=\"index, follow, max-snippet:-1, max-image-preview:large, max-video-preview:-1\" \/>\n<link rel=\"canonical\" href=\"https:\/\/librairie7l.com\/en\/produit\/les-migrations-des-plantes\/\" \/>\n<meta property=\"og:locale\" content=\"en_US\" \/>\n<meta property=\"og:type\" content=\"article\" \/>\n<meta property=\"og:title\" content=\"Les migrations des plantes - Librairie 7L\" \/>\n<meta property=\"og:description\" content=\"En rassemblant textes scientifiques, artistiques, et critiques autour de la migration des plantes, cet ouvrage rejoint la discussion contemporaine entre arts et sciences : \u00e9crivains, penseurs et artistes y croisent et confrontent leurs regards en abordant des sujets tels que le brassage, le voyage, ou la migration. Quels mots, quels r\u00e9cits et quelles images pour [&hellip;]\" \/>\n<meta property=\"og:url\" content=\"https:\/\/librairie7l.com\/en\/produit\/les-migrations-des-plantes\/\" \/>\n<meta property=\"og:site_name\" content=\"Librairie 7L\" \/>\n<meta property=\"article:modified_time\" content=\"2026-04-16T23:06:53+00:00\" \/>\n<meta property=\"og:image\" content=\"https:\/\/librairie7l.com\/wp-content\/uploads\/2023\/09\/9782490505616_1_75.jpg\" \/>\n\t<meta property=\"og:image:width\" content=\"352\" \/>\n\t<meta property=\"og:image:height\" content=\"542\" \/>\n\t<meta property=\"og:image:type\" content=\"image\/jpeg\" \/>\n<meta name=\"twitter:card\" content=\"summary_large_image\" \/>\n<meta name=\"twitter:label1\" content=\"Est. reading time\" \/>\n\t<meta name=\"twitter:data1\" content=\"1 minute\" \/>\n<script type=\"application\/ld+json\" class=\"yoast-schema-graph\">{\"@context\":\"https:\/\/schema.org\",\"@graph\":[{\"@type\":\"WebPage\",\"@id\":\"https:\/\/librairie7l.com\/en\/produit\/les-migrations-des-plantes\/\",\"url\":\"https:\/\/librairie7l.com\/en\/produit\/les-migrations-des-plantes\/\",\"name\":\"Les migrations des plantes - Librairie 7L\",\"isPartOf\":{\"@id\":\"https:\/\/librairie7l.com\/en\/#website\"},\"datePublished\":\"2024-03-13T08:18:12+00:00\",\"dateModified\":\"2026-04-16T23:06:53+00:00\",\"breadcrumb\":{\"@id\":\"https:\/\/librairie7l.com\/en\/produit\/les-migrations-des-plantes\/#breadcrumb\"},\"inLanguage\":\"en-US\",\"potentialAction\":[{\"@type\":\"ReadAction\",\"target\":[\"https:\/\/librairie7l.com\/en\/produit\/les-migrations-des-plantes\/\"]}]},{\"@type\":\"BreadcrumbList\",\"@id\":\"https:\/\/librairie7l.com\/en\/produit\/les-migrations-des-plantes\/#breadcrumb\",\"itemListElement\":[{\"@type\":\"ListItem\",\"position\":1,\"name\":\"Accueil\",\"item\":\"https:\/\/librairie7l.com\/en\/\"},{\"@type\":\"ListItem\",\"position\":2,\"name\":\"Shop\",\"item\":\"https:\/\/librairie7l.com\/en\/shop\/\"},{\"@type\":\"ListItem\",\"position\":3,\"name\":\"LES MIGRATIONS DES PLANTES\"}]},{\"@type\":\"WebSite\",\"@id\":\"https:\/\/librairie7l.com\/en\/#website\",\"url\":\"https:\/\/librairie7l.com\/en\/\",\"name\":\"Librairie 7L\",\"description\":\"Librairie fond\u00e9e en 1999 par Karl Lagerfeld \u00e0 Paris\",\"publisher\":{\"@id\":\"https:\/\/librairie7l.com\/en\/#organization\"},\"potentialAction\":[{\"@type\":\"SearchAction\",\"target\":{\"@type\":\"EntryPoint\",\"urlTemplate\":\"https:\/\/librairie7l.com\/en\/?s={search_term_string}\"},\"query-input\":\"required name=search_term_string\"}],\"inLanguage\":\"en-US\"},{\"@type\":\"Organization\",\"@id\":\"https:\/\/librairie7l.com\/en\/#organization\",\"name\":\"Librairie 7L\",\"url\":\"https:\/\/librairie7l.com\/en\/\",\"logo\":{\"@type\":\"ImageObject\",\"inLanguage\":\"en-US\",\"@id\":\"https:\/\/librairie7l.com\/en\/#\/schema\/logo\/image\/\",\"url\":\"https:\/\/librairie7l.com\/wp-content\/uploads\/2022\/08\/logo-1.png\",\"contentUrl\":\"https:\/\/librairie7l.com\/wp-content\/uploads\/2022\/08\/logo-1.png\",\"width\":227,\"height\":301,\"caption\":\"Librairie 7L\"},\"image\":{\"@id\":\"https:\/\/librairie7l.com\/en\/#\/schema\/logo\/image\/\"}}]}<\/script>\n<!-- \/ Yoast SEO plugin. -->","yoast_head_json":{"title":"Les migrations des plantes - Librairie 7L","robots":{"index":"index","follow":"follow","max-snippet":"max-snippet:-1","max-image-preview":"max-image-preview:large","max-video-preview":"max-video-preview:-1"},"canonical":"https:\/\/librairie7l.com\/en\/produit\/les-migrations-des-plantes\/","og_locale":"en_US","og_type":"article","og_title":"Les migrations des plantes - Librairie 7L","og_description":"En rassemblant textes scientifiques, artistiques, et critiques autour de la migration des plantes, cet ouvrage rejoint la discussion contemporaine entre arts et sciences : \u00e9crivains, penseurs et artistes y croisent et confrontent leurs regards en abordant des sujets tels que le brassage, le voyage, ou la migration. Quels mots, quels r\u00e9cits et quelles images pour [&hellip;]","og_url":"https:\/\/librairie7l.com\/en\/produit\/les-migrations-des-plantes\/","og_site_name":"Librairie 7L","article_modified_time":"2026-04-16T23:06:53+00:00","og_image":[{"width":352,"height":542,"url":"https:\/\/librairie7l.com\/wp-content\/uploads\/2023\/09\/9782490505616_1_75.jpg","type":"image\/jpeg"}],"twitter_card":"summary_large_image","twitter_misc":{"Est. reading time":"1 minute"},"schema":{"@context":"https:\/\/schema.org","@graph":[{"@type":"WebPage","@id":"https:\/\/librairie7l.com\/en\/produit\/les-migrations-des-plantes\/","url":"https:\/\/librairie7l.com\/en\/produit\/les-migrations-des-plantes\/","name":"Les migrations des plantes - Librairie 7L","isPartOf":{"@id":"https:\/\/librairie7l.com\/en\/#website"},"datePublished":"2024-03-13T08:18:12+00:00","dateModified":"2026-04-16T23:06:53+00:00","breadcrumb":{"@id":"https:\/\/librairie7l.com\/en\/produit\/les-migrations-des-plantes\/#breadcrumb"},"inLanguage":"en-US","potentialAction":[{"@type":"ReadAction","target":["https:\/\/librairie7l.com\/en\/produit\/les-migrations-des-plantes\/"]}]},{"@type":"BreadcrumbList","@id":"https:\/\/librairie7l.com\/en\/produit\/les-migrations-des-plantes\/#breadcrumb","itemListElement":[{"@type":"ListItem","position":1,"name":"Accueil","item":"https:\/\/librairie7l.com\/en\/"},{"@type":"ListItem","position":2,"name":"Shop","item":"https:\/\/librairie7l.com\/en\/shop\/"},{"@type":"ListItem","position":3,"name":"LES MIGRATIONS DES PLANTES"}]},{"@type":"WebSite","@id":"https:\/\/librairie7l.com\/en\/#website","url":"https:\/\/librairie7l.com\/en\/","name":"Librairie 7L","description":"Librairie fond\u00e9e en 1999 par Karl Lagerfeld \u00e0 Paris","publisher":{"@id":"https:\/\/librairie7l.com\/en\/#organization"},"potentialAction":[{"@type":"SearchAction","target":{"@type":"EntryPoint","urlTemplate":"https:\/\/librairie7l.com\/en\/?s={search_term_string}"},"query-input":"required name=search_term_string"}],"inLanguage":"en-US"},{"@type":"Organization","@id":"https:\/\/librairie7l.com\/en\/#organization","name":"Librairie 7L","url":"https:\/\/librairie7l.com\/en\/","logo":{"@type":"ImageObject","inLanguage":"en-US","@id":"https:\/\/librairie7l.com\/en\/#\/schema\/logo\/image\/","url":"https:\/\/librairie7l.com\/wp-content\/uploads\/2022\/08\/logo-1.png","contentUrl":"https:\/\/librairie7l.com\/wp-content\/uploads\/2022\/08\/logo-1.png","width":227,"height":301,"caption":"Librairie 7L"},"image":{"@id":"https:\/\/librairie7l.com\/en\/#\/schema\/logo\/image\/"}}]}},"_links":{"self":[{"href":"https:\/\/librairie7l.com\/en\/wp-json\/wp\/v2\/product\/39729"}],"collection":[{"href":"https:\/\/librairie7l.com\/en\/wp-json\/wp\/v2\/product"}],"about":[{"href":"https:\/\/librairie7l.com\/en\/wp-json\/wp\/v2\/types\/product"}],"wp:featuredmedia":[{"embeddable":true,"href":"https:\/\/librairie7l.com\/en\/wp-json\/wp\/v2\/media\/39727"}],"wp:attachment":[{"href":"https:\/\/librairie7l.com\/en\/wp-json\/wp\/v2\/media?parent=39729"}],"wp:term":[{"taxonomy":"product_cat","embeddable":true,"href":"https:\/\/librairie7l.com\/en\/wp-json\/wp\/v2\/product_cat?post=39729"},{"taxonomy":"product_tag","embeddable":true,"href":"https:\/\/librairie7l.com\/en\/wp-json\/wp\/v2\/product_tag?post=39729"}],"curies":[{"name":"wp","href":"https:\/\/api.w.org\/{rel}","templated":true}]}}