{"id":39733,"date":"2024-03-13T09:18:16","date_gmt":"2024-03-13T08:18:16","guid":{"rendered":"https:\/\/librairie7l.com\/?post_type=product&#038;p=39733"},"modified":"2026-04-22T13:54:46","modified_gmt":"2026-04-22T11:54:46","slug":"la-france-sous-leurs-yeux-200-regards-de-photographes-sur-les-annees-2020","status":"publish","type":"product","link":"https:\/\/librairie7l.com\/en\/produit\/la-france-sous-leurs-yeux-200-regards-de-photographes-sur-les-annees-2020\/","title":{"rendered":"LA FRANCE SOUS LEURS YEUX : 200 REGARDS DE PHOTOGRAPHES SUR LES ANN\u00c9ES 2020"},"content":{"rendered":"<p>Catalogue de l&#8217;exposition \u00e9v\u00e9nement pr\u00e9sentant les 200 laur\u00e9ats de la grande commande de photojournalisme lanc\u00e9e par l&#8217;\u00c9tat en 2020. 500 photographies couvrant la France m\u00e9tropolitaine et ultramarine et traitant de tous les aspects de la soci\u00e9t\u00e9 en cette p\u00e9riode post-Covid. Travail, pauvret\u00e9, jeunesse, vieillesse, environnement, ruralit\u00e9, sant\u00e9&#8230;<br \/>\nCatalogue de l&#8217;exposition \u00e9v\u00e9nement pr\u00e9sentant les 200 laur\u00e9ats de la grande commande de photojournalisme lanc\u00e9e par l&#8217;\u00c9tat en 2020 pour soutenir la profession de photoreporter. Parmi les expositions d\u00e9volues \u00e0 la France photographi\u00e9e, depuis  La France de Raymond Depardon en 2010 jusqu&#8217;\u00e0  Paysages fran\u00e7ais, une aventure photographique (1984-2017) en 2017, celle-ci a pour ambition d&#8217;\u00eatre un jalon.<\/p>\n<p>On trouvera dans le catalogue 500 photographies repr\u00e9sentant la France m\u00e9tropolitaine et ultramarine et traitant de tous les aspects de la soci\u00e9t\u00e9 en cette p\u00e9riode post-Covid : travail, pauvret\u00e9, jeunesse, vieillesse, environnement, ruralit\u00e9, sant\u00e9&#8230;<br \/>\nL&#8217;ensemble est organis\u00e9 en quatre parties introduites par le texte d&#8217;un auteur invit\u00e9 : Libert\u00e9s (Pierre Haski), \u00c9galit\u00e9s (Judith Rainhorn), Fraternit\u00e9s (Cynthia Fleury), Potentialit\u00e9s (Pierre Charbonnier).<\/p>\n<p>Outre ce portrait du pays et de ses habitants, cet ensemble exceptionnel de photographies illustre la vitalit\u00e9 de la cr\u00e9ation contemporaine dans le champ de la photographie de presse ainsi que la vari\u00e9t\u00e9 des \u00e9critures photo-journalistiques. Si certains laur\u00e9ats ont fait le choix de la captation de l&#8217;instant, voire de l&#8217;\u00e9v\u00e9nement, d&#8217;autres ont opt\u00e9 pour une temporalit\u00e9 moins marqu\u00e9e, revendiquant en ce sens un registre plus m\u00e9taphorique.<\/p>\n<p>Une plong\u00e9e dans la France des ann\u00e9es 2020 qui int\u00e9ressera non seulement les visiteurs de l&#8217;exposition mais \u00e9galement tous ceux que la photographie passionne et qui trouveront dans cet ouvrage des figures reconnues du photojournalisme comme de jeunes talents plus que prometteurs.<\/p>\n","protected":false},"excerpt":{"rendered":"<p>Catalogue de l&#8217;exposition \u00e9v\u00e9nement pr\u00e9sentant les 200 laur\u00e9ats de la grande commande de photojournalisme lanc\u00e9e par l&#8217;\u00c9tat en 2020. 500 photographies couvrant la France m\u00e9tropolitaine et ultramarine et traitant de tous les aspects de la soci\u00e9t\u00e9 en cette p\u00e9riode post-Covid. Travail, pauvret\u00e9, jeunesse, vieillesse, environnement, ruralit\u00e9, sant\u00e9&#8230; Catalogue de l&#8217;exposition \u00e9v\u00e9nement pr\u00e9sentant les 200 laur\u00e9ats [&hellip;]<\/p>\n","protected":false},"featured_media":39731,"template":"","meta":[],"product_cat":[2948,2958],"product_tag":[],"acf":[],"yoast_head":"<!-- This site is optimized with the Yoast SEO plugin v20.11 - https:\/\/yoast.com\/wordpress\/plugins\/seo\/ -->\n<title>La France sous leurs yeux : 200 regards de photographes sur les ann\u00e9es 2020 - Librairie 7L<\/title>\n<meta name=\"robots\" content=\"index, follow, max-snippet:-1, max-image-preview:large, max-video-preview:-1\" \/>\n<link rel=\"canonical\" href=\"https:\/\/librairie7l.com\/en\/produit\/la-france-sous-leurs-yeux-200-regards-de-photographes-sur-les-annees-2020\/\" \/>\n<meta property=\"og:locale\" content=\"en_US\" \/>\n<meta property=\"og:type\" content=\"article\" \/>\n<meta property=\"og:title\" content=\"La France sous leurs yeux : 200 regards de photographes sur les ann\u00e9es 2020 - Librairie 7L\" \/>\n<meta property=\"og:description\" content=\"Catalogue de l&#8217;exposition \u00e9v\u00e9nement pr\u00e9sentant les 200 laur\u00e9ats de la grande commande de photojournalisme lanc\u00e9e par l&#8217;\u00c9tat en 2020. 500 photographies couvrant la France m\u00e9tropolitaine et ultramarine et traitant de tous les aspects de la soci\u00e9t\u00e9 en cette p\u00e9riode post-Covid. Travail, pauvret\u00e9, jeunesse, vieillesse, environnement, ruralit\u00e9, sant\u00e9&#8230; Catalogue de l&#8217;exposition \u00e9v\u00e9nement pr\u00e9sentant les 200 laur\u00e9ats [&hellip;]\" \/>\n<meta property=\"og:url\" content=\"https:\/\/librairie7l.com\/en\/produit\/la-france-sous-leurs-yeux-200-regards-de-photographes-sur-les-annees-2020\/\" \/>\n<meta property=\"og:site_name\" content=\"Librairie 7L\" \/>\n<meta property=\"article:modified_time\" content=\"2026-04-22T11:54:46+00:00\" \/>\n<meta property=\"og:image\" content=\"https:\/\/librairie7l.com\/wp-content\/uploads\/2023\/12\/9782717729603_1_75.jpg\" \/>\n\t<meta property=\"og:image:width\" content=\"600\" \/>\n\t<meta property=\"og:image:height\" content=\"806\" \/>\n\t<meta property=\"og:image:type\" content=\"image\/jpeg\" \/>\n<meta name=\"twitter:card\" content=\"summary_large_image\" \/>\n<meta name=\"twitter:label1\" content=\"Est. reading time\" \/>\n\t<meta name=\"twitter:data1\" content=\"1 minute\" \/>\n<script type=\"application\/ld+json\" class=\"yoast-schema-graph\">{\"@context\":\"https:\/\/schema.org\",\"@graph\":[{\"@type\":\"WebPage\",\"@id\":\"https:\/\/librairie7l.com\/en\/produit\/la-france-sous-leurs-yeux-200-regards-de-photographes-sur-les-annees-2020\/\",\"url\":\"https:\/\/librairie7l.com\/en\/produit\/la-france-sous-leurs-yeux-200-regards-de-photographes-sur-les-annees-2020\/\",\"name\":\"La France sous leurs yeux : 200 regards de photographes sur les ann\u00e9es 2020 - Librairie 7L\",\"isPartOf\":{\"@id\":\"https:\/\/librairie7l.com\/en\/#website\"},\"datePublished\":\"2024-03-13T08:18:16+00:00\",\"dateModified\":\"2026-04-22T11:54:46+00:00\",\"breadcrumb\":{\"@id\":\"https:\/\/librairie7l.com\/en\/produit\/la-france-sous-leurs-yeux-200-regards-de-photographes-sur-les-annees-2020\/#breadcrumb\"},\"inLanguage\":\"en-US\",\"potentialAction\":[{\"@type\":\"ReadAction\",\"target\":[\"https:\/\/librairie7l.com\/en\/produit\/la-france-sous-leurs-yeux-200-regards-de-photographes-sur-les-annees-2020\/\"]}]},{\"@type\":\"BreadcrumbList\",\"@id\":\"https:\/\/librairie7l.com\/en\/produit\/la-france-sous-leurs-yeux-200-regards-de-photographes-sur-les-annees-2020\/#breadcrumb\",\"itemListElement\":[{\"@type\":\"ListItem\",\"position\":1,\"name\":\"Accueil\",\"item\":\"https:\/\/librairie7l.com\/en\/\"},{\"@type\":\"ListItem\",\"position\":2,\"name\":\"Shop\",\"item\":\"https:\/\/librairie7l.com\/en\/shop\/\"},{\"@type\":\"ListItem\",\"position\":3,\"name\":\"LA FRANCE SOUS LEURS YEUX : 200 REGARDS DE PHOTOGRAPHES SUR LES ANN\u00c9ES 2020\"}]},{\"@type\":\"WebSite\",\"@id\":\"https:\/\/librairie7l.com\/en\/#website\",\"url\":\"https:\/\/librairie7l.com\/en\/\",\"name\":\"Librairie 7L\",\"description\":\"Librairie fond\u00e9e en 1999 par Karl Lagerfeld \u00e0 Paris\",\"publisher\":{\"@id\":\"https:\/\/librairie7l.com\/en\/#organization\"},\"potentialAction\":[{\"@type\":\"SearchAction\",\"target\":{\"@type\":\"EntryPoint\",\"urlTemplate\":\"https:\/\/librairie7l.com\/en\/?s={search_term_string}\"},\"query-input\":\"required name=search_term_string\"}],\"inLanguage\":\"en-US\"},{\"@type\":\"Organization\",\"@id\":\"https:\/\/librairie7l.com\/en\/#organization\",\"name\":\"Librairie 7L\",\"url\":\"https:\/\/librairie7l.com\/en\/\",\"logo\":{\"@type\":\"ImageObject\",\"inLanguage\":\"en-US\",\"@id\":\"https:\/\/librairie7l.com\/en\/#\/schema\/logo\/image\/\",\"url\":\"https:\/\/librairie7l.com\/wp-content\/uploads\/2022\/08\/logo-1.png\",\"contentUrl\":\"https:\/\/librairie7l.com\/wp-content\/uploads\/2022\/08\/logo-1.png\",\"width\":227,\"height\":301,\"caption\":\"Librairie 7L\"},\"image\":{\"@id\":\"https:\/\/librairie7l.com\/en\/#\/schema\/logo\/image\/\"}}]}<\/script>\n<!-- \/ Yoast SEO plugin. -->","yoast_head_json":{"title":"La France sous leurs yeux : 200 regards de photographes sur les ann\u00e9es 2020 - Librairie 7L","robots":{"index":"index","follow":"follow","max-snippet":"max-snippet:-1","max-image-preview":"max-image-preview:large","max-video-preview":"max-video-preview:-1"},"canonical":"https:\/\/librairie7l.com\/en\/produit\/la-france-sous-leurs-yeux-200-regards-de-photographes-sur-les-annees-2020\/","og_locale":"en_US","og_type":"article","og_title":"La France sous leurs yeux : 200 regards de photographes sur les ann\u00e9es 2020 - Librairie 7L","og_description":"Catalogue de l&#8217;exposition \u00e9v\u00e9nement pr\u00e9sentant les 200 laur\u00e9ats de la grande commande de photojournalisme lanc\u00e9e par l&#8217;\u00c9tat en 2020. 500 photographies couvrant la France m\u00e9tropolitaine et ultramarine et traitant de tous les aspects de la soci\u00e9t\u00e9 en cette p\u00e9riode post-Covid. Travail, pauvret\u00e9, jeunesse, vieillesse, environnement, ruralit\u00e9, sant\u00e9&#8230; Catalogue de l&#8217;exposition \u00e9v\u00e9nement pr\u00e9sentant les 200 laur\u00e9ats [&hellip;]","og_url":"https:\/\/librairie7l.com\/en\/produit\/la-france-sous-leurs-yeux-200-regards-de-photographes-sur-les-annees-2020\/","og_site_name":"Librairie 7L","article_modified_time":"2026-04-22T11:54:46+00:00","og_image":[{"width":600,"height":806,"url":"https:\/\/librairie7l.com\/wp-content\/uploads\/2023\/12\/9782717729603_1_75.jpg","type":"image\/jpeg"}],"twitter_card":"summary_large_image","twitter_misc":{"Est. reading time":"1 minute"},"schema":{"@context":"https:\/\/schema.org","@graph":[{"@type":"WebPage","@id":"https:\/\/librairie7l.com\/en\/produit\/la-france-sous-leurs-yeux-200-regards-de-photographes-sur-les-annees-2020\/","url":"https:\/\/librairie7l.com\/en\/produit\/la-france-sous-leurs-yeux-200-regards-de-photographes-sur-les-annees-2020\/","name":"La France sous leurs yeux : 200 regards de photographes sur les ann\u00e9es 2020 - Librairie 7L","isPartOf":{"@id":"https:\/\/librairie7l.com\/en\/#website"},"datePublished":"2024-03-13T08:18:16+00:00","dateModified":"2026-04-22T11:54:46+00:00","breadcrumb":{"@id":"https:\/\/librairie7l.com\/en\/produit\/la-france-sous-leurs-yeux-200-regards-de-photographes-sur-les-annees-2020\/#breadcrumb"},"inLanguage":"en-US","potentialAction":[{"@type":"ReadAction","target":["https:\/\/librairie7l.com\/en\/produit\/la-france-sous-leurs-yeux-200-regards-de-photographes-sur-les-annees-2020\/"]}]},{"@type":"BreadcrumbList","@id":"https:\/\/librairie7l.com\/en\/produit\/la-france-sous-leurs-yeux-200-regards-de-photographes-sur-les-annees-2020\/#breadcrumb","itemListElement":[{"@type":"ListItem","position":1,"name":"Accueil","item":"https:\/\/librairie7l.com\/en\/"},{"@type":"ListItem","position":2,"name":"Shop","item":"https:\/\/librairie7l.com\/en\/shop\/"},{"@type":"ListItem","position":3,"name":"LA FRANCE SOUS LEURS YEUX : 200 REGARDS DE PHOTOGRAPHES SUR LES ANN\u00c9ES 2020"}]},{"@type":"WebSite","@id":"https:\/\/librairie7l.com\/en\/#website","url":"https:\/\/librairie7l.com\/en\/","name":"Librairie 7L","description":"Librairie fond\u00e9e en 1999 par Karl Lagerfeld \u00e0 Paris","publisher":{"@id":"https:\/\/librairie7l.com\/en\/#organization"},"potentialAction":[{"@type":"SearchAction","target":{"@type":"EntryPoint","urlTemplate":"https:\/\/librairie7l.com\/en\/?s={search_term_string}"},"query-input":"required name=search_term_string"}],"inLanguage":"en-US"},{"@type":"Organization","@id":"https:\/\/librairie7l.com\/en\/#organization","name":"Librairie 7L","url":"https:\/\/librairie7l.com\/en\/","logo":{"@type":"ImageObject","inLanguage":"en-US","@id":"https:\/\/librairie7l.com\/en\/#\/schema\/logo\/image\/","url":"https:\/\/librairie7l.com\/wp-content\/uploads\/2022\/08\/logo-1.png","contentUrl":"https:\/\/librairie7l.com\/wp-content\/uploads\/2022\/08\/logo-1.png","width":227,"height":301,"caption":"Librairie 7L"},"image":{"@id":"https:\/\/librairie7l.com\/en\/#\/schema\/logo\/image\/"}}]}},"_links":{"self":[{"href":"https:\/\/librairie7l.com\/en\/wp-json\/wp\/v2\/product\/39733"}],"collection":[{"href":"https:\/\/librairie7l.com\/en\/wp-json\/wp\/v2\/product"}],"about":[{"href":"https:\/\/librairie7l.com\/en\/wp-json\/wp\/v2\/types\/product"}],"wp:featuredmedia":[{"embeddable":true,"href":"https:\/\/librairie7l.com\/en\/wp-json\/wp\/v2\/media\/39731"}],"wp:attachment":[{"href":"https:\/\/librairie7l.com\/en\/wp-json\/wp\/v2\/media?parent=39733"}],"wp:term":[{"taxonomy":"product_cat","embeddable":true,"href":"https:\/\/librairie7l.com\/en\/wp-json\/wp\/v2\/product_cat?post=39733"},{"taxonomy":"product_tag","embeddable":true,"href":"https:\/\/librairie7l.com\/en\/wp-json\/wp\/v2\/product_tag?post=39733"}],"curies":[{"name":"wp","href":"https:\/\/api.w.org\/{rel}","templated":true}]}}