{"id":39737,"date":"2024-03-13T09:18:19","date_gmt":"2024-03-13T08:18:19","guid":{"rendered":"https:\/\/librairie7l.com\/?post_type=product&#038;p=39737"},"modified":"2026-04-09T10:18:39","modified_gmt":"2026-04-09T08:18:39","slug":"ingres-et-delacroix-objets-dartistes","status":"publish","type":"product","link":"https:\/\/librairie7l.com\/en\/produit\/ingres-et-delacroix-objets-dartistes\/","title":{"rendered":"INGRES ET DELACROIX : OBJETS D&#8217;ARTISTES"},"content":{"rendered":"<p>Partant de leur rivalit\u00e9 r\u00e9elle ou suppos\u00e9e,<br \/>\nIngres et Delacroix. Objets d&#8217;artistes nous invite \u00e0 entrer dans l&#8217;intimit\u00e9 et le processus cr\u00e9atif de deux des plus grands peintres du XIXe si\u00e8cle fran\u00e7ais en nous pr\u00e9sentant les objets leur ayant appartenu.<br \/>\nJean Auguste Dominique Ingres et Eug\u00e8ne Delacroix symbolisent, peut-\u00eatre malgr\u00e9 eux, un moment embl\u00e9matique dans l&#8217;histoire de l&#8217;art de la premi\u00e8re moiti\u00e9 du XIXe si\u00e8cle, la bataille entre n\u00e9oclassicisme et romantisme. En face \u00e0 face : deux hommes, deux peintres qui ont marqu\u00e9 leur \u00e9poque, deux styles tr\u00e8s diff\u00e9rents. Aujourd&#8217;hui, les deux \u00e9tablissements qui portent leurs noms, le mus\u00e9e national Eug\u00e8ne-Delacroix \u00e0 Paris et le mus\u00e9e Ingres Bourdelle \u00e0 Montauban, r\u00e9interrogent cette confrontation avec un angle original : la pr\u00e9sentation de leurs objets familiers et quotidiens, utiles \u00e0 leur cr\u00e9ation ou t\u00e9moignages de leurs go\u00fbts personnels.<br \/>\n Partant de leur rivalit\u00e9 r\u00e9elle ou suppos\u00e9e,<br \/>\nIngres et Delacroix. Objets d&#8217;artistes explore dans le d\u00e9tail l&#8217;univers des deux peintres. Les objets intimes leur ayant appartenu (objets d\u00e9coratifs ou souvenirs de voyage) joints aux objets de la cr\u00e9ation (palettes, dont celle qu&#8217;aurait utilis\u00e9e Ingres pour<br \/>\nLe Bain turc, pinceaux, bo\u00eetes et meubles \u00e0 peinture&#8230;) sont mis en regard avec des vues d&#8217;ateliers ou encore des tableaux repr\u00e9sentatifs de leur art. Sont \u00e9galement pr\u00e9sent\u00e9s diff\u00e9rents portraits des deux hommes, images d&#8217;apparat mises en sc\u00e8ne pour les glorifier ou caricatures illustrant leur affrontement, ainsi que leurs m\u00e9dailles et d\u00e9corations et divers documents r\u00e9v\u00e9lant leurs go\u00fbts artistiques et leurs aspirations.<br \/>\n Tous ces objets nous parlent d&#8217;une autre mani\u00e8re des deux artistes, montrant leurs diff\u00e9rences mais induisant aussi des rapprochements inattendus. Son violon est pass\u00e9 \u00e0 la post\u00e9rit\u00e9 mais on sait moins qu&#8217;Ingres aimait \u00e0 s&#8217;entourer de moulages d&#8217;antiques ou de vases grecs et vouait un v\u00e9ritable culte \u00e0 Rapha\u00ebl. Delacroix avait conserv\u00e9 des objets (armes, c\u00e9ramiques de F\u00e8s, instruments de musique&#8230;) rapport\u00e9s de son voyage au Maroc et aimait par ailleurs les bibelots animaliers, orn\u00e9s de poissons ou de serpents. Si ces objets nous am\u00e8nent \u00e0 nous interroger sur les liens entre la vie des artistes et leur oeuvre, ils nous permettent \u00e9galement d&#8217;entrer dans l&#8217;intimit\u00e9 et dans le processus cr\u00e9atif de deux des plus grands peintres du XIXe si\u00e8cle fran\u00e7ais.<\/p>\n<p> Exposition au mus\u00e9e national Eug\u00e8ne-Delacroix (20 mars &#8211; 10 juin 2024) et au mus\u00e9e Ingres Bourdelle de Montauban (12 juillet &#8211; 10 novembre 2024)<\/p>\n","protected":false},"excerpt":{"rendered":"<p>Partant de leur rivalit\u00e9 r\u00e9elle ou suppos\u00e9e, Ingres et Delacroix. Objets d&#8217;artistes nous invite \u00e0 entrer dans l&#8217;intimit\u00e9 et le processus cr\u00e9atif de deux des plus grands peintres du XIXe si\u00e8cle fran\u00e7ais en nous pr\u00e9sentant les objets leur ayant appartenu. Jean Auguste Dominique Ingres et Eug\u00e8ne Delacroix symbolisent, peut-\u00eatre malgr\u00e9 eux, un moment embl\u00e9matique dans [&hellip;]<\/p>\n","protected":false},"featured_media":39735,"template":"","meta":[],"product_cat":[2948,2953],"product_tag":[],"acf":[],"yoast_head":"<!-- This site is optimized with the Yoast SEO plugin v20.11 - https:\/\/yoast.com\/wordpress\/plugins\/seo\/ -->\n<title>Ingres et Delacroix : Objets d&#039;artistes - Librairie 7L<\/title>\n<meta name=\"robots\" content=\"index, follow, max-snippet:-1, max-image-preview:large, max-video-preview:-1\" \/>\n<link rel=\"canonical\" href=\"https:\/\/librairie7l.com\/en\/produit\/ingres-et-delacroix-objets-dartistes\/\" \/>\n<meta property=\"og:locale\" content=\"en_US\" \/>\n<meta property=\"og:type\" content=\"article\" \/>\n<meta property=\"og:title\" content=\"Ingres et Delacroix : Objets d&#039;artistes - Librairie 7L\" \/>\n<meta property=\"og:description\" content=\"Partant de leur rivalit\u00e9 r\u00e9elle ou suppos\u00e9e, Ingres et Delacroix. Objets d&#8217;artistes nous invite \u00e0 entrer dans l&#8217;intimit\u00e9 et le processus cr\u00e9atif de deux des plus grands peintres du XIXe si\u00e8cle fran\u00e7ais en nous pr\u00e9sentant les objets leur ayant appartenu. Jean Auguste Dominique Ingres et Eug\u00e8ne Delacroix symbolisent, peut-\u00eatre malgr\u00e9 eux, un moment embl\u00e9matique dans [&hellip;]\" \/>\n<meta property=\"og:url\" content=\"https:\/\/librairie7l.com\/en\/produit\/ingres-et-delacroix-objets-dartistes\/\" \/>\n<meta property=\"og:site_name\" content=\"Librairie 7L\" \/>\n<meta property=\"article:modified_time\" content=\"2026-04-09T08:18:39+00:00\" \/>\n<meta property=\"og:image\" content=\"https:\/\/librairie7l.com\/wp-content\/uploads\/2023\/12\/9782847425130_1_75.jpg\" \/>\n\t<meta property=\"og:image:width\" content=\"600\" \/>\n\t<meta property=\"og:image:height\" content=\"753\" \/>\n\t<meta property=\"og:image:type\" content=\"image\/jpeg\" \/>\n<meta name=\"twitter:card\" content=\"summary_large_image\" \/>\n<meta name=\"twitter:label1\" content=\"Est. reading time\" \/>\n\t<meta name=\"twitter:data1\" content=\"2 minutes\" \/>\n<script type=\"application\/ld+json\" class=\"yoast-schema-graph\">{\"@context\":\"https:\/\/schema.org\",\"@graph\":[{\"@type\":\"WebPage\",\"@id\":\"https:\/\/librairie7l.com\/en\/produit\/ingres-et-delacroix-objets-dartistes\/\",\"url\":\"https:\/\/librairie7l.com\/en\/produit\/ingres-et-delacroix-objets-dartistes\/\",\"name\":\"Ingres et Delacroix : Objets d'artistes - Librairie 7L\",\"isPartOf\":{\"@id\":\"https:\/\/librairie7l.com\/en\/#website\"},\"datePublished\":\"2024-03-13T08:18:19+00:00\",\"dateModified\":\"2026-04-09T08:18:39+00:00\",\"breadcrumb\":{\"@id\":\"https:\/\/librairie7l.com\/en\/produit\/ingres-et-delacroix-objets-dartistes\/#breadcrumb\"},\"inLanguage\":\"en-US\",\"potentialAction\":[{\"@type\":\"ReadAction\",\"target\":[\"https:\/\/librairie7l.com\/en\/produit\/ingres-et-delacroix-objets-dartistes\/\"]}]},{\"@type\":\"BreadcrumbList\",\"@id\":\"https:\/\/librairie7l.com\/en\/produit\/ingres-et-delacroix-objets-dartistes\/#breadcrumb\",\"itemListElement\":[{\"@type\":\"ListItem\",\"position\":1,\"name\":\"Accueil\",\"item\":\"https:\/\/librairie7l.com\/en\/\"},{\"@type\":\"ListItem\",\"position\":2,\"name\":\"Shop\",\"item\":\"https:\/\/librairie7l.com\/en\/shop\/\"},{\"@type\":\"ListItem\",\"position\":3,\"name\":\"INGRES ET DELACROIX : OBJETS D&#8217;ARTISTES\"}]},{\"@type\":\"WebSite\",\"@id\":\"https:\/\/librairie7l.com\/en\/#website\",\"url\":\"https:\/\/librairie7l.com\/en\/\",\"name\":\"Librairie 7L\",\"description\":\"Librairie fond\u00e9e en 1999 par Karl Lagerfeld \u00e0 Paris\",\"publisher\":{\"@id\":\"https:\/\/librairie7l.com\/en\/#organization\"},\"potentialAction\":[{\"@type\":\"SearchAction\",\"target\":{\"@type\":\"EntryPoint\",\"urlTemplate\":\"https:\/\/librairie7l.com\/en\/?s={search_term_string}\"},\"query-input\":\"required name=search_term_string\"}],\"inLanguage\":\"en-US\"},{\"@type\":\"Organization\",\"@id\":\"https:\/\/librairie7l.com\/en\/#organization\",\"name\":\"Librairie 7L\",\"url\":\"https:\/\/librairie7l.com\/en\/\",\"logo\":{\"@type\":\"ImageObject\",\"inLanguage\":\"en-US\",\"@id\":\"https:\/\/librairie7l.com\/en\/#\/schema\/logo\/image\/\",\"url\":\"https:\/\/librairie7l.com\/wp-content\/uploads\/2022\/08\/logo-1.png\",\"contentUrl\":\"https:\/\/librairie7l.com\/wp-content\/uploads\/2022\/08\/logo-1.png\",\"width\":227,\"height\":301,\"caption\":\"Librairie 7L\"},\"image\":{\"@id\":\"https:\/\/librairie7l.com\/en\/#\/schema\/logo\/image\/\"}}]}<\/script>\n<!-- \/ Yoast SEO plugin. -->","yoast_head_json":{"title":"Ingres et Delacroix : Objets d'artistes - Librairie 7L","robots":{"index":"index","follow":"follow","max-snippet":"max-snippet:-1","max-image-preview":"max-image-preview:large","max-video-preview":"max-video-preview:-1"},"canonical":"https:\/\/librairie7l.com\/en\/produit\/ingres-et-delacroix-objets-dartistes\/","og_locale":"en_US","og_type":"article","og_title":"Ingres et Delacroix : Objets d'artistes - Librairie 7L","og_description":"Partant de leur rivalit\u00e9 r\u00e9elle ou suppos\u00e9e, Ingres et Delacroix. Objets d&#8217;artistes nous invite \u00e0 entrer dans l&#8217;intimit\u00e9 et le processus cr\u00e9atif de deux des plus grands peintres du XIXe si\u00e8cle fran\u00e7ais en nous pr\u00e9sentant les objets leur ayant appartenu. Jean Auguste Dominique Ingres et Eug\u00e8ne Delacroix symbolisent, peut-\u00eatre malgr\u00e9 eux, un moment embl\u00e9matique dans [&hellip;]","og_url":"https:\/\/librairie7l.com\/en\/produit\/ingres-et-delacroix-objets-dartistes\/","og_site_name":"Librairie 7L","article_modified_time":"2026-04-09T08:18:39+00:00","og_image":[{"width":600,"height":753,"url":"https:\/\/librairie7l.com\/wp-content\/uploads\/2023\/12\/9782847425130_1_75.jpg","type":"image\/jpeg"}],"twitter_card":"summary_large_image","twitter_misc":{"Est. reading time":"2 minutes"},"schema":{"@context":"https:\/\/schema.org","@graph":[{"@type":"WebPage","@id":"https:\/\/librairie7l.com\/en\/produit\/ingres-et-delacroix-objets-dartistes\/","url":"https:\/\/librairie7l.com\/en\/produit\/ingres-et-delacroix-objets-dartistes\/","name":"Ingres et Delacroix : Objets d'artistes - Librairie 7L","isPartOf":{"@id":"https:\/\/librairie7l.com\/en\/#website"},"datePublished":"2024-03-13T08:18:19+00:00","dateModified":"2026-04-09T08:18:39+00:00","breadcrumb":{"@id":"https:\/\/librairie7l.com\/en\/produit\/ingres-et-delacroix-objets-dartistes\/#breadcrumb"},"inLanguage":"en-US","potentialAction":[{"@type":"ReadAction","target":["https:\/\/librairie7l.com\/en\/produit\/ingres-et-delacroix-objets-dartistes\/"]}]},{"@type":"BreadcrumbList","@id":"https:\/\/librairie7l.com\/en\/produit\/ingres-et-delacroix-objets-dartistes\/#breadcrumb","itemListElement":[{"@type":"ListItem","position":1,"name":"Accueil","item":"https:\/\/librairie7l.com\/en\/"},{"@type":"ListItem","position":2,"name":"Shop","item":"https:\/\/librairie7l.com\/en\/shop\/"},{"@type":"ListItem","position":3,"name":"INGRES ET DELACROIX : OBJETS D&#8217;ARTISTES"}]},{"@type":"WebSite","@id":"https:\/\/librairie7l.com\/en\/#website","url":"https:\/\/librairie7l.com\/en\/","name":"Librairie 7L","description":"Librairie fond\u00e9e en 1999 par Karl Lagerfeld \u00e0 Paris","publisher":{"@id":"https:\/\/librairie7l.com\/en\/#organization"},"potentialAction":[{"@type":"SearchAction","target":{"@type":"EntryPoint","urlTemplate":"https:\/\/librairie7l.com\/en\/?s={search_term_string}"},"query-input":"required name=search_term_string"}],"inLanguage":"en-US"},{"@type":"Organization","@id":"https:\/\/librairie7l.com\/en\/#organization","name":"Librairie 7L","url":"https:\/\/librairie7l.com\/en\/","logo":{"@type":"ImageObject","inLanguage":"en-US","@id":"https:\/\/librairie7l.com\/en\/#\/schema\/logo\/image\/","url":"https:\/\/librairie7l.com\/wp-content\/uploads\/2022\/08\/logo-1.png","contentUrl":"https:\/\/librairie7l.com\/wp-content\/uploads\/2022\/08\/logo-1.png","width":227,"height":301,"caption":"Librairie 7L"},"image":{"@id":"https:\/\/librairie7l.com\/en\/#\/schema\/logo\/image\/"}}]}},"_links":{"self":[{"href":"https:\/\/librairie7l.com\/en\/wp-json\/wp\/v2\/product\/39737"}],"collection":[{"href":"https:\/\/librairie7l.com\/en\/wp-json\/wp\/v2\/product"}],"about":[{"href":"https:\/\/librairie7l.com\/en\/wp-json\/wp\/v2\/types\/product"}],"wp:featuredmedia":[{"embeddable":true,"href":"https:\/\/librairie7l.com\/en\/wp-json\/wp\/v2\/media\/39735"}],"wp:attachment":[{"href":"https:\/\/librairie7l.com\/en\/wp-json\/wp\/v2\/media?parent=39737"}],"wp:term":[{"taxonomy":"product_cat","embeddable":true,"href":"https:\/\/librairie7l.com\/en\/wp-json\/wp\/v2\/product_cat?post=39737"},{"taxonomy":"product_tag","embeddable":true,"href":"https:\/\/librairie7l.com\/en\/wp-json\/wp\/v2\/product_tag?post=39737"}],"curies":[{"name":"wp","href":"https:\/\/api.w.org\/{rel}","templated":true}]}}