{"id":39769,"date":"2024-03-13T09:18:50","date_gmt":"2024-03-13T08:18:50","guid":{"rendered":"https:\/\/librairie7l.com\/?post_type=product&#038;p=39769"},"modified":"2026-04-09T12:07:07","modified_gmt":"2026-04-09T10:07:07","slug":"kandinsky-lenigme-du-premier-tableau-abstrait","status":"publish","type":"product","link":"https:\/\/librairie7l.com\/en\/produit\/kandinsky-lenigme-du-premier-tableau-abstrait\/","title":{"rendered":"KANDINSKY L&#8217;\u00c9NIGME DU PREMIER TABLEAU ABSTRAIT"},"content":{"rendered":"<p>Peint \u00e0 Munich en 1911, le Tableau avec cercle est le premier tableau abstrait de Kandinsky et non moins dans l&#8217;histoire de l&#8217;art moderne. Pourtant cette oeuvre fut de longues d\u00e9cennies durant une \u00e9nigme pour l&#8217;histoire de l&#8217;art et de m\u00eame que pour l&#8217;artiste \u00e0 qui la r\u00e9alisation de cette peinture a pos\u00e9 des probl\u00e8mes complexes. Laiss\u00e9e \u00ab en d\u00e9p\u00f4t \u00bb \u00e0 Moscou en d\u00e9cembre 1921 lors du d\u00e9part de Kandinsky pour Berlin, l&#8217;oeuvre dispara\u00eet par la suite dans les oubliettes de l&#8217;histoire. Kandinsky n&#8217;arrive m\u00eame pas \u00e0 obtenir une photographie de cette peinture de la part de la Russie et qui de cette fa\u00e7on est r\u00e9duite au silence. En raison de la censure culturelle exerc\u00e9e par le r\u00e9gime sovi\u00e9tique, elle dispara\u00eet de l&#8217;horizon et de l&#8217;histoire. \u00c0 la fin des ann\u00e9es soixante-dix, bien apr\u00e8s la mort de l&#8217;artiste, elle est red\u00e9couverte en URSS et pr\u00e9sent\u00e9e en public qu&#8217;en 1989. Pourtant, \u00e0 ce jour, cette oeuvre capitale dans l&#8217;histoire de l&#8217;art moderne, n&#8217;a pas b\u00e9n\u00e9fici\u00e9 d&#8217;une \u00e9tude exhaustive et de ce fait, n&#8217;occupe pas la place qui lui revient dans notre Panth\u00e9on culturel. Au del\u00e0 d&#8217;une interpr\u00e9tation novatrice, ce livre d\u00e9voile les multiples niveaux de censure dont la premi\u00e8re abstraction a souffert \u00e0 l&#8217;\u00e9poque de sa cr\u00e9ation et souffre probablement encore. Tableau avec cercle est interpr\u00e9t\u00e9 par Andr\u00e9i Nakov avec un regard neuf et \u00e0 l&#8217;aide de documents in\u00e9dits concernant les circonstances de sa r\u00e9alisation de m\u00eame que ses sources culturelles. r\u00e9sultat d&#8217;une recherche autant exhaustive qu&#8217;exemplaire, ce texte permet d&#8217;appr\u00e9hender le contexte culturel de l&#8217;\u00e9poque et d&#8217;acc\u00e9der \u00e0 l&#8217;essence de l&#8217;esth\u00e9tique kandinskienne.<\/p>\n","protected":false},"excerpt":{"rendered":"<p>Peint \u00e0 Munich en 1911, le Tableau avec cercle est le premier tableau abstrait de Kandinsky et non moins dans l&#8217;histoire de l&#8217;art moderne. Pourtant cette oeuvre fut de longues d\u00e9cennies durant une \u00e9nigme pour l&#8217;histoire de l&#8217;art et de m\u00eame que pour l&#8217;artiste \u00e0 qui la r\u00e9alisation de cette peinture a pos\u00e9 des probl\u00e8mes [&hellip;]<\/p>\n","protected":false},"featured_media":39767,"template":"","meta":[],"product_cat":[2948,2953],"product_tag":[],"acf":[],"yoast_head":"<!-- This site is optimized with the Yoast SEO plugin v20.11 - https:\/\/yoast.com\/wordpress\/plugins\/seo\/ -->\n<title>Kandinsky l&#039;\u00e9nigme du premier tableau abstrait - Librairie 7L<\/title>\n<meta name=\"robots\" content=\"index, follow, max-snippet:-1, max-image-preview:large, max-video-preview:-1\" \/>\n<link rel=\"canonical\" href=\"https:\/\/librairie7l.com\/en\/produit\/kandinsky-lenigme-du-premier-tableau-abstrait\/\" \/>\n<meta property=\"og:locale\" content=\"en_US\" \/>\n<meta property=\"og:type\" content=\"article\" \/>\n<meta property=\"og:title\" content=\"Kandinsky l&#039;\u00e9nigme du premier tableau abstrait - Librairie 7L\" \/>\n<meta property=\"og:description\" content=\"Peint \u00e0 Munich en 1911, le Tableau avec cercle est le premier tableau abstrait de Kandinsky et non moins dans l&#8217;histoire de l&#8217;art moderne. Pourtant cette oeuvre fut de longues d\u00e9cennies durant une \u00e9nigme pour l&#8217;histoire de l&#8217;art et de m\u00eame que pour l&#8217;artiste \u00e0 qui la r\u00e9alisation de cette peinture a pos\u00e9 des probl\u00e8mes [&hellip;]\" \/>\n<meta property=\"og:url\" content=\"https:\/\/librairie7l.com\/en\/produit\/kandinsky-lenigme-du-premier-tableau-abstrait\/\" \/>\n<meta property=\"og:site_name\" content=\"Librairie 7L\" \/>\n<meta property=\"article:modified_time\" content=\"2026-04-09T10:07:07+00:00\" \/>\n<meta property=\"og:image\" content=\"https:\/\/librairie7l.com\/wp-content\/uploads\/2023\/04\/9791094886410_1_75.jpg\" \/>\n\t<meta property=\"og:image:width\" content=\"400\" \/>\n\t<meta property=\"og:image:height\" content=\"565\" \/>\n\t<meta property=\"og:image:type\" content=\"image\/jpeg\" \/>\n<meta name=\"twitter:card\" content=\"summary_large_image\" \/>\n<meta name=\"twitter:label1\" content=\"Est. reading time\" \/>\n\t<meta name=\"twitter:data1\" content=\"1 minute\" \/>\n<script type=\"application\/ld+json\" class=\"yoast-schema-graph\">{\"@context\":\"https:\/\/schema.org\",\"@graph\":[{\"@type\":\"WebPage\",\"@id\":\"https:\/\/librairie7l.com\/en\/produit\/kandinsky-lenigme-du-premier-tableau-abstrait\/\",\"url\":\"https:\/\/librairie7l.com\/en\/produit\/kandinsky-lenigme-du-premier-tableau-abstrait\/\",\"name\":\"Kandinsky l'\u00e9nigme du premier tableau abstrait - Librairie 7L\",\"isPartOf\":{\"@id\":\"https:\/\/librairie7l.com\/en\/#website\"},\"datePublished\":\"2024-03-13T08:18:50+00:00\",\"dateModified\":\"2026-04-09T10:07:07+00:00\",\"breadcrumb\":{\"@id\":\"https:\/\/librairie7l.com\/en\/produit\/kandinsky-lenigme-du-premier-tableau-abstrait\/#breadcrumb\"},\"inLanguage\":\"en-US\",\"potentialAction\":[{\"@type\":\"ReadAction\",\"target\":[\"https:\/\/librairie7l.com\/en\/produit\/kandinsky-lenigme-du-premier-tableau-abstrait\/\"]}]},{\"@type\":\"BreadcrumbList\",\"@id\":\"https:\/\/librairie7l.com\/en\/produit\/kandinsky-lenigme-du-premier-tableau-abstrait\/#breadcrumb\",\"itemListElement\":[{\"@type\":\"ListItem\",\"position\":1,\"name\":\"Accueil\",\"item\":\"https:\/\/librairie7l.com\/en\/\"},{\"@type\":\"ListItem\",\"position\":2,\"name\":\"Shop\",\"item\":\"https:\/\/librairie7l.com\/en\/shop\/\"},{\"@type\":\"ListItem\",\"position\":3,\"name\":\"KANDINSKY L&#8217;\u00c9NIGME DU PREMIER TABLEAU ABSTRAIT\"}]},{\"@type\":\"WebSite\",\"@id\":\"https:\/\/librairie7l.com\/en\/#website\",\"url\":\"https:\/\/librairie7l.com\/en\/\",\"name\":\"Librairie 7L\",\"description\":\"Librairie fond\u00e9e en 1999 par Karl Lagerfeld \u00e0 Paris\",\"publisher\":{\"@id\":\"https:\/\/librairie7l.com\/en\/#organization\"},\"potentialAction\":[{\"@type\":\"SearchAction\",\"target\":{\"@type\":\"EntryPoint\",\"urlTemplate\":\"https:\/\/librairie7l.com\/en\/?s={search_term_string}\"},\"query-input\":\"required name=search_term_string\"}],\"inLanguage\":\"en-US\"},{\"@type\":\"Organization\",\"@id\":\"https:\/\/librairie7l.com\/en\/#organization\",\"name\":\"Librairie 7L\",\"url\":\"https:\/\/librairie7l.com\/en\/\",\"logo\":{\"@type\":\"ImageObject\",\"inLanguage\":\"en-US\",\"@id\":\"https:\/\/librairie7l.com\/en\/#\/schema\/logo\/image\/\",\"url\":\"https:\/\/librairie7l.com\/wp-content\/uploads\/2022\/08\/logo-1.png\",\"contentUrl\":\"https:\/\/librairie7l.com\/wp-content\/uploads\/2022\/08\/logo-1.png\",\"width\":227,\"height\":301,\"caption\":\"Librairie 7L\"},\"image\":{\"@id\":\"https:\/\/librairie7l.com\/en\/#\/schema\/logo\/image\/\"}}]}<\/script>\n<!-- \/ Yoast SEO plugin. -->","yoast_head_json":{"title":"Kandinsky l'\u00e9nigme du premier tableau abstrait - Librairie 7L","robots":{"index":"index","follow":"follow","max-snippet":"max-snippet:-1","max-image-preview":"max-image-preview:large","max-video-preview":"max-video-preview:-1"},"canonical":"https:\/\/librairie7l.com\/en\/produit\/kandinsky-lenigme-du-premier-tableau-abstrait\/","og_locale":"en_US","og_type":"article","og_title":"Kandinsky l'\u00e9nigme du premier tableau abstrait - Librairie 7L","og_description":"Peint \u00e0 Munich en 1911, le Tableau avec cercle est le premier tableau abstrait de Kandinsky et non moins dans l&#8217;histoire de l&#8217;art moderne. Pourtant cette oeuvre fut de longues d\u00e9cennies durant une \u00e9nigme pour l&#8217;histoire de l&#8217;art et de m\u00eame que pour l&#8217;artiste \u00e0 qui la r\u00e9alisation de cette peinture a pos\u00e9 des probl\u00e8mes [&hellip;]","og_url":"https:\/\/librairie7l.com\/en\/produit\/kandinsky-lenigme-du-premier-tableau-abstrait\/","og_site_name":"Librairie 7L","article_modified_time":"2026-04-09T10:07:07+00:00","og_image":[{"width":400,"height":565,"url":"https:\/\/librairie7l.com\/wp-content\/uploads\/2023\/04\/9791094886410_1_75.jpg","type":"image\/jpeg"}],"twitter_card":"summary_large_image","twitter_misc":{"Est. reading time":"1 minute"},"schema":{"@context":"https:\/\/schema.org","@graph":[{"@type":"WebPage","@id":"https:\/\/librairie7l.com\/en\/produit\/kandinsky-lenigme-du-premier-tableau-abstrait\/","url":"https:\/\/librairie7l.com\/en\/produit\/kandinsky-lenigme-du-premier-tableau-abstrait\/","name":"Kandinsky l'\u00e9nigme du premier tableau abstrait - Librairie 7L","isPartOf":{"@id":"https:\/\/librairie7l.com\/en\/#website"},"datePublished":"2024-03-13T08:18:50+00:00","dateModified":"2026-04-09T10:07:07+00:00","breadcrumb":{"@id":"https:\/\/librairie7l.com\/en\/produit\/kandinsky-lenigme-du-premier-tableau-abstrait\/#breadcrumb"},"inLanguage":"en-US","potentialAction":[{"@type":"ReadAction","target":["https:\/\/librairie7l.com\/en\/produit\/kandinsky-lenigme-du-premier-tableau-abstrait\/"]}]},{"@type":"BreadcrumbList","@id":"https:\/\/librairie7l.com\/en\/produit\/kandinsky-lenigme-du-premier-tableau-abstrait\/#breadcrumb","itemListElement":[{"@type":"ListItem","position":1,"name":"Accueil","item":"https:\/\/librairie7l.com\/en\/"},{"@type":"ListItem","position":2,"name":"Shop","item":"https:\/\/librairie7l.com\/en\/shop\/"},{"@type":"ListItem","position":3,"name":"KANDINSKY L&#8217;\u00c9NIGME DU PREMIER TABLEAU ABSTRAIT"}]},{"@type":"WebSite","@id":"https:\/\/librairie7l.com\/en\/#website","url":"https:\/\/librairie7l.com\/en\/","name":"Librairie 7L","description":"Librairie fond\u00e9e en 1999 par Karl Lagerfeld \u00e0 Paris","publisher":{"@id":"https:\/\/librairie7l.com\/en\/#organization"},"potentialAction":[{"@type":"SearchAction","target":{"@type":"EntryPoint","urlTemplate":"https:\/\/librairie7l.com\/en\/?s={search_term_string}"},"query-input":"required name=search_term_string"}],"inLanguage":"en-US"},{"@type":"Organization","@id":"https:\/\/librairie7l.com\/en\/#organization","name":"Librairie 7L","url":"https:\/\/librairie7l.com\/en\/","logo":{"@type":"ImageObject","inLanguage":"en-US","@id":"https:\/\/librairie7l.com\/en\/#\/schema\/logo\/image\/","url":"https:\/\/librairie7l.com\/wp-content\/uploads\/2022\/08\/logo-1.png","contentUrl":"https:\/\/librairie7l.com\/wp-content\/uploads\/2022\/08\/logo-1.png","width":227,"height":301,"caption":"Librairie 7L"},"image":{"@id":"https:\/\/librairie7l.com\/en\/#\/schema\/logo\/image\/"}}]}},"_links":{"self":[{"href":"https:\/\/librairie7l.com\/en\/wp-json\/wp\/v2\/product\/39769"}],"collection":[{"href":"https:\/\/librairie7l.com\/en\/wp-json\/wp\/v2\/product"}],"about":[{"href":"https:\/\/librairie7l.com\/en\/wp-json\/wp\/v2\/types\/product"}],"wp:featuredmedia":[{"embeddable":true,"href":"https:\/\/librairie7l.com\/en\/wp-json\/wp\/v2\/media\/39767"}],"wp:attachment":[{"href":"https:\/\/librairie7l.com\/en\/wp-json\/wp\/v2\/media?parent=39769"}],"wp:term":[{"taxonomy":"product_cat","embeddable":true,"href":"https:\/\/librairie7l.com\/en\/wp-json\/wp\/v2\/product_cat?post=39769"},{"taxonomy":"product_tag","embeddable":true,"href":"https:\/\/librairie7l.com\/en\/wp-json\/wp\/v2\/product_tag?post=39769"}],"curies":[{"name":"wp","href":"https:\/\/api.w.org\/{rel}","templated":true}]}}