{"id":39773,"date":"2024-06-26T12:11:44","date_gmt":"2024-06-26T10:11:44","guid":{"rendered":"https:\/\/librairie7l.com\/?post_type=product&#038;p=39773"},"modified":"2026-04-15T18:29:38","modified_gmt":"2026-04-15T16:29:38","slug":"icones-de-lart-moderne-la-collection-chtchoukine","status":"publish","type":"product","link":"https:\/\/librairie7l.com\/en\/produit\/icones-de-lart-moderne-la-collection-chtchoukine\/","title":{"rendered":"IC\u00d4NES DE L&#8217;ART MODERNE ; LA COLLECTION CHTCHOUKINE"},"content":{"rendered":"<p>Le 21 octobre 2016 s&#8217;ouvrait \u00e0 la Fondation Louis Vuitton de Paris \u00ab Ic\u00f4nes de l&#8217;art moderne. la collection Chtchoukine \u00bb, une exposition destin\u00e9e \u00e0 marquer les esprits des visiteurs fran\u00e7ais et de ceux venus du monde entier pour admirer cet ensemble d&#8217;oeuvres unique. \u00c0 la veille de cette manifestation, le nom de Sergue\u00ef Chtchoukine n&#8217;\u00e9voquait pas grand chose au grand public. Cet incroyable personnage, marchant de tissus et collectionneur \u00e9clair\u00e9, avait r\u00e9uni entre la fin du xixe si\u00e8cle et 1917 un ensemble exceptionnel d&#8217;oeuvres des plus grands artistes de l&#8217;\u00e9poque.<br \/>\nConfisqu\u00e9e par les r\u00e9volutionnairs, et conserv\u00e9e depuis l&#8217;apr\u00e8s-guerre au mus\u00e9e de l&#8217;Ermitage \u00e0 Saint-P\u00e9tersbourg, et au Mus\u00e9e Pouchkine \u00e0 Moscou, la collection a \u00e9t\u00e9 enfin r\u00e9unie et pr\u00e9sent\u00e9e au grand public lors de cette exposition unique. Il a fallu toutes les \u00e9nergies d&#8217;Anne Baldassari et de la Fondation Louis Vuitton pour convaincre l&#8217;\u00c9tat Russe \u00e0 pr\u00eater ces chefs-d&#8217;oeuvre qui font d\u00e9sormais partie du patrimoine de l&#8217;humanit\u00e9.<br \/>\nUne manifestation qui a attir\u00e9 plus d&#8217;un million de visiteurs et dont le catalogue a \u00e9t\u00e9 un \u00e9norme succ\u00e8s \u00e0 la Fondation comme en librairie. Cet ouvrage imposant, malgr\u00e9 les nombreuses r\u00e9impressions, est aujourd&#8217;hui \u00e9puis\u00e9.<br \/>\nPour prolonger ce grand \u00e9v\u00e9nement, la Fondation Louis Vuitton et les \u00c9ditions Gallimard s&#8217;associent de nouveau et publient une nouvelle \u00e9dition de ce catalogue devenu d\u00e9sormais un livre de r\u00e9f\u00e9rence. De plus, un cahier richement illustr\u00e9 d&#8217;images en couleurs de l&#8217;accrochage de l&#8217;exposition, souvenir imp\u00e9rissable de cette manifestation majeure, vient enrichir le contenu et met physiquement en sc\u00e8ne la passion pour l&#8217;art de Sergue\u00ef Chtchoukine.<\/p>\n","protected":false},"excerpt":{"rendered":"<p>Le 21 octobre 2016 s&#8217;ouvrait \u00e0 la Fondation Louis Vuitton de Paris \u00ab Ic\u00f4nes de l&#8217;art moderne. la collection Chtchoukine \u00bb, une exposition destin\u00e9e \u00e0 marquer les esprits des visiteurs fran\u00e7ais et de ceux venus du monde entier pour admirer cet ensemble d&#8217;oeuvres unique. \u00c0 la veille de cette manifestation, le nom de Sergue\u00ef Chtchoukine [&hellip;]<\/p>\n","protected":false},"featured_media":39771,"template":"","meta":[],"product_cat":[2948,2953],"product_tag":[],"acf":[],"yoast_head":"<!-- This site is optimized with the Yoast SEO plugin v20.11 - https:\/\/yoast.com\/wordpress\/plugins\/seo\/ -->\n<title>Ic\u00f4nes de l&#039;Art moderne ; la collection Chtchoukine - Librairie 7L<\/title>\n<meta name=\"robots\" content=\"index, follow, max-snippet:-1, max-image-preview:large, max-video-preview:-1\" \/>\n<link rel=\"canonical\" href=\"https:\/\/librairie7l.com\/en\/produit\/icones-de-lart-moderne-la-collection-chtchoukine\/\" \/>\n<meta property=\"og:locale\" content=\"en_US\" \/>\n<meta property=\"og:type\" content=\"article\" \/>\n<meta property=\"og:title\" content=\"Ic\u00f4nes de l&#039;Art moderne ; la collection Chtchoukine - Librairie 7L\" \/>\n<meta property=\"og:description\" content=\"Le 21 octobre 2016 s&#8217;ouvrait \u00e0 la Fondation Louis Vuitton de Paris \u00ab Ic\u00f4nes de l&#8217;art moderne. la collection Chtchoukine \u00bb, une exposition destin\u00e9e \u00e0 marquer les esprits des visiteurs fran\u00e7ais et de ceux venus du monde entier pour admirer cet ensemble d&#8217;oeuvres unique. \u00c0 la veille de cette manifestation, le nom de Sergue\u00ef Chtchoukine [&hellip;]\" \/>\n<meta property=\"og:url\" content=\"https:\/\/librairie7l.com\/en\/produit\/icones-de-lart-moderne-la-collection-chtchoukine\/\" \/>\n<meta property=\"og:site_name\" content=\"Librairie 7L\" \/>\n<meta property=\"article:modified_time\" content=\"2026-04-15T16:29:38+00:00\" \/>\n<meta property=\"og:image\" content=\"https:\/\/librairie7l.com\/wp-content\/uploads\/2017\/05\/9782072744143_1_75.jpg\" \/>\n\t<meta property=\"og:image:width\" content=\"1075\" \/>\n\t<meta property=\"og:image:height\" content=\"1000\" \/>\n\t<meta property=\"og:image:type\" content=\"image\/jpeg\" \/>\n<meta name=\"twitter:card\" content=\"summary_large_image\" \/>\n<meta name=\"twitter:label1\" content=\"Est. reading time\" \/>\n\t<meta name=\"twitter:data1\" content=\"1 minute\" \/>\n<script type=\"application\/ld+json\" class=\"yoast-schema-graph\">{\"@context\":\"https:\/\/schema.org\",\"@graph\":[{\"@type\":\"WebPage\",\"@id\":\"https:\/\/librairie7l.com\/en\/produit\/icones-de-lart-moderne-la-collection-chtchoukine\/\",\"url\":\"https:\/\/librairie7l.com\/en\/produit\/icones-de-lart-moderne-la-collection-chtchoukine\/\",\"name\":\"Ic\u00f4nes de l'Art moderne ; la collection Chtchoukine - Librairie 7L\",\"isPartOf\":{\"@id\":\"https:\/\/librairie7l.com\/en\/#website\"},\"datePublished\":\"2024-06-26T10:11:44+00:00\",\"dateModified\":\"2026-04-15T16:29:38+00:00\",\"breadcrumb\":{\"@id\":\"https:\/\/librairie7l.com\/en\/produit\/icones-de-lart-moderne-la-collection-chtchoukine\/#breadcrumb\"},\"inLanguage\":\"en-US\",\"potentialAction\":[{\"@type\":\"ReadAction\",\"target\":[\"https:\/\/librairie7l.com\/en\/produit\/icones-de-lart-moderne-la-collection-chtchoukine\/\"]}]},{\"@type\":\"BreadcrumbList\",\"@id\":\"https:\/\/librairie7l.com\/en\/produit\/icones-de-lart-moderne-la-collection-chtchoukine\/#breadcrumb\",\"itemListElement\":[{\"@type\":\"ListItem\",\"position\":1,\"name\":\"Accueil\",\"item\":\"https:\/\/librairie7l.com\/en\/\"},{\"@type\":\"ListItem\",\"position\":2,\"name\":\"Shop\",\"item\":\"https:\/\/librairie7l.com\/en\/shop\/\"},{\"@type\":\"ListItem\",\"position\":3,\"name\":\"IC\u00d4NES DE L&#8217;ART MODERNE ; LA COLLECTION CHTCHOUKINE\"}]},{\"@type\":\"WebSite\",\"@id\":\"https:\/\/librairie7l.com\/en\/#website\",\"url\":\"https:\/\/librairie7l.com\/en\/\",\"name\":\"Librairie 7L\",\"description\":\"Librairie fond\u00e9e en 1999 par Karl Lagerfeld \u00e0 Paris\",\"publisher\":{\"@id\":\"https:\/\/librairie7l.com\/en\/#organization\"},\"potentialAction\":[{\"@type\":\"SearchAction\",\"target\":{\"@type\":\"EntryPoint\",\"urlTemplate\":\"https:\/\/librairie7l.com\/en\/?s={search_term_string}\"},\"query-input\":\"required name=search_term_string\"}],\"inLanguage\":\"en-US\"},{\"@type\":\"Organization\",\"@id\":\"https:\/\/librairie7l.com\/en\/#organization\",\"name\":\"Librairie 7L\",\"url\":\"https:\/\/librairie7l.com\/en\/\",\"logo\":{\"@type\":\"ImageObject\",\"inLanguage\":\"en-US\",\"@id\":\"https:\/\/librairie7l.com\/en\/#\/schema\/logo\/image\/\",\"url\":\"https:\/\/librairie7l.com\/wp-content\/uploads\/2022\/08\/logo-1.png\",\"contentUrl\":\"https:\/\/librairie7l.com\/wp-content\/uploads\/2022\/08\/logo-1.png\",\"width\":227,\"height\":301,\"caption\":\"Librairie 7L\"},\"image\":{\"@id\":\"https:\/\/librairie7l.com\/en\/#\/schema\/logo\/image\/\"}}]}<\/script>\n<!-- \/ Yoast SEO plugin. -->","yoast_head_json":{"title":"Ic\u00f4nes de l'Art moderne ; la collection Chtchoukine - Librairie 7L","robots":{"index":"index","follow":"follow","max-snippet":"max-snippet:-1","max-image-preview":"max-image-preview:large","max-video-preview":"max-video-preview:-1"},"canonical":"https:\/\/librairie7l.com\/en\/produit\/icones-de-lart-moderne-la-collection-chtchoukine\/","og_locale":"en_US","og_type":"article","og_title":"Ic\u00f4nes de l'Art moderne ; la collection Chtchoukine - Librairie 7L","og_description":"Le 21 octobre 2016 s&#8217;ouvrait \u00e0 la Fondation Louis Vuitton de Paris \u00ab Ic\u00f4nes de l&#8217;art moderne. la collection Chtchoukine \u00bb, une exposition destin\u00e9e \u00e0 marquer les esprits des visiteurs fran\u00e7ais et de ceux venus du monde entier pour admirer cet ensemble d&#8217;oeuvres unique. \u00c0 la veille de cette manifestation, le nom de Sergue\u00ef Chtchoukine [&hellip;]","og_url":"https:\/\/librairie7l.com\/en\/produit\/icones-de-lart-moderne-la-collection-chtchoukine\/","og_site_name":"Librairie 7L","article_modified_time":"2026-04-15T16:29:38+00:00","og_image":[{"width":1075,"height":1000,"url":"https:\/\/librairie7l.com\/wp-content\/uploads\/2017\/05\/9782072744143_1_75.jpg","type":"image\/jpeg"}],"twitter_card":"summary_large_image","twitter_misc":{"Est. reading time":"1 minute"},"schema":{"@context":"https:\/\/schema.org","@graph":[{"@type":"WebPage","@id":"https:\/\/librairie7l.com\/en\/produit\/icones-de-lart-moderne-la-collection-chtchoukine\/","url":"https:\/\/librairie7l.com\/en\/produit\/icones-de-lart-moderne-la-collection-chtchoukine\/","name":"Ic\u00f4nes de l'Art moderne ; la collection Chtchoukine - Librairie 7L","isPartOf":{"@id":"https:\/\/librairie7l.com\/en\/#website"},"datePublished":"2024-06-26T10:11:44+00:00","dateModified":"2026-04-15T16:29:38+00:00","breadcrumb":{"@id":"https:\/\/librairie7l.com\/en\/produit\/icones-de-lart-moderne-la-collection-chtchoukine\/#breadcrumb"},"inLanguage":"en-US","potentialAction":[{"@type":"ReadAction","target":["https:\/\/librairie7l.com\/en\/produit\/icones-de-lart-moderne-la-collection-chtchoukine\/"]}]},{"@type":"BreadcrumbList","@id":"https:\/\/librairie7l.com\/en\/produit\/icones-de-lart-moderne-la-collection-chtchoukine\/#breadcrumb","itemListElement":[{"@type":"ListItem","position":1,"name":"Accueil","item":"https:\/\/librairie7l.com\/en\/"},{"@type":"ListItem","position":2,"name":"Shop","item":"https:\/\/librairie7l.com\/en\/shop\/"},{"@type":"ListItem","position":3,"name":"IC\u00d4NES DE L&#8217;ART MODERNE ; LA COLLECTION CHTCHOUKINE"}]},{"@type":"WebSite","@id":"https:\/\/librairie7l.com\/en\/#website","url":"https:\/\/librairie7l.com\/en\/","name":"Librairie 7L","description":"Librairie fond\u00e9e en 1999 par Karl Lagerfeld \u00e0 Paris","publisher":{"@id":"https:\/\/librairie7l.com\/en\/#organization"},"potentialAction":[{"@type":"SearchAction","target":{"@type":"EntryPoint","urlTemplate":"https:\/\/librairie7l.com\/en\/?s={search_term_string}"},"query-input":"required name=search_term_string"}],"inLanguage":"en-US"},{"@type":"Organization","@id":"https:\/\/librairie7l.com\/en\/#organization","name":"Librairie 7L","url":"https:\/\/librairie7l.com\/en\/","logo":{"@type":"ImageObject","inLanguage":"en-US","@id":"https:\/\/librairie7l.com\/en\/#\/schema\/logo\/image\/","url":"https:\/\/librairie7l.com\/wp-content\/uploads\/2022\/08\/logo-1.png","contentUrl":"https:\/\/librairie7l.com\/wp-content\/uploads\/2022\/08\/logo-1.png","width":227,"height":301,"caption":"Librairie 7L"},"image":{"@id":"https:\/\/librairie7l.com\/en\/#\/schema\/logo\/image\/"}}]}},"_links":{"self":[{"href":"https:\/\/librairie7l.com\/en\/wp-json\/wp\/v2\/product\/39773"}],"collection":[{"href":"https:\/\/librairie7l.com\/en\/wp-json\/wp\/v2\/product"}],"about":[{"href":"https:\/\/librairie7l.com\/en\/wp-json\/wp\/v2\/types\/product"}],"wp:featuredmedia":[{"embeddable":true,"href":"https:\/\/librairie7l.com\/en\/wp-json\/wp\/v2\/media\/39771"}],"wp:attachment":[{"href":"https:\/\/librairie7l.com\/en\/wp-json\/wp\/v2\/media?parent=39773"}],"wp:term":[{"taxonomy":"product_cat","embeddable":true,"href":"https:\/\/librairie7l.com\/en\/wp-json\/wp\/v2\/product_cat?post=39773"},{"taxonomy":"product_tag","embeddable":true,"href":"https:\/\/librairie7l.com\/en\/wp-json\/wp\/v2\/product_tag?post=39773"}],"curies":[{"name":"wp","href":"https:\/\/api.w.org\/{rel}","templated":true}]}}