{"id":39777,"date":"2024-03-13T09:18:57","date_gmt":"2024-03-13T08:18:57","guid":{"rendered":"https:\/\/librairie7l.com\/?post_type=product&#038;p=39777"},"modified":"2026-04-07T15:41:52","modified_gmt":"2026-04-07T13:41:52","slug":"je-trace-mes-patrons-sur-mesure-la-methode-teresa-gilewska-construction-bases-de-transformation","status":"publish","type":"product","link":"https:\/\/librairie7l.com\/en\/produit\/je-trace-mes-patrons-sur-mesure-la-methode-teresa-gilewska-construction-bases-de-transformation\/","title":{"rendered":"JE TRACE MES PATRONS SUR MESURE : LA M\u00c9THODE TERESA GILEWSKA : CONSTRUCTION &AMP; BASES DE TRANSFORMATION"},"content":{"rendered":"<p>La bible de patronnage de Teresa Gilewska !<\/p>\n<p>Prenant en compte les grandes tailles et l&#8217;infinie diversit\u00e9 des morphologies (petit buste et hanches larges, bras larges et petite poitrine, forte poitrine et carrure \u00e9troite, etc.), la m\u00e9thode de Teresa Gilewska permet \u00e0 toutes les couturi\u00e8res de r\u00e9aliser des v\u00eatements au tomb\u00e9 impeccable, parfaitement ajust\u00e9s \u00e0 leurs mensurations, et d&#8217;explorer pleinement leur cr\u00e9ativit\u00e9.<\/p>\n<p>Cet ouvrage commence par d\u00e9tailler comment prendre les mesures du corps de fa\u00e7on pr\u00e9cise et fiable, point de d\u00e9part essentiel pour le sur-mesure. Les chapitres qui suivent sont consacr\u00e9s \u00e0 la construction et aux bases de transformation des patrons de base du buste, de la jupe et du pantalon. Deux chapitres sont d\u00e9di\u00e9s aux manches et aux cols dont la construction est singuli\u00e8re et d\u00e9pend toujours du buste auxquels ils sont destin\u00e9s, un autre aborde tous les \u00e9l\u00e9ments qui vont s&#8217;appliquer au v\u00eatement (poches, fronces, fentes, plis et la question des tissus extensibles pour l&#8217;ajustement).<\/p>\n<p>Enfin, le dernier chapitre d\u00e9veloppe les transformations avec de nombreux mod\u00e8les aux styles tr\u00e8s vari\u00e9s. Pour vous aider \u00e0 r\u00e9aliser les patrons finis de v\u00eatements souhait\u00e9s en toute autonomie, l&#8217;autrice analyse minutieusement chaque mod\u00e8le et vous explique comment en d\u00e9duire quelles techniques de transformation employer pour chaque cas sp\u00e9cifique. En effet, la principale difficult\u00e9 n&#8217;est pas de ma\u00eetriser ces techniques, mais de savoir laquelle (ou lesquelles) utiliser pour construire le patron du mod\u00e8le d\u00e9sir\u00e9.<\/p>\n","protected":false},"excerpt":{"rendered":"<p>La bible de patronnage de Teresa Gilewska ! Prenant en compte les grandes tailles et l&#8217;infinie diversit\u00e9 des morphologies (petit buste et hanches larges, bras larges et petite poitrine, forte poitrine et carrure \u00e9troite, etc.), la m\u00e9thode de Teresa Gilewska permet \u00e0 toutes les couturi\u00e8res de r\u00e9aliser des v\u00eatements au tomb\u00e9 impeccable, parfaitement ajust\u00e9s \u00e0 [&hellip;]<\/p>\n","protected":false},"featured_media":39775,"template":"","meta":[],"product_cat":[2948,2957],"product_tag":[],"acf":[],"yoast_head":"<!-- This site is optimized with the Yoast SEO plugin v20.11 - https:\/\/yoast.com\/wordpress\/plugins\/seo\/ -->\n<title>Je trace mes patrons sur mesure : La m\u00e9thode Teresa Gilewska : Construction &amp; bases de transformation - Librairie 7L<\/title>\n<meta name=\"robots\" content=\"index, follow, max-snippet:-1, max-image-preview:large, max-video-preview:-1\" \/>\n<link rel=\"canonical\" href=\"https:\/\/librairie7l.com\/en\/produit\/je-trace-mes-patrons-sur-mesure-la-methode-teresa-gilewska-construction-bases-de-transformation\/\" \/>\n<meta property=\"og:locale\" content=\"en_US\" \/>\n<meta property=\"og:type\" content=\"article\" \/>\n<meta property=\"og:title\" content=\"Je trace mes patrons sur mesure : La m\u00e9thode Teresa Gilewska : Construction &amp; bases de transformation - Librairie 7L\" \/>\n<meta property=\"og:description\" content=\"La bible de patronnage de Teresa Gilewska ! Prenant en compte les grandes tailles et l&#8217;infinie diversit\u00e9 des morphologies (petit buste et hanches larges, bras larges et petite poitrine, forte poitrine et carrure \u00e9troite, etc.), la m\u00e9thode de Teresa Gilewska permet \u00e0 toutes les couturi\u00e8res de r\u00e9aliser des v\u00eatements au tomb\u00e9 impeccable, parfaitement ajust\u00e9s \u00e0 [&hellip;]\" \/>\n<meta property=\"og:url\" content=\"https:\/\/librairie7l.com\/en\/produit\/je-trace-mes-patrons-sur-mesure-la-methode-teresa-gilewska-construction-bases-de-transformation\/\" \/>\n<meta property=\"og:site_name\" content=\"Librairie 7L\" \/>\n<meta property=\"article:modified_time\" content=\"2026-04-07T13:41:52+00:00\" \/>\n<meta property=\"og:image\" content=\"https:\/\/librairie7l.com\/wp-content\/uploads\/2023\/06\/9782416004780_1_75.jpg\" \/>\n\t<meta property=\"og:image:width\" content=\"600\" \/>\n\t<meta property=\"og:image:height\" content=\"754\" \/>\n\t<meta property=\"og:image:type\" content=\"image\/jpeg\" \/>\n<meta name=\"twitter:card\" content=\"summary_large_image\" \/>\n<meta name=\"twitter:label1\" content=\"Est. reading time\" \/>\n\t<meta name=\"twitter:data1\" content=\"1 minute\" \/>\n<script type=\"application\/ld+json\" class=\"yoast-schema-graph\">{\"@context\":\"https:\/\/schema.org\",\"@graph\":[{\"@type\":\"WebPage\",\"@id\":\"https:\/\/librairie7l.com\/en\/produit\/je-trace-mes-patrons-sur-mesure-la-methode-teresa-gilewska-construction-bases-de-transformation\/\",\"url\":\"https:\/\/librairie7l.com\/en\/produit\/je-trace-mes-patrons-sur-mesure-la-methode-teresa-gilewska-construction-bases-de-transformation\/\",\"name\":\"Je trace mes patrons sur mesure : La m\u00e9thode Teresa Gilewska : Construction &amp; bases de transformation - Librairie 7L\",\"isPartOf\":{\"@id\":\"https:\/\/librairie7l.com\/en\/#website\"},\"datePublished\":\"2024-03-13T08:18:57+00:00\",\"dateModified\":\"2026-04-07T13:41:52+00:00\",\"breadcrumb\":{\"@id\":\"https:\/\/librairie7l.com\/en\/produit\/je-trace-mes-patrons-sur-mesure-la-methode-teresa-gilewska-construction-bases-de-transformation\/#breadcrumb\"},\"inLanguage\":\"en-US\",\"potentialAction\":[{\"@type\":\"ReadAction\",\"target\":[\"https:\/\/librairie7l.com\/en\/produit\/je-trace-mes-patrons-sur-mesure-la-methode-teresa-gilewska-construction-bases-de-transformation\/\"]}]},{\"@type\":\"BreadcrumbList\",\"@id\":\"https:\/\/librairie7l.com\/en\/produit\/je-trace-mes-patrons-sur-mesure-la-methode-teresa-gilewska-construction-bases-de-transformation\/#breadcrumb\",\"itemListElement\":[{\"@type\":\"ListItem\",\"position\":1,\"name\":\"Accueil\",\"item\":\"https:\/\/librairie7l.com\/en\/\"},{\"@type\":\"ListItem\",\"position\":2,\"name\":\"Shop\",\"item\":\"https:\/\/librairie7l.com\/en\/shop\/\"},{\"@type\":\"ListItem\",\"position\":3,\"name\":\"JE TRACE MES PATRONS SUR MESURE : LA M\u00c9THODE TERESA GILEWSKA : CONSTRUCTION &AMP; BASES DE TRANSFORMATION\"}]},{\"@type\":\"WebSite\",\"@id\":\"https:\/\/librairie7l.com\/en\/#website\",\"url\":\"https:\/\/librairie7l.com\/en\/\",\"name\":\"Librairie 7L\",\"description\":\"Librairie fond\u00e9e en 1999 par Karl Lagerfeld \u00e0 Paris\",\"publisher\":{\"@id\":\"https:\/\/librairie7l.com\/en\/#organization\"},\"potentialAction\":[{\"@type\":\"SearchAction\",\"target\":{\"@type\":\"EntryPoint\",\"urlTemplate\":\"https:\/\/librairie7l.com\/en\/?s={search_term_string}\"},\"query-input\":\"required name=search_term_string\"}],\"inLanguage\":\"en-US\"},{\"@type\":\"Organization\",\"@id\":\"https:\/\/librairie7l.com\/en\/#organization\",\"name\":\"Librairie 7L\",\"url\":\"https:\/\/librairie7l.com\/en\/\",\"logo\":{\"@type\":\"ImageObject\",\"inLanguage\":\"en-US\",\"@id\":\"https:\/\/librairie7l.com\/en\/#\/schema\/logo\/image\/\",\"url\":\"https:\/\/librairie7l.com\/wp-content\/uploads\/2022\/08\/logo-1.png\",\"contentUrl\":\"https:\/\/librairie7l.com\/wp-content\/uploads\/2022\/08\/logo-1.png\",\"width\":227,\"height\":301,\"caption\":\"Librairie 7L\"},\"image\":{\"@id\":\"https:\/\/librairie7l.com\/en\/#\/schema\/logo\/image\/\"}}]}<\/script>\n<!-- \/ Yoast SEO plugin. -->","yoast_head_json":{"title":"Je trace mes patrons sur mesure : La m\u00e9thode Teresa Gilewska : Construction &amp; bases de transformation - Librairie 7L","robots":{"index":"index","follow":"follow","max-snippet":"max-snippet:-1","max-image-preview":"max-image-preview:large","max-video-preview":"max-video-preview:-1"},"canonical":"https:\/\/librairie7l.com\/en\/produit\/je-trace-mes-patrons-sur-mesure-la-methode-teresa-gilewska-construction-bases-de-transformation\/","og_locale":"en_US","og_type":"article","og_title":"Je trace mes patrons sur mesure : La m\u00e9thode Teresa Gilewska : Construction &amp; bases de transformation - Librairie 7L","og_description":"La bible de patronnage de Teresa Gilewska ! Prenant en compte les grandes tailles et l&#8217;infinie diversit\u00e9 des morphologies (petit buste et hanches larges, bras larges et petite poitrine, forte poitrine et carrure \u00e9troite, etc.), la m\u00e9thode de Teresa Gilewska permet \u00e0 toutes les couturi\u00e8res de r\u00e9aliser des v\u00eatements au tomb\u00e9 impeccable, parfaitement ajust\u00e9s \u00e0 [&hellip;]","og_url":"https:\/\/librairie7l.com\/en\/produit\/je-trace-mes-patrons-sur-mesure-la-methode-teresa-gilewska-construction-bases-de-transformation\/","og_site_name":"Librairie 7L","article_modified_time":"2026-04-07T13:41:52+00:00","og_image":[{"width":600,"height":754,"url":"https:\/\/librairie7l.com\/wp-content\/uploads\/2023\/06\/9782416004780_1_75.jpg","type":"image\/jpeg"}],"twitter_card":"summary_large_image","twitter_misc":{"Est. reading time":"1 minute"},"schema":{"@context":"https:\/\/schema.org","@graph":[{"@type":"WebPage","@id":"https:\/\/librairie7l.com\/en\/produit\/je-trace-mes-patrons-sur-mesure-la-methode-teresa-gilewska-construction-bases-de-transformation\/","url":"https:\/\/librairie7l.com\/en\/produit\/je-trace-mes-patrons-sur-mesure-la-methode-teresa-gilewska-construction-bases-de-transformation\/","name":"Je trace mes patrons sur mesure : La m\u00e9thode Teresa Gilewska : Construction &amp; bases de transformation - Librairie 7L","isPartOf":{"@id":"https:\/\/librairie7l.com\/en\/#website"},"datePublished":"2024-03-13T08:18:57+00:00","dateModified":"2026-04-07T13:41:52+00:00","breadcrumb":{"@id":"https:\/\/librairie7l.com\/en\/produit\/je-trace-mes-patrons-sur-mesure-la-methode-teresa-gilewska-construction-bases-de-transformation\/#breadcrumb"},"inLanguage":"en-US","potentialAction":[{"@type":"ReadAction","target":["https:\/\/librairie7l.com\/en\/produit\/je-trace-mes-patrons-sur-mesure-la-methode-teresa-gilewska-construction-bases-de-transformation\/"]}]},{"@type":"BreadcrumbList","@id":"https:\/\/librairie7l.com\/en\/produit\/je-trace-mes-patrons-sur-mesure-la-methode-teresa-gilewska-construction-bases-de-transformation\/#breadcrumb","itemListElement":[{"@type":"ListItem","position":1,"name":"Accueil","item":"https:\/\/librairie7l.com\/en\/"},{"@type":"ListItem","position":2,"name":"Shop","item":"https:\/\/librairie7l.com\/en\/shop\/"},{"@type":"ListItem","position":3,"name":"JE TRACE MES PATRONS SUR MESURE : LA M\u00c9THODE TERESA GILEWSKA : CONSTRUCTION &AMP; BASES DE TRANSFORMATION"}]},{"@type":"WebSite","@id":"https:\/\/librairie7l.com\/en\/#website","url":"https:\/\/librairie7l.com\/en\/","name":"Librairie 7L","description":"Librairie fond\u00e9e en 1999 par Karl Lagerfeld \u00e0 Paris","publisher":{"@id":"https:\/\/librairie7l.com\/en\/#organization"},"potentialAction":[{"@type":"SearchAction","target":{"@type":"EntryPoint","urlTemplate":"https:\/\/librairie7l.com\/en\/?s={search_term_string}"},"query-input":"required name=search_term_string"}],"inLanguage":"en-US"},{"@type":"Organization","@id":"https:\/\/librairie7l.com\/en\/#organization","name":"Librairie 7L","url":"https:\/\/librairie7l.com\/en\/","logo":{"@type":"ImageObject","inLanguage":"en-US","@id":"https:\/\/librairie7l.com\/en\/#\/schema\/logo\/image\/","url":"https:\/\/librairie7l.com\/wp-content\/uploads\/2022\/08\/logo-1.png","contentUrl":"https:\/\/librairie7l.com\/wp-content\/uploads\/2022\/08\/logo-1.png","width":227,"height":301,"caption":"Librairie 7L"},"image":{"@id":"https:\/\/librairie7l.com\/en\/#\/schema\/logo\/image\/"}}]}},"_links":{"self":[{"href":"https:\/\/librairie7l.com\/en\/wp-json\/wp\/v2\/product\/39777"}],"collection":[{"href":"https:\/\/librairie7l.com\/en\/wp-json\/wp\/v2\/product"}],"about":[{"href":"https:\/\/librairie7l.com\/en\/wp-json\/wp\/v2\/types\/product"}],"wp:featuredmedia":[{"embeddable":true,"href":"https:\/\/librairie7l.com\/en\/wp-json\/wp\/v2\/media\/39775"}],"wp:attachment":[{"href":"https:\/\/librairie7l.com\/en\/wp-json\/wp\/v2\/media?parent=39777"}],"wp:term":[{"taxonomy":"product_cat","embeddable":true,"href":"https:\/\/librairie7l.com\/en\/wp-json\/wp\/v2\/product_cat?post=39777"},{"taxonomy":"product_tag","embeddable":true,"href":"https:\/\/librairie7l.com\/en\/wp-json\/wp\/v2\/product_tag?post=39777"}],"curies":[{"name":"wp","href":"https:\/\/api.w.org\/{rel}","templated":true}]}}