{"id":39781,"date":"2024-05-24T00:06:22","date_gmt":"2024-05-23T22:06:22","guid":{"rendered":"https:\/\/librairie7l.com\/?post_type=product&#038;p=39781"},"modified":"2026-04-08T22:34:21","modified_gmt":"2026-04-08T20:34:21","slug":"carlo-mollino-giappone-1970","status":"publish","type":"product","link":"https:\/\/librairie7l.com\/en\/produit\/carlo-mollino-giappone-1970\/","title":{"rendered":"CARLO MOLLINO ; GIAPPONE 1970"},"content":{"rendered":"<p>Les photographies de Carlo Mollino prises durant l&#8217;Exposition universelle au Japon en 1970 d\u00e9voilent un pays suspendu entre tradition et modernit\u00e9. Les textes accompagnant la s\u00e9rie contextualisent le voyage et examinent le rapport qu&#8217;entretient le designer et architecte italien avec la photographie. Un livret compos\u00e9 de clich\u00e9s pris par Mollino durant ses voyages en Orient compl\u00e8te cette \u00e9dition.<\/p>\n<p>Reconnu comme un architecte et designer majeur de l&#8217;entre-deux-guerres, auteur d&#8217;une oeuvre audacieuse et foisonnante, personnage excentrique, Carlo Mollino (1905-1973) fut \u00e9galement professeur \u00e0 la Facult\u00e9 d&#8217;Architecture du Politecnico de Turin, photographe, exp\u00e9rimentateur de nouvelles technologies, journaliste. Il a invent\u00e9 un concept in\u00e9dit de la descente \u00e0 ski, a \u00e9t\u00e9 un excellent pilote de voitures et d&#8217;avions d&#8217;acrobatie et s&#8217;est probablement adonn\u00e9 \u00e0 l&#8217;occultisme.<\/p>\n","protected":false},"excerpt":{"rendered":"<p>Les photographies de Carlo Mollino prises durant l&#8217;Exposition universelle au Japon en 1970 d\u00e9voilent un pays suspendu entre tradition et modernit\u00e9. Les textes accompagnant la s\u00e9rie contextualisent le voyage et examinent le rapport qu&#8217;entretient le designer et architecte italien avec la photographie. Un livret compos\u00e9 de clich\u00e9s pris par Mollino durant ses voyages en Orient [&hellip;]<\/p>\n","protected":false},"featured_media":39779,"template":"","meta":[],"product_cat":[2948,2958,2953],"product_tag":[],"acf":[],"yoast_head":"<!-- This site is optimized with the Yoast SEO plugin v20.11 - https:\/\/yoast.com\/wordpress\/plugins\/seo\/ -->\n<title>Carlo Mollino ; Giappone 1970 - Librairie 7L<\/title>\n<meta name=\"robots\" content=\"index, follow, max-snippet:-1, max-image-preview:large, max-video-preview:-1\" \/>\n<link rel=\"canonical\" href=\"https:\/\/librairie7l.com\/en\/produit\/carlo-mollino-giappone-1970\/\" \/>\n<meta property=\"og:locale\" content=\"en_US\" \/>\n<meta property=\"og:type\" content=\"article\" \/>\n<meta property=\"og:title\" content=\"Carlo Mollino ; Giappone 1970 - Librairie 7L\" \/>\n<meta property=\"og:description\" content=\"Les photographies de Carlo Mollino prises durant l&#8217;Exposition universelle au Japon en 1970 d\u00e9voilent un pays suspendu entre tradition et modernit\u00e9. Les textes accompagnant la s\u00e9rie contextualisent le voyage et examinent le rapport qu&#8217;entretient le designer et architecte italien avec la photographie. Un livret compos\u00e9 de clich\u00e9s pris par Mollino durant ses voyages en Orient [&hellip;]\" \/>\n<meta property=\"og:url\" content=\"https:\/\/librairie7l.com\/en\/produit\/carlo-mollino-giappone-1970\/\" \/>\n<meta property=\"og:site_name\" content=\"Librairie 7L\" \/>\n<meta property=\"article:modified_time\" content=\"2026-04-08T20:34:21+00:00\" \/>\n<meta property=\"og:image\" content=\"https:\/\/librairie7l.com\/wp-content\/uploads\/2016\/03\/9788899385057_1_75.jpg\" \/>\n\t<meta property=\"og:image:width\" content=\"246\" \/>\n\t<meta property=\"og:image:height\" content=\"300\" \/>\n\t<meta property=\"og:image:type\" content=\"image\/jpeg\" \/>\n<meta name=\"twitter:card\" content=\"summary_large_image\" \/>\n<meta name=\"twitter:label1\" content=\"Est. reading time\" \/>\n\t<meta name=\"twitter:data1\" content=\"1 minute\" \/>\n<script type=\"application\/ld+json\" class=\"yoast-schema-graph\">{\"@context\":\"https:\/\/schema.org\",\"@graph\":[{\"@type\":\"WebPage\",\"@id\":\"https:\/\/librairie7l.com\/en\/produit\/carlo-mollino-giappone-1970\/\",\"url\":\"https:\/\/librairie7l.com\/en\/produit\/carlo-mollino-giappone-1970\/\",\"name\":\"Carlo Mollino ; Giappone 1970 - Librairie 7L\",\"isPartOf\":{\"@id\":\"https:\/\/librairie7l.com\/en\/#website\"},\"datePublished\":\"2024-05-23T22:06:22+00:00\",\"dateModified\":\"2026-04-08T20:34:21+00:00\",\"breadcrumb\":{\"@id\":\"https:\/\/librairie7l.com\/en\/produit\/carlo-mollino-giappone-1970\/#breadcrumb\"},\"inLanguage\":\"en-US\",\"potentialAction\":[{\"@type\":\"ReadAction\",\"target\":[\"https:\/\/librairie7l.com\/en\/produit\/carlo-mollino-giappone-1970\/\"]}]},{\"@type\":\"BreadcrumbList\",\"@id\":\"https:\/\/librairie7l.com\/en\/produit\/carlo-mollino-giappone-1970\/#breadcrumb\",\"itemListElement\":[{\"@type\":\"ListItem\",\"position\":1,\"name\":\"Accueil\",\"item\":\"https:\/\/librairie7l.com\/en\/\"},{\"@type\":\"ListItem\",\"position\":2,\"name\":\"Shop\",\"item\":\"https:\/\/librairie7l.com\/en\/shop\/\"},{\"@type\":\"ListItem\",\"position\":3,\"name\":\"CARLO MOLLINO ; GIAPPONE 1970\"}]},{\"@type\":\"WebSite\",\"@id\":\"https:\/\/librairie7l.com\/en\/#website\",\"url\":\"https:\/\/librairie7l.com\/en\/\",\"name\":\"Librairie 7L\",\"description\":\"Librairie fond\u00e9e en 1999 par Karl Lagerfeld \u00e0 Paris\",\"publisher\":{\"@id\":\"https:\/\/librairie7l.com\/en\/#organization\"},\"potentialAction\":[{\"@type\":\"SearchAction\",\"target\":{\"@type\":\"EntryPoint\",\"urlTemplate\":\"https:\/\/librairie7l.com\/en\/?s={search_term_string}\"},\"query-input\":\"required name=search_term_string\"}],\"inLanguage\":\"en-US\"},{\"@type\":\"Organization\",\"@id\":\"https:\/\/librairie7l.com\/en\/#organization\",\"name\":\"Librairie 7L\",\"url\":\"https:\/\/librairie7l.com\/en\/\",\"logo\":{\"@type\":\"ImageObject\",\"inLanguage\":\"en-US\",\"@id\":\"https:\/\/librairie7l.com\/en\/#\/schema\/logo\/image\/\",\"url\":\"https:\/\/librairie7l.com\/wp-content\/uploads\/2022\/08\/logo-1.png\",\"contentUrl\":\"https:\/\/librairie7l.com\/wp-content\/uploads\/2022\/08\/logo-1.png\",\"width\":227,\"height\":301,\"caption\":\"Librairie 7L\"},\"image\":{\"@id\":\"https:\/\/librairie7l.com\/en\/#\/schema\/logo\/image\/\"}}]}<\/script>\n<!-- \/ Yoast SEO plugin. -->","yoast_head_json":{"title":"Carlo Mollino ; Giappone 1970 - Librairie 7L","robots":{"index":"index","follow":"follow","max-snippet":"max-snippet:-1","max-image-preview":"max-image-preview:large","max-video-preview":"max-video-preview:-1"},"canonical":"https:\/\/librairie7l.com\/en\/produit\/carlo-mollino-giappone-1970\/","og_locale":"en_US","og_type":"article","og_title":"Carlo Mollino ; Giappone 1970 - Librairie 7L","og_description":"Les photographies de Carlo Mollino prises durant l&#8217;Exposition universelle au Japon en 1970 d\u00e9voilent un pays suspendu entre tradition et modernit\u00e9. Les textes accompagnant la s\u00e9rie contextualisent le voyage et examinent le rapport qu&#8217;entretient le designer et architecte italien avec la photographie. Un livret compos\u00e9 de clich\u00e9s pris par Mollino durant ses voyages en Orient [&hellip;]","og_url":"https:\/\/librairie7l.com\/en\/produit\/carlo-mollino-giappone-1970\/","og_site_name":"Librairie 7L","article_modified_time":"2026-04-08T20:34:21+00:00","og_image":[{"width":246,"height":300,"url":"https:\/\/librairie7l.com\/wp-content\/uploads\/2016\/03\/9788899385057_1_75.jpg","type":"image\/jpeg"}],"twitter_card":"summary_large_image","twitter_misc":{"Est. reading time":"1 minute"},"schema":{"@context":"https:\/\/schema.org","@graph":[{"@type":"WebPage","@id":"https:\/\/librairie7l.com\/en\/produit\/carlo-mollino-giappone-1970\/","url":"https:\/\/librairie7l.com\/en\/produit\/carlo-mollino-giappone-1970\/","name":"Carlo Mollino ; Giappone 1970 - Librairie 7L","isPartOf":{"@id":"https:\/\/librairie7l.com\/en\/#website"},"datePublished":"2024-05-23T22:06:22+00:00","dateModified":"2026-04-08T20:34:21+00:00","breadcrumb":{"@id":"https:\/\/librairie7l.com\/en\/produit\/carlo-mollino-giappone-1970\/#breadcrumb"},"inLanguage":"en-US","potentialAction":[{"@type":"ReadAction","target":["https:\/\/librairie7l.com\/en\/produit\/carlo-mollino-giappone-1970\/"]}]},{"@type":"BreadcrumbList","@id":"https:\/\/librairie7l.com\/en\/produit\/carlo-mollino-giappone-1970\/#breadcrumb","itemListElement":[{"@type":"ListItem","position":1,"name":"Accueil","item":"https:\/\/librairie7l.com\/en\/"},{"@type":"ListItem","position":2,"name":"Shop","item":"https:\/\/librairie7l.com\/en\/shop\/"},{"@type":"ListItem","position":3,"name":"CARLO MOLLINO ; GIAPPONE 1970"}]},{"@type":"WebSite","@id":"https:\/\/librairie7l.com\/en\/#website","url":"https:\/\/librairie7l.com\/en\/","name":"Librairie 7L","description":"Librairie fond\u00e9e en 1999 par Karl Lagerfeld \u00e0 Paris","publisher":{"@id":"https:\/\/librairie7l.com\/en\/#organization"},"potentialAction":[{"@type":"SearchAction","target":{"@type":"EntryPoint","urlTemplate":"https:\/\/librairie7l.com\/en\/?s={search_term_string}"},"query-input":"required name=search_term_string"}],"inLanguage":"en-US"},{"@type":"Organization","@id":"https:\/\/librairie7l.com\/en\/#organization","name":"Librairie 7L","url":"https:\/\/librairie7l.com\/en\/","logo":{"@type":"ImageObject","inLanguage":"en-US","@id":"https:\/\/librairie7l.com\/en\/#\/schema\/logo\/image\/","url":"https:\/\/librairie7l.com\/wp-content\/uploads\/2022\/08\/logo-1.png","contentUrl":"https:\/\/librairie7l.com\/wp-content\/uploads\/2022\/08\/logo-1.png","width":227,"height":301,"caption":"Librairie 7L"},"image":{"@id":"https:\/\/librairie7l.com\/en\/#\/schema\/logo\/image\/"}}]}},"_links":{"self":[{"href":"https:\/\/librairie7l.com\/en\/wp-json\/wp\/v2\/product\/39781"}],"collection":[{"href":"https:\/\/librairie7l.com\/en\/wp-json\/wp\/v2\/product"}],"about":[{"href":"https:\/\/librairie7l.com\/en\/wp-json\/wp\/v2\/types\/product"}],"wp:featuredmedia":[{"embeddable":true,"href":"https:\/\/librairie7l.com\/en\/wp-json\/wp\/v2\/media\/39779"}],"wp:attachment":[{"href":"https:\/\/librairie7l.com\/en\/wp-json\/wp\/v2\/media?parent=39781"}],"wp:term":[{"taxonomy":"product_cat","embeddable":true,"href":"https:\/\/librairie7l.com\/en\/wp-json\/wp\/v2\/product_cat?post=39781"},{"taxonomy":"product_tag","embeddable":true,"href":"https:\/\/librairie7l.com\/en\/wp-json\/wp\/v2\/product_tag?post=39781"}],"curies":[{"name":"wp","href":"https:\/\/api.w.org\/{rel}","templated":true}]}}