{"id":39810,"date":"2024-03-14T09:18:29","date_gmt":"2024-03-14T08:18:29","guid":{"rendered":"https:\/\/librairie7l.com\/?post_type=product&#038;p=39810"},"modified":"2026-04-22T13:52:59","modified_gmt":"2026-04-22T11:52:59","slug":"lettres-sur-la-lumiere","status":"publish","type":"product","link":"https:\/\/librairie7l.com\/en\/produit\/lettres-sur-la-lumiere\/","title":{"rendered":"LETTRES SUR LA LUMI\u00c8RE"},"content":{"rendered":"<p>Le photographe Paolo Roversi et le philosophe Emanuele Coccia ont choisi le genre \u00e9pistolaire pour nous livrer leurs pens\u00e9es. Cette correspondance s&#8217;articule autour de la lumi\u00e8re, prenant comme point de d\u00e9part des consid\u00e9rations du photographe, parfois techniques et toujours po\u00e9tiques, auquel le philosophe r\u00e9pond en \u00e9largissant au champ plus vaste offert par sa discipline. Au fil des \u00e9changes, ponctu\u00e9s par des photographies embl\u00e9matiques de Paolo Roversi, les auteurs se d\u00e9voilent, laissant appara\u00eetre deux personnalit\u00e9s singuli\u00e8res.<\/p>\n","protected":false},"excerpt":{"rendered":"<p>Le photographe Paolo Roversi et le philosophe Emanuele Coccia ont choisi le genre \u00e9pistolaire pour nous livrer leurs pens\u00e9es. Cette correspondance s&#8217;articule autour de la lumi\u00e8re, prenant comme point de d\u00e9part des consid\u00e9rations du photographe, parfois techniques et toujours po\u00e9tiques, auquel le philosophe r\u00e9pond en \u00e9largissant au champ plus vaste offert par sa discipline. Au [&hellip;]<\/p>\n","protected":false},"featured_media":39808,"template":"","meta":[],"product_cat":[2948,2958],"product_tag":[],"acf":[],"yoast_head":"<!-- This site is optimized with the Yoast SEO plugin v20.11 - https:\/\/yoast.com\/wordpress\/plugins\/seo\/ -->\n<title>Lettres sur la lumi\u00e8re - Librairie 7L<\/title>\n<meta name=\"robots\" content=\"index, follow, max-snippet:-1, max-image-preview:large, max-video-preview:-1\" \/>\n<link rel=\"canonical\" href=\"https:\/\/librairie7l.com\/en\/produit\/lettres-sur-la-lumiere\/\" \/>\n<meta property=\"og:locale\" content=\"en_US\" \/>\n<meta property=\"og:type\" content=\"article\" \/>\n<meta property=\"og:title\" content=\"Lettres sur la lumi\u00e8re - Librairie 7L\" \/>\n<meta property=\"og:description\" content=\"Le photographe Paolo Roversi et le philosophe Emanuele Coccia ont choisi le genre \u00e9pistolaire pour nous livrer leurs pens\u00e9es. Cette correspondance s&#8217;articule autour de la lumi\u00e8re, prenant comme point de d\u00e9part des consid\u00e9rations du photographe, parfois techniques et toujours po\u00e9tiques, auquel le philosophe r\u00e9pond en \u00e9largissant au champ plus vaste offert par sa discipline. Au [&hellip;]\" \/>\n<meta property=\"og:url\" content=\"https:\/\/librairie7l.com\/en\/produit\/lettres-sur-la-lumiere\/\" \/>\n<meta property=\"og:site_name\" content=\"Librairie 7L\" \/>\n<meta property=\"article:modified_time\" content=\"2026-04-22T11:52:59+00:00\" \/>\n<meta property=\"og:image\" content=\"https:\/\/librairie7l.com\/wp-content\/uploads\/2023\/10\/9782073054357_1_75.jpg\" \/>\n\t<meta property=\"og:image:width\" content=\"600\" \/>\n\t<meta property=\"og:image:height\" content=\"846\" \/>\n\t<meta property=\"og:image:type\" content=\"image\/jpeg\" \/>\n<meta name=\"twitter:card\" content=\"summary_large_image\" \/>\n<script type=\"application\/ld+json\" class=\"yoast-schema-graph\">{\"@context\":\"https:\/\/schema.org\",\"@graph\":[{\"@type\":\"WebPage\",\"@id\":\"https:\/\/librairie7l.com\/en\/produit\/lettres-sur-la-lumiere\/\",\"url\":\"https:\/\/librairie7l.com\/en\/produit\/lettres-sur-la-lumiere\/\",\"name\":\"Lettres sur la lumi\u00e8re - Librairie 7L\",\"isPartOf\":{\"@id\":\"https:\/\/librairie7l.com\/en\/#website\"},\"datePublished\":\"2024-03-14T08:18:29+00:00\",\"dateModified\":\"2026-04-22T11:52:59+00:00\",\"breadcrumb\":{\"@id\":\"https:\/\/librairie7l.com\/en\/produit\/lettres-sur-la-lumiere\/#breadcrumb\"},\"inLanguage\":\"en-US\",\"potentialAction\":[{\"@type\":\"ReadAction\",\"target\":[\"https:\/\/librairie7l.com\/en\/produit\/lettres-sur-la-lumiere\/\"]}]},{\"@type\":\"BreadcrumbList\",\"@id\":\"https:\/\/librairie7l.com\/en\/produit\/lettres-sur-la-lumiere\/#breadcrumb\",\"itemListElement\":[{\"@type\":\"ListItem\",\"position\":1,\"name\":\"Accueil\",\"item\":\"https:\/\/librairie7l.com\/en\/\"},{\"@type\":\"ListItem\",\"position\":2,\"name\":\"Shop\",\"item\":\"https:\/\/librairie7l.com\/en\/shop\/\"},{\"@type\":\"ListItem\",\"position\":3,\"name\":\"LETTRES SUR LA LUMI\u00c8RE\"}]},{\"@type\":\"WebSite\",\"@id\":\"https:\/\/librairie7l.com\/en\/#website\",\"url\":\"https:\/\/librairie7l.com\/en\/\",\"name\":\"Librairie 7L\",\"description\":\"Librairie fond\u00e9e en 1999 par Karl Lagerfeld \u00e0 Paris\",\"publisher\":{\"@id\":\"https:\/\/librairie7l.com\/en\/#organization\"},\"potentialAction\":[{\"@type\":\"SearchAction\",\"target\":{\"@type\":\"EntryPoint\",\"urlTemplate\":\"https:\/\/librairie7l.com\/en\/?s={search_term_string}\"},\"query-input\":\"required name=search_term_string\"}],\"inLanguage\":\"en-US\"},{\"@type\":\"Organization\",\"@id\":\"https:\/\/librairie7l.com\/en\/#organization\",\"name\":\"Librairie 7L\",\"url\":\"https:\/\/librairie7l.com\/en\/\",\"logo\":{\"@type\":\"ImageObject\",\"inLanguage\":\"en-US\",\"@id\":\"https:\/\/librairie7l.com\/en\/#\/schema\/logo\/image\/\",\"url\":\"https:\/\/librairie7l.com\/wp-content\/uploads\/2022\/08\/logo-1.png\",\"contentUrl\":\"https:\/\/librairie7l.com\/wp-content\/uploads\/2022\/08\/logo-1.png\",\"width\":227,\"height\":301,\"caption\":\"Librairie 7L\"},\"image\":{\"@id\":\"https:\/\/librairie7l.com\/en\/#\/schema\/logo\/image\/\"}}]}<\/script>\n<!-- \/ Yoast SEO plugin. -->","yoast_head_json":{"title":"Lettres sur la lumi\u00e8re - Librairie 7L","robots":{"index":"index","follow":"follow","max-snippet":"max-snippet:-1","max-image-preview":"max-image-preview:large","max-video-preview":"max-video-preview:-1"},"canonical":"https:\/\/librairie7l.com\/en\/produit\/lettres-sur-la-lumiere\/","og_locale":"en_US","og_type":"article","og_title":"Lettres sur la lumi\u00e8re - Librairie 7L","og_description":"Le photographe Paolo Roversi et le philosophe Emanuele Coccia ont choisi le genre \u00e9pistolaire pour nous livrer leurs pens\u00e9es. Cette correspondance s&#8217;articule autour de la lumi\u00e8re, prenant comme point de d\u00e9part des consid\u00e9rations du photographe, parfois techniques et toujours po\u00e9tiques, auquel le philosophe r\u00e9pond en \u00e9largissant au champ plus vaste offert par sa discipline. Au [&hellip;]","og_url":"https:\/\/librairie7l.com\/en\/produit\/lettres-sur-la-lumiere\/","og_site_name":"Librairie 7L","article_modified_time":"2026-04-22T11:52:59+00:00","og_image":[{"width":600,"height":846,"url":"https:\/\/librairie7l.com\/wp-content\/uploads\/2023\/10\/9782073054357_1_75.jpg","type":"image\/jpeg"}],"twitter_card":"summary_large_image","schema":{"@context":"https:\/\/schema.org","@graph":[{"@type":"WebPage","@id":"https:\/\/librairie7l.com\/en\/produit\/lettres-sur-la-lumiere\/","url":"https:\/\/librairie7l.com\/en\/produit\/lettres-sur-la-lumiere\/","name":"Lettres sur la lumi\u00e8re - Librairie 7L","isPartOf":{"@id":"https:\/\/librairie7l.com\/en\/#website"},"datePublished":"2024-03-14T08:18:29+00:00","dateModified":"2026-04-22T11:52:59+00:00","breadcrumb":{"@id":"https:\/\/librairie7l.com\/en\/produit\/lettres-sur-la-lumiere\/#breadcrumb"},"inLanguage":"en-US","potentialAction":[{"@type":"ReadAction","target":["https:\/\/librairie7l.com\/en\/produit\/lettres-sur-la-lumiere\/"]}]},{"@type":"BreadcrumbList","@id":"https:\/\/librairie7l.com\/en\/produit\/lettres-sur-la-lumiere\/#breadcrumb","itemListElement":[{"@type":"ListItem","position":1,"name":"Accueil","item":"https:\/\/librairie7l.com\/en\/"},{"@type":"ListItem","position":2,"name":"Shop","item":"https:\/\/librairie7l.com\/en\/shop\/"},{"@type":"ListItem","position":3,"name":"LETTRES SUR LA LUMI\u00c8RE"}]},{"@type":"WebSite","@id":"https:\/\/librairie7l.com\/en\/#website","url":"https:\/\/librairie7l.com\/en\/","name":"Librairie 7L","description":"Librairie fond\u00e9e en 1999 par Karl Lagerfeld \u00e0 Paris","publisher":{"@id":"https:\/\/librairie7l.com\/en\/#organization"},"potentialAction":[{"@type":"SearchAction","target":{"@type":"EntryPoint","urlTemplate":"https:\/\/librairie7l.com\/en\/?s={search_term_string}"},"query-input":"required name=search_term_string"}],"inLanguage":"en-US"},{"@type":"Organization","@id":"https:\/\/librairie7l.com\/en\/#organization","name":"Librairie 7L","url":"https:\/\/librairie7l.com\/en\/","logo":{"@type":"ImageObject","inLanguage":"en-US","@id":"https:\/\/librairie7l.com\/en\/#\/schema\/logo\/image\/","url":"https:\/\/librairie7l.com\/wp-content\/uploads\/2022\/08\/logo-1.png","contentUrl":"https:\/\/librairie7l.com\/wp-content\/uploads\/2022\/08\/logo-1.png","width":227,"height":301,"caption":"Librairie 7L"},"image":{"@id":"https:\/\/librairie7l.com\/en\/#\/schema\/logo\/image\/"}}]}},"_links":{"self":[{"href":"https:\/\/librairie7l.com\/en\/wp-json\/wp\/v2\/product\/39810"}],"collection":[{"href":"https:\/\/librairie7l.com\/en\/wp-json\/wp\/v2\/product"}],"about":[{"href":"https:\/\/librairie7l.com\/en\/wp-json\/wp\/v2\/types\/product"}],"wp:featuredmedia":[{"embeddable":true,"href":"https:\/\/librairie7l.com\/en\/wp-json\/wp\/v2\/media\/39808"}],"wp:attachment":[{"href":"https:\/\/librairie7l.com\/en\/wp-json\/wp\/v2\/media?parent=39810"}],"wp:term":[{"taxonomy":"product_cat","embeddable":true,"href":"https:\/\/librairie7l.com\/en\/wp-json\/wp\/v2\/product_cat?post=39810"},{"taxonomy":"product_tag","embeddable":true,"href":"https:\/\/librairie7l.com\/en\/wp-json\/wp\/v2\/product_tag?post=39810"}],"curies":[{"name":"wp","href":"https:\/\/api.w.org\/{rel}","templated":true}]}}