{"id":39818,"date":"2024-03-14T09:18:40","date_gmt":"2024-03-14T08:18:40","guid":{"rendered":"https:\/\/librairie7l.com\/?post_type=product&#038;p=39818"},"modified":"2026-04-14T16:49:04","modified_gmt":"2026-04-14T14:49:04","slug":"prospect-cottage-la-maison-de-derek-jarman","status":"publish","type":"product","link":"https:\/\/librairie7l.com\/en\/produit\/prospect-cottage-la-maison-de-derek-jarman\/","title":{"rendered":"PROSPECT COTTAGE : LA MAISON DE DEREK JARMAN"},"content":{"rendered":"<p>Trente ans apr\u00e8s la mort de Derek Jarman, ce livre donne enfin acc\u00e8s au Prospect Cottage de Dungeness, maison qui r\u00e9sume la vision du monde du cin\u00e9aste. Souvent consid\u00e9r\u00e9 comme la derni\u00e8re cr\u00e9ation de Derek Jarman, ce lieu embl\u00e9matique se veut un autoportrait capable de r\u00e9sumer \u00e0 la fois l&#8217;artiste complexe et l&#8217;activiste gay, ainsi que l&#8217;\u00eatre humain cr\u00e9atif, contemplatif et courageux qu&#8217;il \u00e9tait.<\/p>\n","protected":false},"excerpt":{"rendered":"<p>Trente ans apr\u00e8s la mort de Derek Jarman, ce livre donne enfin acc\u00e8s au Prospect Cottage de Dungeness, maison qui r\u00e9sume la vision du monde du cin\u00e9aste. Souvent consid\u00e9r\u00e9 comme la derni\u00e8re cr\u00e9ation de Derek Jarman, ce lieu embl\u00e9matique se veut un autoportrait capable de r\u00e9sumer \u00e0 la fois l&#8217;artiste complexe et l&#8217;activiste gay, ainsi [&hellip;]<\/p>\n","protected":false},"featured_media":39816,"template":"","meta":[],"product_cat":[2948,2951],"product_tag":[],"acf":[],"yoast_head":"<!-- This site is optimized with the Yoast SEO plugin v20.11 - https:\/\/yoast.com\/wordpress\/plugins\/seo\/ -->\n<title>Prospect cottage : la maison de Derek Jarman - Librairie 7L<\/title>\n<meta name=\"robots\" content=\"index, follow, max-snippet:-1, max-image-preview:large, max-video-preview:-1\" \/>\n<link rel=\"canonical\" href=\"https:\/\/librairie7l.com\/en\/produit\/prospect-cottage-la-maison-de-derek-jarman\/\" \/>\n<meta property=\"og:locale\" content=\"en_US\" \/>\n<meta property=\"og:type\" content=\"article\" \/>\n<meta property=\"og:title\" content=\"Prospect cottage : la maison de Derek Jarman - Librairie 7L\" \/>\n<meta property=\"og:description\" content=\"Trente ans apr\u00e8s la mort de Derek Jarman, ce livre donne enfin acc\u00e8s au Prospect Cottage de Dungeness, maison qui r\u00e9sume la vision du monde du cin\u00e9aste. Souvent consid\u00e9r\u00e9 comme la derni\u00e8re cr\u00e9ation de Derek Jarman, ce lieu embl\u00e9matique se veut un autoportrait capable de r\u00e9sumer \u00e0 la fois l&#8217;artiste complexe et l&#8217;activiste gay, ainsi [&hellip;]\" \/>\n<meta property=\"og:url\" content=\"https:\/\/librairie7l.com\/en\/produit\/prospect-cottage-la-maison-de-derek-jarman\/\" \/>\n<meta property=\"og:site_name\" content=\"Librairie 7L\" \/>\n<meta property=\"article:modified_time\" content=\"2026-04-14T14:49:04+00:00\" \/>\n<meta property=\"og:image\" content=\"https:\/\/librairie7l.com\/wp-content\/uploads\/2024\/01\/9780500028162_1_75.jpg\" \/>\n\t<meta property=\"og:image:width\" content=\"360\" \/>\n\t<meta property=\"og:image:height\" content=\"500\" \/>\n\t<meta property=\"og:image:type\" content=\"image\/jpeg\" \/>\n<meta name=\"twitter:card\" content=\"summary_large_image\" \/>\n<script type=\"application\/ld+json\" class=\"yoast-schema-graph\">{\"@context\":\"https:\/\/schema.org\",\"@graph\":[{\"@type\":\"WebPage\",\"@id\":\"https:\/\/librairie7l.com\/en\/produit\/prospect-cottage-la-maison-de-derek-jarman\/\",\"url\":\"https:\/\/librairie7l.com\/en\/produit\/prospect-cottage-la-maison-de-derek-jarman\/\",\"name\":\"Prospect cottage : la maison de Derek Jarman - Librairie 7L\",\"isPartOf\":{\"@id\":\"https:\/\/librairie7l.com\/en\/#website\"},\"datePublished\":\"2024-03-14T08:18:40+00:00\",\"dateModified\":\"2026-04-14T14:49:04+00:00\",\"breadcrumb\":{\"@id\":\"https:\/\/librairie7l.com\/en\/produit\/prospect-cottage-la-maison-de-derek-jarman\/#breadcrumb\"},\"inLanguage\":\"en-US\",\"potentialAction\":[{\"@type\":\"ReadAction\",\"target\":[\"https:\/\/librairie7l.com\/en\/produit\/prospect-cottage-la-maison-de-derek-jarman\/\"]}]},{\"@type\":\"BreadcrumbList\",\"@id\":\"https:\/\/librairie7l.com\/en\/produit\/prospect-cottage-la-maison-de-derek-jarman\/#breadcrumb\",\"itemListElement\":[{\"@type\":\"ListItem\",\"position\":1,\"name\":\"Accueil\",\"item\":\"https:\/\/librairie7l.com\/en\/\"},{\"@type\":\"ListItem\",\"position\":2,\"name\":\"Shop\",\"item\":\"https:\/\/librairie7l.com\/en\/shop\/\"},{\"@type\":\"ListItem\",\"position\":3,\"name\":\"PROSPECT COTTAGE : LA MAISON DE DEREK JARMAN\"}]},{\"@type\":\"WebSite\",\"@id\":\"https:\/\/librairie7l.com\/en\/#website\",\"url\":\"https:\/\/librairie7l.com\/en\/\",\"name\":\"Librairie 7L\",\"description\":\"Librairie fond\u00e9e en 1999 par Karl Lagerfeld \u00e0 Paris\",\"publisher\":{\"@id\":\"https:\/\/librairie7l.com\/en\/#organization\"},\"potentialAction\":[{\"@type\":\"SearchAction\",\"target\":{\"@type\":\"EntryPoint\",\"urlTemplate\":\"https:\/\/librairie7l.com\/en\/?s={search_term_string}\"},\"query-input\":\"required name=search_term_string\"}],\"inLanguage\":\"en-US\"},{\"@type\":\"Organization\",\"@id\":\"https:\/\/librairie7l.com\/en\/#organization\",\"name\":\"Librairie 7L\",\"url\":\"https:\/\/librairie7l.com\/en\/\",\"logo\":{\"@type\":\"ImageObject\",\"inLanguage\":\"en-US\",\"@id\":\"https:\/\/librairie7l.com\/en\/#\/schema\/logo\/image\/\",\"url\":\"https:\/\/librairie7l.com\/wp-content\/uploads\/2022\/08\/logo-1.png\",\"contentUrl\":\"https:\/\/librairie7l.com\/wp-content\/uploads\/2022\/08\/logo-1.png\",\"width\":227,\"height\":301,\"caption\":\"Librairie 7L\"},\"image\":{\"@id\":\"https:\/\/librairie7l.com\/en\/#\/schema\/logo\/image\/\"}}]}<\/script>\n<!-- \/ Yoast SEO plugin. -->","yoast_head_json":{"title":"Prospect cottage : la maison de Derek Jarman - Librairie 7L","robots":{"index":"index","follow":"follow","max-snippet":"max-snippet:-1","max-image-preview":"max-image-preview:large","max-video-preview":"max-video-preview:-1"},"canonical":"https:\/\/librairie7l.com\/en\/produit\/prospect-cottage-la-maison-de-derek-jarman\/","og_locale":"en_US","og_type":"article","og_title":"Prospect cottage : la maison de Derek Jarman - Librairie 7L","og_description":"Trente ans apr\u00e8s la mort de Derek Jarman, ce livre donne enfin acc\u00e8s au Prospect Cottage de Dungeness, maison qui r\u00e9sume la vision du monde du cin\u00e9aste. Souvent consid\u00e9r\u00e9 comme la derni\u00e8re cr\u00e9ation de Derek Jarman, ce lieu embl\u00e9matique se veut un autoportrait capable de r\u00e9sumer \u00e0 la fois l&#8217;artiste complexe et l&#8217;activiste gay, ainsi [&hellip;]","og_url":"https:\/\/librairie7l.com\/en\/produit\/prospect-cottage-la-maison-de-derek-jarman\/","og_site_name":"Librairie 7L","article_modified_time":"2026-04-14T14:49:04+00:00","og_image":[{"width":360,"height":500,"url":"https:\/\/librairie7l.com\/wp-content\/uploads\/2024\/01\/9780500028162_1_75.jpg","type":"image\/jpeg"}],"twitter_card":"summary_large_image","schema":{"@context":"https:\/\/schema.org","@graph":[{"@type":"WebPage","@id":"https:\/\/librairie7l.com\/en\/produit\/prospect-cottage-la-maison-de-derek-jarman\/","url":"https:\/\/librairie7l.com\/en\/produit\/prospect-cottage-la-maison-de-derek-jarman\/","name":"Prospect cottage : la maison de Derek Jarman - Librairie 7L","isPartOf":{"@id":"https:\/\/librairie7l.com\/en\/#website"},"datePublished":"2024-03-14T08:18:40+00:00","dateModified":"2026-04-14T14:49:04+00:00","breadcrumb":{"@id":"https:\/\/librairie7l.com\/en\/produit\/prospect-cottage-la-maison-de-derek-jarman\/#breadcrumb"},"inLanguage":"en-US","potentialAction":[{"@type":"ReadAction","target":["https:\/\/librairie7l.com\/en\/produit\/prospect-cottage-la-maison-de-derek-jarman\/"]}]},{"@type":"BreadcrumbList","@id":"https:\/\/librairie7l.com\/en\/produit\/prospect-cottage-la-maison-de-derek-jarman\/#breadcrumb","itemListElement":[{"@type":"ListItem","position":1,"name":"Accueil","item":"https:\/\/librairie7l.com\/en\/"},{"@type":"ListItem","position":2,"name":"Shop","item":"https:\/\/librairie7l.com\/en\/shop\/"},{"@type":"ListItem","position":3,"name":"PROSPECT COTTAGE : LA MAISON DE DEREK JARMAN"}]},{"@type":"WebSite","@id":"https:\/\/librairie7l.com\/en\/#website","url":"https:\/\/librairie7l.com\/en\/","name":"Librairie 7L","description":"Librairie fond\u00e9e en 1999 par Karl Lagerfeld \u00e0 Paris","publisher":{"@id":"https:\/\/librairie7l.com\/en\/#organization"},"potentialAction":[{"@type":"SearchAction","target":{"@type":"EntryPoint","urlTemplate":"https:\/\/librairie7l.com\/en\/?s={search_term_string}"},"query-input":"required name=search_term_string"}],"inLanguage":"en-US"},{"@type":"Organization","@id":"https:\/\/librairie7l.com\/en\/#organization","name":"Librairie 7L","url":"https:\/\/librairie7l.com\/en\/","logo":{"@type":"ImageObject","inLanguage":"en-US","@id":"https:\/\/librairie7l.com\/en\/#\/schema\/logo\/image\/","url":"https:\/\/librairie7l.com\/wp-content\/uploads\/2022\/08\/logo-1.png","contentUrl":"https:\/\/librairie7l.com\/wp-content\/uploads\/2022\/08\/logo-1.png","width":227,"height":301,"caption":"Librairie 7L"},"image":{"@id":"https:\/\/librairie7l.com\/en\/#\/schema\/logo\/image\/"}}]}},"_links":{"self":[{"href":"https:\/\/librairie7l.com\/en\/wp-json\/wp\/v2\/product\/39818"}],"collection":[{"href":"https:\/\/librairie7l.com\/en\/wp-json\/wp\/v2\/product"}],"about":[{"href":"https:\/\/librairie7l.com\/en\/wp-json\/wp\/v2\/types\/product"}],"wp:featuredmedia":[{"embeddable":true,"href":"https:\/\/librairie7l.com\/en\/wp-json\/wp\/v2\/media\/39816"}],"wp:attachment":[{"href":"https:\/\/librairie7l.com\/en\/wp-json\/wp\/v2\/media?parent=39818"}],"wp:term":[{"taxonomy":"product_cat","embeddable":true,"href":"https:\/\/librairie7l.com\/en\/wp-json\/wp\/v2\/product_cat?post=39818"},{"taxonomy":"product_tag","embeddable":true,"href":"https:\/\/librairie7l.com\/en\/wp-json\/wp\/v2\/product_tag?post=39818"}],"curies":[{"name":"wp","href":"https:\/\/api.w.org\/{rel}","templated":true}]}}