{"id":39894,"date":"2024-03-16T09:19:04","date_gmt":"2024-03-16T08:19:04","guid":{"rendered":"https:\/\/librairie7l.com\/?post_type=product&#038;p=39894"},"modified":"2026-04-17T23:05:59","modified_gmt":"2026-04-17T21:05:59","slug":"exterieurs-annie-ernaux-et-la-photographie","status":"publish","type":"product","link":"https:\/\/librairie7l.com\/en\/produit\/exterieurs-annie-ernaux-et-la-photographie\/","title":{"rendered":"EXT\u00c9RIEURS ANNIE ERNAUX ET LA PHOTOGRAPHIE"},"content":{"rendered":"<p>Cette publication accompagne une exposition \u00e0 la Maison europ\u00e9enne de la photographie \u00e0 Paris, qui ouvrira le 28 f\u00e9vrier 2024 et dont le commissariat est assur\u00e9 par Lou Stoppard. Combine l&#8217;\u00e9criture du livre Exteriors de la laur\u00e9ate du prix Nobel Annie Ernaux avec des photographies de la collection de la MEP. Disponible en fran\u00e7ais et en anglais \u00ab Mettre sur papier les mouvements, les postures et les paroles des personnes que je rencontre me donne l&#8217;illusion d&#8217;\u00eatre proche d&#8217;elles. Je ne leur parle pas, je ne fais que les regarder et les \u00e9couter. Pourtant, les \u00e9motions qu&#8217;elles suscitent en moi sont bien r\u00e9elles. Je peux aussi essayer de d\u00e9couvrir quelque chose sur moi-m\u00eame \u00e0 travers eux, leurs attitudes ou leurs conversations. (Assise en face de quelqu&#8217;un dans le m\u00e9tro, je me demande souvent : &#8220;Pourquoi ne suis-je pas cette femme ? \u00bb Annie Ernaux Ext\u00e9rieurs : Annie Ernaux et la photographie r\u00e9unit les c\u00e9l\u00e8bres \u00e9crits d&#8217;Annie Ernaux, laur\u00e9ate du prix Nobel de litt\u00e9rature, et les photographies de la collection de la Maison europ\u00e9enne de la photographie, r\u00e9alis\u00e9es par des photographes tels que Harry Callahan, Claude Dityvon, Dolor\u00e8s Marat, Daido Moriyama, Janine Ni\u00e9pce, Issei Suda, Henry Wessel et Bernard Pierre Wolff. S&#8217;inspirant de la d\u00e9marche artistique unique d&#8217;Ernaux visant \u00e0 &#8220;d\u00e9crire la r\u00e9alit\u00e9 \u00e0 travers les yeux d&#8217;un photographe et \u00e0 pr\u00e9server le myst\u00e8re et l&#8217;opacit\u00e9 des vies que j&#8217;ai rencontr\u00e9es&#8221;, ce projet de l&#8217;\u00e9crivain et commissaire d&#8217;exposition Lou Stoppard met en lumi\u00e8re les mani\u00e8res profondes dont l&#8217;image \u00e9crite et l&#8217;image visuelle peuvent s&#8217;informer et influer l&#8217;une sur l&#8217;autre. Ce faisant, il propose une nouvelle fa\u00e7on de penser la litt\u00e9rature et la photographie, et les fa\u00e7ons dont des th\u00e8mes communs &#8211; tels que la classe, le voyage, les st\u00e9r\u00e9otypes sociaux et l&#8217;identit\u00e9 individuelle dans l&#8217;environnement urbain moderne &#8211; peuvent \u00eatre explor\u00e9s entre ces deux formes.<\/p>\n","protected":false},"excerpt":{"rendered":"<p>Cette publication accompagne une exposition \u00e0 la Maison europ\u00e9enne de la photographie \u00e0 Paris, qui ouvrira le 28 f\u00e9vrier 2024 et dont le commissariat est assur\u00e9 par Lou Stoppard. Combine l&#8217;\u00e9criture du livre Exteriors de la laur\u00e9ate du prix Nobel Annie Ernaux avec des photographies de la collection de la MEP. Disponible en fran\u00e7ais et [&hellip;]<\/p>\n","protected":false},"featured_media":39892,"template":"","meta":[],"product_cat":[2948,2958],"product_tag":[],"acf":[],"yoast_head":"<!-- This site is optimized with the Yoast SEO plugin v20.11 - https:\/\/yoast.com\/wordpress\/plugins\/seo\/ -->\n<title>Ext\u00e9rieurs Annie Ernaux et la photographie - Librairie 7L<\/title>\n<meta name=\"robots\" content=\"index, follow, max-snippet:-1, max-image-preview:large, max-video-preview:-1\" \/>\n<link rel=\"canonical\" href=\"https:\/\/librairie7l.com\/en\/produit\/exterieurs-annie-ernaux-et-la-photographie\/\" \/>\n<meta property=\"og:locale\" content=\"en_US\" \/>\n<meta property=\"og:type\" content=\"article\" \/>\n<meta property=\"og:title\" content=\"Ext\u00e9rieurs Annie Ernaux et la photographie - Librairie 7L\" \/>\n<meta property=\"og:description\" content=\"Cette publication accompagne une exposition \u00e0 la Maison europ\u00e9enne de la photographie \u00e0 Paris, qui ouvrira le 28 f\u00e9vrier 2024 et dont le commissariat est assur\u00e9 par Lou Stoppard. Combine l&#8217;\u00e9criture du livre Exteriors de la laur\u00e9ate du prix Nobel Annie Ernaux avec des photographies de la collection de la MEP. Disponible en fran\u00e7ais et [&hellip;]\" \/>\n<meta property=\"og:url\" content=\"https:\/\/librairie7l.com\/en\/produit\/exterieurs-annie-ernaux-et-la-photographie\/\" \/>\n<meta property=\"og:site_name\" content=\"Librairie 7L\" \/>\n<meta property=\"article:modified_time\" content=\"2026-04-17T21:05:59+00:00\" \/>\n<meta property=\"og:image\" content=\"https:\/\/librairie7l.com\/wp-content\/uploads\/2024\/02\/9781915743459_1_75.jpg\" \/>\n\t<meta property=\"og:image:width\" content=\"600\" \/>\n\t<meta property=\"og:image:height\" content=\"838\" \/>\n\t<meta property=\"og:image:type\" content=\"image\/jpeg\" \/>\n<meta name=\"twitter:card\" content=\"summary_large_image\" \/>\n<meta name=\"twitter:label1\" content=\"Est. reading time\" \/>\n\t<meta name=\"twitter:data1\" content=\"2 minutes\" \/>\n<script type=\"application\/ld+json\" class=\"yoast-schema-graph\">{\"@context\":\"https:\/\/schema.org\",\"@graph\":[{\"@type\":\"WebPage\",\"@id\":\"https:\/\/librairie7l.com\/en\/produit\/exterieurs-annie-ernaux-et-la-photographie\/\",\"url\":\"https:\/\/librairie7l.com\/en\/produit\/exterieurs-annie-ernaux-et-la-photographie\/\",\"name\":\"Ext\u00e9rieurs Annie Ernaux et la photographie - Librairie 7L\",\"isPartOf\":{\"@id\":\"https:\/\/librairie7l.com\/en\/#website\"},\"datePublished\":\"2024-03-16T08:19:04+00:00\",\"dateModified\":\"2026-04-17T21:05:59+00:00\",\"breadcrumb\":{\"@id\":\"https:\/\/librairie7l.com\/en\/produit\/exterieurs-annie-ernaux-et-la-photographie\/#breadcrumb\"},\"inLanguage\":\"en-US\",\"potentialAction\":[{\"@type\":\"ReadAction\",\"target\":[\"https:\/\/librairie7l.com\/en\/produit\/exterieurs-annie-ernaux-et-la-photographie\/\"]}]},{\"@type\":\"BreadcrumbList\",\"@id\":\"https:\/\/librairie7l.com\/en\/produit\/exterieurs-annie-ernaux-et-la-photographie\/#breadcrumb\",\"itemListElement\":[{\"@type\":\"ListItem\",\"position\":1,\"name\":\"Accueil\",\"item\":\"https:\/\/librairie7l.com\/en\/\"},{\"@type\":\"ListItem\",\"position\":2,\"name\":\"Shop\",\"item\":\"https:\/\/librairie7l.com\/en\/shop\/\"},{\"@type\":\"ListItem\",\"position\":3,\"name\":\"EXT\u00c9RIEURS ANNIE ERNAUX ET LA PHOTOGRAPHIE\"}]},{\"@type\":\"WebSite\",\"@id\":\"https:\/\/librairie7l.com\/en\/#website\",\"url\":\"https:\/\/librairie7l.com\/en\/\",\"name\":\"Librairie 7L\",\"description\":\"Librairie fond\u00e9e en 1999 par Karl Lagerfeld \u00e0 Paris\",\"publisher\":{\"@id\":\"https:\/\/librairie7l.com\/en\/#organization\"},\"potentialAction\":[{\"@type\":\"SearchAction\",\"target\":{\"@type\":\"EntryPoint\",\"urlTemplate\":\"https:\/\/librairie7l.com\/en\/?s={search_term_string}\"},\"query-input\":\"required name=search_term_string\"}],\"inLanguage\":\"en-US\"},{\"@type\":\"Organization\",\"@id\":\"https:\/\/librairie7l.com\/en\/#organization\",\"name\":\"Librairie 7L\",\"url\":\"https:\/\/librairie7l.com\/en\/\",\"logo\":{\"@type\":\"ImageObject\",\"inLanguage\":\"en-US\",\"@id\":\"https:\/\/librairie7l.com\/en\/#\/schema\/logo\/image\/\",\"url\":\"https:\/\/librairie7l.com\/wp-content\/uploads\/2022\/08\/logo-1.png\",\"contentUrl\":\"https:\/\/librairie7l.com\/wp-content\/uploads\/2022\/08\/logo-1.png\",\"width\":227,\"height\":301,\"caption\":\"Librairie 7L\"},\"image\":{\"@id\":\"https:\/\/librairie7l.com\/en\/#\/schema\/logo\/image\/\"}}]}<\/script>\n<!-- \/ Yoast SEO plugin. -->","yoast_head_json":{"title":"Ext\u00e9rieurs Annie Ernaux et la photographie - Librairie 7L","robots":{"index":"index","follow":"follow","max-snippet":"max-snippet:-1","max-image-preview":"max-image-preview:large","max-video-preview":"max-video-preview:-1"},"canonical":"https:\/\/librairie7l.com\/en\/produit\/exterieurs-annie-ernaux-et-la-photographie\/","og_locale":"en_US","og_type":"article","og_title":"Ext\u00e9rieurs Annie Ernaux et la photographie - Librairie 7L","og_description":"Cette publication accompagne une exposition \u00e0 la Maison europ\u00e9enne de la photographie \u00e0 Paris, qui ouvrira le 28 f\u00e9vrier 2024 et dont le commissariat est assur\u00e9 par Lou Stoppard. Combine l&#8217;\u00e9criture du livre Exteriors de la laur\u00e9ate du prix Nobel Annie Ernaux avec des photographies de la collection de la MEP. Disponible en fran\u00e7ais et [&hellip;]","og_url":"https:\/\/librairie7l.com\/en\/produit\/exterieurs-annie-ernaux-et-la-photographie\/","og_site_name":"Librairie 7L","article_modified_time":"2026-04-17T21:05:59+00:00","og_image":[{"width":600,"height":838,"url":"https:\/\/librairie7l.com\/wp-content\/uploads\/2024\/02\/9781915743459_1_75.jpg","type":"image\/jpeg"}],"twitter_card":"summary_large_image","twitter_misc":{"Est. reading time":"2 minutes"},"schema":{"@context":"https:\/\/schema.org","@graph":[{"@type":"WebPage","@id":"https:\/\/librairie7l.com\/en\/produit\/exterieurs-annie-ernaux-et-la-photographie\/","url":"https:\/\/librairie7l.com\/en\/produit\/exterieurs-annie-ernaux-et-la-photographie\/","name":"Ext\u00e9rieurs Annie Ernaux et la photographie - Librairie 7L","isPartOf":{"@id":"https:\/\/librairie7l.com\/en\/#website"},"datePublished":"2024-03-16T08:19:04+00:00","dateModified":"2026-04-17T21:05:59+00:00","breadcrumb":{"@id":"https:\/\/librairie7l.com\/en\/produit\/exterieurs-annie-ernaux-et-la-photographie\/#breadcrumb"},"inLanguage":"en-US","potentialAction":[{"@type":"ReadAction","target":["https:\/\/librairie7l.com\/en\/produit\/exterieurs-annie-ernaux-et-la-photographie\/"]}]},{"@type":"BreadcrumbList","@id":"https:\/\/librairie7l.com\/en\/produit\/exterieurs-annie-ernaux-et-la-photographie\/#breadcrumb","itemListElement":[{"@type":"ListItem","position":1,"name":"Accueil","item":"https:\/\/librairie7l.com\/en\/"},{"@type":"ListItem","position":2,"name":"Shop","item":"https:\/\/librairie7l.com\/en\/shop\/"},{"@type":"ListItem","position":3,"name":"EXT\u00c9RIEURS ANNIE ERNAUX ET LA PHOTOGRAPHIE"}]},{"@type":"WebSite","@id":"https:\/\/librairie7l.com\/en\/#website","url":"https:\/\/librairie7l.com\/en\/","name":"Librairie 7L","description":"Librairie fond\u00e9e en 1999 par Karl Lagerfeld \u00e0 Paris","publisher":{"@id":"https:\/\/librairie7l.com\/en\/#organization"},"potentialAction":[{"@type":"SearchAction","target":{"@type":"EntryPoint","urlTemplate":"https:\/\/librairie7l.com\/en\/?s={search_term_string}"},"query-input":"required name=search_term_string"}],"inLanguage":"en-US"},{"@type":"Organization","@id":"https:\/\/librairie7l.com\/en\/#organization","name":"Librairie 7L","url":"https:\/\/librairie7l.com\/en\/","logo":{"@type":"ImageObject","inLanguage":"en-US","@id":"https:\/\/librairie7l.com\/en\/#\/schema\/logo\/image\/","url":"https:\/\/librairie7l.com\/wp-content\/uploads\/2022\/08\/logo-1.png","contentUrl":"https:\/\/librairie7l.com\/wp-content\/uploads\/2022\/08\/logo-1.png","width":227,"height":301,"caption":"Librairie 7L"},"image":{"@id":"https:\/\/librairie7l.com\/en\/#\/schema\/logo\/image\/"}}]}},"_links":{"self":[{"href":"https:\/\/librairie7l.com\/en\/wp-json\/wp\/v2\/product\/39894"}],"collection":[{"href":"https:\/\/librairie7l.com\/en\/wp-json\/wp\/v2\/product"}],"about":[{"href":"https:\/\/librairie7l.com\/en\/wp-json\/wp\/v2\/types\/product"}],"wp:featuredmedia":[{"embeddable":true,"href":"https:\/\/librairie7l.com\/en\/wp-json\/wp\/v2\/media\/39892"}],"wp:attachment":[{"href":"https:\/\/librairie7l.com\/en\/wp-json\/wp\/v2\/media?parent=39894"}],"wp:term":[{"taxonomy":"product_cat","embeddable":true,"href":"https:\/\/librairie7l.com\/en\/wp-json\/wp\/v2\/product_cat?post=39894"},{"taxonomy":"product_tag","embeddable":true,"href":"https:\/\/librairie7l.com\/en\/wp-json\/wp\/v2\/product_tag?post=39894"}],"curies":[{"name":"wp","href":"https:\/\/api.w.org\/{rel}","templated":true}]}}