{"id":39924,"date":"2024-03-20T09:52:59","date_gmt":"2024-03-20T08:52:59","guid":{"rendered":"https:\/\/librairie7l.com\/?post_type=product&#038;p=39924"},"modified":"2026-04-12T13:00:53","modified_gmt":"2026-04-12T11:00:53","slug":"herve-di-rosa","status":"publish","type":"product","link":"https:\/\/librairie7l.com\/en\/produit\/herve-di-rosa\/","title":{"rendered":"HERV\u00c9 DI ROSA"},"content":{"rendered":"<p>Di Rosa se fait conna\u00eetre au d\u00e9but des ann\u00e9es 1980 au<br \/>\nsein du courant de la Figuration libre, puisant son inspiration<br \/>\ndans la culture populaire, et notamment la bande dessin\u00e9e.<br \/>\nIl se consacre ensuite \u00e0 un projet singulier : confier ses<br \/>\nimages \u00e0 diff\u00e9rents artisanats et techniques de par le monde<br \/>\n(de Sofia \u00e0 Lisbonne en passant notamment par le Ghana,<br \/>\nl&#8217;\u00c9thiopie, le Vietnam, le Mexique, la Floride ou l&#8217;Andalousie).<br \/>\nParall\u00e8lement \u00e0 son art, Di Rosa collectionne ce qu&#8217;il appelle<br \/>\nles arts modestes, ces productions esth\u00e9tiques faites en<br \/>\ndehors du champ des Beaux-Arts. En 2000, il cr\u00e9e \u00e0 S\u00e8te, ville<br \/>\ndont il est originaire, un mus\u00e9e d\u00e9di\u00e9 \u00e0 ces productions, le<br \/>\nMus\u00e9e international des arts modestes.<br \/>\nAutour des oeuvres du projet Autour du monde<br \/>\nentr\u00e9es dans la collection, l&#8217;exposition \u00ab Di Rosa, le passemondes \u00bb r\u00e9unit des oeuvres de l&#8217;\u00e9poque de la Figuration<br \/>\nlibre, des objets d&#8217;art modeste et des peintures r\u00e9centes afin<br \/>\nde donner un aper\u00e7u d&#8217;ensemble de cet artiste \u00e0 nul autre<br \/>\nsemblable.<\/p>\n","protected":false},"excerpt":{"rendered":"<p>Di Rosa se fait conna\u00eetre au d\u00e9but des ann\u00e9es 1980 au sein du courant de la Figuration libre, puisant son inspiration dans la culture populaire, et notamment la bande dessin\u00e9e. Il se consacre ensuite \u00e0 un projet singulier : confier ses images \u00e0 diff\u00e9rents artisanats et techniques de par le monde (de Sofia \u00e0 Lisbonne [&hellip;]<\/p>\n","protected":false},"featured_media":39922,"template":"","meta":[],"product_cat":[2948,2953],"product_tag":[],"acf":[],"yoast_head":"<!-- This site is optimized with the Yoast SEO plugin v20.11 - https:\/\/yoast.com\/wordpress\/plugins\/seo\/ -->\n<title>Herv\u00e9 di Rosa - Librairie 7L<\/title>\n<meta name=\"robots\" content=\"index, follow, max-snippet:-1, max-image-preview:large, max-video-preview:-1\" \/>\n<link rel=\"canonical\" href=\"https:\/\/librairie7l.com\/en\/produit\/herve-di-rosa\/\" \/>\n<meta property=\"og:locale\" content=\"en_US\" \/>\n<meta property=\"og:type\" content=\"article\" \/>\n<meta property=\"og:title\" content=\"Herv\u00e9 di Rosa - Librairie 7L\" \/>\n<meta property=\"og:description\" content=\"Di Rosa se fait conna\u00eetre au d\u00e9but des ann\u00e9es 1980 au sein du courant de la Figuration libre, puisant son inspiration dans la culture populaire, et notamment la bande dessin\u00e9e. Il se consacre ensuite \u00e0 un projet singulier : confier ses images \u00e0 diff\u00e9rents artisanats et techniques de par le monde (de Sofia \u00e0 Lisbonne [&hellip;]\" \/>\n<meta property=\"og:url\" content=\"https:\/\/librairie7l.com\/en\/produit\/herve-di-rosa\/\" \/>\n<meta property=\"og:site_name\" content=\"Librairie 7L\" \/>\n<meta property=\"article:modified_time\" content=\"2026-04-12T11:00:53+00:00\" \/>\n<meta property=\"og:image\" content=\"https:\/\/librairie7l.com\/wp-content\/uploads\/2023\/09\/9782844269737_1_75.jpg\" \/>\n\t<meta property=\"og:image:width\" content=\"559\" \/>\n\t<meta property=\"og:image:height\" content=\"782\" \/>\n\t<meta property=\"og:image:type\" content=\"image\/jpeg\" \/>\n<meta name=\"twitter:card\" content=\"summary_large_image\" \/>\n<meta name=\"twitter:label1\" content=\"Est. reading time\" \/>\n\t<meta name=\"twitter:data1\" content=\"1 minute\" \/>\n<script type=\"application\/ld+json\" class=\"yoast-schema-graph\">{\"@context\":\"https:\/\/schema.org\",\"@graph\":[{\"@type\":\"WebPage\",\"@id\":\"https:\/\/librairie7l.com\/en\/produit\/herve-di-rosa\/\",\"url\":\"https:\/\/librairie7l.com\/en\/produit\/herve-di-rosa\/\",\"name\":\"Herv\u00e9 di Rosa - Librairie 7L\",\"isPartOf\":{\"@id\":\"https:\/\/librairie7l.com\/en\/#website\"},\"datePublished\":\"2024-03-20T08:52:59+00:00\",\"dateModified\":\"2026-04-12T11:00:53+00:00\",\"breadcrumb\":{\"@id\":\"https:\/\/librairie7l.com\/en\/produit\/herve-di-rosa\/#breadcrumb\"},\"inLanguage\":\"en-US\",\"potentialAction\":[{\"@type\":\"ReadAction\",\"target\":[\"https:\/\/librairie7l.com\/en\/produit\/herve-di-rosa\/\"]}]},{\"@type\":\"BreadcrumbList\",\"@id\":\"https:\/\/librairie7l.com\/en\/produit\/herve-di-rosa\/#breadcrumb\",\"itemListElement\":[{\"@type\":\"ListItem\",\"position\":1,\"name\":\"Accueil\",\"item\":\"https:\/\/librairie7l.com\/en\/\"},{\"@type\":\"ListItem\",\"position\":2,\"name\":\"Shop\",\"item\":\"https:\/\/librairie7l.com\/en\/shop\/\"},{\"@type\":\"ListItem\",\"position\":3,\"name\":\"HERV\u00c9 DI ROSA\"}]},{\"@type\":\"WebSite\",\"@id\":\"https:\/\/librairie7l.com\/en\/#website\",\"url\":\"https:\/\/librairie7l.com\/en\/\",\"name\":\"Librairie 7L\",\"description\":\"Librairie fond\u00e9e en 1999 par Karl Lagerfeld \u00e0 Paris\",\"publisher\":{\"@id\":\"https:\/\/librairie7l.com\/en\/#organization\"},\"potentialAction\":[{\"@type\":\"SearchAction\",\"target\":{\"@type\":\"EntryPoint\",\"urlTemplate\":\"https:\/\/librairie7l.com\/en\/?s={search_term_string}\"},\"query-input\":\"required name=search_term_string\"}],\"inLanguage\":\"en-US\"},{\"@type\":\"Organization\",\"@id\":\"https:\/\/librairie7l.com\/en\/#organization\",\"name\":\"Librairie 7L\",\"url\":\"https:\/\/librairie7l.com\/en\/\",\"logo\":{\"@type\":\"ImageObject\",\"inLanguage\":\"en-US\",\"@id\":\"https:\/\/librairie7l.com\/en\/#\/schema\/logo\/image\/\",\"url\":\"https:\/\/librairie7l.com\/wp-content\/uploads\/2022\/08\/logo-1.png\",\"contentUrl\":\"https:\/\/librairie7l.com\/wp-content\/uploads\/2022\/08\/logo-1.png\",\"width\":227,\"height\":301,\"caption\":\"Librairie 7L\"},\"image\":{\"@id\":\"https:\/\/librairie7l.com\/en\/#\/schema\/logo\/image\/\"}}]}<\/script>\n<!-- \/ Yoast SEO plugin. -->","yoast_head_json":{"title":"Herv\u00e9 di Rosa - Librairie 7L","robots":{"index":"index","follow":"follow","max-snippet":"max-snippet:-1","max-image-preview":"max-image-preview:large","max-video-preview":"max-video-preview:-1"},"canonical":"https:\/\/librairie7l.com\/en\/produit\/herve-di-rosa\/","og_locale":"en_US","og_type":"article","og_title":"Herv\u00e9 di Rosa - Librairie 7L","og_description":"Di Rosa se fait conna\u00eetre au d\u00e9but des ann\u00e9es 1980 au sein du courant de la Figuration libre, puisant son inspiration dans la culture populaire, et notamment la bande dessin\u00e9e. Il se consacre ensuite \u00e0 un projet singulier : confier ses images \u00e0 diff\u00e9rents artisanats et techniques de par le monde (de Sofia \u00e0 Lisbonne [&hellip;]","og_url":"https:\/\/librairie7l.com\/en\/produit\/herve-di-rosa\/","og_site_name":"Librairie 7L","article_modified_time":"2026-04-12T11:00:53+00:00","og_image":[{"width":559,"height":782,"url":"https:\/\/librairie7l.com\/wp-content\/uploads\/2023\/09\/9782844269737_1_75.jpg","type":"image\/jpeg"}],"twitter_card":"summary_large_image","twitter_misc":{"Est. reading time":"1 minute"},"schema":{"@context":"https:\/\/schema.org","@graph":[{"@type":"WebPage","@id":"https:\/\/librairie7l.com\/en\/produit\/herve-di-rosa\/","url":"https:\/\/librairie7l.com\/en\/produit\/herve-di-rosa\/","name":"Herv\u00e9 di Rosa - Librairie 7L","isPartOf":{"@id":"https:\/\/librairie7l.com\/en\/#website"},"datePublished":"2024-03-20T08:52:59+00:00","dateModified":"2026-04-12T11:00:53+00:00","breadcrumb":{"@id":"https:\/\/librairie7l.com\/en\/produit\/herve-di-rosa\/#breadcrumb"},"inLanguage":"en-US","potentialAction":[{"@type":"ReadAction","target":["https:\/\/librairie7l.com\/en\/produit\/herve-di-rosa\/"]}]},{"@type":"BreadcrumbList","@id":"https:\/\/librairie7l.com\/en\/produit\/herve-di-rosa\/#breadcrumb","itemListElement":[{"@type":"ListItem","position":1,"name":"Accueil","item":"https:\/\/librairie7l.com\/en\/"},{"@type":"ListItem","position":2,"name":"Shop","item":"https:\/\/librairie7l.com\/en\/shop\/"},{"@type":"ListItem","position":3,"name":"HERV\u00c9 DI ROSA"}]},{"@type":"WebSite","@id":"https:\/\/librairie7l.com\/en\/#website","url":"https:\/\/librairie7l.com\/en\/","name":"Librairie 7L","description":"Librairie fond\u00e9e en 1999 par Karl Lagerfeld \u00e0 Paris","publisher":{"@id":"https:\/\/librairie7l.com\/en\/#organization"},"potentialAction":[{"@type":"SearchAction","target":{"@type":"EntryPoint","urlTemplate":"https:\/\/librairie7l.com\/en\/?s={search_term_string}"},"query-input":"required name=search_term_string"}],"inLanguage":"en-US"},{"@type":"Organization","@id":"https:\/\/librairie7l.com\/en\/#organization","name":"Librairie 7L","url":"https:\/\/librairie7l.com\/en\/","logo":{"@type":"ImageObject","inLanguage":"en-US","@id":"https:\/\/librairie7l.com\/en\/#\/schema\/logo\/image\/","url":"https:\/\/librairie7l.com\/wp-content\/uploads\/2022\/08\/logo-1.png","contentUrl":"https:\/\/librairie7l.com\/wp-content\/uploads\/2022\/08\/logo-1.png","width":227,"height":301,"caption":"Librairie 7L"},"image":{"@id":"https:\/\/librairie7l.com\/en\/#\/schema\/logo\/image\/"}}]}},"_links":{"self":[{"href":"https:\/\/librairie7l.com\/en\/wp-json\/wp\/v2\/product\/39924"}],"collection":[{"href":"https:\/\/librairie7l.com\/en\/wp-json\/wp\/v2\/product"}],"about":[{"href":"https:\/\/librairie7l.com\/en\/wp-json\/wp\/v2\/types\/product"}],"wp:featuredmedia":[{"embeddable":true,"href":"https:\/\/librairie7l.com\/en\/wp-json\/wp\/v2\/media\/39922"}],"wp:attachment":[{"href":"https:\/\/librairie7l.com\/en\/wp-json\/wp\/v2\/media?parent=39924"}],"wp:term":[{"taxonomy":"product_cat","embeddable":true,"href":"https:\/\/librairie7l.com\/en\/wp-json\/wp\/v2\/product_cat?post=39924"},{"taxonomy":"product_tag","embeddable":true,"href":"https:\/\/librairie7l.com\/en\/wp-json\/wp\/v2\/product_tag?post=39924"}],"curies":[{"name":"wp","href":"https:\/\/api.w.org\/{rel}","templated":true}]}}