{"id":39928,"date":"2024-03-20T09:53:03","date_gmt":"2024-03-20T08:53:03","guid":{"rendered":"https:\/\/librairie7l.com\/?post_type=product&#038;p=39928"},"modified":"2026-04-12T13:01:19","modified_gmt":"2026-04-12T11:01:19","slug":"art-public-et-controverses-xixie-xxie-siecle","status":"publish","type":"product","link":"https:\/\/librairie7l.com\/en\/produit\/art-public-et-controverses-xixie-xxie-siecle\/","title":{"rendered":"ART PUBLIC ET CONTROVERSES : XIXIE-XXIE SI\u00c8CLE"},"content":{"rendered":"<p>Du Balzac de Rodin au Balloon Dog de Jeff Koons : quand l&#8217;art public fait grincer des dents.<br \/>\nL&#8217;art public : de l&#8217;activisme citoyen aux nouveaux censeurs.<br \/>\nUn sujet pol\u00e9mique au prisme de l&#8217;histoire longue.<br \/>\n\u00c0 une \u00e9poque o\u00f9 les mots &#8220;?censure?&#8221; et &#8220;?d\u00e9boulonnage?&#8221; sont r\u00e9guli\u00e8rement prononc\u00e9s et alors que se multiplient les d\u00e9bats autour de la cancel culture, du wokisme et de l&#8217;appropriation culturelle, la question de l&#8217;atteinte port\u00e9e aux oeuvres d&#8217;art dans l&#8217;espace public appara\u00eet comme centrale. Cette actualit\u00e9, aussi br\u00fblante soit-elle, s&#8217;inscrit en r\u00e9alit\u00e9 dans une histoire longue et complexe que l&#8217;on peut faire d\u00e9buter \u00e0 l&#8217;\u00e8re des exp\u00e9riences iconoclastes de la R\u00e9volution fran\u00e7aise. Une histoire qui se poursuit au cours des deux si\u00e8cles suivants avec des querelles d&#8217;ordre esth\u00e9tique, moral et politique, l&#8217;art public cristallisant autour de lui des affrontements venus d&#8217;en haut comme d&#8217;en bas.<br \/>\n Ce livre est le premier \u00e0 proposer une vue d&#8217;ensemble des controverses n\u00e9es autour d&#8217;oeuvres prenant place non pas dans les lieux sacr\u00e9s et confin\u00e9s de l&#8217;art, mais dans un espace cens\u00e9 \u00eatre accessible \u00e0 tout un chacun. Art public et controverses constitue ainsi un compl\u00e9ment essentiel \u00e0 l&#8217;\u00e9tude de l&#8217;art public et une contribution originale aux interrogations tr\u00e8s actuelles sur la censure.<\/p>\n","protected":false},"excerpt":{"rendered":"<p>Du Balzac de Rodin au Balloon Dog de Jeff Koons : quand l&#8217;art public fait grincer des dents. L&#8217;art public : de l&#8217;activisme citoyen aux nouveaux censeurs. Un sujet pol\u00e9mique au prisme de l&#8217;histoire longue. \u00c0 une \u00e9poque o\u00f9 les mots &#8220;?censure?&#8221; et &#8220;?d\u00e9boulonnage?&#8221; sont r\u00e9guli\u00e8rement prononc\u00e9s et alors que se multiplient les d\u00e9bats autour [&hellip;]<\/p>\n","protected":false},"featured_media":39926,"template":"","meta":[],"product_cat":[2948,2953],"product_tag":[],"acf":[],"yoast_head":"<!-- This site is optimized with the Yoast SEO plugin v20.11 - https:\/\/yoast.com\/wordpress\/plugins\/seo\/ -->\n<title>Art public et controverses : XIXIe-XXIe si\u00e8cle - Librairie 7L<\/title>\n<meta name=\"robots\" content=\"index, follow, max-snippet:-1, max-image-preview:large, max-video-preview:-1\" \/>\n<link rel=\"canonical\" href=\"https:\/\/librairie7l.com\/en\/produit\/art-public-et-controverses-xixie-xxie-siecle\/\" \/>\n<meta property=\"og:locale\" content=\"en_US\" \/>\n<meta property=\"og:type\" content=\"article\" \/>\n<meta property=\"og:title\" content=\"Art public et controverses : XIXIe-XXIe si\u00e8cle - Librairie 7L\" \/>\n<meta property=\"og:description\" content=\"Du Balzac de Rodin au Balloon Dog de Jeff Koons : quand l&#8217;art public fait grincer des dents. L&#8217;art public : de l&#8217;activisme citoyen aux nouveaux censeurs. Un sujet pol\u00e9mique au prisme de l&#8217;histoire longue. \u00c0 une \u00e9poque o\u00f9 les mots &#8220;?censure?&#8221; et &#8220;?d\u00e9boulonnage?&#8221; sont r\u00e9guli\u00e8rement prononc\u00e9s et alors que se multiplient les d\u00e9bats autour [&hellip;]\" \/>\n<meta property=\"og:url\" content=\"https:\/\/librairie7l.com\/en\/produit\/art-public-et-controverses-xixie-xxie-siecle\/\" \/>\n<meta property=\"og:site_name\" content=\"Librairie 7L\" \/>\n<meta property=\"article:modified_time\" content=\"2026-04-12T11:01:19+00:00\" \/>\n<meta property=\"og:image\" content=\"https:\/\/librairie7l.com\/wp-content\/uploads\/2023\/12\/9782271150004_1_75.jpg\" \/>\n\t<meta property=\"og:image:width\" content=\"600\" \/>\n\t<meta property=\"og:image:height\" content=\"920\" \/>\n\t<meta property=\"og:image:type\" content=\"image\/jpeg\" \/>\n<meta name=\"twitter:card\" content=\"summary_large_image\" \/>\n<meta name=\"twitter:label1\" content=\"Est. reading time\" \/>\n\t<meta name=\"twitter:data1\" content=\"1 minute\" \/>\n<script type=\"application\/ld+json\" class=\"yoast-schema-graph\">{\"@context\":\"https:\/\/schema.org\",\"@graph\":[{\"@type\":\"WebPage\",\"@id\":\"https:\/\/librairie7l.com\/en\/produit\/art-public-et-controverses-xixie-xxie-siecle\/\",\"url\":\"https:\/\/librairie7l.com\/en\/produit\/art-public-et-controverses-xixie-xxie-siecle\/\",\"name\":\"Art public et controverses : XIXIe-XXIe si\u00e8cle - Librairie 7L\",\"isPartOf\":{\"@id\":\"https:\/\/librairie7l.com\/en\/#website\"},\"datePublished\":\"2024-03-20T08:53:03+00:00\",\"dateModified\":\"2026-04-12T11:01:19+00:00\",\"breadcrumb\":{\"@id\":\"https:\/\/librairie7l.com\/en\/produit\/art-public-et-controverses-xixie-xxie-siecle\/#breadcrumb\"},\"inLanguage\":\"en-US\",\"potentialAction\":[{\"@type\":\"ReadAction\",\"target\":[\"https:\/\/librairie7l.com\/en\/produit\/art-public-et-controverses-xixie-xxie-siecle\/\"]}]},{\"@type\":\"BreadcrumbList\",\"@id\":\"https:\/\/librairie7l.com\/en\/produit\/art-public-et-controverses-xixie-xxie-siecle\/#breadcrumb\",\"itemListElement\":[{\"@type\":\"ListItem\",\"position\":1,\"name\":\"Accueil\",\"item\":\"https:\/\/librairie7l.com\/en\/\"},{\"@type\":\"ListItem\",\"position\":2,\"name\":\"Shop\",\"item\":\"https:\/\/librairie7l.com\/en\/shop\/\"},{\"@type\":\"ListItem\",\"position\":3,\"name\":\"ART PUBLIC ET CONTROVERSES : XIXIE-XXIE SI\u00c8CLE\"}]},{\"@type\":\"WebSite\",\"@id\":\"https:\/\/librairie7l.com\/en\/#website\",\"url\":\"https:\/\/librairie7l.com\/en\/\",\"name\":\"Librairie 7L\",\"description\":\"Librairie fond\u00e9e en 1999 par Karl Lagerfeld \u00e0 Paris\",\"publisher\":{\"@id\":\"https:\/\/librairie7l.com\/en\/#organization\"},\"potentialAction\":[{\"@type\":\"SearchAction\",\"target\":{\"@type\":\"EntryPoint\",\"urlTemplate\":\"https:\/\/librairie7l.com\/en\/?s={search_term_string}\"},\"query-input\":\"required name=search_term_string\"}],\"inLanguage\":\"en-US\"},{\"@type\":\"Organization\",\"@id\":\"https:\/\/librairie7l.com\/en\/#organization\",\"name\":\"Librairie 7L\",\"url\":\"https:\/\/librairie7l.com\/en\/\",\"logo\":{\"@type\":\"ImageObject\",\"inLanguage\":\"en-US\",\"@id\":\"https:\/\/librairie7l.com\/en\/#\/schema\/logo\/image\/\",\"url\":\"https:\/\/librairie7l.com\/wp-content\/uploads\/2022\/08\/logo-1.png\",\"contentUrl\":\"https:\/\/librairie7l.com\/wp-content\/uploads\/2022\/08\/logo-1.png\",\"width\":227,\"height\":301,\"caption\":\"Librairie 7L\"},\"image\":{\"@id\":\"https:\/\/librairie7l.com\/en\/#\/schema\/logo\/image\/\"}}]}<\/script>\n<!-- \/ Yoast SEO plugin. -->","yoast_head_json":{"title":"Art public et controverses : XIXIe-XXIe si\u00e8cle - Librairie 7L","robots":{"index":"index","follow":"follow","max-snippet":"max-snippet:-1","max-image-preview":"max-image-preview:large","max-video-preview":"max-video-preview:-1"},"canonical":"https:\/\/librairie7l.com\/en\/produit\/art-public-et-controverses-xixie-xxie-siecle\/","og_locale":"en_US","og_type":"article","og_title":"Art public et controverses : XIXIe-XXIe si\u00e8cle - Librairie 7L","og_description":"Du Balzac de Rodin au Balloon Dog de Jeff Koons : quand l&#8217;art public fait grincer des dents. L&#8217;art public : de l&#8217;activisme citoyen aux nouveaux censeurs. Un sujet pol\u00e9mique au prisme de l&#8217;histoire longue. \u00c0 une \u00e9poque o\u00f9 les mots &#8220;?censure?&#8221; et &#8220;?d\u00e9boulonnage?&#8221; sont r\u00e9guli\u00e8rement prononc\u00e9s et alors que se multiplient les d\u00e9bats autour [&hellip;]","og_url":"https:\/\/librairie7l.com\/en\/produit\/art-public-et-controverses-xixie-xxie-siecle\/","og_site_name":"Librairie 7L","article_modified_time":"2026-04-12T11:01:19+00:00","og_image":[{"width":600,"height":920,"url":"https:\/\/librairie7l.com\/wp-content\/uploads\/2023\/12\/9782271150004_1_75.jpg","type":"image\/jpeg"}],"twitter_card":"summary_large_image","twitter_misc":{"Est. reading time":"1 minute"},"schema":{"@context":"https:\/\/schema.org","@graph":[{"@type":"WebPage","@id":"https:\/\/librairie7l.com\/en\/produit\/art-public-et-controverses-xixie-xxie-siecle\/","url":"https:\/\/librairie7l.com\/en\/produit\/art-public-et-controverses-xixie-xxie-siecle\/","name":"Art public et controverses : XIXIe-XXIe si\u00e8cle - Librairie 7L","isPartOf":{"@id":"https:\/\/librairie7l.com\/en\/#website"},"datePublished":"2024-03-20T08:53:03+00:00","dateModified":"2026-04-12T11:01:19+00:00","breadcrumb":{"@id":"https:\/\/librairie7l.com\/en\/produit\/art-public-et-controverses-xixie-xxie-siecle\/#breadcrumb"},"inLanguage":"en-US","potentialAction":[{"@type":"ReadAction","target":["https:\/\/librairie7l.com\/en\/produit\/art-public-et-controverses-xixie-xxie-siecle\/"]}]},{"@type":"BreadcrumbList","@id":"https:\/\/librairie7l.com\/en\/produit\/art-public-et-controverses-xixie-xxie-siecle\/#breadcrumb","itemListElement":[{"@type":"ListItem","position":1,"name":"Accueil","item":"https:\/\/librairie7l.com\/en\/"},{"@type":"ListItem","position":2,"name":"Shop","item":"https:\/\/librairie7l.com\/en\/shop\/"},{"@type":"ListItem","position":3,"name":"ART PUBLIC ET CONTROVERSES : XIXIE-XXIE SI\u00c8CLE"}]},{"@type":"WebSite","@id":"https:\/\/librairie7l.com\/en\/#website","url":"https:\/\/librairie7l.com\/en\/","name":"Librairie 7L","description":"Librairie fond\u00e9e en 1999 par Karl Lagerfeld \u00e0 Paris","publisher":{"@id":"https:\/\/librairie7l.com\/en\/#organization"},"potentialAction":[{"@type":"SearchAction","target":{"@type":"EntryPoint","urlTemplate":"https:\/\/librairie7l.com\/en\/?s={search_term_string}"},"query-input":"required name=search_term_string"}],"inLanguage":"en-US"},{"@type":"Organization","@id":"https:\/\/librairie7l.com\/en\/#organization","name":"Librairie 7L","url":"https:\/\/librairie7l.com\/en\/","logo":{"@type":"ImageObject","inLanguage":"en-US","@id":"https:\/\/librairie7l.com\/en\/#\/schema\/logo\/image\/","url":"https:\/\/librairie7l.com\/wp-content\/uploads\/2022\/08\/logo-1.png","contentUrl":"https:\/\/librairie7l.com\/wp-content\/uploads\/2022\/08\/logo-1.png","width":227,"height":301,"caption":"Librairie 7L"},"image":{"@id":"https:\/\/librairie7l.com\/en\/#\/schema\/logo\/image\/"}}]}},"_links":{"self":[{"href":"https:\/\/librairie7l.com\/en\/wp-json\/wp\/v2\/product\/39928"}],"collection":[{"href":"https:\/\/librairie7l.com\/en\/wp-json\/wp\/v2\/product"}],"about":[{"href":"https:\/\/librairie7l.com\/en\/wp-json\/wp\/v2\/types\/product"}],"wp:featuredmedia":[{"embeddable":true,"href":"https:\/\/librairie7l.com\/en\/wp-json\/wp\/v2\/media\/39926"}],"wp:attachment":[{"href":"https:\/\/librairie7l.com\/en\/wp-json\/wp\/v2\/media?parent=39928"}],"wp:term":[{"taxonomy":"product_cat","embeddable":true,"href":"https:\/\/librairie7l.com\/en\/wp-json\/wp\/v2\/product_cat?post=39928"},{"taxonomy":"product_tag","embeddable":true,"href":"https:\/\/librairie7l.com\/en\/wp-json\/wp\/v2\/product_tag?post=39928"}],"curies":[{"name":"wp","href":"https:\/\/api.w.org\/{rel}","templated":true}]}}