{"id":39930,"date":"2024-03-20T09:53:05","date_gmt":"2024-03-20T08:53:05","guid":{"rendered":"https:\/\/librairie7l.com\/?post_type=product&#038;p=39930"},"modified":"2026-04-09T13:37:33","modified_gmt":"2026-04-09T11:37:33","slug":"helion","status":"publish","type":"product","link":"https:\/\/librairie7l.com\/en\/produit\/helion\/","title":{"rendered":"HELION"},"content":{"rendered":"<p>&#8221; \u00c9l\u00e8ve lointain de Poussin et de Champaigne, form\u00e9 par sa passion pour Seurat et C\u00e9zanne, H\u00e9lion r\u00e9g\u00e9n\u00e8re, dans le contexte d&#8217;apr\u00e8s-guerre, l&#8217;esth\u00e9tique formaliste et l&#8217;id\u00e9e h\u00e9doniste de la tradition fran\u00e7aise &#8220;. Henry-Claude Cousseau d\u00e9finit ainsi cet artiste.<br \/>\n&#8221; \u00c9l\u00e8ve lointain de Poussin et de Champaigne, form\u00e9 par sa passion pour Seurat et C\u00e9zanne, H\u00e9lion r\u00e9g\u00e9n\u00e8re, dans le contexte d&#8217;apr\u00e8s-guerre, l&#8217;esth\u00e9tique formaliste et l&#8217;id\u00e9e h\u00e9doniste de la tradition fran\u00e7aise &#8220;. Henry-Claude Cousseau d\u00e9finit ainsi cet artiste qui, apr\u00e8s s&#8217;\u00eatre exerc\u00e9 \u00e0 l&#8217;abstraction, apr\u00e8s avoir particip\u00e9 \u00e0 la cr\u00e9ation du groupe et de la revue Art Concret, puis \u00e0 Abstraction-Cr\u00e9ation, en revient \u00e0 la figuration. D\u00e8s fin 1942, quelques \u00e9l\u00e9ments figuratifs apparaissent pour aboutir, dix ans plus tard, \u00e0 la phase la plus d\u00e9concertante de son oeuvre, qu&#8217;il qualifiait lui-m\u00eame &#8221; d&#8217;effort d&#8217;exprimer tout par le contact serr\u00e9 avec l&#8217;objet. Effort d&#8217;inclure l&#8217;apparence dans l&#8217;essence &#8220;.<br \/>\n Ainsi na\u00eetront les &#8221; mannequineries &#8220;, &#8221; les journalerie &#8220;&#8230; puis \u00e0 la fin de sa vie, les &#8221; suites puci\u00e8res &#8220;. Faut-il \u00e9voquer le chapeau, le parapluie, le gant, la citrouille&#8230; qui, dans l&#8217;esprit de tous, symbolisent le travail de cet homme qui en 60 ans d&#8217;activit\u00e9 a &#8221; explor\u00e9 tout ce qu&#8217;une tr\u00e8s vive intelligence, une capacit\u00e9 avide et immense de voir et de juger auront pu apporter \u00e0 un artiste dont le choix s&#8217;est port\u00e9 sur la peinture, en raison de sa pente avide et merveilleuse &#8220;.<br \/>\n Par une iconographie abondante soutenant le texte d&#8217;un grand sp\u00e9cialiste, ce livre est la version poche de la monographie consacr\u00e9e \u00e0 H\u00e9lion par les \u00c9ditions du Regard en 1992. Un ouvrage essentiel qui permet de juger la logique complexe mais inflexible qui m\u00e8ne au d\u00e9veloppement de cette oeuvre.<\/p>\n","protected":false},"excerpt":{"rendered":"<p>&#8221; \u00c9l\u00e8ve lointain de Poussin et de Champaigne, form\u00e9 par sa passion pour Seurat et C\u00e9zanne, H\u00e9lion r\u00e9g\u00e9n\u00e8re, dans le contexte d&#8217;apr\u00e8s-guerre, l&#8217;esth\u00e9tique formaliste et l&#8217;id\u00e9e h\u00e9doniste de la tradition fran\u00e7aise &#8220;. Henry-Claude Cousseau d\u00e9finit ainsi cet artiste. &#8221; \u00c9l\u00e8ve lointain de Poussin et de Champaigne, form\u00e9 par sa passion pour Seurat et C\u00e9zanne, H\u00e9lion [&hellip;]<\/p>\n","protected":false},"featured_media":39987,"template":"","meta":[],"product_cat":[2948,2953],"product_tag":[],"acf":[],"yoast_head":"<!-- This site is optimized with the Yoast SEO plugin v20.11 - https:\/\/yoast.com\/wordpress\/plugins\/seo\/ -->\n<title>Helion - Librairie 7L<\/title>\n<meta name=\"robots\" content=\"index, follow, max-snippet:-1, max-image-preview:large, max-video-preview:-1\" \/>\n<link rel=\"canonical\" href=\"https:\/\/librairie7l.com\/en\/produit\/helion\/\" \/>\n<meta property=\"og:locale\" content=\"en_US\" \/>\n<meta property=\"og:type\" content=\"article\" \/>\n<meta property=\"og:title\" content=\"Helion - Librairie 7L\" \/>\n<meta property=\"og:description\" content=\"&#8221; \u00c9l\u00e8ve lointain de Poussin et de Champaigne, form\u00e9 par sa passion pour Seurat et C\u00e9zanne, H\u00e9lion r\u00e9g\u00e9n\u00e8re, dans le contexte d&#8217;apr\u00e8s-guerre, l&#8217;esth\u00e9tique formaliste et l&#8217;id\u00e9e h\u00e9doniste de la tradition fran\u00e7aise &#8220;. Henry-Claude Cousseau d\u00e9finit ainsi cet artiste. &#8221; \u00c9l\u00e8ve lointain de Poussin et de Champaigne, form\u00e9 par sa passion pour Seurat et C\u00e9zanne, H\u00e9lion [&hellip;]\" \/>\n<meta property=\"og:url\" content=\"https:\/\/librairie7l.com\/en\/produit\/helion\/\" \/>\n<meta property=\"og:site_name\" content=\"Librairie 7L\" \/>\n<meta property=\"article:modified_time\" content=\"2026-04-09T11:37:33+00:00\" \/>\n<meta property=\"og:image\" content=\"https:\/\/librairie7l.com\/wp-content\/uploads\/2024\/03\/9782841054251_1_75.jpg\" \/>\n\t<meta property=\"og:image:width\" content=\"400\" \/>\n\t<meta property=\"og:image:height\" content=\"554\" \/>\n\t<meta property=\"og:image:type\" content=\"image\/jpeg\" \/>\n<meta name=\"twitter:card\" content=\"summary_large_image\" \/>\n<meta name=\"twitter:label1\" content=\"Est. reading time\" \/>\n\t<meta name=\"twitter:data1\" content=\"1 minute\" \/>\n<script type=\"application\/ld+json\" class=\"yoast-schema-graph\">{\"@context\":\"https:\/\/schema.org\",\"@graph\":[{\"@type\":\"WebPage\",\"@id\":\"https:\/\/librairie7l.com\/en\/produit\/helion\/\",\"url\":\"https:\/\/librairie7l.com\/en\/produit\/helion\/\",\"name\":\"Helion - Librairie 7L\",\"isPartOf\":{\"@id\":\"https:\/\/librairie7l.com\/en\/#website\"},\"datePublished\":\"2024-03-20T08:53:05+00:00\",\"dateModified\":\"2026-04-09T11:37:33+00:00\",\"breadcrumb\":{\"@id\":\"https:\/\/librairie7l.com\/en\/produit\/helion\/#breadcrumb\"},\"inLanguage\":\"en-US\",\"potentialAction\":[{\"@type\":\"ReadAction\",\"target\":[\"https:\/\/librairie7l.com\/en\/produit\/helion\/\"]}]},{\"@type\":\"BreadcrumbList\",\"@id\":\"https:\/\/librairie7l.com\/en\/produit\/helion\/#breadcrumb\",\"itemListElement\":[{\"@type\":\"ListItem\",\"position\":1,\"name\":\"Accueil\",\"item\":\"https:\/\/librairie7l.com\/en\/\"},{\"@type\":\"ListItem\",\"position\":2,\"name\":\"Shop\",\"item\":\"https:\/\/librairie7l.com\/en\/shop\/\"},{\"@type\":\"ListItem\",\"position\":3,\"name\":\"HELION\"}]},{\"@type\":\"WebSite\",\"@id\":\"https:\/\/librairie7l.com\/en\/#website\",\"url\":\"https:\/\/librairie7l.com\/en\/\",\"name\":\"Librairie 7L\",\"description\":\"Librairie fond\u00e9e en 1999 par Karl Lagerfeld \u00e0 Paris\",\"publisher\":{\"@id\":\"https:\/\/librairie7l.com\/en\/#organization\"},\"potentialAction\":[{\"@type\":\"SearchAction\",\"target\":{\"@type\":\"EntryPoint\",\"urlTemplate\":\"https:\/\/librairie7l.com\/en\/?s={search_term_string}\"},\"query-input\":\"required name=search_term_string\"}],\"inLanguage\":\"en-US\"},{\"@type\":\"Organization\",\"@id\":\"https:\/\/librairie7l.com\/en\/#organization\",\"name\":\"Librairie 7L\",\"url\":\"https:\/\/librairie7l.com\/en\/\",\"logo\":{\"@type\":\"ImageObject\",\"inLanguage\":\"en-US\",\"@id\":\"https:\/\/librairie7l.com\/en\/#\/schema\/logo\/image\/\",\"url\":\"https:\/\/librairie7l.com\/wp-content\/uploads\/2022\/08\/logo-1.png\",\"contentUrl\":\"https:\/\/librairie7l.com\/wp-content\/uploads\/2022\/08\/logo-1.png\",\"width\":227,\"height\":301,\"caption\":\"Librairie 7L\"},\"image\":{\"@id\":\"https:\/\/librairie7l.com\/en\/#\/schema\/logo\/image\/\"}}]}<\/script>\n<!-- \/ Yoast SEO plugin. -->","yoast_head_json":{"title":"Helion - Librairie 7L","robots":{"index":"index","follow":"follow","max-snippet":"max-snippet:-1","max-image-preview":"max-image-preview:large","max-video-preview":"max-video-preview:-1"},"canonical":"https:\/\/librairie7l.com\/en\/produit\/helion\/","og_locale":"en_US","og_type":"article","og_title":"Helion - Librairie 7L","og_description":"&#8221; \u00c9l\u00e8ve lointain de Poussin et de Champaigne, form\u00e9 par sa passion pour Seurat et C\u00e9zanne, H\u00e9lion r\u00e9g\u00e9n\u00e8re, dans le contexte d&#8217;apr\u00e8s-guerre, l&#8217;esth\u00e9tique formaliste et l&#8217;id\u00e9e h\u00e9doniste de la tradition fran\u00e7aise &#8220;. Henry-Claude Cousseau d\u00e9finit ainsi cet artiste. &#8221; \u00c9l\u00e8ve lointain de Poussin et de Champaigne, form\u00e9 par sa passion pour Seurat et C\u00e9zanne, H\u00e9lion [&hellip;]","og_url":"https:\/\/librairie7l.com\/en\/produit\/helion\/","og_site_name":"Librairie 7L","article_modified_time":"2026-04-09T11:37:33+00:00","og_image":[{"width":400,"height":554,"url":"https:\/\/librairie7l.com\/wp-content\/uploads\/2024\/03\/9782841054251_1_75.jpg","type":"image\/jpeg"}],"twitter_card":"summary_large_image","twitter_misc":{"Est. reading time":"1 minute"},"schema":{"@context":"https:\/\/schema.org","@graph":[{"@type":"WebPage","@id":"https:\/\/librairie7l.com\/en\/produit\/helion\/","url":"https:\/\/librairie7l.com\/en\/produit\/helion\/","name":"Helion - Librairie 7L","isPartOf":{"@id":"https:\/\/librairie7l.com\/en\/#website"},"datePublished":"2024-03-20T08:53:05+00:00","dateModified":"2026-04-09T11:37:33+00:00","breadcrumb":{"@id":"https:\/\/librairie7l.com\/en\/produit\/helion\/#breadcrumb"},"inLanguage":"en-US","potentialAction":[{"@type":"ReadAction","target":["https:\/\/librairie7l.com\/en\/produit\/helion\/"]}]},{"@type":"BreadcrumbList","@id":"https:\/\/librairie7l.com\/en\/produit\/helion\/#breadcrumb","itemListElement":[{"@type":"ListItem","position":1,"name":"Accueil","item":"https:\/\/librairie7l.com\/en\/"},{"@type":"ListItem","position":2,"name":"Shop","item":"https:\/\/librairie7l.com\/en\/shop\/"},{"@type":"ListItem","position":3,"name":"HELION"}]},{"@type":"WebSite","@id":"https:\/\/librairie7l.com\/en\/#website","url":"https:\/\/librairie7l.com\/en\/","name":"Librairie 7L","description":"Librairie fond\u00e9e en 1999 par Karl Lagerfeld \u00e0 Paris","publisher":{"@id":"https:\/\/librairie7l.com\/en\/#organization"},"potentialAction":[{"@type":"SearchAction","target":{"@type":"EntryPoint","urlTemplate":"https:\/\/librairie7l.com\/en\/?s={search_term_string}"},"query-input":"required name=search_term_string"}],"inLanguage":"en-US"},{"@type":"Organization","@id":"https:\/\/librairie7l.com\/en\/#organization","name":"Librairie 7L","url":"https:\/\/librairie7l.com\/en\/","logo":{"@type":"ImageObject","inLanguage":"en-US","@id":"https:\/\/librairie7l.com\/en\/#\/schema\/logo\/image\/","url":"https:\/\/librairie7l.com\/wp-content\/uploads\/2022\/08\/logo-1.png","contentUrl":"https:\/\/librairie7l.com\/wp-content\/uploads\/2022\/08\/logo-1.png","width":227,"height":301,"caption":"Librairie 7L"},"image":{"@id":"https:\/\/librairie7l.com\/en\/#\/schema\/logo\/image\/"}}]}},"_links":{"self":[{"href":"https:\/\/librairie7l.com\/en\/wp-json\/wp\/v2\/product\/39930"}],"collection":[{"href":"https:\/\/librairie7l.com\/en\/wp-json\/wp\/v2\/product"}],"about":[{"href":"https:\/\/librairie7l.com\/en\/wp-json\/wp\/v2\/types\/product"}],"wp:featuredmedia":[{"embeddable":true,"href":"https:\/\/librairie7l.com\/en\/wp-json\/wp\/v2\/media\/39987"}],"wp:attachment":[{"href":"https:\/\/librairie7l.com\/en\/wp-json\/wp\/v2\/media?parent=39930"}],"wp:term":[{"taxonomy":"product_cat","embeddable":true,"href":"https:\/\/librairie7l.com\/en\/wp-json\/wp\/v2\/product_cat?post=39930"},{"taxonomy":"product_tag","embeddable":true,"href":"https:\/\/librairie7l.com\/en\/wp-json\/wp\/v2\/product_tag?post=39930"}],"curies":[{"name":"wp","href":"https:\/\/api.w.org\/{rel}","templated":true}]}}