{"id":39934,"date":"2024-03-20T09:53:12","date_gmt":"2024-03-20T08:53:12","guid":{"rendered":"https:\/\/librairie7l.com\/?post_type=product&#038;p=39934"},"modified":"2026-04-30T04:06:49","modified_gmt":"2026-04-30T02:06:49","slug":"auguste-herbin-le-maitre-revele-1882-1960","status":"publish","type":"product","link":"https:\/\/librairie7l.com\/en\/produit\/auguste-herbin-le-maitre-revele-1882-1960\/","title":{"rendered":"AUGUSTE HERBIN : LE MA\u00ceTRE R\u00c9V\u00c9L\u00c9 1882-1960"},"content":{"rendered":"<p>Vasarely disait d&#8217;Auguste Herbin qu&#8217;il \u00e9tait &#8221; un Dieu &#8220;. Ce livre permet de comprendre l&#8217;admiration immense qu&#8217;Herbin suscita d\u00e8s ses d\u00e9buts dans le monde de la peinture depuis son \u00e9poque fauve, puis cubiste jusqu&#8217;\u00e0 l&#8217;abstraction pure. Une d\u00e9couverte magsitrale.<\/p>\n<p>Le peintre Auguste Herbin (1882-1960) est le secret le mieux gard\u00e9 de l&#8217;aventure de l&#8217;art moderne. Il prit une part active \u00e0 toutes les ruptures cr\u00e9atives du XX\u00e8me si\u00e8cle. Il fut parmi les premiers \u00e0 emboiter le pas du fauvisme flamboyant, d\u00e8s 1905. Au Salon des ind\u00e9pendants de 1908 il est \u00e0 l&#8217;avant-poste de l&#8217;\u00e9bullition autour du cubisme c\u00e9zanien. En 1909 il s&#8217;installe pour une d\u00e9cennie au Bateau-Lavoir et voisine avec Picasso, Max Jacob, Apollinaire. Apr\u00e8s une \u00e9volution int\u00e9rieure singuli\u00e8re ponctu\u00e9e par une volte-face r\u00e9aliste parmi les plus captivante dans ce qu&#8217;il est convenu d&#8217;appeler le retour \u00e0 l&#8217;ordre, il devient dans la France de l&#8217;entre-deux guerres le pionnier et le promoteur d&#8217;une abstraction pure, charg\u00e9e d&#8217;humanit\u00e9 et d&#8217;une exceptionnelle clart\u00e9.<br \/>\nL&#8217;influence d&#8217;Auguste Herbin perdure et s&#8217;amplifie dans la seconde moiti\u00e9 du XX\u00e8me si\u00e8cle. Son ultime langage pictural consiste en un alphabet plastique, un esperanto radicalement d\u00e9barrass\u00e9 de l&#8217;objet, qui l&#8217;aide \u00e0 affirmer une libert\u00e9 souveraine.<br \/>\nAuguste Herbin qui retrouve une nouvelle jeunesse est alors l&#8217;a\u00een\u00e9 de l&#8217;\u00e9curie de la jeune galeriste Denise Ren\u00e9 et devient un mentor pour les futurs ma\u00eetres de l&#8217;abstraction g\u00e9om\u00e9trique et de l&#8217;Op Art et ce, de l&#8217;Europe \u00e0 l&#8217;Am\u00e9rique du Sud. Victor Vasarely, comme beaucoup, peut alors affirmer qu&#8217;Auguste Herbin est &bdquo;un Dieu&#8221;.<br \/>\nLe Mus\u00e9e de Montmartre Jardins Renoir est le premier mus\u00e9e parisien \u00e0 organiser une r\u00e9trospective d&#8217;Auguste Herbin, dans la ville o\u00f9 il cr\u00e9a toute sa vie.<\/p>\n","protected":false},"excerpt":{"rendered":"<p>Vasarely disait d&#8217;Auguste Herbin qu&#8217;il \u00e9tait &#8221; un Dieu &#8220;. Ce livre permet de comprendre l&#8217;admiration immense qu&#8217;Herbin suscita d\u00e8s ses d\u00e9buts dans le monde de la peinture depuis son \u00e9poque fauve, puis cubiste jusqu&#8217;\u00e0 l&#8217;abstraction pure. Une d\u00e9couverte magsitrale. Le peintre Auguste Herbin (1882-1960) est le secret le mieux gard\u00e9 de l&#8217;aventure de l&#8217;art [&hellip;]<\/p>\n","protected":false},"featured_media":39932,"template":"","meta":[],"product_cat":[2948,2953],"product_tag":[],"acf":[],"yoast_head":"<!-- This site is optimized with the Yoast SEO plugin v20.11 - https:\/\/yoast.com\/wordpress\/plugins\/seo\/ -->\n<title>Auguste Herbin : Le ma\u00eetre r\u00e9v\u00e9l\u00e9 1882-1960 - Librairie 7L<\/title>\n<meta name=\"robots\" content=\"index, follow, max-snippet:-1, max-image-preview:large, max-video-preview:-1\" \/>\n<link rel=\"canonical\" href=\"https:\/\/librairie7l.com\/en\/produit\/auguste-herbin-le-maitre-revele-1882-1960\/\" \/>\n<meta property=\"og:locale\" content=\"en_US\" \/>\n<meta property=\"og:type\" content=\"article\" \/>\n<meta property=\"og:title\" content=\"Auguste Herbin : Le ma\u00eetre r\u00e9v\u00e9l\u00e9 1882-1960 - Librairie 7L\" \/>\n<meta property=\"og:description\" content=\"Vasarely disait d&#8217;Auguste Herbin qu&#8217;il \u00e9tait &#8221; un Dieu &#8220;. Ce livre permet de comprendre l&#8217;admiration immense qu&#8217;Herbin suscita d\u00e8s ses d\u00e9buts dans le monde de la peinture depuis son \u00e9poque fauve, puis cubiste jusqu&#8217;\u00e0 l&#8217;abstraction pure. Une d\u00e9couverte magsitrale. Le peintre Auguste Herbin (1882-1960) est le secret le mieux gard\u00e9 de l&#8217;aventure de l&#8217;art [&hellip;]\" \/>\n<meta property=\"og:url\" content=\"https:\/\/librairie7l.com\/en\/produit\/auguste-herbin-le-maitre-revele-1882-1960\/\" \/>\n<meta property=\"og:site_name\" content=\"Librairie 7L\" \/>\n<meta property=\"article:modified_time\" content=\"2026-04-30T02:06:49+00:00\" \/>\n<meta property=\"og:image\" content=\"https:\/\/librairie7l.com\/wp-content\/uploads\/2023\/12\/9788412679595_1_75.jpg\" \/>\n\t<meta property=\"og:image:width\" content=\"600\" \/>\n\t<meta property=\"og:image:height\" content=\"710\" \/>\n\t<meta property=\"og:image:type\" content=\"image\/jpeg\" \/>\n<meta name=\"twitter:card\" content=\"summary_large_image\" \/>\n<meta name=\"twitter:label1\" content=\"Est. reading time\" \/>\n\t<meta name=\"twitter:data1\" content=\"1 minute\" \/>\n<script type=\"application\/ld+json\" class=\"yoast-schema-graph\">{\"@context\":\"https:\/\/schema.org\",\"@graph\":[{\"@type\":\"WebPage\",\"@id\":\"https:\/\/librairie7l.com\/en\/produit\/auguste-herbin-le-maitre-revele-1882-1960\/\",\"url\":\"https:\/\/librairie7l.com\/en\/produit\/auguste-herbin-le-maitre-revele-1882-1960\/\",\"name\":\"Auguste Herbin : Le ma\u00eetre r\u00e9v\u00e9l\u00e9 1882-1960 - Librairie 7L\",\"isPartOf\":{\"@id\":\"https:\/\/librairie7l.com\/en\/#website\"},\"datePublished\":\"2024-03-20T08:53:12+00:00\",\"dateModified\":\"2026-04-30T02:06:49+00:00\",\"breadcrumb\":{\"@id\":\"https:\/\/librairie7l.com\/en\/produit\/auguste-herbin-le-maitre-revele-1882-1960\/#breadcrumb\"},\"inLanguage\":\"en-US\",\"potentialAction\":[{\"@type\":\"ReadAction\",\"target\":[\"https:\/\/librairie7l.com\/en\/produit\/auguste-herbin-le-maitre-revele-1882-1960\/\"]}]},{\"@type\":\"BreadcrumbList\",\"@id\":\"https:\/\/librairie7l.com\/en\/produit\/auguste-herbin-le-maitre-revele-1882-1960\/#breadcrumb\",\"itemListElement\":[{\"@type\":\"ListItem\",\"position\":1,\"name\":\"Accueil\",\"item\":\"https:\/\/librairie7l.com\/en\/\"},{\"@type\":\"ListItem\",\"position\":2,\"name\":\"Shop\",\"item\":\"https:\/\/librairie7l.com\/en\/shop\/\"},{\"@type\":\"ListItem\",\"position\":3,\"name\":\"AUGUSTE HERBIN : LE MA\u00ceTRE R\u00c9V\u00c9L\u00c9 1882-1960\"}]},{\"@type\":\"WebSite\",\"@id\":\"https:\/\/librairie7l.com\/en\/#website\",\"url\":\"https:\/\/librairie7l.com\/en\/\",\"name\":\"Librairie 7L\",\"description\":\"Librairie fond\u00e9e en 1999 par Karl Lagerfeld \u00e0 Paris\",\"publisher\":{\"@id\":\"https:\/\/librairie7l.com\/en\/#organization\"},\"potentialAction\":[{\"@type\":\"SearchAction\",\"target\":{\"@type\":\"EntryPoint\",\"urlTemplate\":\"https:\/\/librairie7l.com\/en\/?s={search_term_string}\"},\"query-input\":\"required name=search_term_string\"}],\"inLanguage\":\"en-US\"},{\"@type\":\"Organization\",\"@id\":\"https:\/\/librairie7l.com\/en\/#organization\",\"name\":\"Librairie 7L\",\"url\":\"https:\/\/librairie7l.com\/en\/\",\"logo\":{\"@type\":\"ImageObject\",\"inLanguage\":\"en-US\",\"@id\":\"https:\/\/librairie7l.com\/en\/#\/schema\/logo\/image\/\",\"url\":\"https:\/\/librairie7l.com\/wp-content\/uploads\/2022\/08\/logo-1.png\",\"contentUrl\":\"https:\/\/librairie7l.com\/wp-content\/uploads\/2022\/08\/logo-1.png\",\"width\":227,\"height\":301,\"caption\":\"Librairie 7L\"},\"image\":{\"@id\":\"https:\/\/librairie7l.com\/en\/#\/schema\/logo\/image\/\"}}]}<\/script>\n<!-- \/ Yoast SEO plugin. -->","yoast_head_json":{"title":"Auguste Herbin : Le ma\u00eetre r\u00e9v\u00e9l\u00e9 1882-1960 - Librairie 7L","robots":{"index":"index","follow":"follow","max-snippet":"max-snippet:-1","max-image-preview":"max-image-preview:large","max-video-preview":"max-video-preview:-1"},"canonical":"https:\/\/librairie7l.com\/en\/produit\/auguste-herbin-le-maitre-revele-1882-1960\/","og_locale":"en_US","og_type":"article","og_title":"Auguste Herbin : Le ma\u00eetre r\u00e9v\u00e9l\u00e9 1882-1960 - Librairie 7L","og_description":"Vasarely disait d&#8217;Auguste Herbin qu&#8217;il \u00e9tait &#8221; un Dieu &#8220;. Ce livre permet de comprendre l&#8217;admiration immense qu&#8217;Herbin suscita d\u00e8s ses d\u00e9buts dans le monde de la peinture depuis son \u00e9poque fauve, puis cubiste jusqu&#8217;\u00e0 l&#8217;abstraction pure. Une d\u00e9couverte magsitrale. Le peintre Auguste Herbin (1882-1960) est le secret le mieux gard\u00e9 de l&#8217;aventure de l&#8217;art [&hellip;]","og_url":"https:\/\/librairie7l.com\/en\/produit\/auguste-herbin-le-maitre-revele-1882-1960\/","og_site_name":"Librairie 7L","article_modified_time":"2026-04-30T02:06:49+00:00","og_image":[{"width":600,"height":710,"url":"https:\/\/librairie7l.com\/wp-content\/uploads\/2023\/12\/9788412679595_1_75.jpg","type":"image\/jpeg"}],"twitter_card":"summary_large_image","twitter_misc":{"Est. reading time":"1 minute"},"schema":{"@context":"https:\/\/schema.org","@graph":[{"@type":"WebPage","@id":"https:\/\/librairie7l.com\/en\/produit\/auguste-herbin-le-maitre-revele-1882-1960\/","url":"https:\/\/librairie7l.com\/en\/produit\/auguste-herbin-le-maitre-revele-1882-1960\/","name":"Auguste Herbin : Le ma\u00eetre r\u00e9v\u00e9l\u00e9 1882-1960 - Librairie 7L","isPartOf":{"@id":"https:\/\/librairie7l.com\/en\/#website"},"datePublished":"2024-03-20T08:53:12+00:00","dateModified":"2026-04-30T02:06:49+00:00","breadcrumb":{"@id":"https:\/\/librairie7l.com\/en\/produit\/auguste-herbin-le-maitre-revele-1882-1960\/#breadcrumb"},"inLanguage":"en-US","potentialAction":[{"@type":"ReadAction","target":["https:\/\/librairie7l.com\/en\/produit\/auguste-herbin-le-maitre-revele-1882-1960\/"]}]},{"@type":"BreadcrumbList","@id":"https:\/\/librairie7l.com\/en\/produit\/auguste-herbin-le-maitre-revele-1882-1960\/#breadcrumb","itemListElement":[{"@type":"ListItem","position":1,"name":"Accueil","item":"https:\/\/librairie7l.com\/en\/"},{"@type":"ListItem","position":2,"name":"Shop","item":"https:\/\/librairie7l.com\/en\/shop\/"},{"@type":"ListItem","position":3,"name":"AUGUSTE HERBIN : LE MA\u00ceTRE R\u00c9V\u00c9L\u00c9 1882-1960"}]},{"@type":"WebSite","@id":"https:\/\/librairie7l.com\/en\/#website","url":"https:\/\/librairie7l.com\/en\/","name":"Librairie 7L","description":"Librairie fond\u00e9e en 1999 par Karl Lagerfeld \u00e0 Paris","publisher":{"@id":"https:\/\/librairie7l.com\/en\/#organization"},"potentialAction":[{"@type":"SearchAction","target":{"@type":"EntryPoint","urlTemplate":"https:\/\/librairie7l.com\/en\/?s={search_term_string}"},"query-input":"required name=search_term_string"}],"inLanguage":"en-US"},{"@type":"Organization","@id":"https:\/\/librairie7l.com\/en\/#organization","name":"Librairie 7L","url":"https:\/\/librairie7l.com\/en\/","logo":{"@type":"ImageObject","inLanguage":"en-US","@id":"https:\/\/librairie7l.com\/en\/#\/schema\/logo\/image\/","url":"https:\/\/librairie7l.com\/wp-content\/uploads\/2022\/08\/logo-1.png","contentUrl":"https:\/\/librairie7l.com\/wp-content\/uploads\/2022\/08\/logo-1.png","width":227,"height":301,"caption":"Librairie 7L"},"image":{"@id":"https:\/\/librairie7l.com\/en\/#\/schema\/logo\/image\/"}}]}},"_links":{"self":[{"href":"https:\/\/librairie7l.com\/en\/wp-json\/wp\/v2\/product\/39934"}],"collection":[{"href":"https:\/\/librairie7l.com\/en\/wp-json\/wp\/v2\/product"}],"about":[{"href":"https:\/\/librairie7l.com\/en\/wp-json\/wp\/v2\/types\/product"}],"wp:featuredmedia":[{"embeddable":true,"href":"https:\/\/librairie7l.com\/en\/wp-json\/wp\/v2\/media\/39932"}],"wp:attachment":[{"href":"https:\/\/librairie7l.com\/en\/wp-json\/wp\/v2\/media?parent=39934"}],"wp:term":[{"taxonomy":"product_cat","embeddable":true,"href":"https:\/\/librairie7l.com\/en\/wp-json\/wp\/v2\/product_cat?post=39934"},{"taxonomy":"product_tag","embeddable":true,"href":"https:\/\/librairie7l.com\/en\/wp-json\/wp\/v2\/product_tag?post=39934"}],"curies":[{"name":"wp","href":"https:\/\/api.w.org\/{rel}","templated":true}]}}