{"id":39943,"date":"2024-06-26T12:11:54","date_gmt":"2024-06-26T10:11:54","guid":{"rendered":"https:\/\/librairie7l.com\/?post_type=product&#038;p=39943"},"modified":"2026-04-27T10:00:20","modified_gmt":"2026-04-27T08:00:20","slug":"sneakers-obsession","status":"publish","type":"product","link":"https:\/\/librairie7l.com\/en\/produit\/sneakers-obsession\/","title":{"rendered":"SNEAKERS OBSESSION"},"content":{"rendered":"<p>Jordan ? Yeezy ? Collab ? Resell ? Raffles ? Avec Sneakers Obsession, plongez dans l&#8217;univers sneakers ! D\u00e9couvrez l&#8217;histoire des marques et des mod\u00e8les les plus embl\u00e9matiques, retracez les temps forts qui ont contribu\u00e9 \u00e0 ce succ\u00e8s spectaculaire, d\u00e9cryptez le fonctionnement du march\u00e9 de la vente et de la revente&#8230; R\u00e9alis\u00e9 avec Kikikickz, acteur phare du resell, voici &#8211; enfin ! &#8211; le guide pour tout conna\u00eetre de la culture sneakers, de son histoire, de ses codes et de ses tendances. Les sneakers, un ph\u00e9nom\u00e8ne, un culte&#8230; une obsession !<\/p>\n","protected":false},"excerpt":{"rendered":"<p>Jordan ? Yeezy ? Collab ? Resell ? Raffles ? Avec Sneakers Obsession, plongez dans l&#8217;univers sneakers ! D\u00e9couvrez l&#8217;histoire des marques et des mod\u00e8les les plus embl\u00e9matiques, retracez les temps forts qui ont contribu\u00e9 \u00e0 ce succ\u00e8s spectaculaire, d\u00e9cryptez le fonctionnement du march\u00e9 de la vente et de la revente&#8230; R\u00e9alis\u00e9 avec Kikikickz, acteur [&hellip;]<\/p>\n","protected":false},"featured_media":39941,"template":"","meta":[],"product_cat":[2948,2957],"product_tag":[],"acf":[],"yoast_head":"<!-- This site is optimized with the Yoast SEO plugin v20.11 - https:\/\/yoast.com\/wordpress\/plugins\/seo\/ -->\n<title>Sneakers obsession - Librairie 7L<\/title>\n<meta name=\"robots\" content=\"index, follow, max-snippet:-1, max-image-preview:large, max-video-preview:-1\" \/>\n<link rel=\"canonical\" href=\"https:\/\/librairie7l.com\/en\/produit\/sneakers-obsession\/\" \/>\n<meta property=\"og:locale\" content=\"en_US\" \/>\n<meta property=\"og:type\" content=\"article\" \/>\n<meta property=\"og:title\" content=\"Sneakers obsession - Librairie 7L\" \/>\n<meta property=\"og:description\" content=\"Jordan ? Yeezy ? Collab ? Resell ? Raffles ? Avec Sneakers Obsession, plongez dans l&#8217;univers sneakers ! D\u00e9couvrez l&#8217;histoire des marques et des mod\u00e8les les plus embl\u00e9matiques, retracez les temps forts qui ont contribu\u00e9 \u00e0 ce succ\u00e8s spectaculaire, d\u00e9cryptez le fonctionnement du march\u00e9 de la vente et de la revente&#8230; R\u00e9alis\u00e9 avec Kikikickz, acteur [&hellip;]\" \/>\n<meta property=\"og:url\" content=\"https:\/\/librairie7l.com\/en\/produit\/sneakers-obsession\/\" \/>\n<meta property=\"og:site_name\" content=\"Librairie 7L\" \/>\n<meta property=\"article:modified_time\" content=\"2026-04-27T08:00:20+00:00\" \/>\n<meta property=\"og:image\" content=\"https:\/\/librairie7l.com\/wp-content\/uploads\/2023\/06\/9782080435286_1_75.jpg\" \/>\n\t<meta property=\"og:image:width\" content=\"600\" \/>\n\t<meta property=\"og:image:height\" content=\"794\" \/>\n\t<meta property=\"og:image:type\" content=\"image\/jpeg\" \/>\n<meta name=\"twitter:card\" content=\"summary_large_image\" \/>\n<script type=\"application\/ld+json\" class=\"yoast-schema-graph\">{\"@context\":\"https:\/\/schema.org\",\"@graph\":[{\"@type\":\"WebPage\",\"@id\":\"https:\/\/librairie7l.com\/en\/produit\/sneakers-obsession\/\",\"url\":\"https:\/\/librairie7l.com\/en\/produit\/sneakers-obsession\/\",\"name\":\"Sneakers obsession - Librairie 7L\",\"isPartOf\":{\"@id\":\"https:\/\/librairie7l.com\/en\/#website\"},\"datePublished\":\"2024-06-26T10:11:54+00:00\",\"dateModified\":\"2026-04-27T08:00:20+00:00\",\"breadcrumb\":{\"@id\":\"https:\/\/librairie7l.com\/en\/produit\/sneakers-obsession\/#breadcrumb\"},\"inLanguage\":\"en-US\",\"potentialAction\":[{\"@type\":\"ReadAction\",\"target\":[\"https:\/\/librairie7l.com\/en\/produit\/sneakers-obsession\/\"]}]},{\"@type\":\"BreadcrumbList\",\"@id\":\"https:\/\/librairie7l.com\/en\/produit\/sneakers-obsession\/#breadcrumb\",\"itemListElement\":[{\"@type\":\"ListItem\",\"position\":1,\"name\":\"Accueil\",\"item\":\"https:\/\/librairie7l.com\/en\/\"},{\"@type\":\"ListItem\",\"position\":2,\"name\":\"Shop\",\"item\":\"https:\/\/librairie7l.com\/en\/shop\/\"},{\"@type\":\"ListItem\",\"position\":3,\"name\":\"SNEAKERS OBSESSION\"}]},{\"@type\":\"WebSite\",\"@id\":\"https:\/\/librairie7l.com\/en\/#website\",\"url\":\"https:\/\/librairie7l.com\/en\/\",\"name\":\"Librairie 7L\",\"description\":\"Librairie fond\u00e9e en 1999 par Karl Lagerfeld \u00e0 Paris\",\"publisher\":{\"@id\":\"https:\/\/librairie7l.com\/en\/#organization\"},\"potentialAction\":[{\"@type\":\"SearchAction\",\"target\":{\"@type\":\"EntryPoint\",\"urlTemplate\":\"https:\/\/librairie7l.com\/en\/?s={search_term_string}\"},\"query-input\":\"required name=search_term_string\"}],\"inLanguage\":\"en-US\"},{\"@type\":\"Organization\",\"@id\":\"https:\/\/librairie7l.com\/en\/#organization\",\"name\":\"Librairie 7L\",\"url\":\"https:\/\/librairie7l.com\/en\/\",\"logo\":{\"@type\":\"ImageObject\",\"inLanguage\":\"en-US\",\"@id\":\"https:\/\/librairie7l.com\/en\/#\/schema\/logo\/image\/\",\"url\":\"https:\/\/librairie7l.com\/wp-content\/uploads\/2022\/08\/logo-1.png\",\"contentUrl\":\"https:\/\/librairie7l.com\/wp-content\/uploads\/2022\/08\/logo-1.png\",\"width\":227,\"height\":301,\"caption\":\"Librairie 7L\"},\"image\":{\"@id\":\"https:\/\/librairie7l.com\/en\/#\/schema\/logo\/image\/\"}}]}<\/script>\n<!-- \/ Yoast SEO plugin. -->","yoast_head_json":{"title":"Sneakers obsession - Librairie 7L","robots":{"index":"index","follow":"follow","max-snippet":"max-snippet:-1","max-image-preview":"max-image-preview:large","max-video-preview":"max-video-preview:-1"},"canonical":"https:\/\/librairie7l.com\/en\/produit\/sneakers-obsession\/","og_locale":"en_US","og_type":"article","og_title":"Sneakers obsession - Librairie 7L","og_description":"Jordan ? Yeezy ? Collab ? Resell ? Raffles ? Avec Sneakers Obsession, plongez dans l&#8217;univers sneakers ! D\u00e9couvrez l&#8217;histoire des marques et des mod\u00e8les les plus embl\u00e9matiques, retracez les temps forts qui ont contribu\u00e9 \u00e0 ce succ\u00e8s spectaculaire, d\u00e9cryptez le fonctionnement du march\u00e9 de la vente et de la revente&#8230; R\u00e9alis\u00e9 avec Kikikickz, acteur [&hellip;]","og_url":"https:\/\/librairie7l.com\/en\/produit\/sneakers-obsession\/","og_site_name":"Librairie 7L","article_modified_time":"2026-04-27T08:00:20+00:00","og_image":[{"width":600,"height":794,"url":"https:\/\/librairie7l.com\/wp-content\/uploads\/2023\/06\/9782080435286_1_75.jpg","type":"image\/jpeg"}],"twitter_card":"summary_large_image","schema":{"@context":"https:\/\/schema.org","@graph":[{"@type":"WebPage","@id":"https:\/\/librairie7l.com\/en\/produit\/sneakers-obsession\/","url":"https:\/\/librairie7l.com\/en\/produit\/sneakers-obsession\/","name":"Sneakers obsession - Librairie 7L","isPartOf":{"@id":"https:\/\/librairie7l.com\/en\/#website"},"datePublished":"2024-06-26T10:11:54+00:00","dateModified":"2026-04-27T08:00:20+00:00","breadcrumb":{"@id":"https:\/\/librairie7l.com\/en\/produit\/sneakers-obsession\/#breadcrumb"},"inLanguage":"en-US","potentialAction":[{"@type":"ReadAction","target":["https:\/\/librairie7l.com\/en\/produit\/sneakers-obsession\/"]}]},{"@type":"BreadcrumbList","@id":"https:\/\/librairie7l.com\/en\/produit\/sneakers-obsession\/#breadcrumb","itemListElement":[{"@type":"ListItem","position":1,"name":"Accueil","item":"https:\/\/librairie7l.com\/en\/"},{"@type":"ListItem","position":2,"name":"Shop","item":"https:\/\/librairie7l.com\/en\/shop\/"},{"@type":"ListItem","position":3,"name":"SNEAKERS OBSESSION"}]},{"@type":"WebSite","@id":"https:\/\/librairie7l.com\/en\/#website","url":"https:\/\/librairie7l.com\/en\/","name":"Librairie 7L","description":"Librairie fond\u00e9e en 1999 par Karl Lagerfeld \u00e0 Paris","publisher":{"@id":"https:\/\/librairie7l.com\/en\/#organization"},"potentialAction":[{"@type":"SearchAction","target":{"@type":"EntryPoint","urlTemplate":"https:\/\/librairie7l.com\/en\/?s={search_term_string}"},"query-input":"required name=search_term_string"}],"inLanguage":"en-US"},{"@type":"Organization","@id":"https:\/\/librairie7l.com\/en\/#organization","name":"Librairie 7L","url":"https:\/\/librairie7l.com\/en\/","logo":{"@type":"ImageObject","inLanguage":"en-US","@id":"https:\/\/librairie7l.com\/en\/#\/schema\/logo\/image\/","url":"https:\/\/librairie7l.com\/wp-content\/uploads\/2022\/08\/logo-1.png","contentUrl":"https:\/\/librairie7l.com\/wp-content\/uploads\/2022\/08\/logo-1.png","width":227,"height":301,"caption":"Librairie 7L"},"image":{"@id":"https:\/\/librairie7l.com\/en\/#\/schema\/logo\/image\/"}}]}},"_links":{"self":[{"href":"https:\/\/librairie7l.com\/en\/wp-json\/wp\/v2\/product\/39943"}],"collection":[{"href":"https:\/\/librairie7l.com\/en\/wp-json\/wp\/v2\/product"}],"about":[{"href":"https:\/\/librairie7l.com\/en\/wp-json\/wp\/v2\/types\/product"}],"wp:featuredmedia":[{"embeddable":true,"href":"https:\/\/librairie7l.com\/en\/wp-json\/wp\/v2\/media\/39941"}],"wp:attachment":[{"href":"https:\/\/librairie7l.com\/en\/wp-json\/wp\/v2\/media?parent=39943"}],"wp:term":[{"taxonomy":"product_cat","embeddable":true,"href":"https:\/\/librairie7l.com\/en\/wp-json\/wp\/v2\/product_cat?post=39943"},{"taxonomy":"product_tag","embeddable":true,"href":"https:\/\/librairie7l.com\/en\/wp-json\/wp\/v2\/product_tag?post=39943"}],"curies":[{"name":"wp","href":"https:\/\/api.w.org\/{rel}","templated":true}]}}