{"id":39947,"date":"2024-06-26T12:11:56","date_gmt":"2024-06-26T10:11:56","guid":{"rendered":"https:\/\/librairie7l.com\/?post_type=product&#038;p=39947"},"modified":"2026-04-07T17:06:25","modified_gmt":"2026-04-07T15:06:25","slug":"generations-sneakers","status":"publish","type":"product","link":"https:\/\/librairie7l.com\/en\/produit\/generations-sneakers\/","title":{"rendered":"G\u00c9N\u00c9RATIONS SNEAKERS"},"content":{"rendered":"<p>C&#8217;est l&#8217;histoire d&#8217;un accessoire de sport devenu objet de consommation courante, puis de convoitise et m\u00eame de pouvoir. Pass\u00e9es du stade \u00e0 la rue, des podiums des Jeux olympiques \u00e0 ceux de la fashion week, des plateaux de cin\u00e9ma aux open spaces des entreprises, les sneakers sont, depuis 2022, les chaussures les plus port\u00e9es au monde. Elles sont partout. Dans le sport, la mode, la pop-culture, mais aussi dans les affaires, le luxe et la politique. Et tout le monde en porte, de 7 mois \u00e0 77 ans.<\/p>\n<p>De l&#8217;histoire secr\u00e8te de la Nike Air Jordan 1 au business de Kanye \u00ab Yeezy \u00bb West ; de ses apparitions dans les s\u00e9ries et les films cultes d&#8217;hier et d&#8217;aujourd&#8217;hui \u00e0 sa r\u00e9cup\u00e9ration strat\u00e9gique par les hommes politiques ou les patrons de la tech ; du classique ind\u00e9modable qu&#8217;on a tous poss\u00e9d\u00e9 un jour aux d\u00e9clinaisons de luxe les plus improbables, G\u00e9n\u00e9rations Sneakers offre un tour d&#8217;horizon richement document\u00e9 sur ce qui n&#8217;est plus un ph\u00e9nom\u00e8ne mais une v\u00e9ritable \u00e9pop\u00e9e.<\/p>\n<p>Les sneakers ne sont plus seulement un objet. Elles sont le reflet de notre temps.<\/p>\n","protected":false},"excerpt":{"rendered":"<p>C&#8217;est l&#8217;histoire d&#8217;un accessoire de sport devenu objet de consommation courante, puis de convoitise et m\u00eame de pouvoir. Pass\u00e9es du stade \u00e0 la rue, des podiums des Jeux olympiques \u00e0 ceux de la fashion week, des plateaux de cin\u00e9ma aux open spaces des entreprises, les sneakers sont, depuis 2022, les chaussures les plus port\u00e9es au [&hellip;]<\/p>\n","protected":false},"featured_media":39945,"template":"","meta":[],"product_cat":[2948,2957],"product_tag":[],"acf":[],"yoast_head":"<!-- This site is optimized with the Yoast SEO plugin v20.11 - https:\/\/yoast.com\/wordpress\/plugins\/seo\/ -->\n<title>G\u00e9n\u00e9rations sneakers - Librairie 7L<\/title>\n<meta name=\"robots\" content=\"index, follow, max-snippet:-1, max-image-preview:large, max-video-preview:-1\" \/>\n<link rel=\"canonical\" href=\"https:\/\/librairie7l.com\/en\/produit\/generations-sneakers\/\" \/>\n<meta property=\"og:locale\" content=\"en_US\" \/>\n<meta property=\"og:type\" content=\"article\" \/>\n<meta property=\"og:title\" content=\"G\u00e9n\u00e9rations sneakers - Librairie 7L\" \/>\n<meta property=\"og:description\" content=\"C&#8217;est l&#8217;histoire d&#8217;un accessoire de sport devenu objet de consommation courante, puis de convoitise et m\u00eame de pouvoir. Pass\u00e9es du stade \u00e0 la rue, des podiums des Jeux olympiques \u00e0 ceux de la fashion week, des plateaux de cin\u00e9ma aux open spaces des entreprises, les sneakers sont, depuis 2022, les chaussures les plus port\u00e9es au [&hellip;]\" \/>\n<meta property=\"og:url\" content=\"https:\/\/librairie7l.com\/en\/produit\/generations-sneakers\/\" \/>\n<meta property=\"og:site_name\" content=\"Librairie 7L\" \/>\n<meta property=\"article:modified_time\" content=\"2026-04-07T15:06:25+00:00\" \/>\n<meta property=\"og:image\" content=\"https:\/\/librairie7l.com\/wp-content\/uploads\/2022\/06\/9782701403663_1_75.jpg\" \/>\n\t<meta property=\"og:image:width\" content=\"600\" \/>\n\t<meta property=\"og:image:height\" content=\"775\" \/>\n\t<meta property=\"og:image:type\" content=\"image\/jpeg\" \/>\n<meta name=\"twitter:card\" content=\"summary_large_image\" \/>\n<meta name=\"twitter:label1\" content=\"Est. reading time\" \/>\n\t<meta name=\"twitter:data1\" content=\"1 minute\" \/>\n<script type=\"application\/ld+json\" class=\"yoast-schema-graph\">{\"@context\":\"https:\/\/schema.org\",\"@graph\":[{\"@type\":\"WebPage\",\"@id\":\"https:\/\/librairie7l.com\/en\/produit\/generations-sneakers\/\",\"url\":\"https:\/\/librairie7l.com\/en\/produit\/generations-sneakers\/\",\"name\":\"G\u00e9n\u00e9rations sneakers - Librairie 7L\",\"isPartOf\":{\"@id\":\"https:\/\/librairie7l.com\/en\/#website\"},\"datePublished\":\"2024-06-26T10:11:56+00:00\",\"dateModified\":\"2026-04-07T15:06:25+00:00\",\"breadcrumb\":{\"@id\":\"https:\/\/librairie7l.com\/en\/produit\/generations-sneakers\/#breadcrumb\"},\"inLanguage\":\"en-US\",\"potentialAction\":[{\"@type\":\"ReadAction\",\"target\":[\"https:\/\/librairie7l.com\/en\/produit\/generations-sneakers\/\"]}]},{\"@type\":\"BreadcrumbList\",\"@id\":\"https:\/\/librairie7l.com\/en\/produit\/generations-sneakers\/#breadcrumb\",\"itemListElement\":[{\"@type\":\"ListItem\",\"position\":1,\"name\":\"Accueil\",\"item\":\"https:\/\/librairie7l.com\/en\/\"},{\"@type\":\"ListItem\",\"position\":2,\"name\":\"Shop\",\"item\":\"https:\/\/librairie7l.com\/en\/shop\/\"},{\"@type\":\"ListItem\",\"position\":3,\"name\":\"G\u00c9N\u00c9RATIONS SNEAKERS\"}]},{\"@type\":\"WebSite\",\"@id\":\"https:\/\/librairie7l.com\/en\/#website\",\"url\":\"https:\/\/librairie7l.com\/en\/\",\"name\":\"Librairie 7L\",\"description\":\"Librairie fond\u00e9e en 1999 par Karl Lagerfeld \u00e0 Paris\",\"publisher\":{\"@id\":\"https:\/\/librairie7l.com\/en\/#organization\"},\"potentialAction\":[{\"@type\":\"SearchAction\",\"target\":{\"@type\":\"EntryPoint\",\"urlTemplate\":\"https:\/\/librairie7l.com\/en\/?s={search_term_string}\"},\"query-input\":\"required name=search_term_string\"}],\"inLanguage\":\"en-US\"},{\"@type\":\"Organization\",\"@id\":\"https:\/\/librairie7l.com\/en\/#organization\",\"name\":\"Librairie 7L\",\"url\":\"https:\/\/librairie7l.com\/en\/\",\"logo\":{\"@type\":\"ImageObject\",\"inLanguage\":\"en-US\",\"@id\":\"https:\/\/librairie7l.com\/en\/#\/schema\/logo\/image\/\",\"url\":\"https:\/\/librairie7l.com\/wp-content\/uploads\/2022\/08\/logo-1.png\",\"contentUrl\":\"https:\/\/librairie7l.com\/wp-content\/uploads\/2022\/08\/logo-1.png\",\"width\":227,\"height\":301,\"caption\":\"Librairie 7L\"},\"image\":{\"@id\":\"https:\/\/librairie7l.com\/en\/#\/schema\/logo\/image\/\"}}]}<\/script>\n<!-- \/ Yoast SEO plugin. -->","yoast_head_json":{"title":"G\u00e9n\u00e9rations sneakers - Librairie 7L","robots":{"index":"index","follow":"follow","max-snippet":"max-snippet:-1","max-image-preview":"max-image-preview:large","max-video-preview":"max-video-preview:-1"},"canonical":"https:\/\/librairie7l.com\/en\/produit\/generations-sneakers\/","og_locale":"en_US","og_type":"article","og_title":"G\u00e9n\u00e9rations sneakers - Librairie 7L","og_description":"C&#8217;est l&#8217;histoire d&#8217;un accessoire de sport devenu objet de consommation courante, puis de convoitise et m\u00eame de pouvoir. Pass\u00e9es du stade \u00e0 la rue, des podiums des Jeux olympiques \u00e0 ceux de la fashion week, des plateaux de cin\u00e9ma aux open spaces des entreprises, les sneakers sont, depuis 2022, les chaussures les plus port\u00e9es au [&hellip;]","og_url":"https:\/\/librairie7l.com\/en\/produit\/generations-sneakers\/","og_site_name":"Librairie 7L","article_modified_time":"2026-04-07T15:06:25+00:00","og_image":[{"width":600,"height":775,"url":"https:\/\/librairie7l.com\/wp-content\/uploads\/2022\/06\/9782701403663_1_75.jpg","type":"image\/jpeg"}],"twitter_card":"summary_large_image","twitter_misc":{"Est. reading time":"1 minute"},"schema":{"@context":"https:\/\/schema.org","@graph":[{"@type":"WebPage","@id":"https:\/\/librairie7l.com\/en\/produit\/generations-sneakers\/","url":"https:\/\/librairie7l.com\/en\/produit\/generations-sneakers\/","name":"G\u00e9n\u00e9rations sneakers - Librairie 7L","isPartOf":{"@id":"https:\/\/librairie7l.com\/en\/#website"},"datePublished":"2024-06-26T10:11:56+00:00","dateModified":"2026-04-07T15:06:25+00:00","breadcrumb":{"@id":"https:\/\/librairie7l.com\/en\/produit\/generations-sneakers\/#breadcrumb"},"inLanguage":"en-US","potentialAction":[{"@type":"ReadAction","target":["https:\/\/librairie7l.com\/en\/produit\/generations-sneakers\/"]}]},{"@type":"BreadcrumbList","@id":"https:\/\/librairie7l.com\/en\/produit\/generations-sneakers\/#breadcrumb","itemListElement":[{"@type":"ListItem","position":1,"name":"Accueil","item":"https:\/\/librairie7l.com\/en\/"},{"@type":"ListItem","position":2,"name":"Shop","item":"https:\/\/librairie7l.com\/en\/shop\/"},{"@type":"ListItem","position":3,"name":"G\u00c9N\u00c9RATIONS SNEAKERS"}]},{"@type":"WebSite","@id":"https:\/\/librairie7l.com\/en\/#website","url":"https:\/\/librairie7l.com\/en\/","name":"Librairie 7L","description":"Librairie fond\u00e9e en 1999 par Karl Lagerfeld \u00e0 Paris","publisher":{"@id":"https:\/\/librairie7l.com\/en\/#organization"},"potentialAction":[{"@type":"SearchAction","target":{"@type":"EntryPoint","urlTemplate":"https:\/\/librairie7l.com\/en\/?s={search_term_string}"},"query-input":"required name=search_term_string"}],"inLanguage":"en-US"},{"@type":"Organization","@id":"https:\/\/librairie7l.com\/en\/#organization","name":"Librairie 7L","url":"https:\/\/librairie7l.com\/en\/","logo":{"@type":"ImageObject","inLanguage":"en-US","@id":"https:\/\/librairie7l.com\/en\/#\/schema\/logo\/image\/","url":"https:\/\/librairie7l.com\/wp-content\/uploads\/2022\/08\/logo-1.png","contentUrl":"https:\/\/librairie7l.com\/wp-content\/uploads\/2022\/08\/logo-1.png","width":227,"height":301,"caption":"Librairie 7L"},"image":{"@id":"https:\/\/librairie7l.com\/en\/#\/schema\/logo\/image\/"}}]}},"_links":{"self":[{"href":"https:\/\/librairie7l.com\/en\/wp-json\/wp\/v2\/product\/39947"}],"collection":[{"href":"https:\/\/librairie7l.com\/en\/wp-json\/wp\/v2\/product"}],"about":[{"href":"https:\/\/librairie7l.com\/en\/wp-json\/wp\/v2\/types\/product"}],"wp:featuredmedia":[{"embeddable":true,"href":"https:\/\/librairie7l.com\/en\/wp-json\/wp\/v2\/media\/39945"}],"wp:attachment":[{"href":"https:\/\/librairie7l.com\/en\/wp-json\/wp\/v2\/media?parent=39947"}],"wp:term":[{"taxonomy":"product_cat","embeddable":true,"href":"https:\/\/librairie7l.com\/en\/wp-json\/wp\/v2\/product_cat?post=39947"},{"taxonomy":"product_tag","embeddable":true,"href":"https:\/\/librairie7l.com\/en\/wp-json\/wp\/v2\/product_tag?post=39947"}],"curies":[{"name":"wp","href":"https:\/\/api.w.org\/{rel}","templated":true}]}}