{"id":39959,"date":"2024-06-26T12:11:48","date_gmt":"2024-06-26T10:11:48","guid":{"rendered":"https:\/\/librairie7l.com\/?post_type=product&#038;p=39959"},"modified":"2026-04-07T23:34:46","modified_gmt":"2026-04-07T21:34:46","slug":"modes-du-xx-siecle-le-streetwear","status":"publish","type":"product","link":"https:\/\/librairie7l.com\/en\/produit\/modes-du-xx-siecle-le-streetwear\/","title":{"rendered":"MODES DU XX SI\u00c8CLE ; LE STREETWEAR"},"content":{"rendered":"<p>Au travers d&#8217;une soixantaine d&#8217;illustrations en couleurs et des textes concis, cet ouvrage offre une vision tr\u00e8s vivante et didactique des modes du streetwear, qui de Los Angeles \u00e0 New York ont vu le jour dans les ann\u00e9es 70 au coeur de la rue.<br \/>\nFusion de la mode des skateurs et de celle des pionniers du Hip Hop, le streetwear se d\u00e9cline \u00e0 tous les temps :<br \/>\n&#8211; Jean baggy, t-shirts imprim\u00e9s ou chemise \u00e0 carreaux et baskets Vans aux pieds pour les skateurs californiens.<br \/>\n&#8211; Doudounes sans manches, jeans laissant apparaitre des baskets de marque aux couleurs voyantes et casquettes \u00e0 l&#8217;envers. Ou blouson Teddy, cardigan coll\u00e8ge, chapeau fedora et baskets Nike Dunks multicolores pour les adeptes du Hip Hop dans les ghettos du Bronx new-yorkais .<br \/>\n&#8211; Baggy short, t-shirt oversized, sweat \u00e0 capuche, bandana sur la t\u00eate ou casquette de base-ball pour les membres de gangs des ghettos de L.A.<br \/>\n&#8211; Chaines dor\u00e9es, dentitions d&#8217;or, manteaux de fourrure et lunettes extravagantes pour les adeptes du look &#8220;gangsta&#8221;.<br \/>\nAutant de facettes d&#8217;une mode qui s&#8217;approprie l&#8217;environnement urbain, la rue : le streetwear.<\/p>\n","protected":false},"excerpt":{"rendered":"<p>Au travers d&#8217;une soixantaine d&#8217;illustrations en couleurs et des textes concis, cet ouvrage offre une vision tr\u00e8s vivante et didactique des modes du streetwear, qui de Los Angeles \u00e0 New York ont vu le jour dans les ann\u00e9es 70 au coeur de la rue. Fusion de la mode des skateurs et de celle des pionniers [&hellip;]<\/p>\n","protected":false},"featured_media":39957,"template":"","meta":[],"product_cat":[2948,2957],"product_tag":[],"acf":[],"yoast_head":"<!-- This site is optimized with the Yoast SEO plugin v20.11 - https:\/\/yoast.com\/wordpress\/plugins\/seo\/ -->\n<title>Modes du XX si\u00e8cle ; le streetwear - Librairie 7L<\/title>\n<meta name=\"robots\" content=\"index, follow, max-snippet:-1, max-image-preview:large, max-video-preview:-1\" \/>\n<link rel=\"canonical\" href=\"https:\/\/librairie7l.com\/en\/produit\/modes-du-xx-siecle-le-streetwear\/\" \/>\n<meta property=\"og:locale\" content=\"en_US\" \/>\n<meta property=\"og:type\" content=\"article\" \/>\n<meta property=\"og:title\" content=\"Modes du XX si\u00e8cle ; le streetwear - Librairie 7L\" \/>\n<meta property=\"og:description\" content=\"Au travers d&#8217;une soixantaine d&#8217;illustrations en couleurs et des textes concis, cet ouvrage offre une vision tr\u00e8s vivante et didactique des modes du streetwear, qui de Los Angeles \u00e0 New York ont vu le jour dans les ann\u00e9es 70 au coeur de la rue. Fusion de la mode des skateurs et de celle des pionniers [&hellip;]\" \/>\n<meta property=\"og:url\" content=\"https:\/\/librairie7l.com\/en\/produit\/modes-du-xx-siecle-le-streetwear\/\" \/>\n<meta property=\"og:site_name\" content=\"Librairie 7L\" \/>\n<meta property=\"article:modified_time\" content=\"2026-04-07T21:34:46+00:00\" \/>\n<meta property=\"og:image\" content=\"https:\/\/librairie7l.com\/wp-content\/uploads\/2010\/07\/9782918579069_1_75.jpg\" \/>\n\t<meta property=\"og:image:width\" content=\"504\" \/>\n\t<meta property=\"og:image:height\" content=\"638\" \/>\n\t<meta property=\"og:image:type\" content=\"image\/jpeg\" \/>\n<meta name=\"twitter:card\" content=\"summary_large_image\" \/>\n<meta name=\"twitter:label1\" content=\"Est. reading time\" \/>\n\t<meta name=\"twitter:data1\" content=\"1 minute\" \/>\n<script type=\"application\/ld+json\" class=\"yoast-schema-graph\">{\"@context\":\"https:\/\/schema.org\",\"@graph\":[{\"@type\":\"WebPage\",\"@id\":\"https:\/\/librairie7l.com\/en\/produit\/modes-du-xx-siecle-le-streetwear\/\",\"url\":\"https:\/\/librairie7l.com\/en\/produit\/modes-du-xx-siecle-le-streetwear\/\",\"name\":\"Modes du XX si\u00e8cle ; le streetwear - Librairie 7L\",\"isPartOf\":{\"@id\":\"https:\/\/librairie7l.com\/en\/#website\"},\"datePublished\":\"2024-06-26T10:11:48+00:00\",\"dateModified\":\"2026-04-07T21:34:46+00:00\",\"breadcrumb\":{\"@id\":\"https:\/\/librairie7l.com\/en\/produit\/modes-du-xx-siecle-le-streetwear\/#breadcrumb\"},\"inLanguage\":\"en-US\",\"potentialAction\":[{\"@type\":\"ReadAction\",\"target\":[\"https:\/\/librairie7l.com\/en\/produit\/modes-du-xx-siecle-le-streetwear\/\"]}]},{\"@type\":\"BreadcrumbList\",\"@id\":\"https:\/\/librairie7l.com\/en\/produit\/modes-du-xx-siecle-le-streetwear\/#breadcrumb\",\"itemListElement\":[{\"@type\":\"ListItem\",\"position\":1,\"name\":\"Accueil\",\"item\":\"https:\/\/librairie7l.com\/en\/\"},{\"@type\":\"ListItem\",\"position\":2,\"name\":\"Shop\",\"item\":\"https:\/\/librairie7l.com\/en\/shop\/\"},{\"@type\":\"ListItem\",\"position\":3,\"name\":\"MODES DU XX SI\u00c8CLE ; LE STREETWEAR\"}]},{\"@type\":\"WebSite\",\"@id\":\"https:\/\/librairie7l.com\/en\/#website\",\"url\":\"https:\/\/librairie7l.com\/en\/\",\"name\":\"Librairie 7L\",\"description\":\"Librairie fond\u00e9e en 1999 par Karl Lagerfeld \u00e0 Paris\",\"publisher\":{\"@id\":\"https:\/\/librairie7l.com\/en\/#organization\"},\"potentialAction\":[{\"@type\":\"SearchAction\",\"target\":{\"@type\":\"EntryPoint\",\"urlTemplate\":\"https:\/\/librairie7l.com\/en\/?s={search_term_string}\"},\"query-input\":\"required name=search_term_string\"}],\"inLanguage\":\"en-US\"},{\"@type\":\"Organization\",\"@id\":\"https:\/\/librairie7l.com\/en\/#organization\",\"name\":\"Librairie 7L\",\"url\":\"https:\/\/librairie7l.com\/en\/\",\"logo\":{\"@type\":\"ImageObject\",\"inLanguage\":\"en-US\",\"@id\":\"https:\/\/librairie7l.com\/en\/#\/schema\/logo\/image\/\",\"url\":\"https:\/\/librairie7l.com\/wp-content\/uploads\/2022\/08\/logo-1.png\",\"contentUrl\":\"https:\/\/librairie7l.com\/wp-content\/uploads\/2022\/08\/logo-1.png\",\"width\":227,\"height\":301,\"caption\":\"Librairie 7L\"},\"image\":{\"@id\":\"https:\/\/librairie7l.com\/en\/#\/schema\/logo\/image\/\"}}]}<\/script>\n<!-- \/ Yoast SEO plugin. -->","yoast_head_json":{"title":"Modes du XX si\u00e8cle ; le streetwear - Librairie 7L","robots":{"index":"index","follow":"follow","max-snippet":"max-snippet:-1","max-image-preview":"max-image-preview:large","max-video-preview":"max-video-preview:-1"},"canonical":"https:\/\/librairie7l.com\/en\/produit\/modes-du-xx-siecle-le-streetwear\/","og_locale":"en_US","og_type":"article","og_title":"Modes du XX si\u00e8cle ; le streetwear - Librairie 7L","og_description":"Au travers d&#8217;une soixantaine d&#8217;illustrations en couleurs et des textes concis, cet ouvrage offre une vision tr\u00e8s vivante et didactique des modes du streetwear, qui de Los Angeles \u00e0 New York ont vu le jour dans les ann\u00e9es 70 au coeur de la rue. Fusion de la mode des skateurs et de celle des pionniers [&hellip;]","og_url":"https:\/\/librairie7l.com\/en\/produit\/modes-du-xx-siecle-le-streetwear\/","og_site_name":"Librairie 7L","article_modified_time":"2026-04-07T21:34:46+00:00","og_image":[{"width":504,"height":638,"url":"https:\/\/librairie7l.com\/wp-content\/uploads\/2010\/07\/9782918579069_1_75.jpg","type":"image\/jpeg"}],"twitter_card":"summary_large_image","twitter_misc":{"Est. reading time":"1 minute"},"schema":{"@context":"https:\/\/schema.org","@graph":[{"@type":"WebPage","@id":"https:\/\/librairie7l.com\/en\/produit\/modes-du-xx-siecle-le-streetwear\/","url":"https:\/\/librairie7l.com\/en\/produit\/modes-du-xx-siecle-le-streetwear\/","name":"Modes du XX si\u00e8cle ; le streetwear - Librairie 7L","isPartOf":{"@id":"https:\/\/librairie7l.com\/en\/#website"},"datePublished":"2024-06-26T10:11:48+00:00","dateModified":"2026-04-07T21:34:46+00:00","breadcrumb":{"@id":"https:\/\/librairie7l.com\/en\/produit\/modes-du-xx-siecle-le-streetwear\/#breadcrumb"},"inLanguage":"en-US","potentialAction":[{"@type":"ReadAction","target":["https:\/\/librairie7l.com\/en\/produit\/modes-du-xx-siecle-le-streetwear\/"]}]},{"@type":"BreadcrumbList","@id":"https:\/\/librairie7l.com\/en\/produit\/modes-du-xx-siecle-le-streetwear\/#breadcrumb","itemListElement":[{"@type":"ListItem","position":1,"name":"Accueil","item":"https:\/\/librairie7l.com\/en\/"},{"@type":"ListItem","position":2,"name":"Shop","item":"https:\/\/librairie7l.com\/en\/shop\/"},{"@type":"ListItem","position":3,"name":"MODES DU XX SI\u00c8CLE ; LE STREETWEAR"}]},{"@type":"WebSite","@id":"https:\/\/librairie7l.com\/en\/#website","url":"https:\/\/librairie7l.com\/en\/","name":"Librairie 7L","description":"Librairie fond\u00e9e en 1999 par Karl Lagerfeld \u00e0 Paris","publisher":{"@id":"https:\/\/librairie7l.com\/en\/#organization"},"potentialAction":[{"@type":"SearchAction","target":{"@type":"EntryPoint","urlTemplate":"https:\/\/librairie7l.com\/en\/?s={search_term_string}"},"query-input":"required name=search_term_string"}],"inLanguage":"en-US"},{"@type":"Organization","@id":"https:\/\/librairie7l.com\/en\/#organization","name":"Librairie 7L","url":"https:\/\/librairie7l.com\/en\/","logo":{"@type":"ImageObject","inLanguage":"en-US","@id":"https:\/\/librairie7l.com\/en\/#\/schema\/logo\/image\/","url":"https:\/\/librairie7l.com\/wp-content\/uploads\/2022\/08\/logo-1.png","contentUrl":"https:\/\/librairie7l.com\/wp-content\/uploads\/2022\/08\/logo-1.png","width":227,"height":301,"caption":"Librairie 7L"},"image":{"@id":"https:\/\/librairie7l.com\/en\/#\/schema\/logo\/image\/"}}]}},"_links":{"self":[{"href":"https:\/\/librairie7l.com\/en\/wp-json\/wp\/v2\/product\/39959"}],"collection":[{"href":"https:\/\/librairie7l.com\/en\/wp-json\/wp\/v2\/product"}],"about":[{"href":"https:\/\/librairie7l.com\/en\/wp-json\/wp\/v2\/types\/product"}],"wp:featuredmedia":[{"embeddable":true,"href":"https:\/\/librairie7l.com\/en\/wp-json\/wp\/v2\/media\/39957"}],"wp:attachment":[{"href":"https:\/\/librairie7l.com\/en\/wp-json\/wp\/v2\/media?parent=39959"}],"wp:term":[{"taxonomy":"product_cat","embeddable":true,"href":"https:\/\/librairie7l.com\/en\/wp-json\/wp\/v2\/product_cat?post=39959"},{"taxonomy":"product_tag","embeddable":true,"href":"https:\/\/librairie7l.com\/en\/wp-json\/wp\/v2\/product_tag?post=39959"}],"curies":[{"name":"wp","href":"https:\/\/api.w.org\/{rel}","templated":true}]}}