{"id":39969,"date":"2024-06-26T12:11:55","date_gmt":"2024-06-26T10:11:55","guid":{"rendered":"https:\/\/librairie7l.com\/?post_type=product&#038;p=39969"},"modified":"2026-04-22T08:05:45","modified_gmt":"2026-04-22T06:05:45","slug":"la-nouvelle-vague-portrait-dune-jeunesse","status":"publish","type":"product","link":"https:\/\/librairie7l.com\/en\/produit\/la-nouvelle-vague-portrait-dune-jeunesse\/","title":{"rendered":"LA NOUVELLE VAGUE ; PORTRAIT D&#8217;UNE JEUNESSE"},"content":{"rendered":"<p>Jean Seberg et Jean-Paul Belmondo d\u00e9ambulant sur les Champs-\u00c9lys\u00e9es dans \u00c0 bout de souffle, Jean-Pierre L\u00e9aud fuyant son enfance d\u00e9linquante sur une plage de Normandie dans Les Quatre Cents Coups : autant d&#8217;images qui incarnent la mythologie de la Nouvelle Vague.La libert\u00e9 scandaleuse de Brigitte Bardot dans Et Dieu cr\u00e9a la femme avait ouvert la voie en 1956. Entre 1959 et 1962, de jeunes cin\u00e9astes &#8211; Fran\u00e7ois Truffaut, Jean-Luc Godard, Claude Chabrol, \u00c9ric Rohmer&#8230; &#8211; changent le visage du cin\u00e9ma fran\u00e7ais. Ils imposent \u00e0 l&#8217;\u00e9cran, stylis\u00e9s, des gestes, des attitudes, des apparences, des mani\u00e8res d&#8217;\u00eatre, d&#8217;aimer, dans lesquels se reconnaissent d&#8217;embl\u00e9e les spectateurs de leur g\u00e9n\u00e9ration.Mouvement de cin\u00e9ma, mouvement de jeunesse : c&#8217;est ce moment unique de l&#8217;histoire culturelle fran\u00e7aise que retrace et analyse Antoine de Baecque.<\/p>\n","protected":false},"excerpt":{"rendered":"<p>Jean Seberg et Jean-Paul Belmondo d\u00e9ambulant sur les Champs-\u00c9lys\u00e9es dans \u00c0 bout de souffle, Jean-Pierre L\u00e9aud fuyant son enfance d\u00e9linquante sur une plage de Normandie dans Les Quatre Cents Coups : autant d&#8217;images qui incarnent la mythologie de la Nouvelle Vague.La libert\u00e9 scandaleuse de Brigitte Bardot dans Et Dieu cr\u00e9a la femme avait ouvert la [&hellip;]<\/p>\n","protected":false},"featured_media":39967,"template":"","meta":[],"product_cat":[2948,2958],"product_tag":[],"acf":[],"yoast_head":"<!-- This site is optimized with the Yoast SEO plugin v20.11 - https:\/\/yoast.com\/wordpress\/plugins\/seo\/ -->\n<title>La Nouvelle vague ; portrait d&#039;une jeunesse - Librairie 7L<\/title>\n<meta name=\"robots\" content=\"index, follow, max-snippet:-1, max-image-preview:large, max-video-preview:-1\" \/>\n<link rel=\"canonical\" href=\"https:\/\/librairie7l.com\/en\/produit\/la-nouvelle-vague-portrait-dune-jeunesse\/\" \/>\n<meta property=\"og:locale\" content=\"en_US\" \/>\n<meta property=\"og:type\" content=\"article\" \/>\n<meta property=\"og:title\" content=\"La Nouvelle vague ; portrait d&#039;une jeunesse - Librairie 7L\" \/>\n<meta property=\"og:description\" content=\"Jean Seberg et Jean-Paul Belmondo d\u00e9ambulant sur les Champs-\u00c9lys\u00e9es dans \u00c0 bout de souffle, Jean-Pierre L\u00e9aud fuyant son enfance d\u00e9linquante sur une plage de Normandie dans Les Quatre Cents Coups : autant d&#8217;images qui incarnent la mythologie de la Nouvelle Vague.La libert\u00e9 scandaleuse de Brigitte Bardot dans Et Dieu cr\u00e9a la femme avait ouvert la [&hellip;]\" \/>\n<meta property=\"og:url\" content=\"https:\/\/librairie7l.com\/en\/produit\/la-nouvelle-vague-portrait-dune-jeunesse\/\" \/>\n<meta property=\"og:site_name\" content=\"Librairie 7L\" \/>\n<meta property=\"article:modified_time\" content=\"2026-04-22T06:05:45+00:00\" \/>\n<meta property=\"og:image\" content=\"https:\/\/librairie7l.com\/wp-content\/uploads\/2018\/11\/9782081479418_1_75.jpg\" \/>\n\t<meta property=\"og:image:width\" content=\"600\" \/>\n\t<meta property=\"og:image:height\" content=\"988\" \/>\n\t<meta property=\"og:image:type\" content=\"image\/jpeg\" \/>\n<meta name=\"twitter:card\" content=\"summary_large_image\" \/>\n<meta name=\"twitter:label1\" content=\"Est. reading time\" \/>\n\t<meta name=\"twitter:data1\" content=\"1 minute\" \/>\n<script type=\"application\/ld+json\" class=\"yoast-schema-graph\">{\"@context\":\"https:\/\/schema.org\",\"@graph\":[{\"@type\":\"WebPage\",\"@id\":\"https:\/\/librairie7l.com\/en\/produit\/la-nouvelle-vague-portrait-dune-jeunesse\/\",\"url\":\"https:\/\/librairie7l.com\/en\/produit\/la-nouvelle-vague-portrait-dune-jeunesse\/\",\"name\":\"La Nouvelle vague ; portrait d'une jeunesse - Librairie 7L\",\"isPartOf\":{\"@id\":\"https:\/\/librairie7l.com\/en\/#website\"},\"datePublished\":\"2024-06-26T10:11:55+00:00\",\"dateModified\":\"2026-04-22T06:05:45+00:00\",\"breadcrumb\":{\"@id\":\"https:\/\/librairie7l.com\/en\/produit\/la-nouvelle-vague-portrait-dune-jeunesse\/#breadcrumb\"},\"inLanguage\":\"en-US\",\"potentialAction\":[{\"@type\":\"ReadAction\",\"target\":[\"https:\/\/librairie7l.com\/en\/produit\/la-nouvelle-vague-portrait-dune-jeunesse\/\"]}]},{\"@type\":\"BreadcrumbList\",\"@id\":\"https:\/\/librairie7l.com\/en\/produit\/la-nouvelle-vague-portrait-dune-jeunesse\/#breadcrumb\",\"itemListElement\":[{\"@type\":\"ListItem\",\"position\":1,\"name\":\"Accueil\",\"item\":\"https:\/\/librairie7l.com\/en\/\"},{\"@type\":\"ListItem\",\"position\":2,\"name\":\"Shop\",\"item\":\"https:\/\/librairie7l.com\/en\/shop\/\"},{\"@type\":\"ListItem\",\"position\":3,\"name\":\"LA NOUVELLE VAGUE ; PORTRAIT D&#8217;UNE JEUNESSE\"}]},{\"@type\":\"WebSite\",\"@id\":\"https:\/\/librairie7l.com\/en\/#website\",\"url\":\"https:\/\/librairie7l.com\/en\/\",\"name\":\"Librairie 7L\",\"description\":\"Librairie fond\u00e9e en 1999 par Karl Lagerfeld \u00e0 Paris\",\"publisher\":{\"@id\":\"https:\/\/librairie7l.com\/en\/#organization\"},\"potentialAction\":[{\"@type\":\"SearchAction\",\"target\":{\"@type\":\"EntryPoint\",\"urlTemplate\":\"https:\/\/librairie7l.com\/en\/?s={search_term_string}\"},\"query-input\":\"required name=search_term_string\"}],\"inLanguage\":\"en-US\"},{\"@type\":\"Organization\",\"@id\":\"https:\/\/librairie7l.com\/en\/#organization\",\"name\":\"Librairie 7L\",\"url\":\"https:\/\/librairie7l.com\/en\/\",\"logo\":{\"@type\":\"ImageObject\",\"inLanguage\":\"en-US\",\"@id\":\"https:\/\/librairie7l.com\/en\/#\/schema\/logo\/image\/\",\"url\":\"https:\/\/librairie7l.com\/wp-content\/uploads\/2022\/08\/logo-1.png\",\"contentUrl\":\"https:\/\/librairie7l.com\/wp-content\/uploads\/2022\/08\/logo-1.png\",\"width\":227,\"height\":301,\"caption\":\"Librairie 7L\"},\"image\":{\"@id\":\"https:\/\/librairie7l.com\/en\/#\/schema\/logo\/image\/\"}}]}<\/script>\n<!-- \/ Yoast SEO plugin. -->","yoast_head_json":{"title":"La Nouvelle vague ; portrait d'une jeunesse - Librairie 7L","robots":{"index":"index","follow":"follow","max-snippet":"max-snippet:-1","max-image-preview":"max-image-preview:large","max-video-preview":"max-video-preview:-1"},"canonical":"https:\/\/librairie7l.com\/en\/produit\/la-nouvelle-vague-portrait-dune-jeunesse\/","og_locale":"en_US","og_type":"article","og_title":"La Nouvelle vague ; portrait d'une jeunesse - Librairie 7L","og_description":"Jean Seberg et Jean-Paul Belmondo d\u00e9ambulant sur les Champs-\u00c9lys\u00e9es dans \u00c0 bout de souffle, Jean-Pierre L\u00e9aud fuyant son enfance d\u00e9linquante sur une plage de Normandie dans Les Quatre Cents Coups : autant d&#8217;images qui incarnent la mythologie de la Nouvelle Vague.La libert\u00e9 scandaleuse de Brigitte Bardot dans Et Dieu cr\u00e9a la femme avait ouvert la [&hellip;]","og_url":"https:\/\/librairie7l.com\/en\/produit\/la-nouvelle-vague-portrait-dune-jeunesse\/","og_site_name":"Librairie 7L","article_modified_time":"2026-04-22T06:05:45+00:00","og_image":[{"width":600,"height":988,"url":"https:\/\/librairie7l.com\/wp-content\/uploads\/2018\/11\/9782081479418_1_75.jpg","type":"image\/jpeg"}],"twitter_card":"summary_large_image","twitter_misc":{"Est. reading time":"1 minute"},"schema":{"@context":"https:\/\/schema.org","@graph":[{"@type":"WebPage","@id":"https:\/\/librairie7l.com\/en\/produit\/la-nouvelle-vague-portrait-dune-jeunesse\/","url":"https:\/\/librairie7l.com\/en\/produit\/la-nouvelle-vague-portrait-dune-jeunesse\/","name":"La Nouvelle vague ; portrait d'une jeunesse - Librairie 7L","isPartOf":{"@id":"https:\/\/librairie7l.com\/en\/#website"},"datePublished":"2024-06-26T10:11:55+00:00","dateModified":"2026-04-22T06:05:45+00:00","breadcrumb":{"@id":"https:\/\/librairie7l.com\/en\/produit\/la-nouvelle-vague-portrait-dune-jeunesse\/#breadcrumb"},"inLanguage":"en-US","potentialAction":[{"@type":"ReadAction","target":["https:\/\/librairie7l.com\/en\/produit\/la-nouvelle-vague-portrait-dune-jeunesse\/"]}]},{"@type":"BreadcrumbList","@id":"https:\/\/librairie7l.com\/en\/produit\/la-nouvelle-vague-portrait-dune-jeunesse\/#breadcrumb","itemListElement":[{"@type":"ListItem","position":1,"name":"Accueil","item":"https:\/\/librairie7l.com\/en\/"},{"@type":"ListItem","position":2,"name":"Shop","item":"https:\/\/librairie7l.com\/en\/shop\/"},{"@type":"ListItem","position":3,"name":"LA NOUVELLE VAGUE ; PORTRAIT D&#8217;UNE JEUNESSE"}]},{"@type":"WebSite","@id":"https:\/\/librairie7l.com\/en\/#website","url":"https:\/\/librairie7l.com\/en\/","name":"Librairie 7L","description":"Librairie fond\u00e9e en 1999 par Karl Lagerfeld \u00e0 Paris","publisher":{"@id":"https:\/\/librairie7l.com\/en\/#organization"},"potentialAction":[{"@type":"SearchAction","target":{"@type":"EntryPoint","urlTemplate":"https:\/\/librairie7l.com\/en\/?s={search_term_string}"},"query-input":"required name=search_term_string"}],"inLanguage":"en-US"},{"@type":"Organization","@id":"https:\/\/librairie7l.com\/en\/#organization","name":"Librairie 7L","url":"https:\/\/librairie7l.com\/en\/","logo":{"@type":"ImageObject","inLanguage":"en-US","@id":"https:\/\/librairie7l.com\/en\/#\/schema\/logo\/image\/","url":"https:\/\/librairie7l.com\/wp-content\/uploads\/2022\/08\/logo-1.png","contentUrl":"https:\/\/librairie7l.com\/wp-content\/uploads\/2022\/08\/logo-1.png","width":227,"height":301,"caption":"Librairie 7L"},"image":{"@id":"https:\/\/librairie7l.com\/en\/#\/schema\/logo\/image\/"}}]}},"_links":{"self":[{"href":"https:\/\/librairie7l.com\/en\/wp-json\/wp\/v2\/product\/39969"}],"collection":[{"href":"https:\/\/librairie7l.com\/en\/wp-json\/wp\/v2\/product"}],"about":[{"href":"https:\/\/librairie7l.com\/en\/wp-json\/wp\/v2\/types\/product"}],"wp:featuredmedia":[{"embeddable":true,"href":"https:\/\/librairie7l.com\/en\/wp-json\/wp\/v2\/media\/39967"}],"wp:attachment":[{"href":"https:\/\/librairie7l.com\/en\/wp-json\/wp\/v2\/media?parent=39969"}],"wp:term":[{"taxonomy":"product_cat","embeddable":true,"href":"https:\/\/librairie7l.com\/en\/wp-json\/wp\/v2\/product_cat?post=39969"},{"taxonomy":"product_tag","embeddable":true,"href":"https:\/\/librairie7l.com\/en\/wp-json\/wp\/v2\/product_tag?post=39969"}],"curies":[{"name":"wp","href":"https:\/\/api.w.org\/{rel}","templated":true}]}}