{"id":39973,"date":"2024-06-26T12:11:51","date_gmt":"2024-06-26T10:11:51","guid":{"rendered":"https:\/\/librairie7l.com\/?post_type=product&#038;p=39973"},"modified":"2026-04-09T00:02:24","modified_gmt":"2026-04-08T22:02:24","slug":"la-nouvelle-vague","status":"publish","type":"product","link":"https:\/\/librairie7l.com\/en\/produit\/la-nouvelle-vague\/","title":{"rendered":"LA NOUVELLE VAGUE"},"content":{"rendered":"<p>Une parenth\u00e8se enchant\u00e9e Raymond Cauchetier (1920-1921) fait d&#8217;abord carri\u00e8re dans l&#8217;arm\u00e9e fran\u00e7aise apr\u00e8s avoir \u00e9t\u00e9 r\u00e9sistant d\u00e8s 1943. Missionn\u00e9 en Indochine pour cr\u00e9er les services de presse de l&#8217;arm\u00e9e de l&#8217;air, il est ensuite charg\u00e9 &#8211; sans exp\u00e9rience aucune et sans protection &#8211; de photographier le conflit opposant la France et le Vi\u00eat Minh. Apr\u00e8s la signature des accords de Gen\u00e8ve, s\u00e9duit par la richesse culturelle du Vietnam, il reste sur place pour accro\u00eetre son exp\u00e9rience de photographe. Apr\u00e8s avoir \u00e9t\u00e9 engag\u00e9 comme photographe de plateau sur le premier film de Marcel Camus, tourn\u00e9 en Asie, il est appel\u00e9 en 1960 sur le tournage d&#8217;\u00c0 bout de souffle de Godard et il r\u00e9volutionne, gr\u00e2ce \u00e0 son exp\u00e9rience de photo-reporter (et aux possibilit\u00e9s offertes par une pellicule utilis\u00e9e pour les romans-photos), la technique et l&#8217;atmosph\u00e8re des photos de plateau. <\/p>\n<p>Toute une \u00e9poque \u00c0 bout de souffle, Baisers vol\u00e9s, Lola, Une femme est une femme, Jules et Jim&#8230; autant de films essentiels dont les tournages sont d\u00e9voil\u00e9s dans ce bel ouvrage. Photos d&#8217;acteurs saisis dans toute leur jeunesse et leur beaut\u00e9, de cin\u00e9astes au travail, concentr\u00e9s sur la n\u00e9cessit\u00e9 de faire \u00e9voluer le cin\u00e9ma &#8211; mais aussi clich\u00e9s d&#8217;un Paris des ann\u00e9es 60, parcouru de badauds curieux d&#8217;un cin\u00e9ma qui se tourne en plein air&#8230;<br \/>\nCe livre est un cadeau pour tous les amateurs de cin\u00e9ma et de photographie, un hommage au talent et \u00e0 la gr\u00e2ce d&#8217;une poign\u00e9e de cr\u00e9ateurs en pleine r\u00e9volution artistique.<\/p>\n","protected":false},"excerpt":{"rendered":"<p>Une parenth\u00e8se enchant\u00e9e Raymond Cauchetier (1920-1921) fait d&#8217;abord carri\u00e8re dans l&#8217;arm\u00e9e fran\u00e7aise apr\u00e8s avoir \u00e9t\u00e9 r\u00e9sistant d\u00e8s 1943. Missionn\u00e9 en Indochine pour cr\u00e9er les services de presse de l&#8217;arm\u00e9e de l&#8217;air, il est ensuite charg\u00e9 &#8211; sans exp\u00e9rience aucune et sans protection &#8211; de photographier le conflit opposant la France et le Vi\u00eat Minh. Apr\u00e8s [&hellip;]<\/p>\n","protected":false},"featured_media":39971,"template":"","meta":[],"product_cat":[2948,2958],"product_tag":[],"acf":[],"yoast_head":"<!-- This site is optimized with the Yoast SEO plugin v20.11 - https:\/\/yoast.com\/wordpress\/plugins\/seo\/ -->\n<title>La nouvelle vague - Librairie 7L<\/title>\n<meta name=\"robots\" content=\"index, follow, max-snippet:-1, max-image-preview:large, max-video-preview:-1\" \/>\n<link rel=\"canonical\" href=\"https:\/\/librairie7l.com\/en\/produit\/la-nouvelle-vague\/\" \/>\n<meta property=\"og:locale\" content=\"en_US\" \/>\n<meta property=\"og:type\" content=\"article\" \/>\n<meta property=\"og:title\" content=\"La nouvelle vague - Librairie 7L\" \/>\n<meta property=\"og:description\" content=\"Une parenth\u00e8se enchant\u00e9e Raymond Cauchetier (1920-1921) fait d&#8217;abord carri\u00e8re dans l&#8217;arm\u00e9e fran\u00e7aise apr\u00e8s avoir \u00e9t\u00e9 r\u00e9sistant d\u00e8s 1943. Missionn\u00e9 en Indochine pour cr\u00e9er les services de presse de l&#8217;arm\u00e9e de l&#8217;air, il est ensuite charg\u00e9 &#8211; sans exp\u00e9rience aucune et sans protection &#8211; de photographier le conflit opposant la France et le Vi\u00eat Minh. Apr\u00e8s [&hellip;]\" \/>\n<meta property=\"og:url\" content=\"https:\/\/librairie7l.com\/en\/produit\/la-nouvelle-vague\/\" \/>\n<meta property=\"og:site_name\" content=\"Librairie 7L\" \/>\n<meta property=\"article:modified_time\" content=\"2026-04-08T22:02:24+00:00\" \/>\n<meta property=\"og:image\" content=\"https:\/\/librairie7l.com\/wp-content\/uploads\/2022\/07\/9782755698862_1_75.jpg\" \/>\n\t<meta property=\"og:image:width\" content=\"400\" \/>\n\t<meta property=\"og:image:height\" content=\"502\" \/>\n\t<meta property=\"og:image:type\" content=\"image\/jpeg\" \/>\n<meta name=\"twitter:card\" content=\"summary_large_image\" \/>\n<meta name=\"twitter:label1\" content=\"Est. reading time\" \/>\n\t<meta name=\"twitter:data1\" content=\"1 minute\" \/>\n<script type=\"application\/ld+json\" class=\"yoast-schema-graph\">{\"@context\":\"https:\/\/schema.org\",\"@graph\":[{\"@type\":\"WebPage\",\"@id\":\"https:\/\/librairie7l.com\/en\/produit\/la-nouvelle-vague\/\",\"url\":\"https:\/\/librairie7l.com\/en\/produit\/la-nouvelle-vague\/\",\"name\":\"La nouvelle vague - Librairie 7L\",\"isPartOf\":{\"@id\":\"https:\/\/librairie7l.com\/en\/#website\"},\"datePublished\":\"2024-06-26T10:11:51+00:00\",\"dateModified\":\"2026-04-08T22:02:24+00:00\",\"breadcrumb\":{\"@id\":\"https:\/\/librairie7l.com\/en\/produit\/la-nouvelle-vague\/#breadcrumb\"},\"inLanguage\":\"en-US\",\"potentialAction\":[{\"@type\":\"ReadAction\",\"target\":[\"https:\/\/librairie7l.com\/en\/produit\/la-nouvelle-vague\/\"]}]},{\"@type\":\"BreadcrumbList\",\"@id\":\"https:\/\/librairie7l.com\/en\/produit\/la-nouvelle-vague\/#breadcrumb\",\"itemListElement\":[{\"@type\":\"ListItem\",\"position\":1,\"name\":\"Accueil\",\"item\":\"https:\/\/librairie7l.com\/en\/\"},{\"@type\":\"ListItem\",\"position\":2,\"name\":\"Shop\",\"item\":\"https:\/\/librairie7l.com\/en\/shop\/\"},{\"@type\":\"ListItem\",\"position\":3,\"name\":\"LA NOUVELLE VAGUE\"}]},{\"@type\":\"WebSite\",\"@id\":\"https:\/\/librairie7l.com\/en\/#website\",\"url\":\"https:\/\/librairie7l.com\/en\/\",\"name\":\"Librairie 7L\",\"description\":\"Librairie fond\u00e9e en 1999 par Karl Lagerfeld \u00e0 Paris\",\"publisher\":{\"@id\":\"https:\/\/librairie7l.com\/en\/#organization\"},\"potentialAction\":[{\"@type\":\"SearchAction\",\"target\":{\"@type\":\"EntryPoint\",\"urlTemplate\":\"https:\/\/librairie7l.com\/en\/?s={search_term_string}\"},\"query-input\":\"required name=search_term_string\"}],\"inLanguage\":\"en-US\"},{\"@type\":\"Organization\",\"@id\":\"https:\/\/librairie7l.com\/en\/#organization\",\"name\":\"Librairie 7L\",\"url\":\"https:\/\/librairie7l.com\/en\/\",\"logo\":{\"@type\":\"ImageObject\",\"inLanguage\":\"en-US\",\"@id\":\"https:\/\/librairie7l.com\/en\/#\/schema\/logo\/image\/\",\"url\":\"https:\/\/librairie7l.com\/wp-content\/uploads\/2022\/08\/logo-1.png\",\"contentUrl\":\"https:\/\/librairie7l.com\/wp-content\/uploads\/2022\/08\/logo-1.png\",\"width\":227,\"height\":301,\"caption\":\"Librairie 7L\"},\"image\":{\"@id\":\"https:\/\/librairie7l.com\/en\/#\/schema\/logo\/image\/\"}}]}<\/script>\n<!-- \/ Yoast SEO plugin. -->","yoast_head_json":{"title":"La nouvelle vague - Librairie 7L","robots":{"index":"index","follow":"follow","max-snippet":"max-snippet:-1","max-image-preview":"max-image-preview:large","max-video-preview":"max-video-preview:-1"},"canonical":"https:\/\/librairie7l.com\/en\/produit\/la-nouvelle-vague\/","og_locale":"en_US","og_type":"article","og_title":"La nouvelle vague - Librairie 7L","og_description":"Une parenth\u00e8se enchant\u00e9e Raymond Cauchetier (1920-1921) fait d&#8217;abord carri\u00e8re dans l&#8217;arm\u00e9e fran\u00e7aise apr\u00e8s avoir \u00e9t\u00e9 r\u00e9sistant d\u00e8s 1943. Missionn\u00e9 en Indochine pour cr\u00e9er les services de presse de l&#8217;arm\u00e9e de l&#8217;air, il est ensuite charg\u00e9 &#8211; sans exp\u00e9rience aucune et sans protection &#8211; de photographier le conflit opposant la France et le Vi\u00eat Minh. Apr\u00e8s [&hellip;]","og_url":"https:\/\/librairie7l.com\/en\/produit\/la-nouvelle-vague\/","og_site_name":"Librairie 7L","article_modified_time":"2026-04-08T22:02:24+00:00","og_image":[{"width":400,"height":502,"url":"https:\/\/librairie7l.com\/wp-content\/uploads\/2022\/07\/9782755698862_1_75.jpg","type":"image\/jpeg"}],"twitter_card":"summary_large_image","twitter_misc":{"Est. reading time":"1 minute"},"schema":{"@context":"https:\/\/schema.org","@graph":[{"@type":"WebPage","@id":"https:\/\/librairie7l.com\/en\/produit\/la-nouvelle-vague\/","url":"https:\/\/librairie7l.com\/en\/produit\/la-nouvelle-vague\/","name":"La nouvelle vague - Librairie 7L","isPartOf":{"@id":"https:\/\/librairie7l.com\/en\/#website"},"datePublished":"2024-06-26T10:11:51+00:00","dateModified":"2026-04-08T22:02:24+00:00","breadcrumb":{"@id":"https:\/\/librairie7l.com\/en\/produit\/la-nouvelle-vague\/#breadcrumb"},"inLanguage":"en-US","potentialAction":[{"@type":"ReadAction","target":["https:\/\/librairie7l.com\/en\/produit\/la-nouvelle-vague\/"]}]},{"@type":"BreadcrumbList","@id":"https:\/\/librairie7l.com\/en\/produit\/la-nouvelle-vague\/#breadcrumb","itemListElement":[{"@type":"ListItem","position":1,"name":"Accueil","item":"https:\/\/librairie7l.com\/en\/"},{"@type":"ListItem","position":2,"name":"Shop","item":"https:\/\/librairie7l.com\/en\/shop\/"},{"@type":"ListItem","position":3,"name":"LA NOUVELLE VAGUE"}]},{"@type":"WebSite","@id":"https:\/\/librairie7l.com\/en\/#website","url":"https:\/\/librairie7l.com\/en\/","name":"Librairie 7L","description":"Librairie fond\u00e9e en 1999 par Karl Lagerfeld \u00e0 Paris","publisher":{"@id":"https:\/\/librairie7l.com\/en\/#organization"},"potentialAction":[{"@type":"SearchAction","target":{"@type":"EntryPoint","urlTemplate":"https:\/\/librairie7l.com\/en\/?s={search_term_string}"},"query-input":"required name=search_term_string"}],"inLanguage":"en-US"},{"@type":"Organization","@id":"https:\/\/librairie7l.com\/en\/#organization","name":"Librairie 7L","url":"https:\/\/librairie7l.com\/en\/","logo":{"@type":"ImageObject","inLanguage":"en-US","@id":"https:\/\/librairie7l.com\/en\/#\/schema\/logo\/image\/","url":"https:\/\/librairie7l.com\/wp-content\/uploads\/2022\/08\/logo-1.png","contentUrl":"https:\/\/librairie7l.com\/wp-content\/uploads\/2022\/08\/logo-1.png","width":227,"height":301,"caption":"Librairie 7L"},"image":{"@id":"https:\/\/librairie7l.com\/en\/#\/schema\/logo\/image\/"}}]}},"_links":{"self":[{"href":"https:\/\/librairie7l.com\/en\/wp-json\/wp\/v2\/product\/39973"}],"collection":[{"href":"https:\/\/librairie7l.com\/en\/wp-json\/wp\/v2\/product"}],"about":[{"href":"https:\/\/librairie7l.com\/en\/wp-json\/wp\/v2\/types\/product"}],"wp:featuredmedia":[{"embeddable":true,"href":"https:\/\/librairie7l.com\/en\/wp-json\/wp\/v2\/media\/39971"}],"wp:attachment":[{"href":"https:\/\/librairie7l.com\/en\/wp-json\/wp\/v2\/media?parent=39973"}],"wp:term":[{"taxonomy":"product_cat","embeddable":true,"href":"https:\/\/librairie7l.com\/en\/wp-json\/wp\/v2\/product_cat?post=39973"},{"taxonomy":"product_tag","embeddable":true,"href":"https:\/\/librairie7l.com\/en\/wp-json\/wp\/v2\/product_tag?post=39973"}],"curies":[{"name":"wp","href":"https:\/\/api.w.org\/{rel}","templated":true}]}}