{"id":39990,"date":"2024-03-23T09:18:31","date_gmt":"2024-03-23T08:18:31","guid":{"rendered":"https:\/\/librairie7l.com\/?post_type=product&#038;p=39990"},"modified":"2026-04-18T03:36:27","modified_gmt":"2026-04-18T01:36:27","slug":"life-death-and-everything-in-between","status":"publish","type":"product","link":"https:\/\/librairie7l.com\/en\/produit\/life-death-and-everything-in-between\/","title":{"rendered":"LIFE, DEATH AND EVERYTHING IN BETWEEN"},"content":{"rendered":"<p>Life, Death and Everything in Between pr\u00e9sente des photographies cl\u00e9s de Don McCullin. Les 140 images du livre &#8211; dont certaines ont \u00e9t\u00e9 rarement publi\u00e9es ou in\u00e9dites &#8211; ont \u00e9t\u00e9 \u00e9dit\u00e9es par McCullin \u00e0 partir de ses archives et de la r\u00e9\u00e9valuation de photographies r\u00e9alis\u00e9es entre la fin des ann\u00e9es 1950 et l&#8217;ann\u00e9e derni\u00e8re. Le livre ne se veut ni une r\u00e9trospective ni une publication d\u00e9finitive, mais pr\u00e9sente une s\u00e9lection d&#8217;images appr\u00e9ci\u00e9es par McCullin avec le recul et la sagesse qui caract\u00e9risent sa carri\u00e8re prolifique, vari\u00e9e et continue. Le livre s&#8217;ouvre sur les photographies documentaires de McCullin r\u00e9alis\u00e9es \u00e0 Londres dans les ann\u00e9es 1950, suivies de reportages r\u00e9alis\u00e9s lors de conflits en Europe, en Afrique, au Moyen-Orient et en Asie du Sud-Est. Les photographies plus r\u00e9centes de l&#8217;ouvrage font le lien entre l&#8217;h\u00e9ritage de l&#8217;Empire romain en M\u00e9diterran\u00e9e et les derniers paysages in\u00e9dits r\u00e9alis\u00e9s pr\u00e8s de sa maison dans le Somerset. Connu pour le regard audacieux, franc et toujours \u00e9motionnellement engageant avec lequel il abordait les sujets les plus disparates, McCullin a produit certaines des images les plus reconnaissables de la pauvret\u00e9, de la faim et de la guerre dans l&#8217;histoire de la photographie, tout en documentant le paysage &#8211; tant en Grande- Bretagne qu&#8217;\u00e0 l&#8217;\u00e9tranger &#8211; avec le style et la passion qui distinguent l&#8217;ensemble de son travail. &#8211; Simon Baker<\/p>\n","protected":false},"excerpt":{"rendered":"<p>Life, Death and Everything in Between pr\u00e9sente des photographies cl\u00e9s de Don McCullin. Les 140 images du livre &#8211; dont certaines ont \u00e9t\u00e9 rarement publi\u00e9es ou in\u00e9dites &#8211; ont \u00e9t\u00e9 \u00e9dit\u00e9es par McCullin \u00e0 partir de ses archives et de la r\u00e9\u00e9valuation de photographies r\u00e9alis\u00e9es entre la fin des ann\u00e9es 1950 et l&#8217;ann\u00e9e derni\u00e8re. Le [&hellip;]<\/p>\n","protected":false},"featured_media":40349,"template":"","meta":[],"product_cat":[2948,2958],"product_tag":[],"acf":[],"yoast_head":"<!-- This site is optimized with the Yoast SEO plugin v20.11 - https:\/\/yoast.com\/wordpress\/plugins\/seo\/ -->\n<title>Life, death and everything in between - Librairie 7L<\/title>\n<meta name=\"robots\" content=\"index, follow, max-snippet:-1, max-image-preview:large, max-video-preview:-1\" \/>\n<link rel=\"canonical\" href=\"https:\/\/librairie7l.com\/en\/produit\/life-death-and-everything-in-between\/\" \/>\n<meta property=\"og:locale\" content=\"en_US\" \/>\n<meta property=\"og:type\" content=\"article\" \/>\n<meta property=\"og:title\" content=\"Life, death and everything in between - Librairie 7L\" \/>\n<meta property=\"og:description\" content=\"Life, Death and Everything in Between pr\u00e9sente des photographies cl\u00e9s de Don McCullin. Les 140 images du livre &#8211; dont certaines ont \u00e9t\u00e9 rarement publi\u00e9es ou in\u00e9dites &#8211; ont \u00e9t\u00e9 \u00e9dit\u00e9es par McCullin \u00e0 partir de ses archives et de la r\u00e9\u00e9valuation de photographies r\u00e9alis\u00e9es entre la fin des ann\u00e9es 1950 et l&#8217;ann\u00e9e derni\u00e8re. Le [&hellip;]\" \/>\n<meta property=\"og:url\" content=\"https:\/\/librairie7l.com\/en\/produit\/life-death-and-everything-in-between\/\" \/>\n<meta property=\"og:site_name\" content=\"Librairie 7L\" \/>\n<meta property=\"article:modified_time\" content=\"2026-04-18T01:36:27+00:00\" \/>\n<meta property=\"og:image\" content=\"https:\/\/librairie7l.com\/wp-content\/uploads\/2024\/04\/9781915423207_1_75.jpg\" \/>\n\t<meta property=\"og:image:width\" content=\"400\" \/>\n\t<meta property=\"og:image:height\" content=\"505\" \/>\n\t<meta property=\"og:image:type\" content=\"image\/jpeg\" \/>\n<meta name=\"twitter:card\" content=\"summary_large_image\" \/>\n<meta name=\"twitter:label1\" content=\"Est. reading time\" \/>\n\t<meta name=\"twitter:data1\" content=\"1 minute\" \/>\n<script type=\"application\/ld+json\" class=\"yoast-schema-graph\">{\"@context\":\"https:\/\/schema.org\",\"@graph\":[{\"@type\":\"WebPage\",\"@id\":\"https:\/\/librairie7l.com\/en\/produit\/life-death-and-everything-in-between\/\",\"url\":\"https:\/\/librairie7l.com\/en\/produit\/life-death-and-everything-in-between\/\",\"name\":\"Life, death and everything in between - Librairie 7L\",\"isPartOf\":{\"@id\":\"https:\/\/librairie7l.com\/en\/#website\"},\"datePublished\":\"2024-03-23T08:18:31+00:00\",\"dateModified\":\"2026-04-18T01:36:27+00:00\",\"breadcrumb\":{\"@id\":\"https:\/\/librairie7l.com\/en\/produit\/life-death-and-everything-in-between\/#breadcrumb\"},\"inLanguage\":\"en-US\",\"potentialAction\":[{\"@type\":\"ReadAction\",\"target\":[\"https:\/\/librairie7l.com\/en\/produit\/life-death-and-everything-in-between\/\"]}]},{\"@type\":\"BreadcrumbList\",\"@id\":\"https:\/\/librairie7l.com\/en\/produit\/life-death-and-everything-in-between\/#breadcrumb\",\"itemListElement\":[{\"@type\":\"ListItem\",\"position\":1,\"name\":\"Accueil\",\"item\":\"https:\/\/librairie7l.com\/en\/\"},{\"@type\":\"ListItem\",\"position\":2,\"name\":\"Shop\",\"item\":\"https:\/\/librairie7l.com\/en\/shop\/\"},{\"@type\":\"ListItem\",\"position\":3,\"name\":\"LIFE, DEATH AND EVERYTHING IN BETWEEN\"}]},{\"@type\":\"WebSite\",\"@id\":\"https:\/\/librairie7l.com\/en\/#website\",\"url\":\"https:\/\/librairie7l.com\/en\/\",\"name\":\"Librairie 7L\",\"description\":\"Librairie fond\u00e9e en 1999 par Karl Lagerfeld \u00e0 Paris\",\"publisher\":{\"@id\":\"https:\/\/librairie7l.com\/en\/#organization\"},\"potentialAction\":[{\"@type\":\"SearchAction\",\"target\":{\"@type\":\"EntryPoint\",\"urlTemplate\":\"https:\/\/librairie7l.com\/en\/?s={search_term_string}\"},\"query-input\":\"required name=search_term_string\"}],\"inLanguage\":\"en-US\"},{\"@type\":\"Organization\",\"@id\":\"https:\/\/librairie7l.com\/en\/#organization\",\"name\":\"Librairie 7L\",\"url\":\"https:\/\/librairie7l.com\/en\/\",\"logo\":{\"@type\":\"ImageObject\",\"inLanguage\":\"en-US\",\"@id\":\"https:\/\/librairie7l.com\/en\/#\/schema\/logo\/image\/\",\"url\":\"https:\/\/librairie7l.com\/wp-content\/uploads\/2022\/08\/logo-1.png\",\"contentUrl\":\"https:\/\/librairie7l.com\/wp-content\/uploads\/2022\/08\/logo-1.png\",\"width\":227,\"height\":301,\"caption\":\"Librairie 7L\"},\"image\":{\"@id\":\"https:\/\/librairie7l.com\/en\/#\/schema\/logo\/image\/\"}}]}<\/script>\n<!-- \/ Yoast SEO plugin. -->","yoast_head_json":{"title":"Life, death and everything in between - Librairie 7L","robots":{"index":"index","follow":"follow","max-snippet":"max-snippet:-1","max-image-preview":"max-image-preview:large","max-video-preview":"max-video-preview:-1"},"canonical":"https:\/\/librairie7l.com\/en\/produit\/life-death-and-everything-in-between\/","og_locale":"en_US","og_type":"article","og_title":"Life, death and everything in between - Librairie 7L","og_description":"Life, Death and Everything in Between pr\u00e9sente des photographies cl\u00e9s de Don McCullin. Les 140 images du livre &#8211; dont certaines ont \u00e9t\u00e9 rarement publi\u00e9es ou in\u00e9dites &#8211; ont \u00e9t\u00e9 \u00e9dit\u00e9es par McCullin \u00e0 partir de ses archives et de la r\u00e9\u00e9valuation de photographies r\u00e9alis\u00e9es entre la fin des ann\u00e9es 1950 et l&#8217;ann\u00e9e derni\u00e8re. Le [&hellip;]","og_url":"https:\/\/librairie7l.com\/en\/produit\/life-death-and-everything-in-between\/","og_site_name":"Librairie 7L","article_modified_time":"2026-04-18T01:36:27+00:00","og_image":[{"width":400,"height":505,"url":"https:\/\/librairie7l.com\/wp-content\/uploads\/2024\/04\/9781915423207_1_75.jpg","type":"image\/jpeg"}],"twitter_card":"summary_large_image","twitter_misc":{"Est. reading time":"1 minute"},"schema":{"@context":"https:\/\/schema.org","@graph":[{"@type":"WebPage","@id":"https:\/\/librairie7l.com\/en\/produit\/life-death-and-everything-in-between\/","url":"https:\/\/librairie7l.com\/en\/produit\/life-death-and-everything-in-between\/","name":"Life, death and everything in between - Librairie 7L","isPartOf":{"@id":"https:\/\/librairie7l.com\/en\/#website"},"datePublished":"2024-03-23T08:18:31+00:00","dateModified":"2026-04-18T01:36:27+00:00","breadcrumb":{"@id":"https:\/\/librairie7l.com\/en\/produit\/life-death-and-everything-in-between\/#breadcrumb"},"inLanguage":"en-US","potentialAction":[{"@type":"ReadAction","target":["https:\/\/librairie7l.com\/en\/produit\/life-death-and-everything-in-between\/"]}]},{"@type":"BreadcrumbList","@id":"https:\/\/librairie7l.com\/en\/produit\/life-death-and-everything-in-between\/#breadcrumb","itemListElement":[{"@type":"ListItem","position":1,"name":"Accueil","item":"https:\/\/librairie7l.com\/en\/"},{"@type":"ListItem","position":2,"name":"Shop","item":"https:\/\/librairie7l.com\/en\/shop\/"},{"@type":"ListItem","position":3,"name":"LIFE, DEATH AND EVERYTHING IN BETWEEN"}]},{"@type":"WebSite","@id":"https:\/\/librairie7l.com\/en\/#website","url":"https:\/\/librairie7l.com\/en\/","name":"Librairie 7L","description":"Librairie fond\u00e9e en 1999 par Karl Lagerfeld \u00e0 Paris","publisher":{"@id":"https:\/\/librairie7l.com\/en\/#organization"},"potentialAction":[{"@type":"SearchAction","target":{"@type":"EntryPoint","urlTemplate":"https:\/\/librairie7l.com\/en\/?s={search_term_string}"},"query-input":"required name=search_term_string"}],"inLanguage":"en-US"},{"@type":"Organization","@id":"https:\/\/librairie7l.com\/en\/#organization","name":"Librairie 7L","url":"https:\/\/librairie7l.com\/en\/","logo":{"@type":"ImageObject","inLanguage":"en-US","@id":"https:\/\/librairie7l.com\/en\/#\/schema\/logo\/image\/","url":"https:\/\/librairie7l.com\/wp-content\/uploads\/2022\/08\/logo-1.png","contentUrl":"https:\/\/librairie7l.com\/wp-content\/uploads\/2022\/08\/logo-1.png","width":227,"height":301,"caption":"Librairie 7L"},"image":{"@id":"https:\/\/librairie7l.com\/en\/#\/schema\/logo\/image\/"}}]}},"_links":{"self":[{"href":"https:\/\/librairie7l.com\/en\/wp-json\/wp\/v2\/product\/39990"}],"collection":[{"href":"https:\/\/librairie7l.com\/en\/wp-json\/wp\/v2\/product"}],"about":[{"href":"https:\/\/librairie7l.com\/en\/wp-json\/wp\/v2\/types\/product"}],"wp:featuredmedia":[{"embeddable":true,"href":"https:\/\/librairie7l.com\/en\/wp-json\/wp\/v2\/media\/40349"}],"wp:attachment":[{"href":"https:\/\/librairie7l.com\/en\/wp-json\/wp\/v2\/media?parent=39990"}],"wp:term":[{"taxonomy":"product_cat","embeddable":true,"href":"https:\/\/librairie7l.com\/en\/wp-json\/wp\/v2\/product_cat?post=39990"},{"taxonomy":"product_tag","embeddable":true,"href":"https:\/\/librairie7l.com\/en\/wp-json\/wp\/v2\/product_tag?post=39990"}],"curies":[{"name":"wp","href":"https:\/\/api.w.org\/{rel}","templated":true}]}}