{"id":40000,"date":"2024-03-23T09:18:41","date_gmt":"2024-03-23T08:18:41","guid":{"rendered":"https:\/\/librairie7l.com\/?post_type=product&#038;p=40000"},"modified":"2026-04-09T12:11:35","modified_gmt":"2026-04-09T10:11:35","slug":"sonia-delaunay-living-art","status":"publish","type":"product","link":"https:\/\/librairie7l.com\/en\/produit\/sonia-delaunay-living-art\/","title":{"rendered":"SONIA DELAUNAY &#8211; LIVING ART"},"content":{"rendered":"<p>Un hommage richement \u00e9labor\u00e9 \u00e0 l&#8217;artiste et designer d&#8217;avant-garde Sonia Delaunay, dont l&#8217;approche novatrice est refl\u00e9t\u00e9e dans l&#8217;interdisciplinarit\u00e9 et la conception inspir\u00e9e de l&#8217;ouvrage. D\u00e9crit comme &#8220;la contribution la plus importante aux \u00e9tudes sur Sonia Delaunay depuis une d\u00e9cennie&#8221;, ce catalogue \u00e9tablit une nouvelle norme pour l&#8217;\u00e9tude de cette artiste, designer et entrepreneuse pionni\u00e8re de l&#8217;avant-garde (1885-1979). S&#8217;\u00e9cartant des structures chronologiques traditionnelles pour mieux mettre en valeur les recherches novatrices qui unifient l&#8217;oeuvre intemporelle de l&#8217;artiste \u00e0 travers les diff\u00e9rents supports, cette publication d\u00e9montre la polyvalence inn\u00e9e de Delaunay et sa volont\u00e9 de cr\u00e9er sans limites mat\u00e9rielles en utilisant son langage unique de la lumi\u00e8re et de la couleur. Les textiles, la mode, les int\u00e9rieurs, l&#8217;art du livre et bien d&#8217;autres domaines sont mis en lumi\u00e8re dans 26 chapitres r\u00e9dig\u00e9s par d&#8217;\u00e9minents chercheurs internationaux qui donnent un nouvel aper\u00e7u des strat\u00e9gies d&#8217;auto-promotion de Delaunay, de ses efforts d&#8217;entrepreneuriat, de ses efforts de construction d&#8217;un h\u00e9ritage et de son vaste r\u00e9seau de collaborateurs. Ces analyses approfondies, qui portent notamment sur le cin\u00e9ma, les mosa\u00efques, les tapisseries et la d\u00e9coration d&#8217;int\u00e9rieur, offrent une perspective compl\u00e8te sur les efforts d\u00e9ploy\u00e9s par Delaunay tout au long de sa vie pour unir l&#8217;art et la vie en exploitant l&#8217;\u00e9nergie du progr\u00e8s technologique et la beaut\u00e9 du savoir-faire artisanal. Enfin, une annexe fournit une note personnelle unique &#8211; un \u00e9pilogue de Patrick Raynaud, le dernier membre vivant de l&#8217;atelier de Delaunay &#8211; qui constitue un t\u00e9moignage \u00e9mouvant des pratiques de travail de l&#8217;artiste vers la fin de sa vie. La conception graphique, r\u00e9alis\u00e9e par Irma Boom, cr\u00e9atrice de livres prim\u00e9e, reprend l&#8217;approche de Sonia Delaunay en mati\u00e8re de mise en page et de typographie, donnant naissance \u00e0 un livre qui unit le pass\u00e9 et le pr\u00e9sent pour devenir une oeuvre d&#8217;art \u00e0 part enti\u00e8re.<\/p>\n","protected":false},"excerpt":{"rendered":"<p>Un hommage richement \u00e9labor\u00e9 \u00e0 l&#8217;artiste et designer d&#8217;avant-garde Sonia Delaunay, dont l&#8217;approche novatrice est refl\u00e9t\u00e9e dans l&#8217;interdisciplinarit\u00e9 et la conception inspir\u00e9e de l&#8217;ouvrage. D\u00e9crit comme &#8220;la contribution la plus importante aux \u00e9tudes sur Sonia Delaunay depuis une d\u00e9cennie&#8221;, ce catalogue \u00e9tablit une nouvelle norme pour l&#8217;\u00e9tude de cette artiste, designer et entrepreneuse pionni\u00e8re de [&hellip;]<\/p>\n","protected":false},"featured_media":40387,"template":"","meta":[],"product_cat":[2948,2953],"product_tag":[],"acf":[],"yoast_head":"<!-- This site is optimized with the Yoast SEO plugin v20.11 - https:\/\/yoast.com\/wordpress\/plugins\/seo\/ -->\n<title>Sonia delaunay - living art - Librairie 7L<\/title>\n<meta name=\"robots\" content=\"index, follow, max-snippet:-1, max-image-preview:large, max-video-preview:-1\" \/>\n<link rel=\"canonical\" href=\"https:\/\/librairie7l.com\/en\/produit\/sonia-delaunay-living-art\/\" \/>\n<meta property=\"og:locale\" content=\"en_US\" \/>\n<meta property=\"og:type\" content=\"article\" \/>\n<meta property=\"og:title\" content=\"Sonia delaunay - living art - Librairie 7L\" \/>\n<meta property=\"og:description\" content=\"Un hommage richement \u00e9labor\u00e9 \u00e0 l&#8217;artiste et designer d&#8217;avant-garde Sonia Delaunay, dont l&#8217;approche novatrice est refl\u00e9t\u00e9e dans l&#8217;interdisciplinarit\u00e9 et la conception inspir\u00e9e de l&#8217;ouvrage. D\u00e9crit comme &#8220;la contribution la plus importante aux \u00e9tudes sur Sonia Delaunay depuis une d\u00e9cennie&#8221;, ce catalogue \u00e9tablit une nouvelle norme pour l&#8217;\u00e9tude de cette artiste, designer et entrepreneuse pionni\u00e8re de [&hellip;]\" \/>\n<meta property=\"og:url\" content=\"https:\/\/librairie7l.com\/en\/produit\/sonia-delaunay-living-art\/\" \/>\n<meta property=\"og:site_name\" content=\"Librairie 7L\" \/>\n<meta property=\"article:modified_time\" content=\"2026-04-09T10:11:35+00:00\" \/>\n<meta property=\"og:image\" content=\"https:\/\/librairie7l.com\/wp-content\/uploads\/2024\/04\/9780300275766_1_75.jpg\" \/>\n\t<meta property=\"og:image:width\" content=\"610\" \/>\n\t<meta property=\"og:image:height\" content=\"600\" \/>\n\t<meta property=\"og:image:type\" content=\"image\/jpeg\" \/>\n<meta name=\"twitter:card\" content=\"summary_large_image\" \/>\n<meta name=\"twitter:label1\" content=\"Est. reading time\" \/>\n\t<meta name=\"twitter:data1\" content=\"2 minutes\" \/>\n<script type=\"application\/ld+json\" class=\"yoast-schema-graph\">{\"@context\":\"https:\/\/schema.org\",\"@graph\":[{\"@type\":\"WebPage\",\"@id\":\"https:\/\/librairie7l.com\/en\/produit\/sonia-delaunay-living-art\/\",\"url\":\"https:\/\/librairie7l.com\/en\/produit\/sonia-delaunay-living-art\/\",\"name\":\"Sonia delaunay - living art - Librairie 7L\",\"isPartOf\":{\"@id\":\"https:\/\/librairie7l.com\/en\/#website\"},\"datePublished\":\"2024-03-23T08:18:41+00:00\",\"dateModified\":\"2026-04-09T10:11:35+00:00\",\"breadcrumb\":{\"@id\":\"https:\/\/librairie7l.com\/en\/produit\/sonia-delaunay-living-art\/#breadcrumb\"},\"inLanguage\":\"en-US\",\"potentialAction\":[{\"@type\":\"ReadAction\",\"target\":[\"https:\/\/librairie7l.com\/en\/produit\/sonia-delaunay-living-art\/\"]}]},{\"@type\":\"BreadcrumbList\",\"@id\":\"https:\/\/librairie7l.com\/en\/produit\/sonia-delaunay-living-art\/#breadcrumb\",\"itemListElement\":[{\"@type\":\"ListItem\",\"position\":1,\"name\":\"Accueil\",\"item\":\"https:\/\/librairie7l.com\/en\/\"},{\"@type\":\"ListItem\",\"position\":2,\"name\":\"Shop\",\"item\":\"https:\/\/librairie7l.com\/en\/shop\/\"},{\"@type\":\"ListItem\",\"position\":3,\"name\":\"SONIA DELAUNAY &#8211; LIVING ART\"}]},{\"@type\":\"WebSite\",\"@id\":\"https:\/\/librairie7l.com\/en\/#website\",\"url\":\"https:\/\/librairie7l.com\/en\/\",\"name\":\"Librairie 7L\",\"description\":\"Librairie fond\u00e9e en 1999 par Karl Lagerfeld \u00e0 Paris\",\"publisher\":{\"@id\":\"https:\/\/librairie7l.com\/en\/#organization\"},\"potentialAction\":[{\"@type\":\"SearchAction\",\"target\":{\"@type\":\"EntryPoint\",\"urlTemplate\":\"https:\/\/librairie7l.com\/en\/?s={search_term_string}\"},\"query-input\":\"required name=search_term_string\"}],\"inLanguage\":\"en-US\"},{\"@type\":\"Organization\",\"@id\":\"https:\/\/librairie7l.com\/en\/#organization\",\"name\":\"Librairie 7L\",\"url\":\"https:\/\/librairie7l.com\/en\/\",\"logo\":{\"@type\":\"ImageObject\",\"inLanguage\":\"en-US\",\"@id\":\"https:\/\/librairie7l.com\/en\/#\/schema\/logo\/image\/\",\"url\":\"https:\/\/librairie7l.com\/wp-content\/uploads\/2022\/08\/logo-1.png\",\"contentUrl\":\"https:\/\/librairie7l.com\/wp-content\/uploads\/2022\/08\/logo-1.png\",\"width\":227,\"height\":301,\"caption\":\"Librairie 7L\"},\"image\":{\"@id\":\"https:\/\/librairie7l.com\/en\/#\/schema\/logo\/image\/\"}}]}<\/script>\n<!-- \/ Yoast SEO plugin. -->","yoast_head_json":{"title":"Sonia delaunay - living art - Librairie 7L","robots":{"index":"index","follow":"follow","max-snippet":"max-snippet:-1","max-image-preview":"max-image-preview:large","max-video-preview":"max-video-preview:-1"},"canonical":"https:\/\/librairie7l.com\/en\/produit\/sonia-delaunay-living-art\/","og_locale":"en_US","og_type":"article","og_title":"Sonia delaunay - living art - Librairie 7L","og_description":"Un hommage richement \u00e9labor\u00e9 \u00e0 l&#8217;artiste et designer d&#8217;avant-garde Sonia Delaunay, dont l&#8217;approche novatrice est refl\u00e9t\u00e9e dans l&#8217;interdisciplinarit\u00e9 et la conception inspir\u00e9e de l&#8217;ouvrage. D\u00e9crit comme &#8220;la contribution la plus importante aux \u00e9tudes sur Sonia Delaunay depuis une d\u00e9cennie&#8221;, ce catalogue \u00e9tablit une nouvelle norme pour l&#8217;\u00e9tude de cette artiste, designer et entrepreneuse pionni\u00e8re de [&hellip;]","og_url":"https:\/\/librairie7l.com\/en\/produit\/sonia-delaunay-living-art\/","og_site_name":"Librairie 7L","article_modified_time":"2026-04-09T10:11:35+00:00","og_image":[{"width":610,"height":600,"url":"https:\/\/librairie7l.com\/wp-content\/uploads\/2024\/04\/9780300275766_1_75.jpg","type":"image\/jpeg"}],"twitter_card":"summary_large_image","twitter_misc":{"Est. reading time":"2 minutes"},"schema":{"@context":"https:\/\/schema.org","@graph":[{"@type":"WebPage","@id":"https:\/\/librairie7l.com\/en\/produit\/sonia-delaunay-living-art\/","url":"https:\/\/librairie7l.com\/en\/produit\/sonia-delaunay-living-art\/","name":"Sonia delaunay - living art - Librairie 7L","isPartOf":{"@id":"https:\/\/librairie7l.com\/en\/#website"},"datePublished":"2024-03-23T08:18:41+00:00","dateModified":"2026-04-09T10:11:35+00:00","breadcrumb":{"@id":"https:\/\/librairie7l.com\/en\/produit\/sonia-delaunay-living-art\/#breadcrumb"},"inLanguage":"en-US","potentialAction":[{"@type":"ReadAction","target":["https:\/\/librairie7l.com\/en\/produit\/sonia-delaunay-living-art\/"]}]},{"@type":"BreadcrumbList","@id":"https:\/\/librairie7l.com\/en\/produit\/sonia-delaunay-living-art\/#breadcrumb","itemListElement":[{"@type":"ListItem","position":1,"name":"Accueil","item":"https:\/\/librairie7l.com\/en\/"},{"@type":"ListItem","position":2,"name":"Shop","item":"https:\/\/librairie7l.com\/en\/shop\/"},{"@type":"ListItem","position":3,"name":"SONIA DELAUNAY &#8211; LIVING ART"}]},{"@type":"WebSite","@id":"https:\/\/librairie7l.com\/en\/#website","url":"https:\/\/librairie7l.com\/en\/","name":"Librairie 7L","description":"Librairie fond\u00e9e en 1999 par Karl Lagerfeld \u00e0 Paris","publisher":{"@id":"https:\/\/librairie7l.com\/en\/#organization"},"potentialAction":[{"@type":"SearchAction","target":{"@type":"EntryPoint","urlTemplate":"https:\/\/librairie7l.com\/en\/?s={search_term_string}"},"query-input":"required name=search_term_string"}],"inLanguage":"en-US"},{"@type":"Organization","@id":"https:\/\/librairie7l.com\/en\/#organization","name":"Librairie 7L","url":"https:\/\/librairie7l.com\/en\/","logo":{"@type":"ImageObject","inLanguage":"en-US","@id":"https:\/\/librairie7l.com\/en\/#\/schema\/logo\/image\/","url":"https:\/\/librairie7l.com\/wp-content\/uploads\/2022\/08\/logo-1.png","contentUrl":"https:\/\/librairie7l.com\/wp-content\/uploads\/2022\/08\/logo-1.png","width":227,"height":301,"caption":"Librairie 7L"},"image":{"@id":"https:\/\/librairie7l.com\/en\/#\/schema\/logo\/image\/"}}]}},"_links":{"self":[{"href":"https:\/\/librairie7l.com\/en\/wp-json\/wp\/v2\/product\/40000"}],"collection":[{"href":"https:\/\/librairie7l.com\/en\/wp-json\/wp\/v2\/product"}],"about":[{"href":"https:\/\/librairie7l.com\/en\/wp-json\/wp\/v2\/types\/product"}],"wp:featuredmedia":[{"embeddable":true,"href":"https:\/\/librairie7l.com\/en\/wp-json\/wp\/v2\/media\/40387"}],"wp:attachment":[{"href":"https:\/\/librairie7l.com\/en\/wp-json\/wp\/v2\/media?parent=40000"}],"wp:term":[{"taxonomy":"product_cat","embeddable":true,"href":"https:\/\/librairie7l.com\/en\/wp-json\/wp\/v2\/product_cat?post=40000"},{"taxonomy":"product_tag","embeddable":true,"href":"https:\/\/librairie7l.com\/en\/wp-json\/wp\/v2\/product_tag?post=40000"}],"curies":[{"name":"wp","href":"https:\/\/api.w.org\/{rel}","templated":true}]}}