{"id":40023,"date":"2024-05-24T01:06:38","date_gmt":"2024-05-23T23:06:38","guid":{"rendered":"https:\/\/librairie7l.com\/?post_type=product&#038;p=40023"},"modified":"2026-04-12T06:56:56","modified_gmt":"2026-04-12T04:56:56","slug":"rene-perrot-mon-pauvre-coeur-est-un-hibou","status":"publish","type":"product","link":"https:\/\/librairie7l.com\/en\/produit\/rene-perrot-mon-pauvre-coeur-est-un-hibou\/","title":{"rendered":"REN\u00c9 PERROT, MON PAUVRE COEUR EST UN HIBOU"},"content":{"rendered":"<p>Ren\u00e9 Perrot (1912-1979) a \u00e9t\u00e9 un artiste prolifique, exp\u00e9rimentant sans cesse de nouveaux styles et de nouvelles techniques. Cet ouvrage propose ainsi de red\u00e9couvrir l&#8217;\u00e9tendue, la richesse et la sensibilit\u00e9 de son travail.<br \/>\nParticuli\u00e8rement connu pour ses tapisseries, fruit de commandes publiques destin\u00e9es \u00e0 orner des b\u00e2timents officiels \u00e0 travers le monde, il r\u00e9alise aussi de tr\u00e8s nombreuses peintures et gravures, dont pr\u00e8s de quatre-cents sont conserv\u00e9es au Mucem, qui documentent des th\u00e9matiques vari\u00e9es, de l&#8217;architecture au paysage, de l&#8217;artisanat \u00e0 l&#8217;agriculture, des r\u00e9alit\u00e9s de la vie quotidienne au spectacle des f\u00eates. Son travail est marqu\u00e9 \u00e0 la fois par sa formation et sa sensibilit\u00e9 d&#8217;artiste, le sens de sa mission d&#8217;enqu\u00eateur pour le mus\u00e9e des Arts et Traditions populaires, et le contexte politique et social de la Seconde Guerre mondiale, dressant par touche un portrait interrogatif et songeur d&#8217;une France en pleine transformation. Il en ressort une image \u00e0 la fois pr\u00e9cise, presque scientifique, et id\u00e9alis\u00e9e, presque utopique, de la France rurale.<br \/>\nApr\u00e8s cette exp\u00e9rience sur le terrain, il consacre l&#8217;essentiel de son travail \u00e0 la tapisserie et \u00e0 l&#8217;enseignement. Ren\u00e9 Perrot est profond\u00e9ment attach\u00e9 \u00e0 la nature et aux animaux, qui finissent par remplacer presque compl\u00e8tement dans sa production artistique les humains, qui peut-\u00eatre l&#8217;ont d\u00e9\u00e7u. D\u00e8s 1945, il contribue \u00e0 la relance des ateliers creusois de basse-lice, auxquels il restera fid\u00e8le. Il r\u00e9alise plus de quatre cents cartons \u00e0 partir desquels sont ex\u00e9cut\u00e9es des tapisseries par les Manufactures de Felletin, d&#8217;Aubusson ou des Gobelins, participant aux c\u00f4t\u00e9s de son a\u00een\u00e9 Jean Lur\u00e7at au renouveau de cet art mural.<\/p>\n","protected":false},"excerpt":{"rendered":"<p>Ren\u00e9 Perrot (1912-1979) a \u00e9t\u00e9 un artiste prolifique, exp\u00e9rimentant sans cesse de nouveaux styles et de nouvelles techniques. Cet ouvrage propose ainsi de red\u00e9couvrir l&#8217;\u00e9tendue, la richesse et la sensibilit\u00e9 de son travail. Particuli\u00e8rement connu pour ses tapisseries, fruit de commandes publiques destin\u00e9es \u00e0 orner des b\u00e2timents officiels \u00e0 travers le monde, il r\u00e9alise aussi [&hellip;]<\/p>\n","protected":false},"featured_media":40021,"template":"","meta":[],"product_cat":[2948,2952],"product_tag":[],"acf":[],"yoast_head":"<!-- This site is optimized with the Yoast SEO plugin v20.11 - https:\/\/yoast.com\/wordpress\/plugins\/seo\/ -->\n<title>Ren\u00e9 Perrot, mon pauvre coeur est un hibou - Librairie 7L<\/title>\n<meta name=\"robots\" content=\"index, follow, max-snippet:-1, max-image-preview:large, max-video-preview:-1\" \/>\n<link rel=\"canonical\" href=\"https:\/\/librairie7l.com\/en\/produit\/rene-perrot-mon-pauvre-coeur-est-un-hibou\/\" \/>\n<meta property=\"og:locale\" content=\"en_US\" \/>\n<meta property=\"og:type\" content=\"article\" \/>\n<meta property=\"og:title\" content=\"Ren\u00e9 Perrot, mon pauvre coeur est un hibou - Librairie 7L\" \/>\n<meta property=\"og:description\" content=\"Ren\u00e9 Perrot (1912-1979) a \u00e9t\u00e9 un artiste prolifique, exp\u00e9rimentant sans cesse de nouveaux styles et de nouvelles techniques. Cet ouvrage propose ainsi de red\u00e9couvrir l&#8217;\u00e9tendue, la richesse et la sensibilit\u00e9 de son travail. Particuli\u00e8rement connu pour ses tapisseries, fruit de commandes publiques destin\u00e9es \u00e0 orner des b\u00e2timents officiels \u00e0 travers le monde, il r\u00e9alise aussi [&hellip;]\" \/>\n<meta property=\"og:url\" content=\"https:\/\/librairie7l.com\/en\/produit\/rene-perrot-mon-pauvre-coeur-est-un-hibou\/\" \/>\n<meta property=\"og:site_name\" content=\"Librairie 7L\" \/>\n<meta property=\"article:modified_time\" content=\"2026-04-12T04:56:56+00:00\" \/>\n<meta property=\"og:image\" content=\"https:\/\/librairie7l.com\/wp-content\/uploads\/2023\/01\/9782359064063_1_75.jpg\" \/>\n\t<meta property=\"og:image:width\" content=\"600\" \/>\n\t<meta property=\"og:image:height\" content=\"704\" \/>\n\t<meta property=\"og:image:type\" content=\"image\/jpeg\" \/>\n<meta name=\"twitter:card\" content=\"summary_large_image\" \/>\n<meta name=\"twitter:label1\" content=\"Est. reading time\" \/>\n\t<meta name=\"twitter:data1\" content=\"1 minute\" \/>\n<script type=\"application\/ld+json\" class=\"yoast-schema-graph\">{\"@context\":\"https:\/\/schema.org\",\"@graph\":[{\"@type\":\"WebPage\",\"@id\":\"https:\/\/librairie7l.com\/en\/produit\/rene-perrot-mon-pauvre-coeur-est-un-hibou\/\",\"url\":\"https:\/\/librairie7l.com\/en\/produit\/rene-perrot-mon-pauvre-coeur-est-un-hibou\/\",\"name\":\"Ren\u00e9 Perrot, mon pauvre coeur est un hibou - Librairie 7L\",\"isPartOf\":{\"@id\":\"https:\/\/librairie7l.com\/en\/#website\"},\"datePublished\":\"2024-05-23T23:06:38+00:00\",\"dateModified\":\"2026-04-12T04:56:56+00:00\",\"breadcrumb\":{\"@id\":\"https:\/\/librairie7l.com\/en\/produit\/rene-perrot-mon-pauvre-coeur-est-un-hibou\/#breadcrumb\"},\"inLanguage\":\"en-US\",\"potentialAction\":[{\"@type\":\"ReadAction\",\"target\":[\"https:\/\/librairie7l.com\/en\/produit\/rene-perrot-mon-pauvre-coeur-est-un-hibou\/\"]}]},{\"@type\":\"BreadcrumbList\",\"@id\":\"https:\/\/librairie7l.com\/en\/produit\/rene-perrot-mon-pauvre-coeur-est-un-hibou\/#breadcrumb\",\"itemListElement\":[{\"@type\":\"ListItem\",\"position\":1,\"name\":\"Accueil\",\"item\":\"https:\/\/librairie7l.com\/en\/\"},{\"@type\":\"ListItem\",\"position\":2,\"name\":\"Shop\",\"item\":\"https:\/\/librairie7l.com\/en\/shop\/\"},{\"@type\":\"ListItem\",\"position\":3,\"name\":\"REN\u00c9 PERROT, MON PAUVRE COEUR EST UN HIBOU\"}]},{\"@type\":\"WebSite\",\"@id\":\"https:\/\/librairie7l.com\/en\/#website\",\"url\":\"https:\/\/librairie7l.com\/en\/\",\"name\":\"Librairie 7L\",\"description\":\"Librairie fond\u00e9e en 1999 par Karl Lagerfeld \u00e0 Paris\",\"publisher\":{\"@id\":\"https:\/\/librairie7l.com\/en\/#organization\"},\"potentialAction\":[{\"@type\":\"SearchAction\",\"target\":{\"@type\":\"EntryPoint\",\"urlTemplate\":\"https:\/\/librairie7l.com\/en\/?s={search_term_string}\"},\"query-input\":\"required name=search_term_string\"}],\"inLanguage\":\"en-US\"},{\"@type\":\"Organization\",\"@id\":\"https:\/\/librairie7l.com\/en\/#organization\",\"name\":\"Librairie 7L\",\"url\":\"https:\/\/librairie7l.com\/en\/\",\"logo\":{\"@type\":\"ImageObject\",\"inLanguage\":\"en-US\",\"@id\":\"https:\/\/librairie7l.com\/en\/#\/schema\/logo\/image\/\",\"url\":\"https:\/\/librairie7l.com\/wp-content\/uploads\/2022\/08\/logo-1.png\",\"contentUrl\":\"https:\/\/librairie7l.com\/wp-content\/uploads\/2022\/08\/logo-1.png\",\"width\":227,\"height\":301,\"caption\":\"Librairie 7L\"},\"image\":{\"@id\":\"https:\/\/librairie7l.com\/en\/#\/schema\/logo\/image\/\"}}]}<\/script>\n<!-- \/ Yoast SEO plugin. -->","yoast_head_json":{"title":"Ren\u00e9 Perrot, mon pauvre coeur est un hibou - Librairie 7L","robots":{"index":"index","follow":"follow","max-snippet":"max-snippet:-1","max-image-preview":"max-image-preview:large","max-video-preview":"max-video-preview:-1"},"canonical":"https:\/\/librairie7l.com\/en\/produit\/rene-perrot-mon-pauvre-coeur-est-un-hibou\/","og_locale":"en_US","og_type":"article","og_title":"Ren\u00e9 Perrot, mon pauvre coeur est un hibou - Librairie 7L","og_description":"Ren\u00e9 Perrot (1912-1979) a \u00e9t\u00e9 un artiste prolifique, exp\u00e9rimentant sans cesse de nouveaux styles et de nouvelles techniques. Cet ouvrage propose ainsi de red\u00e9couvrir l&#8217;\u00e9tendue, la richesse et la sensibilit\u00e9 de son travail. Particuli\u00e8rement connu pour ses tapisseries, fruit de commandes publiques destin\u00e9es \u00e0 orner des b\u00e2timents officiels \u00e0 travers le monde, il r\u00e9alise aussi [&hellip;]","og_url":"https:\/\/librairie7l.com\/en\/produit\/rene-perrot-mon-pauvre-coeur-est-un-hibou\/","og_site_name":"Librairie 7L","article_modified_time":"2026-04-12T04:56:56+00:00","og_image":[{"width":600,"height":704,"url":"https:\/\/librairie7l.com\/wp-content\/uploads\/2023\/01\/9782359064063_1_75.jpg","type":"image\/jpeg"}],"twitter_card":"summary_large_image","twitter_misc":{"Est. reading time":"1 minute"},"schema":{"@context":"https:\/\/schema.org","@graph":[{"@type":"WebPage","@id":"https:\/\/librairie7l.com\/en\/produit\/rene-perrot-mon-pauvre-coeur-est-un-hibou\/","url":"https:\/\/librairie7l.com\/en\/produit\/rene-perrot-mon-pauvre-coeur-est-un-hibou\/","name":"Ren\u00e9 Perrot, mon pauvre coeur est un hibou - Librairie 7L","isPartOf":{"@id":"https:\/\/librairie7l.com\/en\/#website"},"datePublished":"2024-05-23T23:06:38+00:00","dateModified":"2026-04-12T04:56:56+00:00","breadcrumb":{"@id":"https:\/\/librairie7l.com\/en\/produit\/rene-perrot-mon-pauvre-coeur-est-un-hibou\/#breadcrumb"},"inLanguage":"en-US","potentialAction":[{"@type":"ReadAction","target":["https:\/\/librairie7l.com\/en\/produit\/rene-perrot-mon-pauvre-coeur-est-un-hibou\/"]}]},{"@type":"BreadcrumbList","@id":"https:\/\/librairie7l.com\/en\/produit\/rene-perrot-mon-pauvre-coeur-est-un-hibou\/#breadcrumb","itemListElement":[{"@type":"ListItem","position":1,"name":"Accueil","item":"https:\/\/librairie7l.com\/en\/"},{"@type":"ListItem","position":2,"name":"Shop","item":"https:\/\/librairie7l.com\/en\/shop\/"},{"@type":"ListItem","position":3,"name":"REN\u00c9 PERROT, MON PAUVRE COEUR EST UN HIBOU"}]},{"@type":"WebSite","@id":"https:\/\/librairie7l.com\/en\/#website","url":"https:\/\/librairie7l.com\/en\/","name":"Librairie 7L","description":"Librairie fond\u00e9e en 1999 par Karl Lagerfeld \u00e0 Paris","publisher":{"@id":"https:\/\/librairie7l.com\/en\/#organization"},"potentialAction":[{"@type":"SearchAction","target":{"@type":"EntryPoint","urlTemplate":"https:\/\/librairie7l.com\/en\/?s={search_term_string}"},"query-input":"required name=search_term_string"}],"inLanguage":"en-US"},{"@type":"Organization","@id":"https:\/\/librairie7l.com\/en\/#organization","name":"Librairie 7L","url":"https:\/\/librairie7l.com\/en\/","logo":{"@type":"ImageObject","inLanguage":"en-US","@id":"https:\/\/librairie7l.com\/en\/#\/schema\/logo\/image\/","url":"https:\/\/librairie7l.com\/wp-content\/uploads\/2022\/08\/logo-1.png","contentUrl":"https:\/\/librairie7l.com\/wp-content\/uploads\/2022\/08\/logo-1.png","width":227,"height":301,"caption":"Librairie 7L"},"image":{"@id":"https:\/\/librairie7l.com\/en\/#\/schema\/logo\/image\/"}}]}},"_links":{"self":[{"href":"https:\/\/librairie7l.com\/en\/wp-json\/wp\/v2\/product\/40023"}],"collection":[{"href":"https:\/\/librairie7l.com\/en\/wp-json\/wp\/v2\/product"}],"about":[{"href":"https:\/\/librairie7l.com\/en\/wp-json\/wp\/v2\/types\/product"}],"wp:featuredmedia":[{"embeddable":true,"href":"https:\/\/librairie7l.com\/en\/wp-json\/wp\/v2\/media\/40021"}],"wp:attachment":[{"href":"https:\/\/librairie7l.com\/en\/wp-json\/wp\/v2\/media?parent=40023"}],"wp:term":[{"taxonomy":"product_cat","embeddable":true,"href":"https:\/\/librairie7l.com\/en\/wp-json\/wp\/v2\/product_cat?post=40023"},{"taxonomy":"product_tag","embeddable":true,"href":"https:\/\/librairie7l.com\/en\/wp-json\/wp\/v2\/product_tag?post=40023"}],"curies":[{"name":"wp","href":"https:\/\/api.w.org\/{rel}","templated":true}]}}