{"id":40027,"date":"2024-05-24T01:06:40","date_gmt":"2024-05-23T23:06:40","guid":{"rendered":"https:\/\/librairie7l.com\/?post_type=product&#038;p=40027"},"modified":"2026-04-12T07:06:14","modified_gmt":"2026-04-12T05:06:14","slug":"le-luberon-provence-secrete","status":"publish","type":"product","link":"https:\/\/librairie7l.com\/en\/produit\/le-luberon-provence-secrete\/","title":{"rendered":"LE LUBERON ; PROVENCE SECR\u00c8TE"},"content":{"rendered":"<p>Havre de paix, terre promise mais secr\u00e8te, au coeur de la Provence, le Luberon dispense mieux qu&#8217;ailleurs ses paysages, sa nature et ses hommes.<br \/>\nForteresses m\u00e9di\u00e9vales, \u00e9glises romanes et ch\u00e2teaux de la Renaissance dominent les villages accroch\u00e9s sur les hauteurs ou pos\u00e9s dans les petites vall\u00e9es bucoliques :<br \/>\nGordes, l&#8217;abbaye de S\u00e9nanque, M\u00e9nerbes, Lacoste, Bonnieux ou Lourmarin sont des noms qui enchantent et qui symbolise cette r\u00e9gion de splendeurs.<br \/>\nTerre de vin et de bories, c&#8217;est une contr\u00e9e o\u00f9 les hommes ont v\u00e9cus et vivent encore comme en harmonie avec une nature si privil\u00e9gi\u00e9e&#8230;<br \/>\nLe propos de cet ouvrage est d&#8217;aller \u00e0 la rencontre de ces lieux et de ces hommes illustres ou inconnus.<br \/>\nAu d\u00e9tour d&#8217;un chemin, entre une vigne et une pin\u00e8de, des h\u00f4tes ouvrent leur porte, et les paysages, photographi\u00e9s par Gilles Martin-Raget d\u00e9ploient leur fastueuse lumi\u00e8re.<br \/>\nRichement illustr\u00e9, pr\u00e9fac\u00e9 par Pierre Cardin (install\u00e9 \u00e0 Lacoste depuis 2000), cet ouvrage est une invitation \u00e0 la d\u00e9couverte d&#8217;une r\u00e9gion c\u00e9l\u00e8bre, pourtant mal connue.<br \/>\nLe livre est organis\u00e9 en trois parties : une introduction g\u00e9n\u00e9rale sur l&#8217;histoire et la g\u00e9ographie de la r\u00e9gion, une partie qui est une v\u00e9ritable fl\u00e2nerie \u00e0 travers les plus beaux villages et les lieux incontournables du Luberon, une partie enfin consacr\u00e9e \u00e0 la d\u00e9couverte de ses traditions, des ses modes de vie et de ses maisons priv\u00e9es, rarement photographi\u00e9es.<br \/>\nL&#8217;auteur Jean-Pascal Hesse, historien de formation et le photographe Gilles Martin-Raget sont originaires tous les deux de la r\u00e9gion et ont d\u00e9j\u00e0 publi\u00e9 plusieurs ouvrages sur la Provence.<\/p>\n","protected":false},"excerpt":{"rendered":"<p>Havre de paix, terre promise mais secr\u00e8te, au coeur de la Provence, le Luberon dispense mieux qu&#8217;ailleurs ses paysages, sa nature et ses hommes. Forteresses m\u00e9di\u00e9vales, \u00e9glises romanes et ch\u00e2teaux de la Renaissance dominent les villages accroch\u00e9s sur les hauteurs ou pos\u00e9s dans les petites vall\u00e9es bucoliques : Gordes, l&#8217;abbaye de S\u00e9nanque, M\u00e9nerbes, Lacoste, Bonnieux [&hellip;]<\/p>\n","protected":false},"featured_media":40025,"template":"","meta":[],"product_cat":[2948,2956],"product_tag":[],"acf":[],"yoast_head":"<!-- This site is optimized with the Yoast SEO plugin v20.11 - https:\/\/yoast.com\/wordpress\/plugins\/seo\/ -->\n<title>Le Luberon ; Provence secr\u00e8te - Librairie 7L<\/title>\n<meta name=\"robots\" content=\"index, follow, max-snippet:-1, max-image-preview:large, max-video-preview:-1\" \/>\n<link rel=\"canonical\" href=\"https:\/\/librairie7l.com\/en\/produit\/le-luberon-provence-secrete\/\" \/>\n<meta property=\"og:locale\" content=\"en_US\" \/>\n<meta property=\"og:type\" content=\"article\" \/>\n<meta property=\"og:title\" content=\"Le Luberon ; Provence secr\u00e8te - Librairie 7L\" \/>\n<meta property=\"og:description\" content=\"Havre de paix, terre promise mais secr\u00e8te, au coeur de la Provence, le Luberon dispense mieux qu&#8217;ailleurs ses paysages, sa nature et ses hommes. Forteresses m\u00e9di\u00e9vales, \u00e9glises romanes et ch\u00e2teaux de la Renaissance dominent les villages accroch\u00e9s sur les hauteurs ou pos\u00e9s dans les petites vall\u00e9es bucoliques : Gordes, l&#8217;abbaye de S\u00e9nanque, M\u00e9nerbes, Lacoste, Bonnieux [&hellip;]\" \/>\n<meta property=\"og:url\" content=\"https:\/\/librairie7l.com\/en\/produit\/le-luberon-provence-secrete\/\" \/>\n<meta property=\"og:site_name\" content=\"Librairie 7L\" \/>\n<meta property=\"article:modified_time\" content=\"2026-04-12T05:06:14+00:00\" \/>\n<meta property=\"og:image\" content=\"https:\/\/librairie7l.com\/wp-content\/uploads\/2018\/06\/9782353402892_1_75.jpg\" \/>\n\t<meta property=\"og:image:width\" content=\"587\" \/>\n\t<meta property=\"og:image:height\" content=\"832\" \/>\n\t<meta property=\"og:image:type\" content=\"image\/jpeg\" \/>\n<meta name=\"twitter:card\" content=\"summary_large_image\" \/>\n<meta name=\"twitter:label1\" content=\"Est. reading time\" \/>\n\t<meta name=\"twitter:data1\" content=\"1 minute\" \/>\n<script type=\"application\/ld+json\" class=\"yoast-schema-graph\">{\"@context\":\"https:\/\/schema.org\",\"@graph\":[{\"@type\":\"WebPage\",\"@id\":\"https:\/\/librairie7l.com\/en\/produit\/le-luberon-provence-secrete\/\",\"url\":\"https:\/\/librairie7l.com\/en\/produit\/le-luberon-provence-secrete\/\",\"name\":\"Le Luberon ; Provence secr\u00e8te - Librairie 7L\",\"isPartOf\":{\"@id\":\"https:\/\/librairie7l.com\/en\/#website\"},\"datePublished\":\"2024-05-23T23:06:40+00:00\",\"dateModified\":\"2026-04-12T05:06:14+00:00\",\"breadcrumb\":{\"@id\":\"https:\/\/librairie7l.com\/en\/produit\/le-luberon-provence-secrete\/#breadcrumb\"},\"inLanguage\":\"en-US\",\"potentialAction\":[{\"@type\":\"ReadAction\",\"target\":[\"https:\/\/librairie7l.com\/en\/produit\/le-luberon-provence-secrete\/\"]}]},{\"@type\":\"BreadcrumbList\",\"@id\":\"https:\/\/librairie7l.com\/en\/produit\/le-luberon-provence-secrete\/#breadcrumb\",\"itemListElement\":[{\"@type\":\"ListItem\",\"position\":1,\"name\":\"Accueil\",\"item\":\"https:\/\/librairie7l.com\/en\/\"},{\"@type\":\"ListItem\",\"position\":2,\"name\":\"Shop\",\"item\":\"https:\/\/librairie7l.com\/en\/shop\/\"},{\"@type\":\"ListItem\",\"position\":3,\"name\":\"LE LUBERON ; PROVENCE SECR\u00c8TE\"}]},{\"@type\":\"WebSite\",\"@id\":\"https:\/\/librairie7l.com\/en\/#website\",\"url\":\"https:\/\/librairie7l.com\/en\/\",\"name\":\"Librairie 7L\",\"description\":\"Librairie fond\u00e9e en 1999 par Karl Lagerfeld \u00e0 Paris\",\"publisher\":{\"@id\":\"https:\/\/librairie7l.com\/en\/#organization\"},\"potentialAction\":[{\"@type\":\"SearchAction\",\"target\":{\"@type\":\"EntryPoint\",\"urlTemplate\":\"https:\/\/librairie7l.com\/en\/?s={search_term_string}\"},\"query-input\":\"required name=search_term_string\"}],\"inLanguage\":\"en-US\"},{\"@type\":\"Organization\",\"@id\":\"https:\/\/librairie7l.com\/en\/#organization\",\"name\":\"Librairie 7L\",\"url\":\"https:\/\/librairie7l.com\/en\/\",\"logo\":{\"@type\":\"ImageObject\",\"inLanguage\":\"en-US\",\"@id\":\"https:\/\/librairie7l.com\/en\/#\/schema\/logo\/image\/\",\"url\":\"https:\/\/librairie7l.com\/wp-content\/uploads\/2022\/08\/logo-1.png\",\"contentUrl\":\"https:\/\/librairie7l.com\/wp-content\/uploads\/2022\/08\/logo-1.png\",\"width\":227,\"height\":301,\"caption\":\"Librairie 7L\"},\"image\":{\"@id\":\"https:\/\/librairie7l.com\/en\/#\/schema\/logo\/image\/\"}}]}<\/script>\n<!-- \/ Yoast SEO plugin. -->","yoast_head_json":{"title":"Le Luberon ; Provence secr\u00e8te - Librairie 7L","robots":{"index":"index","follow":"follow","max-snippet":"max-snippet:-1","max-image-preview":"max-image-preview:large","max-video-preview":"max-video-preview:-1"},"canonical":"https:\/\/librairie7l.com\/en\/produit\/le-luberon-provence-secrete\/","og_locale":"en_US","og_type":"article","og_title":"Le Luberon ; Provence secr\u00e8te - Librairie 7L","og_description":"Havre de paix, terre promise mais secr\u00e8te, au coeur de la Provence, le Luberon dispense mieux qu&#8217;ailleurs ses paysages, sa nature et ses hommes. Forteresses m\u00e9di\u00e9vales, \u00e9glises romanes et ch\u00e2teaux de la Renaissance dominent les villages accroch\u00e9s sur les hauteurs ou pos\u00e9s dans les petites vall\u00e9es bucoliques : Gordes, l&#8217;abbaye de S\u00e9nanque, M\u00e9nerbes, Lacoste, Bonnieux [&hellip;]","og_url":"https:\/\/librairie7l.com\/en\/produit\/le-luberon-provence-secrete\/","og_site_name":"Librairie 7L","article_modified_time":"2026-04-12T05:06:14+00:00","og_image":[{"width":587,"height":832,"url":"https:\/\/librairie7l.com\/wp-content\/uploads\/2018\/06\/9782353402892_1_75.jpg","type":"image\/jpeg"}],"twitter_card":"summary_large_image","twitter_misc":{"Est. reading time":"1 minute"},"schema":{"@context":"https:\/\/schema.org","@graph":[{"@type":"WebPage","@id":"https:\/\/librairie7l.com\/en\/produit\/le-luberon-provence-secrete\/","url":"https:\/\/librairie7l.com\/en\/produit\/le-luberon-provence-secrete\/","name":"Le Luberon ; Provence secr\u00e8te - Librairie 7L","isPartOf":{"@id":"https:\/\/librairie7l.com\/en\/#website"},"datePublished":"2024-05-23T23:06:40+00:00","dateModified":"2026-04-12T05:06:14+00:00","breadcrumb":{"@id":"https:\/\/librairie7l.com\/en\/produit\/le-luberon-provence-secrete\/#breadcrumb"},"inLanguage":"en-US","potentialAction":[{"@type":"ReadAction","target":["https:\/\/librairie7l.com\/en\/produit\/le-luberon-provence-secrete\/"]}]},{"@type":"BreadcrumbList","@id":"https:\/\/librairie7l.com\/en\/produit\/le-luberon-provence-secrete\/#breadcrumb","itemListElement":[{"@type":"ListItem","position":1,"name":"Accueil","item":"https:\/\/librairie7l.com\/en\/"},{"@type":"ListItem","position":2,"name":"Shop","item":"https:\/\/librairie7l.com\/en\/shop\/"},{"@type":"ListItem","position":3,"name":"LE LUBERON ; PROVENCE SECR\u00c8TE"}]},{"@type":"WebSite","@id":"https:\/\/librairie7l.com\/en\/#website","url":"https:\/\/librairie7l.com\/en\/","name":"Librairie 7L","description":"Librairie fond\u00e9e en 1999 par Karl Lagerfeld \u00e0 Paris","publisher":{"@id":"https:\/\/librairie7l.com\/en\/#organization"},"potentialAction":[{"@type":"SearchAction","target":{"@type":"EntryPoint","urlTemplate":"https:\/\/librairie7l.com\/en\/?s={search_term_string}"},"query-input":"required name=search_term_string"}],"inLanguage":"en-US"},{"@type":"Organization","@id":"https:\/\/librairie7l.com\/en\/#organization","name":"Librairie 7L","url":"https:\/\/librairie7l.com\/en\/","logo":{"@type":"ImageObject","inLanguage":"en-US","@id":"https:\/\/librairie7l.com\/en\/#\/schema\/logo\/image\/","url":"https:\/\/librairie7l.com\/wp-content\/uploads\/2022\/08\/logo-1.png","contentUrl":"https:\/\/librairie7l.com\/wp-content\/uploads\/2022\/08\/logo-1.png","width":227,"height":301,"caption":"Librairie 7L"},"image":{"@id":"https:\/\/librairie7l.com\/en\/#\/schema\/logo\/image\/"}}]}},"_links":{"self":[{"href":"https:\/\/librairie7l.com\/en\/wp-json\/wp\/v2\/product\/40027"}],"collection":[{"href":"https:\/\/librairie7l.com\/en\/wp-json\/wp\/v2\/product"}],"about":[{"href":"https:\/\/librairie7l.com\/en\/wp-json\/wp\/v2\/types\/product"}],"wp:featuredmedia":[{"embeddable":true,"href":"https:\/\/librairie7l.com\/en\/wp-json\/wp\/v2\/media\/40025"}],"wp:attachment":[{"href":"https:\/\/librairie7l.com\/en\/wp-json\/wp\/v2\/media?parent=40027"}],"wp:term":[{"taxonomy":"product_cat","embeddable":true,"href":"https:\/\/librairie7l.com\/en\/wp-json\/wp\/v2\/product_cat?post=40027"},{"taxonomy":"product_tag","embeddable":true,"href":"https:\/\/librairie7l.com\/en\/wp-json\/wp\/v2\/product_tag?post=40027"}],"curies":[{"name":"wp","href":"https:\/\/api.w.org\/{rel}","templated":true}]}}