{"id":40078,"date":"2024-04-03T09:18:26","date_gmt":"2024-04-03T07:18:26","guid":{"rendered":"https:\/\/librairie7l.com\/?post_type=product&#038;p=40078"},"modified":"2026-04-30T15:17:35","modified_gmt":"2026-04-30T13:17:35","slug":"bestiaire","status":"publish","type":"product","link":"https:\/\/librairie7l.com\/en\/produit\/bestiaire\/","title":{"rendered":"BESTIAIRE"},"content":{"rendered":"<p>Le Bestiaire de Denis Polge est un livre d&#8217;artiste qui rassemble une s\u00e9rie de collages r\u00e9alis\u00e9s autour des animaux. On y retrouve ainsi mouton, lapin \u00e9l\u00e9phant, dindon, crabe, h\u00e9risson, pieuvre, cochon, l\u00e9zard, chauve- souris, girafe&#8230; comment\u00e9s par des textes courts de Mathieu N\u00e9ouze. Dans la tradition des bestiaires du Moyen \u00c2ge ou du bestiaire de Guillaume Apollinaire , Denis Polge et Mathieu N\u00e9ouze nous proposent une version moderne et po\u00e9tique du monde animal. Particuli\u00e8rement soign\u00e9e, cette \u00e9dition est imprim\u00e9e sur papier bouffant, avec une reliure \u00e0 la bodonienne. Denis Polge est n\u00e9 \u00e0 Grasse en 1972. Apr\u00e8s avoir men\u00e9 des \u00e9tudes de cin\u00e9ma et de philosophie, Denis Polge a suivi l&#8217;enseignement de l&#8217;\u00c9cole nationale sup\u00e9rieure des Beaux-Arts de Paris. Il m\u00e8ne depuis plus de dix ans une carri\u00e8re ind\u00e9pendante et a expos\u00e9 dans de nombreuses galeries en France et \u00e0 l&#8217;\u00e9tranger. Il a \u00e9galement publi\u00e9 plusieurs livres &#8211; Les eaux dormantes, (Le Promeneur\/ Gallimard, 2007) et Autres rives (Le Promeneur\/Gallimard, 2009)- ainsi que des ouvrages au tirage limit\u00e9. Mathieu N\u00e9ouze est compositeur, photographe et po\u00e8te. Il \u00e0 d\u00e9ja publi\u00e9 en 2020 Le jour d&#8217;apr\u00e8s avec Denis Polge, et signe l\u00e0 son deuxi\u00e8me livre avec l&#8217;artiste.<\/p>\n","protected":false},"excerpt":{"rendered":"<p>Le Bestiaire de Denis Polge est un livre d&#8217;artiste qui rassemble une s\u00e9rie de collages r\u00e9alis\u00e9s autour des animaux. On y retrouve ainsi mouton, lapin \u00e9l\u00e9phant, dindon, crabe, h\u00e9risson, pieuvre, cochon, l\u00e9zard, chauve- souris, girafe&#8230; comment\u00e9s par des textes courts de Mathieu N\u00e9ouze. Dans la tradition des bestiaires du Moyen \u00c2ge ou du bestiaire de [&hellip;]<\/p>\n","protected":false},"featured_media":40169,"template":"","meta":[],"product_cat":[2948,2953],"product_tag":[],"acf":[],"yoast_head":"<!-- This site is optimized with the Yoast SEO plugin v20.11 - https:\/\/yoast.com\/wordpress\/plugins\/seo\/ -->\n<title>Bestiaire - Librairie 7L<\/title>\n<meta name=\"robots\" content=\"index, follow, max-snippet:-1, max-image-preview:large, max-video-preview:-1\" \/>\n<link rel=\"canonical\" href=\"https:\/\/librairie7l.com\/en\/produit\/bestiaire\/\" \/>\n<meta property=\"og:locale\" content=\"en_US\" \/>\n<meta property=\"og:type\" content=\"article\" \/>\n<meta property=\"og:title\" content=\"Bestiaire - Librairie 7L\" \/>\n<meta property=\"og:description\" content=\"Le Bestiaire de Denis Polge est un livre d&#8217;artiste qui rassemble une s\u00e9rie de collages r\u00e9alis\u00e9s autour des animaux. On y retrouve ainsi mouton, lapin \u00e9l\u00e9phant, dindon, crabe, h\u00e9risson, pieuvre, cochon, l\u00e9zard, chauve- souris, girafe&#8230; comment\u00e9s par des textes courts de Mathieu N\u00e9ouze. Dans la tradition des bestiaires du Moyen \u00c2ge ou du bestiaire de [&hellip;]\" \/>\n<meta property=\"og:url\" content=\"https:\/\/librairie7l.com\/en\/produit\/bestiaire\/\" \/>\n<meta property=\"og:site_name\" content=\"Librairie 7L\" \/>\n<meta property=\"article:modified_time\" content=\"2026-04-30T13:17:35+00:00\" \/>\n<meta property=\"og:image\" content=\"https:\/\/librairie7l.com\/wp-content\/uploads\/2024\/04\/9782353403837_1_75.jpg\" \/>\n\t<meta property=\"og:image:width\" content=\"420\" \/>\n\t<meta property=\"og:image:height\" content=\"588\" \/>\n\t<meta property=\"og:image:type\" content=\"image\/jpeg\" \/>\n<meta name=\"twitter:card\" content=\"summary_large_image\" \/>\n<meta name=\"twitter:label1\" content=\"Est. reading time\" \/>\n\t<meta name=\"twitter:data1\" content=\"1 minute\" \/>\n<script type=\"application\/ld+json\" class=\"yoast-schema-graph\">{\"@context\":\"https:\/\/schema.org\",\"@graph\":[{\"@type\":\"WebPage\",\"@id\":\"https:\/\/librairie7l.com\/en\/produit\/bestiaire\/\",\"url\":\"https:\/\/librairie7l.com\/en\/produit\/bestiaire\/\",\"name\":\"Bestiaire - Librairie 7L\",\"isPartOf\":{\"@id\":\"https:\/\/librairie7l.com\/en\/#website\"},\"datePublished\":\"2024-04-03T07:18:26+00:00\",\"dateModified\":\"2026-04-30T13:17:35+00:00\",\"breadcrumb\":{\"@id\":\"https:\/\/librairie7l.com\/en\/produit\/bestiaire\/#breadcrumb\"},\"inLanguage\":\"en-US\",\"potentialAction\":[{\"@type\":\"ReadAction\",\"target\":[\"https:\/\/librairie7l.com\/en\/produit\/bestiaire\/\"]}]},{\"@type\":\"BreadcrumbList\",\"@id\":\"https:\/\/librairie7l.com\/en\/produit\/bestiaire\/#breadcrumb\",\"itemListElement\":[{\"@type\":\"ListItem\",\"position\":1,\"name\":\"Accueil\",\"item\":\"https:\/\/librairie7l.com\/en\/\"},{\"@type\":\"ListItem\",\"position\":2,\"name\":\"Shop\",\"item\":\"https:\/\/librairie7l.com\/en\/shop\/\"},{\"@type\":\"ListItem\",\"position\":3,\"name\":\"BESTIAIRE\"}]},{\"@type\":\"WebSite\",\"@id\":\"https:\/\/librairie7l.com\/en\/#website\",\"url\":\"https:\/\/librairie7l.com\/en\/\",\"name\":\"Librairie 7L\",\"description\":\"Librairie fond\u00e9e en 1999 par Karl Lagerfeld \u00e0 Paris\",\"publisher\":{\"@id\":\"https:\/\/librairie7l.com\/en\/#organization\"},\"potentialAction\":[{\"@type\":\"SearchAction\",\"target\":{\"@type\":\"EntryPoint\",\"urlTemplate\":\"https:\/\/librairie7l.com\/en\/?s={search_term_string}\"},\"query-input\":\"required name=search_term_string\"}],\"inLanguage\":\"en-US\"},{\"@type\":\"Organization\",\"@id\":\"https:\/\/librairie7l.com\/en\/#organization\",\"name\":\"Librairie 7L\",\"url\":\"https:\/\/librairie7l.com\/en\/\",\"logo\":{\"@type\":\"ImageObject\",\"inLanguage\":\"en-US\",\"@id\":\"https:\/\/librairie7l.com\/en\/#\/schema\/logo\/image\/\",\"url\":\"https:\/\/librairie7l.com\/wp-content\/uploads\/2022\/08\/logo-1.png\",\"contentUrl\":\"https:\/\/librairie7l.com\/wp-content\/uploads\/2022\/08\/logo-1.png\",\"width\":227,\"height\":301,\"caption\":\"Librairie 7L\"},\"image\":{\"@id\":\"https:\/\/librairie7l.com\/en\/#\/schema\/logo\/image\/\"}}]}<\/script>\n<!-- \/ Yoast SEO plugin. -->","yoast_head_json":{"title":"Bestiaire - Librairie 7L","robots":{"index":"index","follow":"follow","max-snippet":"max-snippet:-1","max-image-preview":"max-image-preview:large","max-video-preview":"max-video-preview:-1"},"canonical":"https:\/\/librairie7l.com\/en\/produit\/bestiaire\/","og_locale":"en_US","og_type":"article","og_title":"Bestiaire - Librairie 7L","og_description":"Le Bestiaire de Denis Polge est un livre d&#8217;artiste qui rassemble une s\u00e9rie de collages r\u00e9alis\u00e9s autour des animaux. On y retrouve ainsi mouton, lapin \u00e9l\u00e9phant, dindon, crabe, h\u00e9risson, pieuvre, cochon, l\u00e9zard, chauve- souris, girafe&#8230; comment\u00e9s par des textes courts de Mathieu N\u00e9ouze. Dans la tradition des bestiaires du Moyen \u00c2ge ou du bestiaire de [&hellip;]","og_url":"https:\/\/librairie7l.com\/en\/produit\/bestiaire\/","og_site_name":"Librairie 7L","article_modified_time":"2026-04-30T13:17:35+00:00","og_image":[{"width":420,"height":588,"url":"https:\/\/librairie7l.com\/wp-content\/uploads\/2024\/04\/9782353403837_1_75.jpg","type":"image\/jpeg"}],"twitter_card":"summary_large_image","twitter_misc":{"Est. reading time":"1 minute"},"schema":{"@context":"https:\/\/schema.org","@graph":[{"@type":"WebPage","@id":"https:\/\/librairie7l.com\/en\/produit\/bestiaire\/","url":"https:\/\/librairie7l.com\/en\/produit\/bestiaire\/","name":"Bestiaire - Librairie 7L","isPartOf":{"@id":"https:\/\/librairie7l.com\/en\/#website"},"datePublished":"2024-04-03T07:18:26+00:00","dateModified":"2026-04-30T13:17:35+00:00","breadcrumb":{"@id":"https:\/\/librairie7l.com\/en\/produit\/bestiaire\/#breadcrumb"},"inLanguage":"en-US","potentialAction":[{"@type":"ReadAction","target":["https:\/\/librairie7l.com\/en\/produit\/bestiaire\/"]}]},{"@type":"BreadcrumbList","@id":"https:\/\/librairie7l.com\/en\/produit\/bestiaire\/#breadcrumb","itemListElement":[{"@type":"ListItem","position":1,"name":"Accueil","item":"https:\/\/librairie7l.com\/en\/"},{"@type":"ListItem","position":2,"name":"Shop","item":"https:\/\/librairie7l.com\/en\/shop\/"},{"@type":"ListItem","position":3,"name":"BESTIAIRE"}]},{"@type":"WebSite","@id":"https:\/\/librairie7l.com\/en\/#website","url":"https:\/\/librairie7l.com\/en\/","name":"Librairie 7L","description":"Librairie fond\u00e9e en 1999 par Karl Lagerfeld \u00e0 Paris","publisher":{"@id":"https:\/\/librairie7l.com\/en\/#organization"},"potentialAction":[{"@type":"SearchAction","target":{"@type":"EntryPoint","urlTemplate":"https:\/\/librairie7l.com\/en\/?s={search_term_string}"},"query-input":"required name=search_term_string"}],"inLanguage":"en-US"},{"@type":"Organization","@id":"https:\/\/librairie7l.com\/en\/#organization","name":"Librairie 7L","url":"https:\/\/librairie7l.com\/en\/","logo":{"@type":"ImageObject","inLanguage":"en-US","@id":"https:\/\/librairie7l.com\/en\/#\/schema\/logo\/image\/","url":"https:\/\/librairie7l.com\/wp-content\/uploads\/2022\/08\/logo-1.png","contentUrl":"https:\/\/librairie7l.com\/wp-content\/uploads\/2022\/08\/logo-1.png","width":227,"height":301,"caption":"Librairie 7L"},"image":{"@id":"https:\/\/librairie7l.com\/en\/#\/schema\/logo\/image\/"}}]}},"_links":{"self":[{"href":"https:\/\/librairie7l.com\/en\/wp-json\/wp\/v2\/product\/40078"}],"collection":[{"href":"https:\/\/librairie7l.com\/en\/wp-json\/wp\/v2\/product"}],"about":[{"href":"https:\/\/librairie7l.com\/en\/wp-json\/wp\/v2\/types\/product"}],"wp:featuredmedia":[{"embeddable":true,"href":"https:\/\/librairie7l.com\/en\/wp-json\/wp\/v2\/media\/40169"}],"wp:attachment":[{"href":"https:\/\/librairie7l.com\/en\/wp-json\/wp\/v2\/media?parent=40078"}],"wp:term":[{"taxonomy":"product_cat","embeddable":true,"href":"https:\/\/librairie7l.com\/en\/wp-json\/wp\/v2\/product_cat?post=40078"},{"taxonomy":"product_tag","embeddable":true,"href":"https:\/\/librairie7l.com\/en\/wp-json\/wp\/v2\/product_tag?post=40078"}],"curies":[{"name":"wp","href":"https:\/\/api.w.org\/{rel}","templated":true}]}}