{"id":40086,"date":"2024-04-03T09:18:40","date_gmt":"2024-04-03T07:18:40","guid":{"rendered":"https:\/\/librairie7l.com\/?post_type=product&#038;p=40086"},"modified":"2026-05-10T16:18:44","modified_gmt":"2026-05-10T14:18:44","slug":"la-naissance-des-grands-magasins-mode-design-jouet-pulicite-1852-1925","status":"publish","type":"product","link":"https:\/\/librairie7l.com\/en\/produit\/la-naissance-des-grands-magasins-mode-design-jouet-pulicite-1852-1925\/","title":{"rendered":"LA NAISSANCE DES GRANDS MAGASINS &#8211; MODE, DESIGN, JOUET, PULICITE. 1852-1925"},"content":{"rendered":"<p>\u00c0 partir de 1850, en France, le contexte de prosp\u00e9rit\u00e9 \u00e9conomique est propice au d\u00e9veloppement d&#8217;un nouveau concept qui jette les bases du commerce moderne et de la soci\u00e9t\u00e9 de consommation : les grands magasins. \u00c0 leur t\u00eate, de grands entrepreneurs comme Aristide Boucicaut, Jules Jaluzot ou le couple Cognacq-Jay, profitant des transformations urbaines de la capitale, b\u00e2tissent de larges empires gr\u00e2ce \u00e0 de nouvelles techniques commerciales &#8211; l&#8217;invention des soldes ou la vente par correspondance &#8211; qui leur permettent de fid\u00e9liser les clients mais aussi les employ\u00e9s. Les vitrines, savamment \u00e9labor\u00e9es, font r\u00eaver les passants et les invitent \u00e0 venir d\u00e9couvrir une profusion d&#8217;articles : v\u00eatements, gants, chapeaux, lingerie, cols, souliers, sacs \u00e0 main, \u00e9ventails, boutons, dentelles&#8230; D\u00e9crits par Zola dans Au bonheur des dames, ces enseignes transforment la figure de la femme bourgeoise qui, en tant que principale cliente, devient leur cible publicitaire, bient\u00f4t suivie par l&#8217;enfant avec l&#8217;apparition des premiers rayons d\u00e9di\u00e9s aux jouets. Ces temples du shopping d\u00e9ploient ing\u00e9nieusement leur offre et \u00e9ditent \u00e9galement du mobilier dessin\u00e9 par des artistes d\u00e9corateurs contemporains comme Maurice Dufr\u00eane. Les ateliers Pomone pour Au Bon March\u00e9, Studium pour les Grands magasins du Louvre, Primavera pour le Printemps et La Ma\u00eetrise pour les Galeries Lafayette connaissent leur apog\u00e9e lorsqu&#8217;ils sont pr\u00e9sent\u00e9s \u00e0 l&#8217;Exposition internationale des Arts d\u00e9coratifs et industriels modernes de 1925. \u00c0 travers neuf essais th\u00e9matiques, cet ouvrage retrace les circonstances de la naissance des grands magasins parisiens. Il s&#8217;appuie sur une riche iconographie mettant en valeur aussi bien le vaste panel de marchandises propos\u00e9 alors, des accessoires de mode aux v\u00eatements en passant par les jouets et les objets de d\u00e9coration, que des documents d&#8217;\u00e9poque &#8211; publicit\u00e9s, catalogues de ventes et photographies.<\/p>\n","protected":false},"excerpt":{"rendered":"<p>\u00c0 partir de 1850, en France, le contexte de prosp\u00e9rit\u00e9 \u00e9conomique est propice au d\u00e9veloppement d&#8217;un nouveau concept qui jette les bases du commerce moderne et de la soci\u00e9t\u00e9 de consommation : les grands magasins. \u00c0 leur t\u00eate, de grands entrepreneurs comme Aristide Boucicaut, Jules Jaluzot ou le couple Cognacq-Jay, profitant des transformations urbaines de [&hellip;]<\/p>\n","protected":false},"featured_media":40167,"template":"","meta":[],"product_cat":[2948,2952],"product_tag":[],"acf":[],"yoast_head":"<!-- This site is optimized with the Yoast SEO plugin v20.11 - https:\/\/yoast.com\/wordpress\/plugins\/seo\/ -->\n<title>La naissance des grands magasins - mode, design, jouet, pulicite. 1852-1925 - Librairie 7L<\/title>\n<meta name=\"robots\" content=\"index, follow, max-snippet:-1, max-image-preview:large, max-video-preview:-1\" \/>\n<link rel=\"canonical\" href=\"https:\/\/librairie7l.com\/en\/produit\/la-naissance-des-grands-magasins-mode-design-jouet-pulicite-1852-1925\/\" \/>\n<meta property=\"og:locale\" content=\"en_US\" \/>\n<meta property=\"og:type\" content=\"article\" \/>\n<meta property=\"og:title\" content=\"La naissance des grands magasins - mode, design, jouet, pulicite. 1852-1925 - Librairie 7L\" \/>\n<meta property=\"og:description\" content=\"\u00c0 partir de 1850, en France, le contexte de prosp\u00e9rit\u00e9 \u00e9conomique est propice au d\u00e9veloppement d&#8217;un nouveau concept qui jette les bases du commerce moderne et de la soci\u00e9t\u00e9 de consommation : les grands magasins. \u00c0 leur t\u00eate, de grands entrepreneurs comme Aristide Boucicaut, Jules Jaluzot ou le couple Cognacq-Jay, profitant des transformations urbaines de [&hellip;]\" \/>\n<meta property=\"og:url\" content=\"https:\/\/librairie7l.com\/en\/produit\/la-naissance-des-grands-magasins-mode-design-jouet-pulicite-1852-1925\/\" \/>\n<meta property=\"og:site_name\" content=\"Librairie 7L\" \/>\n<meta property=\"article:modified_time\" content=\"2026-05-10T14:18:44+00:00\" \/>\n<meta property=\"og:image\" content=\"https:\/\/librairie7l.com\/wp-content\/uploads\/2024\/04\/9782383140207_1_75.jpg\" \/>\n\t<meta property=\"og:image:width\" content=\"528\" \/>\n\t<meta property=\"og:image:height\" content=\"702\" \/>\n\t<meta property=\"og:image:type\" content=\"image\/jpeg\" \/>\n<meta name=\"twitter:card\" content=\"summary_large_image\" \/>\n<meta name=\"twitter:label1\" content=\"Est. reading time\" \/>\n\t<meta name=\"twitter:data1\" content=\"2 minutes\" \/>\n<script type=\"application\/ld+json\" class=\"yoast-schema-graph\">{\"@context\":\"https:\/\/schema.org\",\"@graph\":[{\"@type\":\"WebPage\",\"@id\":\"https:\/\/librairie7l.com\/en\/produit\/la-naissance-des-grands-magasins-mode-design-jouet-pulicite-1852-1925\/\",\"url\":\"https:\/\/librairie7l.com\/en\/produit\/la-naissance-des-grands-magasins-mode-design-jouet-pulicite-1852-1925\/\",\"name\":\"La naissance des grands magasins - mode, design, jouet, pulicite. 1852-1925 - Librairie 7L\",\"isPartOf\":{\"@id\":\"https:\/\/librairie7l.com\/en\/#website\"},\"datePublished\":\"2024-04-03T07:18:40+00:00\",\"dateModified\":\"2026-05-10T14:18:44+00:00\",\"breadcrumb\":{\"@id\":\"https:\/\/librairie7l.com\/en\/produit\/la-naissance-des-grands-magasins-mode-design-jouet-pulicite-1852-1925\/#breadcrumb\"},\"inLanguage\":\"en-US\",\"potentialAction\":[{\"@type\":\"ReadAction\",\"target\":[\"https:\/\/librairie7l.com\/en\/produit\/la-naissance-des-grands-magasins-mode-design-jouet-pulicite-1852-1925\/\"]}]},{\"@type\":\"BreadcrumbList\",\"@id\":\"https:\/\/librairie7l.com\/en\/produit\/la-naissance-des-grands-magasins-mode-design-jouet-pulicite-1852-1925\/#breadcrumb\",\"itemListElement\":[{\"@type\":\"ListItem\",\"position\":1,\"name\":\"Accueil\",\"item\":\"https:\/\/librairie7l.com\/en\/\"},{\"@type\":\"ListItem\",\"position\":2,\"name\":\"Shop\",\"item\":\"https:\/\/librairie7l.com\/en\/shop\/\"},{\"@type\":\"ListItem\",\"position\":3,\"name\":\"LA NAISSANCE DES GRANDS MAGASINS &#8211; MODE, DESIGN, JOUET, PULICITE. 1852-1925\"}]},{\"@type\":\"WebSite\",\"@id\":\"https:\/\/librairie7l.com\/en\/#website\",\"url\":\"https:\/\/librairie7l.com\/en\/\",\"name\":\"Librairie 7L\",\"description\":\"Librairie fond\u00e9e en 1999 par Karl Lagerfeld \u00e0 Paris\",\"publisher\":{\"@id\":\"https:\/\/librairie7l.com\/en\/#organization\"},\"potentialAction\":[{\"@type\":\"SearchAction\",\"target\":{\"@type\":\"EntryPoint\",\"urlTemplate\":\"https:\/\/librairie7l.com\/en\/?s={search_term_string}\"},\"query-input\":\"required name=search_term_string\"}],\"inLanguage\":\"en-US\"},{\"@type\":\"Organization\",\"@id\":\"https:\/\/librairie7l.com\/en\/#organization\",\"name\":\"Librairie 7L\",\"url\":\"https:\/\/librairie7l.com\/en\/\",\"logo\":{\"@type\":\"ImageObject\",\"inLanguage\":\"en-US\",\"@id\":\"https:\/\/librairie7l.com\/en\/#\/schema\/logo\/image\/\",\"url\":\"https:\/\/librairie7l.com\/wp-content\/uploads\/2022\/08\/logo-1.png\",\"contentUrl\":\"https:\/\/librairie7l.com\/wp-content\/uploads\/2022\/08\/logo-1.png\",\"width\":227,\"height\":301,\"caption\":\"Librairie 7L\"},\"image\":{\"@id\":\"https:\/\/librairie7l.com\/en\/#\/schema\/logo\/image\/\"}}]}<\/script>\n<!-- \/ Yoast SEO plugin. -->","yoast_head_json":{"title":"La naissance des grands magasins - mode, design, jouet, pulicite. 1852-1925 - Librairie 7L","robots":{"index":"index","follow":"follow","max-snippet":"max-snippet:-1","max-image-preview":"max-image-preview:large","max-video-preview":"max-video-preview:-1"},"canonical":"https:\/\/librairie7l.com\/en\/produit\/la-naissance-des-grands-magasins-mode-design-jouet-pulicite-1852-1925\/","og_locale":"en_US","og_type":"article","og_title":"La naissance des grands magasins - mode, design, jouet, pulicite. 1852-1925 - Librairie 7L","og_description":"\u00c0 partir de 1850, en France, le contexte de prosp\u00e9rit\u00e9 \u00e9conomique est propice au d\u00e9veloppement d&#8217;un nouveau concept qui jette les bases du commerce moderne et de la soci\u00e9t\u00e9 de consommation : les grands magasins. \u00c0 leur t\u00eate, de grands entrepreneurs comme Aristide Boucicaut, Jules Jaluzot ou le couple Cognacq-Jay, profitant des transformations urbaines de [&hellip;]","og_url":"https:\/\/librairie7l.com\/en\/produit\/la-naissance-des-grands-magasins-mode-design-jouet-pulicite-1852-1925\/","og_site_name":"Librairie 7L","article_modified_time":"2026-05-10T14:18:44+00:00","og_image":[{"width":528,"height":702,"url":"https:\/\/librairie7l.com\/wp-content\/uploads\/2024\/04\/9782383140207_1_75.jpg","type":"image\/jpeg"}],"twitter_card":"summary_large_image","twitter_misc":{"Est. reading time":"2 minutes"},"schema":{"@context":"https:\/\/schema.org","@graph":[{"@type":"WebPage","@id":"https:\/\/librairie7l.com\/en\/produit\/la-naissance-des-grands-magasins-mode-design-jouet-pulicite-1852-1925\/","url":"https:\/\/librairie7l.com\/en\/produit\/la-naissance-des-grands-magasins-mode-design-jouet-pulicite-1852-1925\/","name":"La naissance des grands magasins - mode, design, jouet, pulicite. 1852-1925 - Librairie 7L","isPartOf":{"@id":"https:\/\/librairie7l.com\/en\/#website"},"datePublished":"2024-04-03T07:18:40+00:00","dateModified":"2026-05-10T14:18:44+00:00","breadcrumb":{"@id":"https:\/\/librairie7l.com\/en\/produit\/la-naissance-des-grands-magasins-mode-design-jouet-pulicite-1852-1925\/#breadcrumb"},"inLanguage":"en-US","potentialAction":[{"@type":"ReadAction","target":["https:\/\/librairie7l.com\/en\/produit\/la-naissance-des-grands-magasins-mode-design-jouet-pulicite-1852-1925\/"]}]},{"@type":"BreadcrumbList","@id":"https:\/\/librairie7l.com\/en\/produit\/la-naissance-des-grands-magasins-mode-design-jouet-pulicite-1852-1925\/#breadcrumb","itemListElement":[{"@type":"ListItem","position":1,"name":"Accueil","item":"https:\/\/librairie7l.com\/en\/"},{"@type":"ListItem","position":2,"name":"Shop","item":"https:\/\/librairie7l.com\/en\/shop\/"},{"@type":"ListItem","position":3,"name":"LA NAISSANCE DES GRANDS MAGASINS &#8211; MODE, DESIGN, JOUET, PULICITE. 1852-1925"}]},{"@type":"WebSite","@id":"https:\/\/librairie7l.com\/en\/#website","url":"https:\/\/librairie7l.com\/en\/","name":"Librairie 7L","description":"Librairie fond\u00e9e en 1999 par Karl Lagerfeld \u00e0 Paris","publisher":{"@id":"https:\/\/librairie7l.com\/en\/#organization"},"potentialAction":[{"@type":"SearchAction","target":{"@type":"EntryPoint","urlTemplate":"https:\/\/librairie7l.com\/en\/?s={search_term_string}"},"query-input":"required name=search_term_string"}],"inLanguage":"en-US"},{"@type":"Organization","@id":"https:\/\/librairie7l.com\/en\/#organization","name":"Librairie 7L","url":"https:\/\/librairie7l.com\/en\/","logo":{"@type":"ImageObject","inLanguage":"en-US","@id":"https:\/\/librairie7l.com\/en\/#\/schema\/logo\/image\/","url":"https:\/\/librairie7l.com\/wp-content\/uploads\/2022\/08\/logo-1.png","contentUrl":"https:\/\/librairie7l.com\/wp-content\/uploads\/2022\/08\/logo-1.png","width":227,"height":301,"caption":"Librairie 7L"},"image":{"@id":"https:\/\/librairie7l.com\/en\/#\/schema\/logo\/image\/"}}]}},"_links":{"self":[{"href":"https:\/\/librairie7l.com\/en\/wp-json\/wp\/v2\/product\/40086"}],"collection":[{"href":"https:\/\/librairie7l.com\/en\/wp-json\/wp\/v2\/product"}],"about":[{"href":"https:\/\/librairie7l.com\/en\/wp-json\/wp\/v2\/types\/product"}],"wp:featuredmedia":[{"embeddable":true,"href":"https:\/\/librairie7l.com\/en\/wp-json\/wp\/v2\/media\/40167"}],"wp:attachment":[{"href":"https:\/\/librairie7l.com\/en\/wp-json\/wp\/v2\/media?parent=40086"}],"wp:term":[{"taxonomy":"product_cat","embeddable":true,"href":"https:\/\/librairie7l.com\/en\/wp-json\/wp\/v2\/product_cat?post=40086"},{"taxonomy":"product_tag","embeddable":true,"href":"https:\/\/librairie7l.com\/en\/wp-json\/wp\/v2\/product_tag?post=40086"}],"curies":[{"name":"wp","href":"https:\/\/api.w.org\/{rel}","templated":true}]}}