{"id":40088,"date":"2024-04-03T09:18:41","date_gmt":"2024-04-03T07:18:41","guid":{"rendered":"https:\/\/librairie7l.com\/?post_type=product&#038;p=40088"},"modified":"2026-04-23T16:46:35","modified_gmt":"2026-04-23T14:46:35","slug":"jan-et-joel-martel-sculpteurs-art-deco","status":"publish","type":"product","link":"https:\/\/librairie7l.com\/en\/produit\/jan-et-joel-martel-sculpteurs-art-deco\/","title":{"rendered":"JAN ET JOEL MARTEL, SCULPTEURS ART DECO"},"content":{"rendered":"<p>Durant le printemps 2024, La Piscine s&#8217;associe \u00e0 la Villa Cavrois<br \/>\npour rendre hommage aux sculpteurs Jan et Jo\u00ebl Martel (1896-1966)<br \/>\nqui furent tr\u00e8s proches de l&#8217;architecte Robert Mallet-Stevens et qui<br \/>\nparticip\u00e8rent au chantier de la demeure moderniste \u00e9lev\u00e9e \u00e0 Croix,<br \/>\ndans l&#8217;imm\u00e9diate banlieue de Roubaix, pour un grand patron du textile.<br \/>\nInaugur\u00e9 en 1932, ce palais moderne est contemporain de la piscine de<br \/>\nRoubaix et de l&#8217;installation, \u00e0 Paris, d&#8217;un monument \u00e0 Claude Debussy<br \/>\nauquel travaillaient les jumeaux de la sculpture depuis la disparition<br \/>\ndu compositeur.<br \/>\nAvant de se retrouver \u00e0 Croix, Mallet-Stevens et les fr\u00e8res Martel<br \/>\nont multipli\u00e9 les collaborations pour l&#8217;exposition des arts d\u00e9coratifs<br \/>\nde 1925, pour le pavillon de l&#8217;UAM en 1929, pour la r\u00e9alisation de leur<br \/>\natelier, rue Mallet-Stevens, \u00e0 Paris, pour le casino de Saint-Jean-deLuz et l&#8217;H\u00f4tel de Ville de Boulogne-Billancourt.<br \/>\nV\u00e9ritable \u00ab oeuvre totale \u00bb comme le revendique Mallet-Stevens, la villa<br \/>\nCavrois est con\u00e7ue comme un ch\u00e2teau avec ses proportions imposantes<br \/>\net sa distribution en deux ailes sym\u00e9triques. Le d\u00e9pouillement des<br \/>\nvolumes, l&#8217;absence d&#8217;ornement dans le d\u00e9cor, la multiplication des<br \/>\ntoits terrasses, l&#8217;\u00e9quipement de pointe (chauffage central, t\u00e9l\u00e9phonie,<br \/>\nascenseur&#8230;) et le recours aux mat\u00e9riaux industriels (verre, m\u00e9tal,<br \/>\nacier) en font une demeure \u00e0 la pointe de la modernit\u00e9. Les sculptures<br \/>\ndes fr\u00e8res Martel comme la fameuse Belette, Le chat assis, un<br \/>\nSaint-Christophe protecteur, une mascotte automobile en aluminium,<br \/>\nun Oiseau stylis\u00e9 pour le capot de la voiture, sont autant de cr\u00e9ations<br \/>\nembl\u00e9matiques qui \u00e9pousent parfaitement le chef d&#8217;oeuvre<br \/>\narchitectural de Mallet-Stevens. Ils t\u00e9moignent d&#8217;une parfaite<br \/>\ncommunaut\u00e9 de vue entre l&#8217;architecte et les sculpteurs.<br \/>\nD&#8217;abord pr\u00e9vu pour Saint- Germain-en-Laye, ville natale du musicien,<br \/>\nl&#8217;Hommage \u00e0 Debussy fut finalement install\u00e9 boulevard Lannes,<br \/>\n\u00e0 Paris, pr\u00e8s de l&#8217;atelier des sculpteurs. Des premi\u00e8res id\u00e9es de<br \/>\n1919 jusqu&#8217;\u00e0 l&#8217;aspect d\u00e9finitif de 1932, le monument \u00e9volue d&#8217;une<br \/>\nconstruction d&#8217;esprit tr\u00e8s symboliste vers une expression manifeste<br \/>\ndu classicisme art-d\u00e9co. L&#8217;ensemble des sculptures et dessins relatifs<br \/>\n\u00e0 ce projet raconte ce chemin complexe en \u00e9voquant les al\u00e9as<br \/>\nchaotiques qui sont le fait de nombreuses histoires de monuments de<br \/>\ncette g\u00e9n\u00e9ration.<br \/>\nAbondamment illustr\u00e9, l&#8217;ouvrage explore ainsi les relations f\u00e9condes<br \/>\nentre l&#8217;architecture et le sculpture au travers l&#8217;oeuvre d&#8217;artistes parmi<br \/>\nles plus repr\u00e9sentatifs de la p\u00e9riode Art D\u00e9co<\/p>\n","protected":false},"excerpt":{"rendered":"<p>Durant le printemps 2024, La Piscine s&#8217;associe \u00e0 la Villa Cavrois pour rendre hommage aux sculpteurs Jan et Jo\u00ebl Martel (1896-1966) qui furent tr\u00e8s proches de l&#8217;architecte Robert Mallet-Stevens et qui particip\u00e8rent au chantier de la demeure moderniste \u00e9lev\u00e9e \u00e0 Croix, dans l&#8217;imm\u00e9diate banlieue de Roubaix, pour un grand patron du textile. Inaugur\u00e9 en 1932, [&hellip;]<\/p>\n","protected":false},"featured_media":40165,"template":"","meta":[],"product_cat":[2948,2952],"product_tag":[],"acf":[],"yoast_head":"<!-- This site is optimized with the Yoast SEO plugin v20.11 - https:\/\/yoast.com\/wordpress\/plugins\/seo\/ -->\n<title>Jan et joel martel, sculpteurs art deco - Librairie 7L<\/title>\n<meta name=\"robots\" content=\"index, follow, max-snippet:-1, max-image-preview:large, max-video-preview:-1\" \/>\n<link rel=\"canonical\" href=\"https:\/\/librairie7l.com\/en\/produit\/jan-et-joel-martel-sculpteurs-art-deco\/\" \/>\n<meta property=\"og:locale\" content=\"en_US\" \/>\n<meta property=\"og:type\" content=\"article\" \/>\n<meta property=\"og:title\" content=\"Jan et joel martel, sculpteurs art deco - Librairie 7L\" \/>\n<meta property=\"og:description\" content=\"Durant le printemps 2024, La Piscine s&#8217;associe \u00e0 la Villa Cavrois pour rendre hommage aux sculpteurs Jan et Jo\u00ebl Martel (1896-1966) qui furent tr\u00e8s proches de l&#8217;architecte Robert Mallet-Stevens et qui particip\u00e8rent au chantier de la demeure moderniste \u00e9lev\u00e9e \u00e0 Croix, dans l&#8217;imm\u00e9diate banlieue de Roubaix, pour un grand patron du textile. Inaugur\u00e9 en 1932, [&hellip;]\" \/>\n<meta property=\"og:url\" content=\"https:\/\/librairie7l.com\/en\/produit\/jan-et-joel-martel-sculpteurs-art-deco\/\" \/>\n<meta property=\"og:site_name\" content=\"Librairie 7L\" \/>\n<meta property=\"article:modified_time\" content=\"2026-04-23T14:46:35+00:00\" \/>\n<meta property=\"og:image\" content=\"https:\/\/librairie7l.com\/wp-content\/uploads\/2024\/04\/9782353404001_1_75.jpg\" \/>\n\t<meta property=\"og:image:width\" content=\"414\" \/>\n\t<meta property=\"og:image:height\" content=\"599\" \/>\n\t<meta property=\"og:image:type\" content=\"image\/jpeg\" \/>\n<meta name=\"twitter:card\" content=\"summary_large_image\" \/>\n<meta name=\"twitter:label1\" content=\"Est. reading time\" \/>\n\t<meta name=\"twitter:data1\" content=\"2 minutes\" \/>\n<script type=\"application\/ld+json\" class=\"yoast-schema-graph\">{\"@context\":\"https:\/\/schema.org\",\"@graph\":[{\"@type\":\"WebPage\",\"@id\":\"https:\/\/librairie7l.com\/en\/produit\/jan-et-joel-martel-sculpteurs-art-deco\/\",\"url\":\"https:\/\/librairie7l.com\/en\/produit\/jan-et-joel-martel-sculpteurs-art-deco\/\",\"name\":\"Jan et joel martel, sculpteurs art deco - Librairie 7L\",\"isPartOf\":{\"@id\":\"https:\/\/librairie7l.com\/en\/#website\"},\"datePublished\":\"2024-04-03T07:18:41+00:00\",\"dateModified\":\"2026-04-23T14:46:35+00:00\",\"breadcrumb\":{\"@id\":\"https:\/\/librairie7l.com\/en\/produit\/jan-et-joel-martel-sculpteurs-art-deco\/#breadcrumb\"},\"inLanguage\":\"en-US\",\"potentialAction\":[{\"@type\":\"ReadAction\",\"target\":[\"https:\/\/librairie7l.com\/en\/produit\/jan-et-joel-martel-sculpteurs-art-deco\/\"]}]},{\"@type\":\"BreadcrumbList\",\"@id\":\"https:\/\/librairie7l.com\/en\/produit\/jan-et-joel-martel-sculpteurs-art-deco\/#breadcrumb\",\"itemListElement\":[{\"@type\":\"ListItem\",\"position\":1,\"name\":\"Accueil\",\"item\":\"https:\/\/librairie7l.com\/en\/\"},{\"@type\":\"ListItem\",\"position\":2,\"name\":\"Shop\",\"item\":\"https:\/\/librairie7l.com\/en\/shop\/\"},{\"@type\":\"ListItem\",\"position\":3,\"name\":\"JAN ET JOEL MARTEL, SCULPTEURS ART DECO\"}]},{\"@type\":\"WebSite\",\"@id\":\"https:\/\/librairie7l.com\/en\/#website\",\"url\":\"https:\/\/librairie7l.com\/en\/\",\"name\":\"Librairie 7L\",\"description\":\"Librairie fond\u00e9e en 1999 par Karl Lagerfeld \u00e0 Paris\",\"publisher\":{\"@id\":\"https:\/\/librairie7l.com\/en\/#organization\"},\"potentialAction\":[{\"@type\":\"SearchAction\",\"target\":{\"@type\":\"EntryPoint\",\"urlTemplate\":\"https:\/\/librairie7l.com\/en\/?s={search_term_string}\"},\"query-input\":\"required name=search_term_string\"}],\"inLanguage\":\"en-US\"},{\"@type\":\"Organization\",\"@id\":\"https:\/\/librairie7l.com\/en\/#organization\",\"name\":\"Librairie 7L\",\"url\":\"https:\/\/librairie7l.com\/en\/\",\"logo\":{\"@type\":\"ImageObject\",\"inLanguage\":\"en-US\",\"@id\":\"https:\/\/librairie7l.com\/en\/#\/schema\/logo\/image\/\",\"url\":\"https:\/\/librairie7l.com\/wp-content\/uploads\/2022\/08\/logo-1.png\",\"contentUrl\":\"https:\/\/librairie7l.com\/wp-content\/uploads\/2022\/08\/logo-1.png\",\"width\":227,\"height\":301,\"caption\":\"Librairie 7L\"},\"image\":{\"@id\":\"https:\/\/librairie7l.com\/en\/#\/schema\/logo\/image\/\"}}]}<\/script>\n<!-- \/ Yoast SEO plugin. -->","yoast_head_json":{"title":"Jan et joel martel, sculpteurs art deco - Librairie 7L","robots":{"index":"index","follow":"follow","max-snippet":"max-snippet:-1","max-image-preview":"max-image-preview:large","max-video-preview":"max-video-preview:-1"},"canonical":"https:\/\/librairie7l.com\/en\/produit\/jan-et-joel-martel-sculpteurs-art-deco\/","og_locale":"en_US","og_type":"article","og_title":"Jan et joel martel, sculpteurs art deco - Librairie 7L","og_description":"Durant le printemps 2024, La Piscine s&#8217;associe \u00e0 la Villa Cavrois pour rendre hommage aux sculpteurs Jan et Jo\u00ebl Martel (1896-1966) qui furent tr\u00e8s proches de l&#8217;architecte Robert Mallet-Stevens et qui particip\u00e8rent au chantier de la demeure moderniste \u00e9lev\u00e9e \u00e0 Croix, dans l&#8217;imm\u00e9diate banlieue de Roubaix, pour un grand patron du textile. Inaugur\u00e9 en 1932, [&hellip;]","og_url":"https:\/\/librairie7l.com\/en\/produit\/jan-et-joel-martel-sculpteurs-art-deco\/","og_site_name":"Librairie 7L","article_modified_time":"2026-04-23T14:46:35+00:00","og_image":[{"width":414,"height":599,"url":"https:\/\/librairie7l.com\/wp-content\/uploads\/2024\/04\/9782353404001_1_75.jpg","type":"image\/jpeg"}],"twitter_card":"summary_large_image","twitter_misc":{"Est. reading time":"2 minutes"},"schema":{"@context":"https:\/\/schema.org","@graph":[{"@type":"WebPage","@id":"https:\/\/librairie7l.com\/en\/produit\/jan-et-joel-martel-sculpteurs-art-deco\/","url":"https:\/\/librairie7l.com\/en\/produit\/jan-et-joel-martel-sculpteurs-art-deco\/","name":"Jan et joel martel, sculpteurs art deco - Librairie 7L","isPartOf":{"@id":"https:\/\/librairie7l.com\/en\/#website"},"datePublished":"2024-04-03T07:18:41+00:00","dateModified":"2026-04-23T14:46:35+00:00","breadcrumb":{"@id":"https:\/\/librairie7l.com\/en\/produit\/jan-et-joel-martel-sculpteurs-art-deco\/#breadcrumb"},"inLanguage":"en-US","potentialAction":[{"@type":"ReadAction","target":["https:\/\/librairie7l.com\/en\/produit\/jan-et-joel-martel-sculpteurs-art-deco\/"]}]},{"@type":"BreadcrumbList","@id":"https:\/\/librairie7l.com\/en\/produit\/jan-et-joel-martel-sculpteurs-art-deco\/#breadcrumb","itemListElement":[{"@type":"ListItem","position":1,"name":"Accueil","item":"https:\/\/librairie7l.com\/en\/"},{"@type":"ListItem","position":2,"name":"Shop","item":"https:\/\/librairie7l.com\/en\/shop\/"},{"@type":"ListItem","position":3,"name":"JAN ET JOEL MARTEL, SCULPTEURS ART DECO"}]},{"@type":"WebSite","@id":"https:\/\/librairie7l.com\/en\/#website","url":"https:\/\/librairie7l.com\/en\/","name":"Librairie 7L","description":"Librairie fond\u00e9e en 1999 par Karl Lagerfeld \u00e0 Paris","publisher":{"@id":"https:\/\/librairie7l.com\/en\/#organization"},"potentialAction":[{"@type":"SearchAction","target":{"@type":"EntryPoint","urlTemplate":"https:\/\/librairie7l.com\/en\/?s={search_term_string}"},"query-input":"required name=search_term_string"}],"inLanguage":"en-US"},{"@type":"Organization","@id":"https:\/\/librairie7l.com\/en\/#organization","name":"Librairie 7L","url":"https:\/\/librairie7l.com\/en\/","logo":{"@type":"ImageObject","inLanguage":"en-US","@id":"https:\/\/librairie7l.com\/en\/#\/schema\/logo\/image\/","url":"https:\/\/librairie7l.com\/wp-content\/uploads\/2022\/08\/logo-1.png","contentUrl":"https:\/\/librairie7l.com\/wp-content\/uploads\/2022\/08\/logo-1.png","width":227,"height":301,"caption":"Librairie 7L"},"image":{"@id":"https:\/\/librairie7l.com\/en\/#\/schema\/logo\/image\/"}}]}},"_links":{"self":[{"href":"https:\/\/librairie7l.com\/en\/wp-json\/wp\/v2\/product\/40088"}],"collection":[{"href":"https:\/\/librairie7l.com\/en\/wp-json\/wp\/v2\/product"}],"about":[{"href":"https:\/\/librairie7l.com\/en\/wp-json\/wp\/v2\/types\/product"}],"wp:featuredmedia":[{"embeddable":true,"href":"https:\/\/librairie7l.com\/en\/wp-json\/wp\/v2\/media\/40165"}],"wp:attachment":[{"href":"https:\/\/librairie7l.com\/en\/wp-json\/wp\/v2\/media?parent=40088"}],"wp:term":[{"taxonomy":"product_cat","embeddable":true,"href":"https:\/\/librairie7l.com\/en\/wp-json\/wp\/v2\/product_cat?post=40088"},{"taxonomy":"product_tag","embeddable":true,"href":"https:\/\/librairie7l.com\/en\/wp-json\/wp\/v2\/product_tag?post=40088"}],"curies":[{"name":"wp","href":"https:\/\/api.w.org\/{rel}","templated":true}]}}