{"id":40092,"date":"2024-04-03T09:18:45","date_gmt":"2024-04-03T07:18:45","guid":{"rendered":"https:\/\/librairie7l.com\/?post_type=product&#038;p=40092"},"modified":"2026-04-14T20:16:07","modified_gmt":"2026-04-14T18:16:07","slug":"salome-lippuner-leclat-intemporel-de-la-laque","status":"publish","type":"product","link":"https:\/\/librairie7l.com\/en\/produit\/salome-lippuner-leclat-intemporel-de-la-laque\/","title":{"rendered":"SALOM\u00c9 LIPPUNER, L&#8217;\u00c9CLAT INTEMPOREL DE LA LAQUE"},"content":{"rendered":"<p>Grace \u00e0 l&#8217;\u00e9tonnante aventure de Salom\u00e9 Lippuner, ce livre nous emm\u00e8ne aux sources de la laque Urushi et de ses traditions. Joailli\u00e8re et laqueuse, Salom\u00e9 a su tr\u00e8s jeune qu&#8217;elle allait consacrer sa vie \u00e0 \u00e9taler couche apr\u00e8s couche cette mati\u00e8re myst\u00e9rieuse pour en contempler les multiples facettes. Ses bijoux, colliers de perle laqu\u00e9es, manchons et pendentifs sont le reflet de ses improvisations comme de son savoir-faire.<\/p>\n","protected":false},"excerpt":{"rendered":"<p>Grace \u00e0 l&#8217;\u00e9tonnante aventure de Salom\u00e9 Lippuner, ce livre nous emm\u00e8ne aux sources de la laque Urushi et de ses traditions. Joailli\u00e8re et laqueuse, Salom\u00e9 a su tr\u00e8s jeune qu&#8217;elle allait consacrer sa vie \u00e0 \u00e9taler couche apr\u00e8s couche cette mati\u00e8re myst\u00e9rieuse pour en contempler les multiples facettes. Ses bijoux, colliers de perle laqu\u00e9es, manchons [&hellip;]<\/p>\n","protected":false},"featured_media":40090,"template":"","meta":[],"product_cat":[2948,2952],"product_tag":[],"acf":[],"yoast_head":"<!-- This site is optimized with the Yoast SEO plugin v20.11 - https:\/\/yoast.com\/wordpress\/plugins\/seo\/ -->\n<title>Salom\u00e9 Lippuner, l&#039;\u00e9clat intemporel de la laque - Librairie 7L<\/title>\n<meta name=\"robots\" content=\"index, follow, max-snippet:-1, max-image-preview:large, max-video-preview:-1\" \/>\n<link rel=\"canonical\" href=\"https:\/\/librairie7l.com\/en\/produit\/salome-lippuner-leclat-intemporel-de-la-laque\/\" \/>\n<meta property=\"og:locale\" content=\"en_US\" \/>\n<meta property=\"og:type\" content=\"article\" \/>\n<meta property=\"og:title\" content=\"Salom\u00e9 Lippuner, l&#039;\u00e9clat intemporel de la laque - Librairie 7L\" \/>\n<meta property=\"og:description\" content=\"Grace \u00e0 l&#8217;\u00e9tonnante aventure de Salom\u00e9 Lippuner, ce livre nous emm\u00e8ne aux sources de la laque Urushi et de ses traditions. Joailli\u00e8re et laqueuse, Salom\u00e9 a su tr\u00e8s jeune qu&#8217;elle allait consacrer sa vie \u00e0 \u00e9taler couche apr\u00e8s couche cette mati\u00e8re myst\u00e9rieuse pour en contempler les multiples facettes. Ses bijoux, colliers de perle laqu\u00e9es, manchons [&hellip;]\" \/>\n<meta property=\"og:url\" content=\"https:\/\/librairie7l.com\/en\/produit\/salome-lippuner-leclat-intemporel-de-la-laque\/\" \/>\n<meta property=\"og:site_name\" content=\"Librairie 7L\" \/>\n<meta property=\"article:modified_time\" content=\"2026-04-14T18:16:07+00:00\" \/>\n<meta property=\"og:image\" content=\"https:\/\/librairie7l.com\/wp-content\/uploads\/2024\/01\/9782353403998_1_75.jpg\" \/>\n\t<meta property=\"og:image:width\" content=\"386\" \/>\n\t<meta property=\"og:image:height\" content=\"596\" \/>\n\t<meta property=\"og:image:type\" content=\"image\/jpeg\" \/>\n<meta name=\"twitter:card\" content=\"summary_large_image\" \/>\n<script type=\"application\/ld+json\" class=\"yoast-schema-graph\">{\"@context\":\"https:\/\/schema.org\",\"@graph\":[{\"@type\":\"WebPage\",\"@id\":\"https:\/\/librairie7l.com\/en\/produit\/salome-lippuner-leclat-intemporel-de-la-laque\/\",\"url\":\"https:\/\/librairie7l.com\/en\/produit\/salome-lippuner-leclat-intemporel-de-la-laque\/\",\"name\":\"Salom\u00e9 Lippuner, l'\u00e9clat intemporel de la laque - Librairie 7L\",\"isPartOf\":{\"@id\":\"https:\/\/librairie7l.com\/en\/#website\"},\"datePublished\":\"2024-04-03T07:18:45+00:00\",\"dateModified\":\"2026-04-14T18:16:07+00:00\",\"breadcrumb\":{\"@id\":\"https:\/\/librairie7l.com\/en\/produit\/salome-lippuner-leclat-intemporel-de-la-laque\/#breadcrumb\"},\"inLanguage\":\"en-US\",\"potentialAction\":[{\"@type\":\"ReadAction\",\"target\":[\"https:\/\/librairie7l.com\/en\/produit\/salome-lippuner-leclat-intemporel-de-la-laque\/\"]}]},{\"@type\":\"BreadcrumbList\",\"@id\":\"https:\/\/librairie7l.com\/en\/produit\/salome-lippuner-leclat-intemporel-de-la-laque\/#breadcrumb\",\"itemListElement\":[{\"@type\":\"ListItem\",\"position\":1,\"name\":\"Accueil\",\"item\":\"https:\/\/librairie7l.com\/en\/\"},{\"@type\":\"ListItem\",\"position\":2,\"name\":\"Shop\",\"item\":\"https:\/\/librairie7l.com\/en\/shop\/\"},{\"@type\":\"ListItem\",\"position\":3,\"name\":\"SALOM\u00c9 LIPPUNER, L&#8217;\u00c9CLAT INTEMPOREL DE LA LAQUE\"}]},{\"@type\":\"WebSite\",\"@id\":\"https:\/\/librairie7l.com\/en\/#website\",\"url\":\"https:\/\/librairie7l.com\/en\/\",\"name\":\"Librairie 7L\",\"description\":\"Librairie fond\u00e9e en 1999 par Karl Lagerfeld \u00e0 Paris\",\"publisher\":{\"@id\":\"https:\/\/librairie7l.com\/en\/#organization\"},\"potentialAction\":[{\"@type\":\"SearchAction\",\"target\":{\"@type\":\"EntryPoint\",\"urlTemplate\":\"https:\/\/librairie7l.com\/en\/?s={search_term_string}\"},\"query-input\":\"required name=search_term_string\"}],\"inLanguage\":\"en-US\"},{\"@type\":\"Organization\",\"@id\":\"https:\/\/librairie7l.com\/en\/#organization\",\"name\":\"Librairie 7L\",\"url\":\"https:\/\/librairie7l.com\/en\/\",\"logo\":{\"@type\":\"ImageObject\",\"inLanguage\":\"en-US\",\"@id\":\"https:\/\/librairie7l.com\/en\/#\/schema\/logo\/image\/\",\"url\":\"https:\/\/librairie7l.com\/wp-content\/uploads\/2022\/08\/logo-1.png\",\"contentUrl\":\"https:\/\/librairie7l.com\/wp-content\/uploads\/2022\/08\/logo-1.png\",\"width\":227,\"height\":301,\"caption\":\"Librairie 7L\"},\"image\":{\"@id\":\"https:\/\/librairie7l.com\/en\/#\/schema\/logo\/image\/\"}}]}<\/script>\n<!-- \/ Yoast SEO plugin. -->","yoast_head_json":{"title":"Salom\u00e9 Lippuner, l'\u00e9clat intemporel de la laque - Librairie 7L","robots":{"index":"index","follow":"follow","max-snippet":"max-snippet:-1","max-image-preview":"max-image-preview:large","max-video-preview":"max-video-preview:-1"},"canonical":"https:\/\/librairie7l.com\/en\/produit\/salome-lippuner-leclat-intemporel-de-la-laque\/","og_locale":"en_US","og_type":"article","og_title":"Salom\u00e9 Lippuner, l'\u00e9clat intemporel de la laque - Librairie 7L","og_description":"Grace \u00e0 l&#8217;\u00e9tonnante aventure de Salom\u00e9 Lippuner, ce livre nous emm\u00e8ne aux sources de la laque Urushi et de ses traditions. Joailli\u00e8re et laqueuse, Salom\u00e9 a su tr\u00e8s jeune qu&#8217;elle allait consacrer sa vie \u00e0 \u00e9taler couche apr\u00e8s couche cette mati\u00e8re myst\u00e9rieuse pour en contempler les multiples facettes. Ses bijoux, colliers de perle laqu\u00e9es, manchons [&hellip;]","og_url":"https:\/\/librairie7l.com\/en\/produit\/salome-lippuner-leclat-intemporel-de-la-laque\/","og_site_name":"Librairie 7L","article_modified_time":"2026-04-14T18:16:07+00:00","og_image":[{"width":386,"height":596,"url":"https:\/\/librairie7l.com\/wp-content\/uploads\/2024\/01\/9782353403998_1_75.jpg","type":"image\/jpeg"}],"twitter_card":"summary_large_image","schema":{"@context":"https:\/\/schema.org","@graph":[{"@type":"WebPage","@id":"https:\/\/librairie7l.com\/en\/produit\/salome-lippuner-leclat-intemporel-de-la-laque\/","url":"https:\/\/librairie7l.com\/en\/produit\/salome-lippuner-leclat-intemporel-de-la-laque\/","name":"Salom\u00e9 Lippuner, l'\u00e9clat intemporel de la laque - Librairie 7L","isPartOf":{"@id":"https:\/\/librairie7l.com\/en\/#website"},"datePublished":"2024-04-03T07:18:45+00:00","dateModified":"2026-04-14T18:16:07+00:00","breadcrumb":{"@id":"https:\/\/librairie7l.com\/en\/produit\/salome-lippuner-leclat-intemporel-de-la-laque\/#breadcrumb"},"inLanguage":"en-US","potentialAction":[{"@type":"ReadAction","target":["https:\/\/librairie7l.com\/en\/produit\/salome-lippuner-leclat-intemporel-de-la-laque\/"]}]},{"@type":"BreadcrumbList","@id":"https:\/\/librairie7l.com\/en\/produit\/salome-lippuner-leclat-intemporel-de-la-laque\/#breadcrumb","itemListElement":[{"@type":"ListItem","position":1,"name":"Accueil","item":"https:\/\/librairie7l.com\/en\/"},{"@type":"ListItem","position":2,"name":"Shop","item":"https:\/\/librairie7l.com\/en\/shop\/"},{"@type":"ListItem","position":3,"name":"SALOM\u00c9 LIPPUNER, L&#8217;\u00c9CLAT INTEMPOREL DE LA LAQUE"}]},{"@type":"WebSite","@id":"https:\/\/librairie7l.com\/en\/#website","url":"https:\/\/librairie7l.com\/en\/","name":"Librairie 7L","description":"Librairie fond\u00e9e en 1999 par Karl Lagerfeld \u00e0 Paris","publisher":{"@id":"https:\/\/librairie7l.com\/en\/#organization"},"potentialAction":[{"@type":"SearchAction","target":{"@type":"EntryPoint","urlTemplate":"https:\/\/librairie7l.com\/en\/?s={search_term_string}"},"query-input":"required name=search_term_string"}],"inLanguage":"en-US"},{"@type":"Organization","@id":"https:\/\/librairie7l.com\/en\/#organization","name":"Librairie 7L","url":"https:\/\/librairie7l.com\/en\/","logo":{"@type":"ImageObject","inLanguage":"en-US","@id":"https:\/\/librairie7l.com\/en\/#\/schema\/logo\/image\/","url":"https:\/\/librairie7l.com\/wp-content\/uploads\/2022\/08\/logo-1.png","contentUrl":"https:\/\/librairie7l.com\/wp-content\/uploads\/2022\/08\/logo-1.png","width":227,"height":301,"caption":"Librairie 7L"},"image":{"@id":"https:\/\/librairie7l.com\/en\/#\/schema\/logo\/image\/"}}]}},"_links":{"self":[{"href":"https:\/\/librairie7l.com\/en\/wp-json\/wp\/v2\/product\/40092"}],"collection":[{"href":"https:\/\/librairie7l.com\/en\/wp-json\/wp\/v2\/product"}],"about":[{"href":"https:\/\/librairie7l.com\/en\/wp-json\/wp\/v2\/types\/product"}],"wp:featuredmedia":[{"embeddable":true,"href":"https:\/\/librairie7l.com\/en\/wp-json\/wp\/v2\/media\/40090"}],"wp:attachment":[{"href":"https:\/\/librairie7l.com\/en\/wp-json\/wp\/v2\/media?parent=40092"}],"wp:term":[{"taxonomy":"product_cat","embeddable":true,"href":"https:\/\/librairie7l.com\/en\/wp-json\/wp\/v2\/product_cat?post=40092"},{"taxonomy":"product_tag","embeddable":true,"href":"https:\/\/librairie7l.com\/en\/wp-json\/wp\/v2\/product_tag?post=40092"}],"curies":[{"name":"wp","href":"https:\/\/api.w.org\/{rel}","templated":true}]}}