{"id":40096,"date":"2024-04-03T09:18:48","date_gmt":"2024-04-03T07:18:48","guid":{"rendered":"https:\/\/librairie7l.com\/?post_type=product&#038;p=40096"},"modified":"2026-04-30T15:17:37","modified_gmt":"2026-04-30T13:17:37","slug":"etel-adnan-erquy","status":"publish","type":"product","link":"https:\/\/librairie7l.com\/en\/produit\/etel-adnan-erquy\/","title":{"rendered":"ETEL ADNAN : ERQUY"},"content":{"rendered":"<p>Au cours du dernier \u00e9t\u00e9 qu&#8217;elle a pass\u00e9 \u00e0 Erquy, Etel Adnan a cr\u00e9\u00e9 un ensemble de peintures et de<br \/>\nleporellos n\u00e9s de ce qu&#8217;elle voyait de sa fen\u00eatre : l&#8217;activit\u00e9 de la baie, le vol des oiseaux. Cet oeuvre ultime,<br \/>\n\u00e0 la fois joyeux et poignant, est ici pr\u00e9sent\u00e9 pour la premi\u00e8re fois.<\/p>\n","protected":false},"excerpt":{"rendered":"<p>Au cours du dernier \u00e9t\u00e9 qu&#8217;elle a pass\u00e9 \u00e0 Erquy, Etel Adnan a cr\u00e9\u00e9 un ensemble de peintures et de leporellos n\u00e9s de ce qu&#8217;elle voyait de sa fen\u00eatre : l&#8217;activit\u00e9 de la baie, le vol des oiseaux. Cet oeuvre ultime, \u00e0 la fois joyeux et poignant, est ici pr\u00e9sent\u00e9 pour la premi\u00e8re fois.<\/p>\n","protected":false},"featured_media":40094,"template":"","meta":[],"product_cat":[2948,2953],"product_tag":[],"acf":[],"yoast_head":"<!-- This site is optimized with the Yoast SEO plugin v20.11 - https:\/\/yoast.com\/wordpress\/plugins\/seo\/ -->\n<title>Etel Adnan : Erquy - Librairie 7L<\/title>\n<meta name=\"robots\" content=\"index, follow, max-snippet:-1, max-image-preview:large, max-video-preview:-1\" \/>\n<link rel=\"canonical\" href=\"https:\/\/librairie7l.com\/en\/produit\/etel-adnan-erquy\/\" \/>\n<meta property=\"og:locale\" content=\"en_US\" \/>\n<meta property=\"og:type\" content=\"article\" \/>\n<meta property=\"og:title\" content=\"Etel Adnan : Erquy - Librairie 7L\" \/>\n<meta property=\"og:description\" content=\"Au cours du dernier \u00e9t\u00e9 qu&#8217;elle a pass\u00e9 \u00e0 Erquy, Etel Adnan a cr\u00e9\u00e9 un ensemble de peintures et de leporellos n\u00e9s de ce qu&#8217;elle voyait de sa fen\u00eatre : l&#8217;activit\u00e9 de la baie, le vol des oiseaux. Cet oeuvre ultime, \u00e0 la fois joyeux et poignant, est ici pr\u00e9sent\u00e9 pour la premi\u00e8re fois.\" \/>\n<meta property=\"og:url\" content=\"https:\/\/librairie7l.com\/en\/produit\/etel-adnan-erquy\/\" \/>\n<meta property=\"og:site_name\" content=\"Librairie 7L\" \/>\n<meta property=\"article:modified_time\" content=\"2026-04-30T13:17:37+00:00\" \/>\n<meta property=\"og:image\" content=\"https:\/\/librairie7l.com\/wp-content\/uploads\/2024\/01\/9782868821638_1_75.jpg\" \/>\n\t<meta property=\"og:image:width\" content=\"600\" \/>\n\t<meta property=\"og:image:height\" content=\"772\" \/>\n\t<meta property=\"og:image:type\" content=\"image\/jpeg\" \/>\n<meta name=\"twitter:card\" content=\"summary_large_image\" \/>\n<script type=\"application\/ld+json\" class=\"yoast-schema-graph\">{\"@context\":\"https:\/\/schema.org\",\"@graph\":[{\"@type\":\"WebPage\",\"@id\":\"https:\/\/librairie7l.com\/en\/produit\/etel-adnan-erquy\/\",\"url\":\"https:\/\/librairie7l.com\/en\/produit\/etel-adnan-erquy\/\",\"name\":\"Etel Adnan : Erquy - Librairie 7L\",\"isPartOf\":{\"@id\":\"https:\/\/librairie7l.com\/en\/#website\"},\"datePublished\":\"2024-04-03T07:18:48+00:00\",\"dateModified\":\"2026-04-30T13:17:37+00:00\",\"breadcrumb\":{\"@id\":\"https:\/\/librairie7l.com\/en\/produit\/etel-adnan-erquy\/#breadcrumb\"},\"inLanguage\":\"en-US\",\"potentialAction\":[{\"@type\":\"ReadAction\",\"target\":[\"https:\/\/librairie7l.com\/en\/produit\/etel-adnan-erquy\/\"]}]},{\"@type\":\"BreadcrumbList\",\"@id\":\"https:\/\/librairie7l.com\/en\/produit\/etel-adnan-erquy\/#breadcrumb\",\"itemListElement\":[{\"@type\":\"ListItem\",\"position\":1,\"name\":\"Accueil\",\"item\":\"https:\/\/librairie7l.com\/en\/\"},{\"@type\":\"ListItem\",\"position\":2,\"name\":\"Shop\",\"item\":\"https:\/\/librairie7l.com\/en\/shop\/\"},{\"@type\":\"ListItem\",\"position\":3,\"name\":\"ETEL ADNAN : ERQUY\"}]},{\"@type\":\"WebSite\",\"@id\":\"https:\/\/librairie7l.com\/en\/#website\",\"url\":\"https:\/\/librairie7l.com\/en\/\",\"name\":\"Librairie 7L\",\"description\":\"Librairie fond\u00e9e en 1999 par Karl Lagerfeld \u00e0 Paris\",\"publisher\":{\"@id\":\"https:\/\/librairie7l.com\/en\/#organization\"},\"potentialAction\":[{\"@type\":\"SearchAction\",\"target\":{\"@type\":\"EntryPoint\",\"urlTemplate\":\"https:\/\/librairie7l.com\/en\/?s={search_term_string}\"},\"query-input\":\"required name=search_term_string\"}],\"inLanguage\":\"en-US\"},{\"@type\":\"Organization\",\"@id\":\"https:\/\/librairie7l.com\/en\/#organization\",\"name\":\"Librairie 7L\",\"url\":\"https:\/\/librairie7l.com\/en\/\",\"logo\":{\"@type\":\"ImageObject\",\"inLanguage\":\"en-US\",\"@id\":\"https:\/\/librairie7l.com\/en\/#\/schema\/logo\/image\/\",\"url\":\"https:\/\/librairie7l.com\/wp-content\/uploads\/2022\/08\/logo-1.png\",\"contentUrl\":\"https:\/\/librairie7l.com\/wp-content\/uploads\/2022\/08\/logo-1.png\",\"width\":227,\"height\":301,\"caption\":\"Librairie 7L\"},\"image\":{\"@id\":\"https:\/\/librairie7l.com\/en\/#\/schema\/logo\/image\/\"}}]}<\/script>\n<!-- \/ Yoast SEO plugin. -->","yoast_head_json":{"title":"Etel Adnan : Erquy - Librairie 7L","robots":{"index":"index","follow":"follow","max-snippet":"max-snippet:-1","max-image-preview":"max-image-preview:large","max-video-preview":"max-video-preview:-1"},"canonical":"https:\/\/librairie7l.com\/en\/produit\/etel-adnan-erquy\/","og_locale":"en_US","og_type":"article","og_title":"Etel Adnan : Erquy - Librairie 7L","og_description":"Au cours du dernier \u00e9t\u00e9 qu&#8217;elle a pass\u00e9 \u00e0 Erquy, Etel Adnan a cr\u00e9\u00e9 un ensemble de peintures et de leporellos n\u00e9s de ce qu&#8217;elle voyait de sa fen\u00eatre : l&#8217;activit\u00e9 de la baie, le vol des oiseaux. Cet oeuvre ultime, \u00e0 la fois joyeux et poignant, est ici pr\u00e9sent\u00e9 pour la premi\u00e8re fois.","og_url":"https:\/\/librairie7l.com\/en\/produit\/etel-adnan-erquy\/","og_site_name":"Librairie 7L","article_modified_time":"2026-04-30T13:17:37+00:00","og_image":[{"width":600,"height":772,"url":"https:\/\/librairie7l.com\/wp-content\/uploads\/2024\/01\/9782868821638_1_75.jpg","type":"image\/jpeg"}],"twitter_card":"summary_large_image","schema":{"@context":"https:\/\/schema.org","@graph":[{"@type":"WebPage","@id":"https:\/\/librairie7l.com\/en\/produit\/etel-adnan-erquy\/","url":"https:\/\/librairie7l.com\/en\/produit\/etel-adnan-erquy\/","name":"Etel Adnan : Erquy - Librairie 7L","isPartOf":{"@id":"https:\/\/librairie7l.com\/en\/#website"},"datePublished":"2024-04-03T07:18:48+00:00","dateModified":"2026-04-30T13:17:37+00:00","breadcrumb":{"@id":"https:\/\/librairie7l.com\/en\/produit\/etel-adnan-erquy\/#breadcrumb"},"inLanguage":"en-US","potentialAction":[{"@type":"ReadAction","target":["https:\/\/librairie7l.com\/en\/produit\/etel-adnan-erquy\/"]}]},{"@type":"BreadcrumbList","@id":"https:\/\/librairie7l.com\/en\/produit\/etel-adnan-erquy\/#breadcrumb","itemListElement":[{"@type":"ListItem","position":1,"name":"Accueil","item":"https:\/\/librairie7l.com\/en\/"},{"@type":"ListItem","position":2,"name":"Shop","item":"https:\/\/librairie7l.com\/en\/shop\/"},{"@type":"ListItem","position":3,"name":"ETEL ADNAN : ERQUY"}]},{"@type":"WebSite","@id":"https:\/\/librairie7l.com\/en\/#website","url":"https:\/\/librairie7l.com\/en\/","name":"Librairie 7L","description":"Librairie fond\u00e9e en 1999 par Karl Lagerfeld \u00e0 Paris","publisher":{"@id":"https:\/\/librairie7l.com\/en\/#organization"},"potentialAction":[{"@type":"SearchAction","target":{"@type":"EntryPoint","urlTemplate":"https:\/\/librairie7l.com\/en\/?s={search_term_string}"},"query-input":"required name=search_term_string"}],"inLanguage":"en-US"},{"@type":"Organization","@id":"https:\/\/librairie7l.com\/en\/#organization","name":"Librairie 7L","url":"https:\/\/librairie7l.com\/en\/","logo":{"@type":"ImageObject","inLanguage":"en-US","@id":"https:\/\/librairie7l.com\/en\/#\/schema\/logo\/image\/","url":"https:\/\/librairie7l.com\/wp-content\/uploads\/2022\/08\/logo-1.png","contentUrl":"https:\/\/librairie7l.com\/wp-content\/uploads\/2022\/08\/logo-1.png","width":227,"height":301,"caption":"Librairie 7L"},"image":{"@id":"https:\/\/librairie7l.com\/en\/#\/schema\/logo\/image\/"}}]}},"_links":{"self":[{"href":"https:\/\/librairie7l.com\/en\/wp-json\/wp\/v2\/product\/40096"}],"collection":[{"href":"https:\/\/librairie7l.com\/en\/wp-json\/wp\/v2\/product"}],"about":[{"href":"https:\/\/librairie7l.com\/en\/wp-json\/wp\/v2\/types\/product"}],"wp:featuredmedia":[{"embeddable":true,"href":"https:\/\/librairie7l.com\/en\/wp-json\/wp\/v2\/media\/40094"}],"wp:attachment":[{"href":"https:\/\/librairie7l.com\/en\/wp-json\/wp\/v2\/media?parent=40096"}],"wp:term":[{"taxonomy":"product_cat","embeddable":true,"href":"https:\/\/librairie7l.com\/en\/wp-json\/wp\/v2\/product_cat?post=40096"},{"taxonomy":"product_tag","embeddable":true,"href":"https:\/\/librairie7l.com\/en\/wp-json\/wp\/v2\/product_tag?post=40096"}],"curies":[{"name":"wp","href":"https:\/\/api.w.org\/{rel}","templated":true}]}}