{"id":40098,"date":"2024-04-03T09:18:51","date_gmt":"2024-04-03T07:18:51","guid":{"rendered":"https:\/\/librairie7l.com\/?post_type=product&#038;p=40098"},"modified":"2026-04-12T02:07:00","modified_gmt":"2026-04-12T00:07:00","slug":"lart-cest-la-verite-absolue","status":"publish","type":"product","link":"https:\/\/librairie7l.com\/en\/produit\/lart-cest-la-verite-absolue\/","title":{"rendered":"L&#8217;ART, C&#8217;EST LA VERITE ABSOLUE"},"content":{"rendered":"<p>Les propos, aphorismes, et phrases \u00e9parses du sculpteur Constantin Brancusi se trouvent pour la premi\u00e8re fois rassembl\u00e9s dans ce volume. Qui est, de ce fait, d&#8217;une importance essentielle pour la recherche en histoire de l&#8217;art, mais aussi pour quiconque souhaite approfondir la connaissance de cette oeuvre qui fut \u00e0 la pointe du modernisme, dans la premi\u00e8re moiti\u00e9 du XXe si\u00e8cle. Le sculpteur roumain naturalis\u00e9 fran\u00e7ais n&#8217;a cess\u00e9 d&#8217;\u00e9crire, dans sa langue maternelle mais aussi en fran\u00e7ais, d&#8217;une plume concise et vibrante?: sur des pages de carnets, des bouts d&#8217;enveloppes, des papiers volants. Ce sont ces notes d&#8217;atelier que nous donne \u00e0 lire l&#8217;\u00e9dition \u00e9rudite de Do\u00efna Lemny, historienne de l&#8217;art et conservatrice au Centre Georges Pompidou. Cela s&#8217;inscrit dans le sillage d&#8217;une recherche et d&#8217;une passion de longue date, dont t\u00e9moignent plusieurs ouvrages : entre autres, avec Marielle Tabart, Brancusi, L&#8217;Atelier &#8211; la collection, Paris, aux \u00e9ditions du Centre Pompidou en 1997, et La Dation Brancusi &#8211; Dessins et archives, aux m\u00eames \u00e9ditions, en 2003. Si divers \u00ab?propos?\u00bb de Constantin Brancusi avaient \u00e9t\u00e9 publi\u00e9s de son vivant, notamment dans les catalogues des deux expositions que Marcel Duchamp organisa pour son ami \u00e0 la Brummer Gallery de New York en 1926 et en 1933, ses \u00e9crits se trouvent ici rassembl\u00e9s pour la premi\u00e8re fois de mani\u00e8re rigoureuse, et exhaustive, autant qu&#8217;il est possible de l&#8217;\u00eatre. Apr\u00e8s avoir parcouru les archives conserv\u00e9es dans le Fonds Brancusi \u00e0 la Biblioth\u00e8que Kandinsky du Centre Georges Pompidou, Do\u00efna Lemny a pris la d\u00e9cision de les reclasser selon leur contenu?: \u00e9crits autobiographiques, aphorismes, \u00e9crits sur l&#8217;art, r\u00e9flexions sur la vie, historiettes, \u00e9crits divers, dont un sc\u00e9nario de film, \u00e9crits en roumain&#8230; C&#8217;est ce classement qui dicte les noms des diff\u00e9rents chapitres de ce livre, dont certains reprennent des formules de l&#8217;artiste lui-m\u00eame?: \u00ab?Aphorismes?\u00bb, \u00ab?Essais d&#8217;autobiographie?\u00bb, \u00ab?\u00c9crits sur l&#8217;art?\u00bb, \u00ab?\u00c9crits sur la vie?\u00bb, \u00ab?\u00c9crits divers?\u00bb, \u00ab?Essais litt\u00e9raires?\u00bb. Ainsi les \u00c9crits sur l&#8217;art de Constantin Brancusi seront-ils une excellente initiation \u00e0 son univers esth\u00e9tique, \u00e9thique, voire \u00e9sot\u00e9rique, alors qu&#8217;une grande exposition lui sera consacr\u00e9e au Centre Georges Pompidou au printemps 2024. Sa langue maternelle \u00e9tant le roumain, Constantin Brancusi n&#8217;avait certes pas la m\u00eame aisance \u00e0 manier le fran\u00e7ais que ses amis fran\u00e7ais Marcel Duchamp ou Henri-Pierre Roch\u00e9, et cette \u00e9dition est d&#8217;ailleurs fid\u00e8le \u00e0 ses maladresses et \u00e0 ses ratures, qui participent de la dimension incisive et sauvage de sa pens\u00e9e. Mais il s&#8217;\u00e9tait constitu\u00e9 un univers philosophique coh\u00e9rent et fascinant, fond\u00e9 sur son exp\u00e9rience singuli\u00e8re de la vie et de la cr\u00e9ation. Comme le note Do\u00efna Lemny dans son \u00e9clairante introduction, \u00ab?tous ceux qui ont rencontr\u00e9 Brancusi t\u00e9moignent de leur admiration pour ses r\u00e9flexions, parfois r\u00e9sum\u00e9es sous forme d&#8217;aphorismes, sur la vie, sur l&#8217;art, sur la cr\u00e9ation, qu&#8217;il \u00e9non\u00e7ait et qui prenaient une charge \u00e9motionnelle lorsqu&#8217;elles r\u00e9sonnaient dans l&#8217;ambiance myst\u00e9rieuse de son atelier.?\u00bb Ces notes d&#8217;atelier t\u00e9moignent aussi bien de consid\u00e9rations morales que de consid\u00e9rations esth\u00e9tiques, notamment \u00e0 propos de la forme des pyramides \u00e9gyptiennes, dont l&#8217;enseignement \u00e9tait pour lui in\u00e9puisable?: \u00ab?Dans mon monde, il n&#8217;y a plus de lutte pour un place plus haute &#8211; la pyramide est d\u00e9molie, et le champ est infini. Ici chacun est avec ce qu&#8217;il est venu : \u00e0 sa place, il n&#8217;est ni plus grand, ni plus petit ; il n&#8217;a ni plus de m\u00e9rite, ni plus de d\u00e9faut, il est ce qu&#8217;il est, ce n&#8217;est pas lui qui s&#8217;est fait.?\u00bb Qui plus est, ces notes t\u00e9moignent non seulement d&#8217;une exigeante qu\u00eate personnelle, mais aussi de l&#8217;atmosph\u00e8re artistique parisienne qui a vu na\u00eetre le courant moderniste. L&#8217;atelier de Constantin Brancusi \u00e9tait un lieu de rencontre, dans les ann\u00e9es 1920, pour Marcel Duchamp, Francis Picabia, Tristan Tzara, Erik Satie, \u00ab?qui improvisaient l\u00e0 de vrais d\u00e9bats sur l&#8217;art, la vie culturelle, la musique, Dada?\u00bb, comme le rappelle Do\u00efna Lemny. La plupart ont laiss\u00e9 des notes rapportant les propos du sculpteur, qui furent publi\u00e9es plus tard, dans des magazines de l&#8217;\u00e9poque ou des livres de souvenirs. C&#8217;est pourquoi \u00e0 cette pr\u00e9sente \u00e9dition des \u00e9crits de l&#8217;artiste s&#8217;ajoutent quelques textes historiques importants, publi\u00e9s de son vivant par des amis, \u00e9crivains, artistes et journalistes, qui l&#8217;ont bien connu, qui ont pu s&#8217;entretenir avec lui, et qui d\u00e9j\u00e0 s&#8217;\u00e9taient fait les passeurs de sa parole?: Paul Morand, Roger Vitrac, Dorothy Dudley, Ir\u00e8ne Codr\u00e9ano, Marcel Mihalovici, Beatrice Wood.<\/p>\n","protected":false},"excerpt":{"rendered":"<p>Les propos, aphorismes, et phrases \u00e9parses du sculpteur Constantin Brancusi se trouvent pour la premi\u00e8re fois rassembl\u00e9s dans ce volume. Qui est, de ce fait, d&#8217;une importance essentielle pour la recherche en histoire de l&#8217;art, mais aussi pour quiconque souhaite approfondir la connaissance de cette oeuvre qui fut \u00e0 la pointe du modernisme, dans la [&hellip;]<\/p>\n","protected":false},"featured_media":40171,"template":"","meta":[],"product_cat":[2948,2953],"product_tag":[],"acf":[],"yoast_head":"<!-- This site is optimized with the Yoast SEO plugin v20.11 - https:\/\/yoast.com\/wordpress\/plugins\/seo\/ -->\n<title>L&#039;art, c&#039;est la verite absolue - Librairie 7L<\/title>\n<meta name=\"robots\" content=\"index, follow, max-snippet:-1, max-image-preview:large, max-video-preview:-1\" \/>\n<link rel=\"canonical\" href=\"https:\/\/librairie7l.com\/en\/produit\/lart-cest-la-verite-absolue\/\" \/>\n<meta property=\"og:locale\" content=\"en_US\" \/>\n<meta property=\"og:type\" content=\"article\" \/>\n<meta property=\"og:title\" content=\"L&#039;art, c&#039;est la verite absolue - Librairie 7L\" \/>\n<meta property=\"og:description\" content=\"Les propos, aphorismes, et phrases \u00e9parses du sculpteur Constantin Brancusi se trouvent pour la premi\u00e8re fois rassembl\u00e9s dans ce volume. Qui est, de ce fait, d&#8217;une importance essentielle pour la recherche en histoire de l&#8217;art, mais aussi pour quiconque souhaite approfondir la connaissance de cette oeuvre qui fut \u00e0 la pointe du modernisme, dans la [&hellip;]\" \/>\n<meta property=\"og:url\" content=\"https:\/\/librairie7l.com\/en\/produit\/lart-cest-la-verite-absolue\/\" \/>\n<meta property=\"og:site_name\" content=\"Librairie 7L\" \/>\n<meta property=\"article:modified_time\" content=\"2026-04-12T00:07:00+00:00\" \/>\n<meta name=\"twitter:card\" content=\"summary_large_image\" \/>\n<meta name=\"twitter:label1\" content=\"Est. reading time\" \/>\n\t<meta name=\"twitter:data1\" content=\"4 minutes\" \/>\n<script type=\"application\/ld+json\" class=\"yoast-schema-graph\">{\"@context\":\"https:\/\/schema.org\",\"@graph\":[{\"@type\":\"WebPage\",\"@id\":\"https:\/\/librairie7l.com\/en\/produit\/lart-cest-la-verite-absolue\/\",\"url\":\"https:\/\/librairie7l.com\/en\/produit\/lart-cest-la-verite-absolue\/\",\"name\":\"L'art, c'est la verite absolue - Librairie 7L\",\"isPartOf\":{\"@id\":\"https:\/\/librairie7l.com\/en\/#website\"},\"datePublished\":\"2024-04-03T07:18:51+00:00\",\"dateModified\":\"2026-04-12T00:07:00+00:00\",\"breadcrumb\":{\"@id\":\"https:\/\/librairie7l.com\/en\/produit\/lart-cest-la-verite-absolue\/#breadcrumb\"},\"inLanguage\":\"en-US\",\"potentialAction\":[{\"@type\":\"ReadAction\",\"target\":[\"https:\/\/librairie7l.com\/en\/produit\/lart-cest-la-verite-absolue\/\"]}]},{\"@type\":\"BreadcrumbList\",\"@id\":\"https:\/\/librairie7l.com\/en\/produit\/lart-cest-la-verite-absolue\/#breadcrumb\",\"itemListElement\":[{\"@type\":\"ListItem\",\"position\":1,\"name\":\"Accueil\",\"item\":\"https:\/\/librairie7l.com\/en\/\"},{\"@type\":\"ListItem\",\"position\":2,\"name\":\"Shop\",\"item\":\"https:\/\/librairie7l.com\/en\/shop\/\"},{\"@type\":\"ListItem\",\"position\":3,\"name\":\"L&#8217;ART, C&#8217;EST LA VERITE ABSOLUE\"}]},{\"@type\":\"WebSite\",\"@id\":\"https:\/\/librairie7l.com\/en\/#website\",\"url\":\"https:\/\/librairie7l.com\/en\/\",\"name\":\"Librairie 7L\",\"description\":\"Librairie fond\u00e9e en 1999 par Karl Lagerfeld \u00e0 Paris\",\"publisher\":{\"@id\":\"https:\/\/librairie7l.com\/en\/#organization\"},\"potentialAction\":[{\"@type\":\"SearchAction\",\"target\":{\"@type\":\"EntryPoint\",\"urlTemplate\":\"https:\/\/librairie7l.com\/en\/?s={search_term_string}\"},\"query-input\":\"required name=search_term_string\"}],\"inLanguage\":\"en-US\"},{\"@type\":\"Organization\",\"@id\":\"https:\/\/librairie7l.com\/en\/#organization\",\"name\":\"Librairie 7L\",\"url\":\"https:\/\/librairie7l.com\/en\/\",\"logo\":{\"@type\":\"ImageObject\",\"inLanguage\":\"en-US\",\"@id\":\"https:\/\/librairie7l.com\/en\/#\/schema\/logo\/image\/\",\"url\":\"https:\/\/librairie7l.com\/wp-content\/uploads\/2022\/08\/logo-1.png\",\"contentUrl\":\"https:\/\/librairie7l.com\/wp-content\/uploads\/2022\/08\/logo-1.png\",\"width\":227,\"height\":301,\"caption\":\"Librairie 7L\"},\"image\":{\"@id\":\"https:\/\/librairie7l.com\/en\/#\/schema\/logo\/image\/\"}}]}<\/script>\n<!-- \/ Yoast SEO plugin. -->","yoast_head_json":{"title":"L'art, c'est la verite absolue - Librairie 7L","robots":{"index":"index","follow":"follow","max-snippet":"max-snippet:-1","max-image-preview":"max-image-preview:large","max-video-preview":"max-video-preview:-1"},"canonical":"https:\/\/librairie7l.com\/en\/produit\/lart-cest-la-verite-absolue\/","og_locale":"en_US","og_type":"article","og_title":"L'art, c'est la verite absolue - Librairie 7L","og_description":"Les propos, aphorismes, et phrases \u00e9parses du sculpteur Constantin Brancusi se trouvent pour la premi\u00e8re fois rassembl\u00e9s dans ce volume. Qui est, de ce fait, d&#8217;une importance essentielle pour la recherche en histoire de l&#8217;art, mais aussi pour quiconque souhaite approfondir la connaissance de cette oeuvre qui fut \u00e0 la pointe du modernisme, dans la [&hellip;]","og_url":"https:\/\/librairie7l.com\/en\/produit\/lart-cest-la-verite-absolue\/","og_site_name":"Librairie 7L","article_modified_time":"2026-04-12T00:07:00+00:00","twitter_card":"summary_large_image","twitter_misc":{"Est. reading time":"4 minutes"},"schema":{"@context":"https:\/\/schema.org","@graph":[{"@type":"WebPage","@id":"https:\/\/librairie7l.com\/en\/produit\/lart-cest-la-verite-absolue\/","url":"https:\/\/librairie7l.com\/en\/produit\/lart-cest-la-verite-absolue\/","name":"L'art, c'est la verite absolue - Librairie 7L","isPartOf":{"@id":"https:\/\/librairie7l.com\/en\/#website"},"datePublished":"2024-04-03T07:18:51+00:00","dateModified":"2026-04-12T00:07:00+00:00","breadcrumb":{"@id":"https:\/\/librairie7l.com\/en\/produit\/lart-cest-la-verite-absolue\/#breadcrumb"},"inLanguage":"en-US","potentialAction":[{"@type":"ReadAction","target":["https:\/\/librairie7l.com\/en\/produit\/lart-cest-la-verite-absolue\/"]}]},{"@type":"BreadcrumbList","@id":"https:\/\/librairie7l.com\/en\/produit\/lart-cest-la-verite-absolue\/#breadcrumb","itemListElement":[{"@type":"ListItem","position":1,"name":"Accueil","item":"https:\/\/librairie7l.com\/en\/"},{"@type":"ListItem","position":2,"name":"Shop","item":"https:\/\/librairie7l.com\/en\/shop\/"},{"@type":"ListItem","position":3,"name":"L&#8217;ART, C&#8217;EST LA VERITE ABSOLUE"}]},{"@type":"WebSite","@id":"https:\/\/librairie7l.com\/en\/#website","url":"https:\/\/librairie7l.com\/en\/","name":"Librairie 7L","description":"Librairie fond\u00e9e en 1999 par Karl Lagerfeld \u00e0 Paris","publisher":{"@id":"https:\/\/librairie7l.com\/en\/#organization"},"potentialAction":[{"@type":"SearchAction","target":{"@type":"EntryPoint","urlTemplate":"https:\/\/librairie7l.com\/en\/?s={search_term_string}"},"query-input":"required name=search_term_string"}],"inLanguage":"en-US"},{"@type":"Organization","@id":"https:\/\/librairie7l.com\/en\/#organization","name":"Librairie 7L","url":"https:\/\/librairie7l.com\/en\/","logo":{"@type":"ImageObject","inLanguage":"en-US","@id":"https:\/\/librairie7l.com\/en\/#\/schema\/logo\/image\/","url":"https:\/\/librairie7l.com\/wp-content\/uploads\/2022\/08\/logo-1.png","contentUrl":"https:\/\/librairie7l.com\/wp-content\/uploads\/2022\/08\/logo-1.png","width":227,"height":301,"caption":"Librairie 7L"},"image":{"@id":"https:\/\/librairie7l.com\/en\/#\/schema\/logo\/image\/"}}]}},"_links":{"self":[{"href":"https:\/\/librairie7l.com\/en\/wp-json\/wp\/v2\/product\/40098"}],"collection":[{"href":"https:\/\/librairie7l.com\/en\/wp-json\/wp\/v2\/product"}],"about":[{"href":"https:\/\/librairie7l.com\/en\/wp-json\/wp\/v2\/types\/product"}],"wp:featuredmedia":[{"embeddable":true,"href":"https:\/\/librairie7l.com\/en\/wp-json\/wp\/v2\/media\/40171"}],"wp:attachment":[{"href":"https:\/\/librairie7l.com\/en\/wp-json\/wp\/v2\/media?parent=40098"}],"wp:term":[{"taxonomy":"product_cat","embeddable":true,"href":"https:\/\/librairie7l.com\/en\/wp-json\/wp\/v2\/product_cat?post=40098"},{"taxonomy":"product_tag","embeddable":true,"href":"https:\/\/librairie7l.com\/en\/wp-json\/wp\/v2\/product_tag?post=40098"}],"curies":[{"name":"wp","href":"https:\/\/api.w.org\/{rel}","templated":true}]}}