{"id":40119,"date":"2024-04-04T09:19:14","date_gmt":"2024-04-04T07:19:14","guid":{"rendered":"https:\/\/librairie7l.com\/?post_type=product&#038;p=40119"},"modified":"2026-04-07T17:41:36","modified_gmt":"2026-04-07T15:41:36","slug":"barbie-the-world-tour","status":"publish","type":"product","link":"https:\/\/librairie7l.com\/en\/produit\/barbie-the-world-tour\/","title":{"rendered":"BARBIE : THE WORLD TOUR"},"content":{"rendered":"<p>Plong\u00e9e in\u00e9dite dans l&#8217;univers mode du film ph\u00e9nom\u00e8ne Barbie, avec l&#8217;actrice superstar Margot Robbie.<\/p>\n<p>Ce livre \u00e9v\u00e9nement plonge les lecteurs en plein coeur du monde de Barbie, apr\u00e8s l&#8217;extraordinaire succ\u00e8s du film de Greta Gerwig (pr\u00e8s de 6 millions d&#8217;entr\u00e9es en France). Publi\u00e9 en collaboration exclusive avec Margot Robbie et Mattel, l&#8217;ouvrage c\u00e9l\u00e8bre l&#8217;ic\u00f4ne de mode qu&#8217;est la l\u00e9gendaire poup\u00e9e. En vue de la tourn\u00e9e promotionnelle du film, l&#8217;actrice et son styliste Andrew Makumal ont<br \/>\ndemand\u00e9 aux plus grands cr\u00e9ateurs, de Chanel, Versace, Armani et Schiaparelli, de s&#8217;inspirer des looks historiques de Barbie pour cr\u00e9er des tenues de tapis rouge. La tourn\u00e9e ayant \u00e9t\u00e9 \u00e9court\u00e9e, la plupart de ces cr\u00e9ations sont rest\u00e9es in\u00e9dites.<br \/>\nPour la premi\u00e8re fois, elles sont ici toutes r\u00e9unies, photographi\u00e9es par l&#8217;incontournable photographe de mode Craig McDean.<br \/>\nL&#8217;ouvrage m\u00eale la sophistication de la Haute Couture \u00e0 la l\u00e9g\u00e8ret\u00e9 du monde de Barbie. Un entretien avec Margot Robbie et Andrew<br \/>\nMakumal revient sur la gen\u00e8se du projet, tandis que des contributions exceptionnelles des cr\u00e9ateurs \u00e0 l&#8217;origine des looks reviennent<br \/>\nsur leur processus de travail. Le livre rassemble \u00e9galement des images rares de poup\u00e9es tir\u00e9es des archives de Mattel, ainsi<br \/>\nque des croquis et polaroids r\u00e9alis\u00e9s pendant la pr\u00e9paration des tenues. La parution de cet ouvrage insolite, \u00e0 la crois\u00e9e des mondes de la mode, de la culture pop et du cin\u00e9ma, co\u00efncide avec la c\u00e9l\u00e9bration renouvel\u00e9e de Barbie \u00e0 l&#8217;occasion de son 65\u00e8me anniversaire et de la saison des prix cin\u00e9matographiques internationaux du printemps.<\/p>\n<p>Margot Robbie est une actrice et productrice australienne prim\u00e9e, qui a notamment jou\u00e9 Harley Quinn dans les films de DC Comics Suicide Squad, Tonya Harding dans Moi, Tonya (pour lequel Robbie a \u00e9t\u00e9 nomm\u00e9e aux Oscars), et Sharon Tate dans Once Upon a Time in Hollywood de Quentin Tarantino.<br \/>\nAndrew Mukamal est un styliste de mode am\u00e9ricain dont le travail a \u00e9t\u00e9 remarqu\u00e9 dans Vogue, Elle, Esquire et Rolling Stone, ainsi que dans des publicit\u00e9s pour des marques telles que Gucci et Yves Saint Laurent.<br \/>\nEdward Enninful est le r\u00e9dacteur en chef du British Vogue depuis 2017. Margaret Zhang est la r\u00e9dactrice en chef de Vogue China depuis 2021.<br \/>\nGreta Gerwing est une actrice, sc\u00e9nariste et r\u00e9alisatrice am\u00e9ricaine. Elle a r\u00e9alis\u00e9 et \u00e9crit le film Barbie.<br \/>\nCraig McDean est un photographe et cin\u00e9aste britannique r\u00e9put\u00e9 pour ses images de mode et ses portraits saisissants. McDean a collabor\u00e9 avec Dior, Gucci, Yves Saint Laurent, Armani, Estee Lauder et Calvin Klein, ainsi que pour W, Vogue, et AnOther Magazine.<\/p>\n","protected":false},"excerpt":{"rendered":"<p>Plong\u00e9e in\u00e9dite dans l&#8217;univers mode du film ph\u00e9nom\u00e8ne Barbie, avec l&#8217;actrice superstar Margot Robbie. Ce livre \u00e9v\u00e9nement plonge les lecteurs en plein coeur du monde de Barbie, apr\u00e8s l&#8217;extraordinaire succ\u00e8s du film de Greta Gerwig (pr\u00e8s de 6 millions d&#8217;entr\u00e9es en France). Publi\u00e9 en collaboration exclusive avec Margot Robbie et Mattel, l&#8217;ouvrage c\u00e9l\u00e8bre l&#8217;ic\u00f4ne de [&hellip;]<\/p>\n","protected":false},"featured_media":40117,"template":"","meta":[],"product_cat":[2948,2957],"product_tag":[],"acf":[],"yoast_head":"<!-- This site is optimized with the Yoast SEO plugin v20.11 - https:\/\/yoast.com\/wordpress\/plugins\/seo\/ -->\n<title>Barbie : The World Tour - Librairie 7L<\/title>\n<meta name=\"robots\" content=\"index, follow, max-snippet:-1, max-image-preview:large, max-video-preview:-1\" \/>\n<link rel=\"canonical\" href=\"https:\/\/librairie7l.com\/en\/produit\/barbie-the-world-tour\/\" \/>\n<meta property=\"og:locale\" content=\"en_US\" \/>\n<meta property=\"og:type\" content=\"article\" \/>\n<meta property=\"og:title\" content=\"Barbie : The World Tour - Librairie 7L\" \/>\n<meta property=\"og:description\" content=\"Plong\u00e9e in\u00e9dite dans l&#8217;univers mode du film ph\u00e9nom\u00e8ne Barbie, avec l&#8217;actrice superstar Margot Robbie. Ce livre \u00e9v\u00e9nement plonge les lecteurs en plein coeur du monde de Barbie, apr\u00e8s l&#8217;extraordinaire succ\u00e8s du film de Greta Gerwig (pr\u00e8s de 6 millions d&#8217;entr\u00e9es en France). Publi\u00e9 en collaboration exclusive avec Margot Robbie et Mattel, l&#8217;ouvrage c\u00e9l\u00e8bre l&#8217;ic\u00f4ne de [&hellip;]\" \/>\n<meta property=\"og:url\" content=\"https:\/\/librairie7l.com\/en\/produit\/barbie-the-world-tour\/\" \/>\n<meta property=\"og:site_name\" content=\"Librairie 7L\" \/>\n<meta property=\"article:modified_time\" content=\"2026-04-07T15:41:36+00:00\" \/>\n<meta property=\"og:image\" content=\"https:\/\/librairie7l.com\/wp-content\/uploads\/2024\/01\/9780789345592_1_75.jpg\" \/>\n\t<meta property=\"og:image:width\" content=\"600\" \/>\n\t<meta property=\"og:image:height\" content=\"816\" \/>\n\t<meta property=\"og:image:type\" content=\"image\/jpeg\" \/>\n<meta name=\"twitter:card\" content=\"summary_large_image\" \/>\n<meta name=\"twitter:label1\" content=\"Est. reading time\" \/>\n\t<meta name=\"twitter:data1\" content=\"2 minutes\" \/>\n<script type=\"application\/ld+json\" class=\"yoast-schema-graph\">{\"@context\":\"https:\/\/schema.org\",\"@graph\":[{\"@type\":\"WebPage\",\"@id\":\"https:\/\/librairie7l.com\/en\/produit\/barbie-the-world-tour\/\",\"url\":\"https:\/\/librairie7l.com\/en\/produit\/barbie-the-world-tour\/\",\"name\":\"Barbie : The World Tour - Librairie 7L\",\"isPartOf\":{\"@id\":\"https:\/\/librairie7l.com\/en\/#website\"},\"datePublished\":\"2024-04-04T07:19:14+00:00\",\"dateModified\":\"2026-04-07T15:41:36+00:00\",\"breadcrumb\":{\"@id\":\"https:\/\/librairie7l.com\/en\/produit\/barbie-the-world-tour\/#breadcrumb\"},\"inLanguage\":\"en-US\",\"potentialAction\":[{\"@type\":\"ReadAction\",\"target\":[\"https:\/\/librairie7l.com\/en\/produit\/barbie-the-world-tour\/\"]}]},{\"@type\":\"BreadcrumbList\",\"@id\":\"https:\/\/librairie7l.com\/en\/produit\/barbie-the-world-tour\/#breadcrumb\",\"itemListElement\":[{\"@type\":\"ListItem\",\"position\":1,\"name\":\"Accueil\",\"item\":\"https:\/\/librairie7l.com\/en\/\"},{\"@type\":\"ListItem\",\"position\":2,\"name\":\"Shop\",\"item\":\"https:\/\/librairie7l.com\/en\/shop\/\"},{\"@type\":\"ListItem\",\"position\":3,\"name\":\"BARBIE : THE WORLD TOUR\"}]},{\"@type\":\"WebSite\",\"@id\":\"https:\/\/librairie7l.com\/en\/#website\",\"url\":\"https:\/\/librairie7l.com\/en\/\",\"name\":\"Librairie 7L\",\"description\":\"Librairie fond\u00e9e en 1999 par Karl Lagerfeld \u00e0 Paris\",\"publisher\":{\"@id\":\"https:\/\/librairie7l.com\/en\/#organization\"},\"potentialAction\":[{\"@type\":\"SearchAction\",\"target\":{\"@type\":\"EntryPoint\",\"urlTemplate\":\"https:\/\/librairie7l.com\/en\/?s={search_term_string}\"},\"query-input\":\"required name=search_term_string\"}],\"inLanguage\":\"en-US\"},{\"@type\":\"Organization\",\"@id\":\"https:\/\/librairie7l.com\/en\/#organization\",\"name\":\"Librairie 7L\",\"url\":\"https:\/\/librairie7l.com\/en\/\",\"logo\":{\"@type\":\"ImageObject\",\"inLanguage\":\"en-US\",\"@id\":\"https:\/\/librairie7l.com\/en\/#\/schema\/logo\/image\/\",\"url\":\"https:\/\/librairie7l.com\/wp-content\/uploads\/2022\/08\/logo-1.png\",\"contentUrl\":\"https:\/\/librairie7l.com\/wp-content\/uploads\/2022\/08\/logo-1.png\",\"width\":227,\"height\":301,\"caption\":\"Librairie 7L\"},\"image\":{\"@id\":\"https:\/\/librairie7l.com\/en\/#\/schema\/logo\/image\/\"}}]}<\/script>\n<!-- \/ Yoast SEO plugin. -->","yoast_head_json":{"title":"Barbie : The World Tour - Librairie 7L","robots":{"index":"index","follow":"follow","max-snippet":"max-snippet:-1","max-image-preview":"max-image-preview:large","max-video-preview":"max-video-preview:-1"},"canonical":"https:\/\/librairie7l.com\/en\/produit\/barbie-the-world-tour\/","og_locale":"en_US","og_type":"article","og_title":"Barbie : The World Tour - Librairie 7L","og_description":"Plong\u00e9e in\u00e9dite dans l&#8217;univers mode du film ph\u00e9nom\u00e8ne Barbie, avec l&#8217;actrice superstar Margot Robbie. Ce livre \u00e9v\u00e9nement plonge les lecteurs en plein coeur du monde de Barbie, apr\u00e8s l&#8217;extraordinaire succ\u00e8s du film de Greta Gerwig (pr\u00e8s de 6 millions d&#8217;entr\u00e9es en France). Publi\u00e9 en collaboration exclusive avec Margot Robbie et Mattel, l&#8217;ouvrage c\u00e9l\u00e8bre l&#8217;ic\u00f4ne de [&hellip;]","og_url":"https:\/\/librairie7l.com\/en\/produit\/barbie-the-world-tour\/","og_site_name":"Librairie 7L","article_modified_time":"2026-04-07T15:41:36+00:00","og_image":[{"width":600,"height":816,"url":"https:\/\/librairie7l.com\/wp-content\/uploads\/2024\/01\/9780789345592_1_75.jpg","type":"image\/jpeg"}],"twitter_card":"summary_large_image","twitter_misc":{"Est. reading time":"2 minutes"},"schema":{"@context":"https:\/\/schema.org","@graph":[{"@type":"WebPage","@id":"https:\/\/librairie7l.com\/en\/produit\/barbie-the-world-tour\/","url":"https:\/\/librairie7l.com\/en\/produit\/barbie-the-world-tour\/","name":"Barbie : The World Tour - Librairie 7L","isPartOf":{"@id":"https:\/\/librairie7l.com\/en\/#website"},"datePublished":"2024-04-04T07:19:14+00:00","dateModified":"2026-04-07T15:41:36+00:00","breadcrumb":{"@id":"https:\/\/librairie7l.com\/en\/produit\/barbie-the-world-tour\/#breadcrumb"},"inLanguage":"en-US","potentialAction":[{"@type":"ReadAction","target":["https:\/\/librairie7l.com\/en\/produit\/barbie-the-world-tour\/"]}]},{"@type":"BreadcrumbList","@id":"https:\/\/librairie7l.com\/en\/produit\/barbie-the-world-tour\/#breadcrumb","itemListElement":[{"@type":"ListItem","position":1,"name":"Accueil","item":"https:\/\/librairie7l.com\/en\/"},{"@type":"ListItem","position":2,"name":"Shop","item":"https:\/\/librairie7l.com\/en\/shop\/"},{"@type":"ListItem","position":3,"name":"BARBIE : THE WORLD TOUR"}]},{"@type":"WebSite","@id":"https:\/\/librairie7l.com\/en\/#website","url":"https:\/\/librairie7l.com\/en\/","name":"Librairie 7L","description":"Librairie fond\u00e9e en 1999 par Karl Lagerfeld \u00e0 Paris","publisher":{"@id":"https:\/\/librairie7l.com\/en\/#organization"},"potentialAction":[{"@type":"SearchAction","target":{"@type":"EntryPoint","urlTemplate":"https:\/\/librairie7l.com\/en\/?s={search_term_string}"},"query-input":"required name=search_term_string"}],"inLanguage":"en-US"},{"@type":"Organization","@id":"https:\/\/librairie7l.com\/en\/#organization","name":"Librairie 7L","url":"https:\/\/librairie7l.com\/en\/","logo":{"@type":"ImageObject","inLanguage":"en-US","@id":"https:\/\/librairie7l.com\/en\/#\/schema\/logo\/image\/","url":"https:\/\/librairie7l.com\/wp-content\/uploads\/2022\/08\/logo-1.png","contentUrl":"https:\/\/librairie7l.com\/wp-content\/uploads\/2022\/08\/logo-1.png","width":227,"height":301,"caption":"Librairie 7L"},"image":{"@id":"https:\/\/librairie7l.com\/en\/#\/schema\/logo\/image\/"}}]}},"_links":{"self":[{"href":"https:\/\/librairie7l.com\/en\/wp-json\/wp\/v2\/product\/40119"}],"collection":[{"href":"https:\/\/librairie7l.com\/en\/wp-json\/wp\/v2\/product"}],"about":[{"href":"https:\/\/librairie7l.com\/en\/wp-json\/wp\/v2\/types\/product"}],"wp:featuredmedia":[{"embeddable":true,"href":"https:\/\/librairie7l.com\/en\/wp-json\/wp\/v2\/media\/40117"}],"wp:attachment":[{"href":"https:\/\/librairie7l.com\/en\/wp-json\/wp\/v2\/media?parent=40119"}],"wp:term":[{"taxonomy":"product_cat","embeddable":true,"href":"https:\/\/librairie7l.com\/en\/wp-json\/wp\/v2\/product_cat?post=40119"},{"taxonomy":"product_tag","embeddable":true,"href":"https:\/\/librairie7l.com\/en\/wp-json\/wp\/v2\/product_tag?post=40119"}],"curies":[{"name":"wp","href":"https:\/\/api.w.org\/{rel}","templated":true}]}}