{"id":40143,"date":"2024-05-24T02:05:34","date_gmt":"2024-05-24T00:05:34","guid":{"rendered":"https:\/\/librairie7l.com\/?post_type=product&#038;p=40143"},"modified":"2026-04-12T07:01:26","modified_gmt":"2026-04-12T05:01:26","slug":"alberto-pinto","status":"publish","type":"product","link":"https:\/\/librairie7l.com\/en\/produit\/alberto-pinto\/","title":{"rendered":"ALBERTO PINTO"},"content":{"rendered":"<p>Alberto Pinto est devenu une des signatures incontournables de la grande d\u00e9coration actuelle. Avant de cr\u00e9er son studio dans les ann\u00e9es 1970, il dirigeait une agence de photographie sp\u00e9cialis\u00e9e dans l&#8217;architecture et la d\u00e9coration. C&#8217;est au cours de reportages pour le groupe Cond\u00e9-Nast qu&#8217;il a pu approfondir en Italie son go\u00fbt pour le design. Depuis, avec son studio parisien, il est pass\u00e9 ma\u00eetre dans l&#8217;art de concevoir des maisons sur mesure, pour les clients les plus riches et les plus c\u00e9l\u00e8bres de l&#8217;\u00e9lite internationale : les appartements priv\u00e9s de Jacques Chirac \u00e0 l&#8217;Elys\u00e9e, le Yacht de Maurizio Gucci, les maisons de Sa Majest\u00e9 le prince Khaled Bin Sultan Bin Abdulaziz, ou le prince Bandar&#8230;<br \/>\nCe livre pr\u00e9sente les int\u00e9rieurs les plus spectaculaires r\u00e9alis\u00e9s dans le monde entier et dans un style classique extr\u00eame. Alberto Pinto, qui a grandi au Maroc, a gard\u00e9 le sens des grands espaces d\u00e9di\u00e9s aux r\u00e9ceptions, des chambres majestueuses \u00e9voquant un salon&#8230;<br \/>\nUne nostalgie des ambiances \u00abmiddle Europe\u00bb se conjuguent aux atmosph\u00e8res d&#8217;un XIXe si\u00e8cle raffin\u00e9 qui a cultiv\u00e9 les charmes de l&#8217;Orient.<br \/>\nAppartements sur Central Park, r\u00e9sidence d&#8217;\u00e9t\u00e9 \u00e0 Marbella, palace au Caire, appartement sur le Champs-de-Mars \u00e0 Paris, chalet \u00e0 Courchevel&#8230; Quinze int\u00e9rieurs sont pr\u00e9sent\u00e9s ici dans leurs moindres d\u00e9tails.<\/p>\n","protected":false},"excerpt":{"rendered":"<p>Alberto Pinto est devenu une des signatures incontournables de la grande d\u00e9coration actuelle. Avant de cr\u00e9er son studio dans les ann\u00e9es 1970, il dirigeait une agence de photographie sp\u00e9cialis\u00e9e dans l&#8217;architecture et la d\u00e9coration. C&#8217;est au cours de reportages pour le groupe Cond\u00e9-Nast qu&#8217;il a pu approfondir en Italie son go\u00fbt pour le design. Depuis, [&hellip;]<\/p>\n","protected":false},"featured_media":40141,"template":"","meta":[],"product_cat":[2948,2952],"product_tag":[],"acf":[],"yoast_head":"<!-- This site is optimized with the Yoast SEO plugin v20.11 - https:\/\/yoast.com\/wordpress\/plugins\/seo\/ -->\n<title>Alberto pinto - Librairie 7L<\/title>\n<meta name=\"robots\" content=\"index, follow, max-snippet:-1, max-image-preview:large, max-video-preview:-1\" \/>\n<link rel=\"canonical\" href=\"https:\/\/librairie7l.com\/en\/produit\/alberto-pinto\/\" \/>\n<meta property=\"og:locale\" content=\"en_US\" \/>\n<meta property=\"og:type\" content=\"article\" \/>\n<meta property=\"og:title\" content=\"Alberto pinto - Librairie 7L\" \/>\n<meta property=\"og:description\" content=\"Alberto Pinto est devenu une des signatures incontournables de la grande d\u00e9coration actuelle. Avant de cr\u00e9er son studio dans les ann\u00e9es 1970, il dirigeait une agence de photographie sp\u00e9cialis\u00e9e dans l&#8217;architecture et la d\u00e9coration. C&#8217;est au cours de reportages pour le groupe Cond\u00e9-Nast qu&#8217;il a pu approfondir en Italie son go\u00fbt pour le design. Depuis, [&hellip;]\" \/>\n<meta property=\"og:url\" content=\"https:\/\/librairie7l.com\/en\/produit\/alberto-pinto\/\" \/>\n<meta property=\"og:site_name\" content=\"Librairie 7L\" \/>\n<meta property=\"article:modified_time\" content=\"2026-04-12T05:01:26+00:00\" \/>\n<meta property=\"og:image\" content=\"https:\/\/librairie7l.com\/wp-content\/uploads\/2001\/11\/9782080108371_1_75.jpg\" \/>\n\t<meta property=\"og:image:width\" content=\"622\" \/>\n\t<meta property=\"og:image:height\" content=\"855\" \/>\n\t<meta property=\"og:image:type\" content=\"image\/jpeg\" \/>\n<meta name=\"twitter:card\" content=\"summary_large_image\" \/>\n<meta name=\"twitter:label1\" content=\"Est. reading time\" \/>\n\t<meta name=\"twitter:data1\" content=\"1 minute\" \/>\n<script type=\"application\/ld+json\" class=\"yoast-schema-graph\">{\"@context\":\"https:\/\/schema.org\",\"@graph\":[{\"@type\":\"WebPage\",\"@id\":\"https:\/\/librairie7l.com\/en\/produit\/alberto-pinto\/\",\"url\":\"https:\/\/librairie7l.com\/en\/produit\/alberto-pinto\/\",\"name\":\"Alberto pinto - Librairie 7L\",\"isPartOf\":{\"@id\":\"https:\/\/librairie7l.com\/en\/#website\"},\"datePublished\":\"2024-05-24T00:05:34+00:00\",\"dateModified\":\"2026-04-12T05:01:26+00:00\",\"breadcrumb\":{\"@id\":\"https:\/\/librairie7l.com\/en\/produit\/alberto-pinto\/#breadcrumb\"},\"inLanguage\":\"en-US\",\"potentialAction\":[{\"@type\":\"ReadAction\",\"target\":[\"https:\/\/librairie7l.com\/en\/produit\/alberto-pinto\/\"]}]},{\"@type\":\"BreadcrumbList\",\"@id\":\"https:\/\/librairie7l.com\/en\/produit\/alberto-pinto\/#breadcrumb\",\"itemListElement\":[{\"@type\":\"ListItem\",\"position\":1,\"name\":\"Accueil\",\"item\":\"https:\/\/librairie7l.com\/en\/\"},{\"@type\":\"ListItem\",\"position\":2,\"name\":\"Shop\",\"item\":\"https:\/\/librairie7l.com\/en\/shop\/\"},{\"@type\":\"ListItem\",\"position\":3,\"name\":\"ALBERTO PINTO\"}]},{\"@type\":\"WebSite\",\"@id\":\"https:\/\/librairie7l.com\/en\/#website\",\"url\":\"https:\/\/librairie7l.com\/en\/\",\"name\":\"Librairie 7L\",\"description\":\"Librairie fond\u00e9e en 1999 par Karl Lagerfeld \u00e0 Paris\",\"publisher\":{\"@id\":\"https:\/\/librairie7l.com\/en\/#organization\"},\"potentialAction\":[{\"@type\":\"SearchAction\",\"target\":{\"@type\":\"EntryPoint\",\"urlTemplate\":\"https:\/\/librairie7l.com\/en\/?s={search_term_string}\"},\"query-input\":\"required name=search_term_string\"}],\"inLanguage\":\"en-US\"},{\"@type\":\"Organization\",\"@id\":\"https:\/\/librairie7l.com\/en\/#organization\",\"name\":\"Librairie 7L\",\"url\":\"https:\/\/librairie7l.com\/en\/\",\"logo\":{\"@type\":\"ImageObject\",\"inLanguage\":\"en-US\",\"@id\":\"https:\/\/librairie7l.com\/en\/#\/schema\/logo\/image\/\",\"url\":\"https:\/\/librairie7l.com\/wp-content\/uploads\/2022\/08\/logo-1.png\",\"contentUrl\":\"https:\/\/librairie7l.com\/wp-content\/uploads\/2022\/08\/logo-1.png\",\"width\":227,\"height\":301,\"caption\":\"Librairie 7L\"},\"image\":{\"@id\":\"https:\/\/librairie7l.com\/en\/#\/schema\/logo\/image\/\"}}]}<\/script>\n<!-- \/ Yoast SEO plugin. -->","yoast_head_json":{"title":"Alberto pinto - Librairie 7L","robots":{"index":"index","follow":"follow","max-snippet":"max-snippet:-1","max-image-preview":"max-image-preview:large","max-video-preview":"max-video-preview:-1"},"canonical":"https:\/\/librairie7l.com\/en\/produit\/alberto-pinto\/","og_locale":"en_US","og_type":"article","og_title":"Alberto pinto - Librairie 7L","og_description":"Alberto Pinto est devenu une des signatures incontournables de la grande d\u00e9coration actuelle. Avant de cr\u00e9er son studio dans les ann\u00e9es 1970, il dirigeait une agence de photographie sp\u00e9cialis\u00e9e dans l&#8217;architecture et la d\u00e9coration. C&#8217;est au cours de reportages pour le groupe Cond\u00e9-Nast qu&#8217;il a pu approfondir en Italie son go\u00fbt pour le design. Depuis, [&hellip;]","og_url":"https:\/\/librairie7l.com\/en\/produit\/alberto-pinto\/","og_site_name":"Librairie 7L","article_modified_time":"2026-04-12T05:01:26+00:00","og_image":[{"width":622,"height":855,"url":"https:\/\/librairie7l.com\/wp-content\/uploads\/2001\/11\/9782080108371_1_75.jpg","type":"image\/jpeg"}],"twitter_card":"summary_large_image","twitter_misc":{"Est. reading time":"1 minute"},"schema":{"@context":"https:\/\/schema.org","@graph":[{"@type":"WebPage","@id":"https:\/\/librairie7l.com\/en\/produit\/alberto-pinto\/","url":"https:\/\/librairie7l.com\/en\/produit\/alberto-pinto\/","name":"Alberto pinto - Librairie 7L","isPartOf":{"@id":"https:\/\/librairie7l.com\/en\/#website"},"datePublished":"2024-05-24T00:05:34+00:00","dateModified":"2026-04-12T05:01:26+00:00","breadcrumb":{"@id":"https:\/\/librairie7l.com\/en\/produit\/alberto-pinto\/#breadcrumb"},"inLanguage":"en-US","potentialAction":[{"@type":"ReadAction","target":["https:\/\/librairie7l.com\/en\/produit\/alberto-pinto\/"]}]},{"@type":"BreadcrumbList","@id":"https:\/\/librairie7l.com\/en\/produit\/alberto-pinto\/#breadcrumb","itemListElement":[{"@type":"ListItem","position":1,"name":"Accueil","item":"https:\/\/librairie7l.com\/en\/"},{"@type":"ListItem","position":2,"name":"Shop","item":"https:\/\/librairie7l.com\/en\/shop\/"},{"@type":"ListItem","position":3,"name":"ALBERTO PINTO"}]},{"@type":"WebSite","@id":"https:\/\/librairie7l.com\/en\/#website","url":"https:\/\/librairie7l.com\/en\/","name":"Librairie 7L","description":"Librairie fond\u00e9e en 1999 par Karl Lagerfeld \u00e0 Paris","publisher":{"@id":"https:\/\/librairie7l.com\/en\/#organization"},"potentialAction":[{"@type":"SearchAction","target":{"@type":"EntryPoint","urlTemplate":"https:\/\/librairie7l.com\/en\/?s={search_term_string}"},"query-input":"required name=search_term_string"}],"inLanguage":"en-US"},{"@type":"Organization","@id":"https:\/\/librairie7l.com\/en\/#organization","name":"Librairie 7L","url":"https:\/\/librairie7l.com\/en\/","logo":{"@type":"ImageObject","inLanguage":"en-US","@id":"https:\/\/librairie7l.com\/en\/#\/schema\/logo\/image\/","url":"https:\/\/librairie7l.com\/wp-content\/uploads\/2022\/08\/logo-1.png","contentUrl":"https:\/\/librairie7l.com\/wp-content\/uploads\/2022\/08\/logo-1.png","width":227,"height":301,"caption":"Librairie 7L"},"image":{"@id":"https:\/\/librairie7l.com\/en\/#\/schema\/logo\/image\/"}}]}},"_links":{"self":[{"href":"https:\/\/librairie7l.com\/en\/wp-json\/wp\/v2\/product\/40143"}],"collection":[{"href":"https:\/\/librairie7l.com\/en\/wp-json\/wp\/v2\/product"}],"about":[{"href":"https:\/\/librairie7l.com\/en\/wp-json\/wp\/v2\/types\/product"}],"wp:featuredmedia":[{"embeddable":true,"href":"https:\/\/librairie7l.com\/en\/wp-json\/wp\/v2\/media\/40141"}],"wp:attachment":[{"href":"https:\/\/librairie7l.com\/en\/wp-json\/wp\/v2\/media?parent=40143"}],"wp:term":[{"taxonomy":"product_cat","embeddable":true,"href":"https:\/\/librairie7l.com\/en\/wp-json\/wp\/v2\/product_cat?post=40143"},{"taxonomy":"product_tag","embeddable":true,"href":"https:\/\/librairie7l.com\/en\/wp-json\/wp\/v2\/product_tag?post=40143"}],"curies":[{"name":"wp","href":"https:\/\/api.w.org\/{rel}","templated":true}]}}