{"id":40198,"date":"2024-05-24T02:05:50","date_gmt":"2024-05-24T00:05:50","guid":{"rendered":"https:\/\/librairie7l.com\/?post_type=product&#038;p=40198"},"modified":"2026-04-07T12:41:27","modified_gmt":"2026-04-07T10:41:27","slug":"enfin","status":"publish","type":"product","link":"https:\/\/librairie7l.com\/en\/produit\/enfin\/","title":{"rendered":"ENFIN"},"content":{"rendered":"<p>\u00abGr\u00e2ce \u00e0 lui, elle \u00e9tait heureuse. Il aurait aim\u00e9 qu&#8217;elle le lui dise. C&#8217;\u00e9tait sans doute impossible. Il tentait donc de bannir de son coeur toute revendication \u00e9go\u00efste d&#8217;attention ou de reconnaissance. Quand il y parvenait, son bonheur grandissait.\u00bb Ils vivent seuls et enferm\u00e9s. Elle dans ce quartier dont les murs viennent au secours de sa m\u00e9moire d\u00e9faillante. Lui dans le secret d&#8217;un appartement envahi de romans. Ils n&#8217;attendent rien, ils redoutent comme un danger le moindre changement. C&#8217;est par hasard qu&#8217;ils se rencontrent. L&#8217;un comme l&#8217;autre se d\u00e9fendent contre la tentation de se conna\u00eetre puis, petit \u00e0 petit, se laissent entra\u00eener, s&#8217;abandonnent. Elle lui confie sa m\u00e9moire. Il accepte de l&#8217;habiter. Elle parle, au risque de l&#8217;oubli. Il d\u00e9couvre le bonheur de prendre soin d&#8217;elle, chaque jour un peu plus. Jusqu&#8217;\u00e0 organiser ce voyage qu&#8217;ils feront ensemble \u00e0 la recherche d&#8217;un premier souvenir &#8211; bonheur ou blessure &#8211; qui jusque-l\u00e0 \u00e9tait rest\u00e9 enfoui en elle.<\/p>\n","protected":false},"excerpt":{"rendered":"<p>\u00abGr\u00e2ce \u00e0 lui, elle \u00e9tait heureuse. Il aurait aim\u00e9 qu&#8217;elle le lui dise. C&#8217;\u00e9tait sans doute impossible. Il tentait donc de bannir de son coeur toute revendication \u00e9go\u00efste d&#8217;attention ou de reconnaissance. Quand il y parvenait, son bonheur grandissait.\u00bb Ils vivent seuls et enferm\u00e9s. Elle dans ce quartier dont les murs viennent au secours de [&hellip;]<\/p>\n","protected":false},"featured_media":40196,"template":"","meta":[],"product_cat":[2948,2950],"product_tag":[],"acf":[],"yoast_head":"<!-- This site is optimized with the Yoast SEO plugin v20.11 - https:\/\/yoast.com\/wordpress\/plugins\/seo\/ -->\n<title>Enfin - Librairie 7L<\/title>\n<meta name=\"robots\" content=\"index, follow, max-snippet:-1, max-image-preview:large, max-video-preview:-1\" \/>\n<link rel=\"canonical\" href=\"https:\/\/librairie7l.com\/en\/produit\/enfin\/\" \/>\n<meta property=\"og:locale\" content=\"en_US\" \/>\n<meta property=\"og:type\" content=\"article\" \/>\n<meta property=\"og:title\" content=\"Enfin - Librairie 7L\" \/>\n<meta property=\"og:description\" content=\"\u00abGr\u00e2ce \u00e0 lui, elle \u00e9tait heureuse. Il aurait aim\u00e9 qu&#8217;elle le lui dise. C&#8217;\u00e9tait sans doute impossible. Il tentait donc de bannir de son coeur toute revendication \u00e9go\u00efste d&#8217;attention ou de reconnaissance. Quand il y parvenait, son bonheur grandissait.\u00bb Ils vivent seuls et enferm\u00e9s. Elle dans ce quartier dont les murs viennent au secours de [&hellip;]\" \/>\n<meta property=\"og:url\" content=\"https:\/\/librairie7l.com\/en\/produit\/enfin\/\" \/>\n<meta property=\"og:site_name\" content=\"Librairie 7L\" \/>\n<meta property=\"article:modified_time\" content=\"2026-04-07T10:41:27+00:00\" \/>\n<meta property=\"og:image\" content=\"https:\/\/librairie7l.com\/wp-content\/uploads\/2013\/11\/9782070144235_1_75.jpg\" \/>\n\t<meta property=\"og:image:width\" content=\"1000\" \/>\n\t<meta property=\"og:image:height\" content=\"1485\" \/>\n\t<meta property=\"og:image:type\" content=\"image\/jpeg\" \/>\n<meta name=\"twitter:card\" content=\"summary_large_image\" \/>\n<meta name=\"twitter:label1\" content=\"Est. reading time\" \/>\n\t<meta name=\"twitter:data1\" content=\"1 minute\" \/>\n<script type=\"application\/ld+json\" class=\"yoast-schema-graph\">{\"@context\":\"https:\/\/schema.org\",\"@graph\":[{\"@type\":\"WebPage\",\"@id\":\"https:\/\/librairie7l.com\/en\/produit\/enfin\/\",\"url\":\"https:\/\/librairie7l.com\/en\/produit\/enfin\/\",\"name\":\"Enfin - Librairie 7L\",\"isPartOf\":{\"@id\":\"https:\/\/librairie7l.com\/en\/#website\"},\"datePublished\":\"2024-05-24T00:05:50+00:00\",\"dateModified\":\"2026-04-07T10:41:27+00:00\",\"breadcrumb\":{\"@id\":\"https:\/\/librairie7l.com\/en\/produit\/enfin\/#breadcrumb\"},\"inLanguage\":\"en-US\",\"potentialAction\":[{\"@type\":\"ReadAction\",\"target\":[\"https:\/\/librairie7l.com\/en\/produit\/enfin\/\"]}]},{\"@type\":\"BreadcrumbList\",\"@id\":\"https:\/\/librairie7l.com\/en\/produit\/enfin\/#breadcrumb\",\"itemListElement\":[{\"@type\":\"ListItem\",\"position\":1,\"name\":\"Accueil\",\"item\":\"https:\/\/librairie7l.com\/en\/\"},{\"@type\":\"ListItem\",\"position\":2,\"name\":\"Shop\",\"item\":\"https:\/\/librairie7l.com\/en\/shop\/\"},{\"@type\":\"ListItem\",\"position\":3,\"name\":\"ENFIN\"}]},{\"@type\":\"WebSite\",\"@id\":\"https:\/\/librairie7l.com\/en\/#website\",\"url\":\"https:\/\/librairie7l.com\/en\/\",\"name\":\"Librairie 7L\",\"description\":\"Librairie fond\u00e9e en 1999 par Karl Lagerfeld \u00e0 Paris\",\"publisher\":{\"@id\":\"https:\/\/librairie7l.com\/en\/#organization\"},\"potentialAction\":[{\"@type\":\"SearchAction\",\"target\":{\"@type\":\"EntryPoint\",\"urlTemplate\":\"https:\/\/librairie7l.com\/en\/?s={search_term_string}\"},\"query-input\":\"required name=search_term_string\"}],\"inLanguage\":\"en-US\"},{\"@type\":\"Organization\",\"@id\":\"https:\/\/librairie7l.com\/en\/#organization\",\"name\":\"Librairie 7L\",\"url\":\"https:\/\/librairie7l.com\/en\/\",\"logo\":{\"@type\":\"ImageObject\",\"inLanguage\":\"en-US\",\"@id\":\"https:\/\/librairie7l.com\/en\/#\/schema\/logo\/image\/\",\"url\":\"https:\/\/librairie7l.com\/wp-content\/uploads\/2022\/08\/logo-1.png\",\"contentUrl\":\"https:\/\/librairie7l.com\/wp-content\/uploads\/2022\/08\/logo-1.png\",\"width\":227,\"height\":301,\"caption\":\"Librairie 7L\"},\"image\":{\"@id\":\"https:\/\/librairie7l.com\/en\/#\/schema\/logo\/image\/\"}}]}<\/script>\n<!-- \/ Yoast SEO plugin. -->","yoast_head_json":{"title":"Enfin - Librairie 7L","robots":{"index":"index","follow":"follow","max-snippet":"max-snippet:-1","max-image-preview":"max-image-preview:large","max-video-preview":"max-video-preview:-1"},"canonical":"https:\/\/librairie7l.com\/en\/produit\/enfin\/","og_locale":"en_US","og_type":"article","og_title":"Enfin - Librairie 7L","og_description":"\u00abGr\u00e2ce \u00e0 lui, elle \u00e9tait heureuse. Il aurait aim\u00e9 qu&#8217;elle le lui dise. C&#8217;\u00e9tait sans doute impossible. Il tentait donc de bannir de son coeur toute revendication \u00e9go\u00efste d&#8217;attention ou de reconnaissance. Quand il y parvenait, son bonheur grandissait.\u00bb Ils vivent seuls et enferm\u00e9s. Elle dans ce quartier dont les murs viennent au secours de [&hellip;]","og_url":"https:\/\/librairie7l.com\/en\/produit\/enfin\/","og_site_name":"Librairie 7L","article_modified_time":"2026-04-07T10:41:27+00:00","og_image":[{"width":1000,"height":1485,"url":"https:\/\/librairie7l.com\/wp-content\/uploads\/2013\/11\/9782070144235_1_75.jpg","type":"image\/jpeg"}],"twitter_card":"summary_large_image","twitter_misc":{"Est. reading time":"1 minute"},"schema":{"@context":"https:\/\/schema.org","@graph":[{"@type":"WebPage","@id":"https:\/\/librairie7l.com\/en\/produit\/enfin\/","url":"https:\/\/librairie7l.com\/en\/produit\/enfin\/","name":"Enfin - Librairie 7L","isPartOf":{"@id":"https:\/\/librairie7l.com\/en\/#website"},"datePublished":"2024-05-24T00:05:50+00:00","dateModified":"2026-04-07T10:41:27+00:00","breadcrumb":{"@id":"https:\/\/librairie7l.com\/en\/produit\/enfin\/#breadcrumb"},"inLanguage":"en-US","potentialAction":[{"@type":"ReadAction","target":["https:\/\/librairie7l.com\/en\/produit\/enfin\/"]}]},{"@type":"BreadcrumbList","@id":"https:\/\/librairie7l.com\/en\/produit\/enfin\/#breadcrumb","itemListElement":[{"@type":"ListItem","position":1,"name":"Accueil","item":"https:\/\/librairie7l.com\/en\/"},{"@type":"ListItem","position":2,"name":"Shop","item":"https:\/\/librairie7l.com\/en\/shop\/"},{"@type":"ListItem","position":3,"name":"ENFIN"}]},{"@type":"WebSite","@id":"https:\/\/librairie7l.com\/en\/#website","url":"https:\/\/librairie7l.com\/en\/","name":"Librairie 7L","description":"Librairie fond\u00e9e en 1999 par Karl Lagerfeld \u00e0 Paris","publisher":{"@id":"https:\/\/librairie7l.com\/en\/#organization"},"potentialAction":[{"@type":"SearchAction","target":{"@type":"EntryPoint","urlTemplate":"https:\/\/librairie7l.com\/en\/?s={search_term_string}"},"query-input":"required name=search_term_string"}],"inLanguage":"en-US"},{"@type":"Organization","@id":"https:\/\/librairie7l.com\/en\/#organization","name":"Librairie 7L","url":"https:\/\/librairie7l.com\/en\/","logo":{"@type":"ImageObject","inLanguage":"en-US","@id":"https:\/\/librairie7l.com\/en\/#\/schema\/logo\/image\/","url":"https:\/\/librairie7l.com\/wp-content\/uploads\/2022\/08\/logo-1.png","contentUrl":"https:\/\/librairie7l.com\/wp-content\/uploads\/2022\/08\/logo-1.png","width":227,"height":301,"caption":"Librairie 7L"},"image":{"@id":"https:\/\/librairie7l.com\/en\/#\/schema\/logo\/image\/"}}]}},"_links":{"self":[{"href":"https:\/\/librairie7l.com\/en\/wp-json\/wp\/v2\/product\/40198"}],"collection":[{"href":"https:\/\/librairie7l.com\/en\/wp-json\/wp\/v2\/product"}],"about":[{"href":"https:\/\/librairie7l.com\/en\/wp-json\/wp\/v2\/types\/product"}],"wp:featuredmedia":[{"embeddable":true,"href":"https:\/\/librairie7l.com\/en\/wp-json\/wp\/v2\/media\/40196"}],"wp:attachment":[{"href":"https:\/\/librairie7l.com\/en\/wp-json\/wp\/v2\/media?parent=40198"}],"wp:term":[{"taxonomy":"product_cat","embeddable":true,"href":"https:\/\/librairie7l.com\/en\/wp-json\/wp\/v2\/product_cat?post=40198"},{"taxonomy":"product_tag","embeddable":true,"href":"https:\/\/librairie7l.com\/en\/wp-json\/wp\/v2\/product_tag?post=40198"}],"curies":[{"name":"wp","href":"https:\/\/api.w.org\/{rel}","templated":true}]}}