{"id":40225,"date":"2024-04-10T09:18:04","date_gmt":"2024-04-10T07:18:04","guid":{"rendered":"https:\/\/librairie7l.com\/?post_type=product&#038;p=40225"},"modified":"2026-04-16T16:00:49","modified_gmt":"2026-04-16T14:00:49","slug":"lessor-des-musees-prives-dans-le-monde","status":"publish","type":"product","link":"https:\/\/librairie7l.com\/en\/produit\/lessor-des-musees-prives-dans-le-monde\/","title":{"rendered":"L&#8217;ESSOR DES MUS\u00c9ES PRIV\u00c9S DANS LE MONDE"},"content":{"rendered":"<p>Le mus\u00e9e priv\u00e9 est devenu un ph\u00e9nom\u00e8ne du xxie<br \/>\n?si\u00e8cle.<br \/>\nIl en existe quelque 400 dans le monde et, la plupart de<br \/>\nceux consacr\u00e9s \u00e0 l&#8217;art contemporain ont \u00e9t\u00e9 fond\u00e9es au<br \/>\ncours des 20 derni\u00e8res ann\u00e9es. La journaliste Georgina<br \/>\nAdam, sp\u00e9cialiste du march\u00e9 de l&#8217;art, dresse un \u00e9tat<br \/>\ndes lieux de la situation, qui s&#8217;av\u00e8re bien plus complexe<br \/>\net nuanc\u00e9 qui n&#8217;y para\u00eet.<br \/>\nGeorgina Adam revient sur cette prolif\u00e9ration sans<br \/>\npr\u00e9c\u00e9dent, bas\u00e9e sur ses r\u00e9centes visites dans plus<br \/>\nde 50 espaces priv\u00e9s en Europe, aux \u00c9tats-Unis, en<br \/>\nChine et ailleurs?; elle explore les raisons de cet essor,<br \/>\nles diff\u00e9rentes motivations des collectionneurs \u00e0<br \/>\nexposer leur art en public et les diff\u00e9rentes mani\u00e8res<br \/>\nde financer les institutions. Les mus\u00e9es priv\u00e9s peuvent<br \/>\ncontribuer \u00e0 la vie culturelle d&#8217;une communaut\u00e9, en<br \/>\noffrant une plateforme aux artistes \u00e9mergents, en<br \/>\nproposant des programmes \u00e9ducatifs et en revitalisant<br \/>\ncertaines r\u00e9gions en d\u00e9clin ou n\u00e9glig\u00e9es. Mais leurs<br \/>\nrelations avec les institutions publiques peuvent aussi<br \/>\n\u00eatre probl\u00e9matiques&#8230; Les mus\u00e9es priv\u00e9s devraient-ils<br \/>\nintervenir pour combler le vide laiss\u00e9 par le d\u00e9clin des<br \/>\ninvestissements publics dans la culture, et quelles en<br \/>\nsont les implications pour la soci\u00e9t\u00e9 et les arts??<\/p>\n","protected":false},"excerpt":{"rendered":"<p>Le mus\u00e9e priv\u00e9 est devenu un ph\u00e9nom\u00e8ne du xxie ?si\u00e8cle. Il en existe quelque 400 dans le monde et, la plupart de ceux consacr\u00e9s \u00e0 l&#8217;art contemporain ont \u00e9t\u00e9 fond\u00e9es au cours des 20 derni\u00e8res ann\u00e9es. La journaliste Georgina Adam, sp\u00e9cialiste du march\u00e9 de l&#8217;art, dresse un \u00e9tat des lieux de la situation, qui s&#8217;av\u00e8re [&hellip;]<\/p>\n","protected":false},"featured_media":40223,"template":"","meta":[],"product_cat":[55,2948,47,2953],"product_tag":[],"acf":[],"yoast_head":"<!-- This site is optimized with the Yoast SEO plugin v20.11 - https:\/\/yoast.com\/wordpress\/plugins\/seo\/ -->\n<title>L&#039;Essor des mus\u00e9es priv\u00e9s dans le monde - Librairie 7L<\/title>\n<meta name=\"robots\" content=\"index, follow, max-snippet:-1, max-image-preview:large, max-video-preview:-1\" \/>\n<link rel=\"canonical\" href=\"https:\/\/librairie7l.com\/en\/produit\/lessor-des-musees-prives-dans-le-monde\/\" \/>\n<meta property=\"og:locale\" content=\"en_US\" \/>\n<meta property=\"og:type\" content=\"article\" \/>\n<meta property=\"og:title\" content=\"L&#039;Essor des mus\u00e9es priv\u00e9s dans le monde - Librairie 7L\" \/>\n<meta property=\"og:description\" content=\"Le mus\u00e9e priv\u00e9 est devenu un ph\u00e9nom\u00e8ne du xxie ?si\u00e8cle. Il en existe quelque 400 dans le monde et, la plupart de ceux consacr\u00e9s \u00e0 l&#8217;art contemporain ont \u00e9t\u00e9 fond\u00e9es au cours des 20 derni\u00e8res ann\u00e9es. La journaliste Georgina Adam, sp\u00e9cialiste du march\u00e9 de l&#8217;art, dresse un \u00e9tat des lieux de la situation, qui s&#8217;av\u00e8re [&hellip;]\" \/>\n<meta property=\"og:url\" content=\"https:\/\/librairie7l.com\/en\/produit\/lessor-des-musees-prives-dans-le-monde\/\" \/>\n<meta property=\"og:site_name\" content=\"Librairie 7L\" \/>\n<meta property=\"article:modified_time\" content=\"2026-04-16T14:00:49+00:00\" \/>\n<meta property=\"og:image\" content=\"https:\/\/librairie7l.com\/wp-content\/uploads\/2023\/11\/9791020408792_1_75.jpg\" \/>\n\t<meta property=\"og:image:width\" content=\"600\" \/>\n\t<meta property=\"og:image:height\" content=\"938\" \/>\n\t<meta property=\"og:image:type\" content=\"image\/jpeg\" \/>\n<meta name=\"twitter:card\" content=\"summary_large_image\" \/>\n<meta name=\"twitter:label1\" content=\"Est. reading time\" \/>\n\t<meta name=\"twitter:data1\" content=\"1 minute\" \/>\n<script type=\"application\/ld+json\" class=\"yoast-schema-graph\">{\"@context\":\"https:\/\/schema.org\",\"@graph\":[{\"@type\":\"WebPage\",\"@id\":\"https:\/\/librairie7l.com\/en\/produit\/lessor-des-musees-prives-dans-le-monde\/\",\"url\":\"https:\/\/librairie7l.com\/en\/produit\/lessor-des-musees-prives-dans-le-monde\/\",\"name\":\"L'Essor des mus\u00e9es priv\u00e9s dans le monde - Librairie 7L\",\"isPartOf\":{\"@id\":\"https:\/\/librairie7l.com\/en\/#website\"},\"datePublished\":\"2024-04-10T07:18:04+00:00\",\"dateModified\":\"2026-04-16T14:00:49+00:00\",\"breadcrumb\":{\"@id\":\"https:\/\/librairie7l.com\/en\/produit\/lessor-des-musees-prives-dans-le-monde\/#breadcrumb\"},\"inLanguage\":\"en-US\",\"potentialAction\":[{\"@type\":\"ReadAction\",\"target\":[\"https:\/\/librairie7l.com\/en\/produit\/lessor-des-musees-prives-dans-le-monde\/\"]}]},{\"@type\":\"BreadcrumbList\",\"@id\":\"https:\/\/librairie7l.com\/en\/produit\/lessor-des-musees-prives-dans-le-monde\/#breadcrumb\",\"itemListElement\":[{\"@type\":\"ListItem\",\"position\":1,\"name\":\"Accueil\",\"item\":\"https:\/\/librairie7l.com\/en\/\"},{\"@type\":\"ListItem\",\"position\":2,\"name\":\"Shop\",\"item\":\"https:\/\/librairie7l.com\/en\/shop\/\"},{\"@type\":\"ListItem\",\"position\":3,\"name\":\"L&#8217;ESSOR DES MUS\u00c9ES PRIV\u00c9S DANS LE MONDE\"}]},{\"@type\":\"WebSite\",\"@id\":\"https:\/\/librairie7l.com\/en\/#website\",\"url\":\"https:\/\/librairie7l.com\/en\/\",\"name\":\"Librairie 7L\",\"description\":\"Librairie fond\u00e9e en 1999 par Karl Lagerfeld \u00e0 Paris\",\"publisher\":{\"@id\":\"https:\/\/librairie7l.com\/en\/#organization\"},\"potentialAction\":[{\"@type\":\"SearchAction\",\"target\":{\"@type\":\"EntryPoint\",\"urlTemplate\":\"https:\/\/librairie7l.com\/en\/?s={search_term_string}\"},\"query-input\":\"required name=search_term_string\"}],\"inLanguage\":\"en-US\"},{\"@type\":\"Organization\",\"@id\":\"https:\/\/librairie7l.com\/en\/#organization\",\"name\":\"Librairie 7L\",\"url\":\"https:\/\/librairie7l.com\/en\/\",\"logo\":{\"@type\":\"ImageObject\",\"inLanguage\":\"en-US\",\"@id\":\"https:\/\/librairie7l.com\/en\/#\/schema\/logo\/image\/\",\"url\":\"https:\/\/librairie7l.com\/wp-content\/uploads\/2022\/08\/logo-1.png\",\"contentUrl\":\"https:\/\/librairie7l.com\/wp-content\/uploads\/2022\/08\/logo-1.png\",\"width\":227,\"height\":301,\"caption\":\"Librairie 7L\"},\"image\":{\"@id\":\"https:\/\/librairie7l.com\/en\/#\/schema\/logo\/image\/\"}}]}<\/script>\n<!-- \/ Yoast SEO plugin. -->","yoast_head_json":{"title":"L'Essor des mus\u00e9es priv\u00e9s dans le monde - Librairie 7L","robots":{"index":"index","follow":"follow","max-snippet":"max-snippet:-1","max-image-preview":"max-image-preview:large","max-video-preview":"max-video-preview:-1"},"canonical":"https:\/\/librairie7l.com\/en\/produit\/lessor-des-musees-prives-dans-le-monde\/","og_locale":"en_US","og_type":"article","og_title":"L'Essor des mus\u00e9es priv\u00e9s dans le monde - Librairie 7L","og_description":"Le mus\u00e9e priv\u00e9 est devenu un ph\u00e9nom\u00e8ne du xxie ?si\u00e8cle. Il en existe quelque 400 dans le monde et, la plupart de ceux consacr\u00e9s \u00e0 l&#8217;art contemporain ont \u00e9t\u00e9 fond\u00e9es au cours des 20 derni\u00e8res ann\u00e9es. La journaliste Georgina Adam, sp\u00e9cialiste du march\u00e9 de l&#8217;art, dresse un \u00e9tat des lieux de la situation, qui s&#8217;av\u00e8re [&hellip;]","og_url":"https:\/\/librairie7l.com\/en\/produit\/lessor-des-musees-prives-dans-le-monde\/","og_site_name":"Librairie 7L","article_modified_time":"2026-04-16T14:00:49+00:00","og_image":[{"width":600,"height":938,"url":"https:\/\/librairie7l.com\/wp-content\/uploads\/2023\/11\/9791020408792_1_75.jpg","type":"image\/jpeg"}],"twitter_card":"summary_large_image","twitter_misc":{"Est. reading time":"1 minute"},"schema":{"@context":"https:\/\/schema.org","@graph":[{"@type":"WebPage","@id":"https:\/\/librairie7l.com\/en\/produit\/lessor-des-musees-prives-dans-le-monde\/","url":"https:\/\/librairie7l.com\/en\/produit\/lessor-des-musees-prives-dans-le-monde\/","name":"L'Essor des mus\u00e9es priv\u00e9s dans le monde - Librairie 7L","isPartOf":{"@id":"https:\/\/librairie7l.com\/en\/#website"},"datePublished":"2024-04-10T07:18:04+00:00","dateModified":"2026-04-16T14:00:49+00:00","breadcrumb":{"@id":"https:\/\/librairie7l.com\/en\/produit\/lessor-des-musees-prives-dans-le-monde\/#breadcrumb"},"inLanguage":"en-US","potentialAction":[{"@type":"ReadAction","target":["https:\/\/librairie7l.com\/en\/produit\/lessor-des-musees-prives-dans-le-monde\/"]}]},{"@type":"BreadcrumbList","@id":"https:\/\/librairie7l.com\/en\/produit\/lessor-des-musees-prives-dans-le-monde\/#breadcrumb","itemListElement":[{"@type":"ListItem","position":1,"name":"Accueil","item":"https:\/\/librairie7l.com\/en\/"},{"@type":"ListItem","position":2,"name":"Shop","item":"https:\/\/librairie7l.com\/en\/shop\/"},{"@type":"ListItem","position":3,"name":"L&#8217;ESSOR DES MUS\u00c9ES PRIV\u00c9S DANS LE MONDE"}]},{"@type":"WebSite","@id":"https:\/\/librairie7l.com\/en\/#website","url":"https:\/\/librairie7l.com\/en\/","name":"Librairie 7L","description":"Librairie fond\u00e9e en 1999 par Karl Lagerfeld \u00e0 Paris","publisher":{"@id":"https:\/\/librairie7l.com\/en\/#organization"},"potentialAction":[{"@type":"SearchAction","target":{"@type":"EntryPoint","urlTemplate":"https:\/\/librairie7l.com\/en\/?s={search_term_string}"},"query-input":"required name=search_term_string"}],"inLanguage":"en-US"},{"@type":"Organization","@id":"https:\/\/librairie7l.com\/en\/#organization","name":"Librairie 7L","url":"https:\/\/librairie7l.com\/en\/","logo":{"@type":"ImageObject","inLanguage":"en-US","@id":"https:\/\/librairie7l.com\/en\/#\/schema\/logo\/image\/","url":"https:\/\/librairie7l.com\/wp-content\/uploads\/2022\/08\/logo-1.png","contentUrl":"https:\/\/librairie7l.com\/wp-content\/uploads\/2022\/08\/logo-1.png","width":227,"height":301,"caption":"Librairie 7L"},"image":{"@id":"https:\/\/librairie7l.com\/en\/#\/schema\/logo\/image\/"}}]}},"_links":{"self":[{"href":"https:\/\/librairie7l.com\/en\/wp-json\/wp\/v2\/product\/40225"}],"collection":[{"href":"https:\/\/librairie7l.com\/en\/wp-json\/wp\/v2\/product"}],"about":[{"href":"https:\/\/librairie7l.com\/en\/wp-json\/wp\/v2\/types\/product"}],"wp:featuredmedia":[{"embeddable":true,"href":"https:\/\/librairie7l.com\/en\/wp-json\/wp\/v2\/media\/40223"}],"wp:attachment":[{"href":"https:\/\/librairie7l.com\/en\/wp-json\/wp\/v2\/media?parent=40225"}],"wp:term":[{"taxonomy":"product_cat","embeddable":true,"href":"https:\/\/librairie7l.com\/en\/wp-json\/wp\/v2\/product_cat?post=40225"},{"taxonomy":"product_tag","embeddable":true,"href":"https:\/\/librairie7l.com\/en\/wp-json\/wp\/v2\/product_tag?post=40225"}],"curies":[{"name":"wp","href":"https:\/\/api.w.org\/{rel}","templated":true}]}}