{"id":40229,"date":"2024-04-10T09:18:08","date_gmt":"2024-04-10T07:18:08","guid":{"rendered":"https:\/\/librairie7l.com\/?post_type=product&#038;p=40229"},"modified":"2026-04-06T01:46:17","modified_gmt":"2026-04-05T23:46:17","slug":"lart-et-la-censure-aujourdhui","status":"publish","type":"product","link":"https:\/\/librairie7l.com\/en\/produit\/lart-et-la-censure-aujourdhui\/","title":{"rendered":"L&#8217;ART ET LA CENSURE AUJOURD&#8217;HUI"},"content":{"rendered":"<p>Si la censure dans l&#8217;art s&#8217;est exerc\u00e9e depuis plusieurs<br \/>\nsi\u00e8cles, elle a pris encore plus d&#8217;ampleur au xxie<br \/>\n?si\u00e8cle.<br \/>\nLe journaliste Gareth Harris s&#8217;interroge sur ses<br \/>\nnouveaux contours, ses nouvelles formes et analyse<br \/>\navec justesse et pr\u00e9cision les diff\u00e9rents contextes dans<br \/>\nlesquels les artistes, les mus\u00e9es et les conservateurs<br \/>\nsont aujourd&#8217;hui confront\u00e9s \u00e0 des restrictions de plus<br \/>\nen plus importantes. L&#8217;objectif est d&#8217;approfondir les<br \/>\n\u00e9pisodes de censure, d&#8217;analyser leurs implications pour<br \/>\nles artistes et le monde de l&#8217;art, et la mani\u00e8re dont ces<br \/>\ncas \u00e9clairent le d\u00e9bat sur les questions qui dominent le<br \/>\ndiscours contemporain.<br \/>\nDepuis la censure politique en Chine, \u00e0 Cuba et au<br \/>\nMoyen-Orient, en passant par la suppression des<br \/>\nartistes LGBTQ+ dans les \u00ab?d\u00e9mocraties illib\u00e9rales?\u00bb, les<br \/>\nalgorithmes qui contr\u00f4lent l&#8217;art en ligne ou encore les<br \/>\nmus\u00e9es occidentaux et la \u00ab?culture annul\u00e9e?\u00bb, Gareth<br \/>\nHarris examine ainsi les cas de censure dans le monde<br \/>\nentier, en se concentrant sur qui sont les censeurs<br \/>\net pourquoi ils r\u00e9priment les formes d&#8217;expression<br \/>\nartistique, mais aussi dresse un \u00e9tat des lieux fascinant<br \/>\nqui s&#8217;appuie sur des recherches et des entretiens qu&#8217;il<br \/>\na men\u00e9s, et r\u00e9v\u00e8le pourquoi la censure est rest\u00e9e un<br \/>\nsujet toujours aussi br\u00fblant<\/p>\n","protected":false},"excerpt":{"rendered":"<p>Si la censure dans l&#8217;art s&#8217;est exerc\u00e9e depuis plusieurs si\u00e8cles, elle a pris encore plus d&#8217;ampleur au xxie ?si\u00e8cle. Le journaliste Gareth Harris s&#8217;interroge sur ses nouveaux contours, ses nouvelles formes et analyse avec justesse et pr\u00e9cision les diff\u00e9rents contextes dans lesquels les artistes, les mus\u00e9es et les conservateurs sont aujourd&#8217;hui confront\u00e9s \u00e0 des restrictions [&hellip;]<\/p>\n","protected":false},"featured_media":40227,"template":"","meta":[],"product_cat":[2948,2953],"product_tag":[],"acf":[],"yoast_head":"<!-- This site is optimized with the Yoast SEO plugin v20.11 - https:\/\/yoast.com\/wordpress\/plugins\/seo\/ -->\n<title>L&#039;art et la censure aujourd&#039;hui - Librairie 7L<\/title>\n<meta name=\"robots\" content=\"index, follow, max-snippet:-1, max-image-preview:large, max-video-preview:-1\" \/>\n<link rel=\"canonical\" href=\"https:\/\/librairie7l.com\/en\/produit\/lart-et-la-censure-aujourdhui\/\" \/>\n<meta property=\"og:locale\" content=\"en_US\" \/>\n<meta property=\"og:type\" content=\"article\" \/>\n<meta property=\"og:title\" content=\"L&#039;art et la censure aujourd&#039;hui - Librairie 7L\" \/>\n<meta property=\"og:description\" content=\"Si la censure dans l&#8217;art s&#8217;est exerc\u00e9e depuis plusieurs si\u00e8cles, elle a pris encore plus d&#8217;ampleur au xxie ?si\u00e8cle. Le journaliste Gareth Harris s&#8217;interroge sur ses nouveaux contours, ses nouvelles formes et analyse avec justesse et pr\u00e9cision les diff\u00e9rents contextes dans lesquels les artistes, les mus\u00e9es et les conservateurs sont aujourd&#8217;hui confront\u00e9s \u00e0 des restrictions [&hellip;]\" \/>\n<meta property=\"og:url\" content=\"https:\/\/librairie7l.com\/en\/produit\/lart-et-la-censure-aujourdhui\/\" \/>\n<meta property=\"og:site_name\" content=\"Librairie 7L\" \/>\n<meta property=\"article:modified_time\" content=\"2026-04-05T23:46:17+00:00\" \/>\n<meta property=\"og:image\" content=\"https:\/\/librairie7l.com\/wp-content\/uploads\/2023\/11\/9791020408808_1_75.jpg\" \/>\n\t<meta property=\"og:image:width\" content=\"600\" \/>\n\t<meta property=\"og:image:height\" content=\"914\" \/>\n\t<meta property=\"og:image:type\" content=\"image\/jpeg\" \/>\n<meta name=\"twitter:card\" content=\"summary_large_image\" \/>\n<meta name=\"twitter:label1\" content=\"Est. reading time\" \/>\n\t<meta name=\"twitter:data1\" content=\"1 minute\" \/>\n<script type=\"application\/ld+json\" class=\"yoast-schema-graph\">{\"@context\":\"https:\/\/schema.org\",\"@graph\":[{\"@type\":\"WebPage\",\"@id\":\"https:\/\/librairie7l.com\/en\/produit\/lart-et-la-censure-aujourdhui\/\",\"url\":\"https:\/\/librairie7l.com\/en\/produit\/lart-et-la-censure-aujourdhui\/\",\"name\":\"L'art et la censure aujourd'hui - Librairie 7L\",\"isPartOf\":{\"@id\":\"https:\/\/librairie7l.com\/en\/#website\"},\"datePublished\":\"2024-04-10T07:18:08+00:00\",\"dateModified\":\"2026-04-05T23:46:17+00:00\",\"breadcrumb\":{\"@id\":\"https:\/\/librairie7l.com\/en\/produit\/lart-et-la-censure-aujourdhui\/#breadcrumb\"},\"inLanguage\":\"en-US\",\"potentialAction\":[{\"@type\":\"ReadAction\",\"target\":[\"https:\/\/librairie7l.com\/en\/produit\/lart-et-la-censure-aujourdhui\/\"]}]},{\"@type\":\"BreadcrumbList\",\"@id\":\"https:\/\/librairie7l.com\/en\/produit\/lart-et-la-censure-aujourdhui\/#breadcrumb\",\"itemListElement\":[{\"@type\":\"ListItem\",\"position\":1,\"name\":\"Accueil\",\"item\":\"https:\/\/librairie7l.com\/en\/\"},{\"@type\":\"ListItem\",\"position\":2,\"name\":\"Shop\",\"item\":\"https:\/\/librairie7l.com\/en\/shop\/\"},{\"@type\":\"ListItem\",\"position\":3,\"name\":\"L&#8217;ART ET LA CENSURE AUJOURD&#8217;HUI\"}]},{\"@type\":\"WebSite\",\"@id\":\"https:\/\/librairie7l.com\/en\/#website\",\"url\":\"https:\/\/librairie7l.com\/en\/\",\"name\":\"Librairie 7L\",\"description\":\"Librairie fond\u00e9e en 1999 par Karl Lagerfeld \u00e0 Paris\",\"publisher\":{\"@id\":\"https:\/\/librairie7l.com\/en\/#organization\"},\"potentialAction\":[{\"@type\":\"SearchAction\",\"target\":{\"@type\":\"EntryPoint\",\"urlTemplate\":\"https:\/\/librairie7l.com\/en\/?s={search_term_string}\"},\"query-input\":\"required name=search_term_string\"}],\"inLanguage\":\"en-US\"},{\"@type\":\"Organization\",\"@id\":\"https:\/\/librairie7l.com\/en\/#organization\",\"name\":\"Librairie 7L\",\"url\":\"https:\/\/librairie7l.com\/en\/\",\"logo\":{\"@type\":\"ImageObject\",\"inLanguage\":\"en-US\",\"@id\":\"https:\/\/librairie7l.com\/en\/#\/schema\/logo\/image\/\",\"url\":\"https:\/\/librairie7l.com\/wp-content\/uploads\/2022\/08\/logo-1.png\",\"contentUrl\":\"https:\/\/librairie7l.com\/wp-content\/uploads\/2022\/08\/logo-1.png\",\"width\":227,\"height\":301,\"caption\":\"Librairie 7L\"},\"image\":{\"@id\":\"https:\/\/librairie7l.com\/en\/#\/schema\/logo\/image\/\"}}]}<\/script>\n<!-- \/ Yoast SEO plugin. -->","yoast_head_json":{"title":"L'art et la censure aujourd'hui - Librairie 7L","robots":{"index":"index","follow":"follow","max-snippet":"max-snippet:-1","max-image-preview":"max-image-preview:large","max-video-preview":"max-video-preview:-1"},"canonical":"https:\/\/librairie7l.com\/en\/produit\/lart-et-la-censure-aujourdhui\/","og_locale":"en_US","og_type":"article","og_title":"L'art et la censure aujourd'hui - Librairie 7L","og_description":"Si la censure dans l&#8217;art s&#8217;est exerc\u00e9e depuis plusieurs si\u00e8cles, elle a pris encore plus d&#8217;ampleur au xxie ?si\u00e8cle. Le journaliste Gareth Harris s&#8217;interroge sur ses nouveaux contours, ses nouvelles formes et analyse avec justesse et pr\u00e9cision les diff\u00e9rents contextes dans lesquels les artistes, les mus\u00e9es et les conservateurs sont aujourd&#8217;hui confront\u00e9s \u00e0 des restrictions [&hellip;]","og_url":"https:\/\/librairie7l.com\/en\/produit\/lart-et-la-censure-aujourdhui\/","og_site_name":"Librairie 7L","article_modified_time":"2026-04-05T23:46:17+00:00","og_image":[{"width":600,"height":914,"url":"https:\/\/librairie7l.com\/wp-content\/uploads\/2023\/11\/9791020408808_1_75.jpg","type":"image\/jpeg"}],"twitter_card":"summary_large_image","twitter_misc":{"Est. reading time":"1 minute"},"schema":{"@context":"https:\/\/schema.org","@graph":[{"@type":"WebPage","@id":"https:\/\/librairie7l.com\/en\/produit\/lart-et-la-censure-aujourdhui\/","url":"https:\/\/librairie7l.com\/en\/produit\/lart-et-la-censure-aujourdhui\/","name":"L'art et la censure aujourd'hui - Librairie 7L","isPartOf":{"@id":"https:\/\/librairie7l.com\/en\/#website"},"datePublished":"2024-04-10T07:18:08+00:00","dateModified":"2026-04-05T23:46:17+00:00","breadcrumb":{"@id":"https:\/\/librairie7l.com\/en\/produit\/lart-et-la-censure-aujourdhui\/#breadcrumb"},"inLanguage":"en-US","potentialAction":[{"@type":"ReadAction","target":["https:\/\/librairie7l.com\/en\/produit\/lart-et-la-censure-aujourdhui\/"]}]},{"@type":"BreadcrumbList","@id":"https:\/\/librairie7l.com\/en\/produit\/lart-et-la-censure-aujourdhui\/#breadcrumb","itemListElement":[{"@type":"ListItem","position":1,"name":"Accueil","item":"https:\/\/librairie7l.com\/en\/"},{"@type":"ListItem","position":2,"name":"Shop","item":"https:\/\/librairie7l.com\/en\/shop\/"},{"@type":"ListItem","position":3,"name":"L&#8217;ART ET LA CENSURE AUJOURD&#8217;HUI"}]},{"@type":"WebSite","@id":"https:\/\/librairie7l.com\/en\/#website","url":"https:\/\/librairie7l.com\/en\/","name":"Librairie 7L","description":"Librairie fond\u00e9e en 1999 par Karl Lagerfeld \u00e0 Paris","publisher":{"@id":"https:\/\/librairie7l.com\/en\/#organization"},"potentialAction":[{"@type":"SearchAction","target":{"@type":"EntryPoint","urlTemplate":"https:\/\/librairie7l.com\/en\/?s={search_term_string}"},"query-input":"required name=search_term_string"}],"inLanguage":"en-US"},{"@type":"Organization","@id":"https:\/\/librairie7l.com\/en\/#organization","name":"Librairie 7L","url":"https:\/\/librairie7l.com\/en\/","logo":{"@type":"ImageObject","inLanguage":"en-US","@id":"https:\/\/librairie7l.com\/en\/#\/schema\/logo\/image\/","url":"https:\/\/librairie7l.com\/wp-content\/uploads\/2022\/08\/logo-1.png","contentUrl":"https:\/\/librairie7l.com\/wp-content\/uploads\/2022\/08\/logo-1.png","width":227,"height":301,"caption":"Librairie 7L"},"image":{"@id":"https:\/\/librairie7l.com\/en\/#\/schema\/logo\/image\/"}}]}},"_links":{"self":[{"href":"https:\/\/librairie7l.com\/en\/wp-json\/wp\/v2\/product\/40229"}],"collection":[{"href":"https:\/\/librairie7l.com\/en\/wp-json\/wp\/v2\/product"}],"about":[{"href":"https:\/\/librairie7l.com\/en\/wp-json\/wp\/v2\/types\/product"}],"wp:featuredmedia":[{"embeddable":true,"href":"https:\/\/librairie7l.com\/en\/wp-json\/wp\/v2\/media\/40227"}],"wp:attachment":[{"href":"https:\/\/librairie7l.com\/en\/wp-json\/wp\/v2\/media?parent=40229"}],"wp:term":[{"taxonomy":"product_cat","embeddable":true,"href":"https:\/\/librairie7l.com\/en\/wp-json\/wp\/v2\/product_cat?post=40229"},{"taxonomy":"product_tag","embeddable":true,"href":"https:\/\/librairie7l.com\/en\/wp-json\/wp\/v2\/product_tag?post=40229"}],"curies":[{"name":"wp","href":"https:\/\/api.w.org\/{rel}","templated":true}]}}