{"id":40237,"date":"2024-04-10T09:18:43","date_gmt":"2024-04-10T07:18:43","guid":{"rendered":"https:\/\/librairie7l.com\/?post_type=product&#038;p=40237"},"modified":"2026-04-13T13:36:35","modified_gmt":"2026-04-13T11:36:35","slug":"real-road-test-ed-ruscha","status":"publish","type":"product","link":"https:\/\/librairie7l.com\/en\/produit\/real-road-test-ed-ruscha\/","title":{"rendered":"REAL ROAD TEST, ED RUSCHA"},"content":{"rendered":"<p>Soixante ans plus tard, en 2022, Philippe S\u00e9clier d\u00e9cide de repartir sur les traces d&#8217;Edward Ruscha. Il reprend la Route 66 entre Oklahoma City et Los Angeles pour tenter de retrouver ces gasoline stations et les photographier, cette fois, en couleur.<br \/>\nEn 1962, Edward Ruscha entreprend son projet de photographier des stations-service, entre Los Angeles et Oklahoma City, tout le long de la c\u00e9l\u00e8bre Route 66. Un an plus tard, il auto-\u00e9dite son premier livre d&#8217;artiste, Twentysix Gasoline Stations (1963), imprim\u00e9 \u00e0 400 exemplaires. Dans la foul\u00e9e, il publie plusieurs ouvrages qui traitent \u00e0 la fois de la culture automobile aux Etats-Unis, de l&#8217;architecture et du paysage : Some Los Angeles Apartments (1965), Every Building on the Sunset Strip (1966), Thirtyfour Parking Lots (1967), Royal Road Test (1967), Nine Swimming Pools (1968), Real Estate Opportunities (1970) et A Few Palm Trees (1971).<br \/>\nPhilippe S\u00e9clier d\u00e9cide de repartir sur les traces d&#8217;Edward Ruscha. Il reprend la Route 66 entre Oklahoma City et Los Angeles pour tenter de retrouver ces gasoline stations et les photographier, cette fois, en couleur. Il en s\u00e9lectionne trente-six (Thirtysix) comme pour mieux d\u00e9tourner la version originale. Il va \u00e9galement proc\u00e9der de la sorte avec les titres des autres s\u00e9ries auxquelles il va se confronter dans la<br \/>\nm\u00e9galopole californienne. Ainsi A Few Parking Lots, Some Palm Trees, One Swimming Pool, Every Crossing on Sunset Strip, Studios Estate Opportunities et Various Los Angeles Apartments, qui structurent cet ouvrage &#8211; et jusqu&#8217;\u00e0 son titre principal, Real Road Test -, r\u00e9sonnent avec ceux choisis \u00e0 l&#8217;\u00e9poque par Edward Ruscha. Guid\u00e9 par les coordonn\u00e9es pr\u00e9cises de chacun de ces parkings, immeubles, maisons, palmiers, jusqu&#8217;aux diff\u00e9rents studios investis par le peintre am\u00e9ricain dans les ann\u00e9es 1960, Philippe S\u00e9clier se r\u00e9approprie une oeuvre intemporelle, tout en respectant la forme conceptuelle de ces livres qui ont marqu\u00e9 l&#8217;histoire de l&#8217;art.<\/p>\n","protected":false},"excerpt":{"rendered":"<p>Soixante ans plus tard, en 2022, Philippe S\u00e9clier d\u00e9cide de repartir sur les traces d&#8217;Edward Ruscha. Il reprend la Route 66 entre Oklahoma City et Los Angeles pour tenter de retrouver ces gasoline stations et les photographier, cette fois, en couleur. En 1962, Edward Ruscha entreprend son projet de photographier des stations-service, entre Los Angeles [&hellip;]<\/p>\n","protected":false},"featured_media":40235,"template":"","meta":[],"product_cat":[2948,2958],"product_tag":[],"acf":[],"yoast_head":"<!-- This site is optimized with the Yoast SEO plugin v20.11 - https:\/\/yoast.com\/wordpress\/plugins\/seo\/ -->\n<title>Real road test, Ed Ruscha - Librairie 7L<\/title>\n<meta name=\"robots\" content=\"index, follow, max-snippet:-1, max-image-preview:large, max-video-preview:-1\" \/>\n<link rel=\"canonical\" href=\"https:\/\/librairie7l.com\/en\/produit\/real-road-test-ed-ruscha\/\" \/>\n<meta property=\"og:locale\" content=\"en_US\" \/>\n<meta property=\"og:type\" content=\"article\" \/>\n<meta property=\"og:title\" content=\"Real road test, Ed Ruscha - Librairie 7L\" \/>\n<meta property=\"og:description\" content=\"Soixante ans plus tard, en 2022, Philippe S\u00e9clier d\u00e9cide de repartir sur les traces d&#8217;Edward Ruscha. Il reprend la Route 66 entre Oklahoma City et Los Angeles pour tenter de retrouver ces gasoline stations et les photographier, cette fois, en couleur. En 1962, Edward Ruscha entreprend son projet de photographier des stations-service, entre Los Angeles [&hellip;]\" \/>\n<meta property=\"og:url\" content=\"https:\/\/librairie7l.com\/en\/produit\/real-road-test-ed-ruscha\/\" \/>\n<meta property=\"og:site_name\" content=\"Librairie 7L\" \/>\n<meta property=\"article:modified_time\" content=\"2026-04-13T11:36:35+00:00\" \/>\n<meta property=\"og:image\" content=\"https:\/\/librairie7l.com\/wp-content\/uploads\/2023\/12\/9782365113960_1_75.jpg\" \/>\n\t<meta property=\"og:image:width\" content=\"600\" \/>\n\t<meta property=\"og:image:height\" content=\"780\" \/>\n\t<meta property=\"og:image:type\" content=\"image\/jpeg\" \/>\n<meta name=\"twitter:card\" content=\"summary_large_image\" \/>\n<meta name=\"twitter:label1\" content=\"Est. reading time\" \/>\n\t<meta name=\"twitter:data1\" content=\"2 minutes\" \/>\n<script type=\"application\/ld+json\" class=\"yoast-schema-graph\">{\"@context\":\"https:\/\/schema.org\",\"@graph\":[{\"@type\":\"WebPage\",\"@id\":\"https:\/\/librairie7l.com\/en\/produit\/real-road-test-ed-ruscha\/\",\"url\":\"https:\/\/librairie7l.com\/en\/produit\/real-road-test-ed-ruscha\/\",\"name\":\"Real road test, Ed Ruscha - Librairie 7L\",\"isPartOf\":{\"@id\":\"https:\/\/librairie7l.com\/en\/#website\"},\"datePublished\":\"2024-04-10T07:18:43+00:00\",\"dateModified\":\"2026-04-13T11:36:35+00:00\",\"breadcrumb\":{\"@id\":\"https:\/\/librairie7l.com\/en\/produit\/real-road-test-ed-ruscha\/#breadcrumb\"},\"inLanguage\":\"en-US\",\"potentialAction\":[{\"@type\":\"ReadAction\",\"target\":[\"https:\/\/librairie7l.com\/en\/produit\/real-road-test-ed-ruscha\/\"]}]},{\"@type\":\"BreadcrumbList\",\"@id\":\"https:\/\/librairie7l.com\/en\/produit\/real-road-test-ed-ruscha\/#breadcrumb\",\"itemListElement\":[{\"@type\":\"ListItem\",\"position\":1,\"name\":\"Accueil\",\"item\":\"https:\/\/librairie7l.com\/en\/\"},{\"@type\":\"ListItem\",\"position\":2,\"name\":\"Shop\",\"item\":\"https:\/\/librairie7l.com\/en\/shop\/\"},{\"@type\":\"ListItem\",\"position\":3,\"name\":\"REAL ROAD TEST, ED RUSCHA\"}]},{\"@type\":\"WebSite\",\"@id\":\"https:\/\/librairie7l.com\/en\/#website\",\"url\":\"https:\/\/librairie7l.com\/en\/\",\"name\":\"Librairie 7L\",\"description\":\"Librairie fond\u00e9e en 1999 par Karl Lagerfeld \u00e0 Paris\",\"publisher\":{\"@id\":\"https:\/\/librairie7l.com\/en\/#organization\"},\"potentialAction\":[{\"@type\":\"SearchAction\",\"target\":{\"@type\":\"EntryPoint\",\"urlTemplate\":\"https:\/\/librairie7l.com\/en\/?s={search_term_string}\"},\"query-input\":\"required name=search_term_string\"}],\"inLanguage\":\"en-US\"},{\"@type\":\"Organization\",\"@id\":\"https:\/\/librairie7l.com\/en\/#organization\",\"name\":\"Librairie 7L\",\"url\":\"https:\/\/librairie7l.com\/en\/\",\"logo\":{\"@type\":\"ImageObject\",\"inLanguage\":\"en-US\",\"@id\":\"https:\/\/librairie7l.com\/en\/#\/schema\/logo\/image\/\",\"url\":\"https:\/\/librairie7l.com\/wp-content\/uploads\/2022\/08\/logo-1.png\",\"contentUrl\":\"https:\/\/librairie7l.com\/wp-content\/uploads\/2022\/08\/logo-1.png\",\"width\":227,\"height\":301,\"caption\":\"Librairie 7L\"},\"image\":{\"@id\":\"https:\/\/librairie7l.com\/en\/#\/schema\/logo\/image\/\"}}]}<\/script>\n<!-- \/ Yoast SEO plugin. -->","yoast_head_json":{"title":"Real road test, Ed Ruscha - Librairie 7L","robots":{"index":"index","follow":"follow","max-snippet":"max-snippet:-1","max-image-preview":"max-image-preview:large","max-video-preview":"max-video-preview:-1"},"canonical":"https:\/\/librairie7l.com\/en\/produit\/real-road-test-ed-ruscha\/","og_locale":"en_US","og_type":"article","og_title":"Real road test, Ed Ruscha - Librairie 7L","og_description":"Soixante ans plus tard, en 2022, Philippe S\u00e9clier d\u00e9cide de repartir sur les traces d&#8217;Edward Ruscha. Il reprend la Route 66 entre Oklahoma City et Los Angeles pour tenter de retrouver ces gasoline stations et les photographier, cette fois, en couleur. En 1962, Edward Ruscha entreprend son projet de photographier des stations-service, entre Los Angeles [&hellip;]","og_url":"https:\/\/librairie7l.com\/en\/produit\/real-road-test-ed-ruscha\/","og_site_name":"Librairie 7L","article_modified_time":"2026-04-13T11:36:35+00:00","og_image":[{"width":600,"height":780,"url":"https:\/\/librairie7l.com\/wp-content\/uploads\/2023\/12\/9782365113960_1_75.jpg","type":"image\/jpeg"}],"twitter_card":"summary_large_image","twitter_misc":{"Est. reading time":"2 minutes"},"schema":{"@context":"https:\/\/schema.org","@graph":[{"@type":"WebPage","@id":"https:\/\/librairie7l.com\/en\/produit\/real-road-test-ed-ruscha\/","url":"https:\/\/librairie7l.com\/en\/produit\/real-road-test-ed-ruscha\/","name":"Real road test, Ed Ruscha - Librairie 7L","isPartOf":{"@id":"https:\/\/librairie7l.com\/en\/#website"},"datePublished":"2024-04-10T07:18:43+00:00","dateModified":"2026-04-13T11:36:35+00:00","breadcrumb":{"@id":"https:\/\/librairie7l.com\/en\/produit\/real-road-test-ed-ruscha\/#breadcrumb"},"inLanguage":"en-US","potentialAction":[{"@type":"ReadAction","target":["https:\/\/librairie7l.com\/en\/produit\/real-road-test-ed-ruscha\/"]}]},{"@type":"BreadcrumbList","@id":"https:\/\/librairie7l.com\/en\/produit\/real-road-test-ed-ruscha\/#breadcrumb","itemListElement":[{"@type":"ListItem","position":1,"name":"Accueil","item":"https:\/\/librairie7l.com\/en\/"},{"@type":"ListItem","position":2,"name":"Shop","item":"https:\/\/librairie7l.com\/en\/shop\/"},{"@type":"ListItem","position":3,"name":"REAL ROAD TEST, ED RUSCHA"}]},{"@type":"WebSite","@id":"https:\/\/librairie7l.com\/en\/#website","url":"https:\/\/librairie7l.com\/en\/","name":"Librairie 7L","description":"Librairie fond\u00e9e en 1999 par Karl Lagerfeld \u00e0 Paris","publisher":{"@id":"https:\/\/librairie7l.com\/en\/#organization"},"potentialAction":[{"@type":"SearchAction","target":{"@type":"EntryPoint","urlTemplate":"https:\/\/librairie7l.com\/en\/?s={search_term_string}"},"query-input":"required name=search_term_string"}],"inLanguage":"en-US"},{"@type":"Organization","@id":"https:\/\/librairie7l.com\/en\/#organization","name":"Librairie 7L","url":"https:\/\/librairie7l.com\/en\/","logo":{"@type":"ImageObject","inLanguage":"en-US","@id":"https:\/\/librairie7l.com\/en\/#\/schema\/logo\/image\/","url":"https:\/\/librairie7l.com\/wp-content\/uploads\/2022\/08\/logo-1.png","contentUrl":"https:\/\/librairie7l.com\/wp-content\/uploads\/2022\/08\/logo-1.png","width":227,"height":301,"caption":"Librairie 7L"},"image":{"@id":"https:\/\/librairie7l.com\/en\/#\/schema\/logo\/image\/"}}]}},"_links":{"self":[{"href":"https:\/\/librairie7l.com\/en\/wp-json\/wp\/v2\/product\/40237"}],"collection":[{"href":"https:\/\/librairie7l.com\/en\/wp-json\/wp\/v2\/product"}],"about":[{"href":"https:\/\/librairie7l.com\/en\/wp-json\/wp\/v2\/types\/product"}],"wp:featuredmedia":[{"embeddable":true,"href":"https:\/\/librairie7l.com\/en\/wp-json\/wp\/v2\/media\/40235"}],"wp:attachment":[{"href":"https:\/\/librairie7l.com\/en\/wp-json\/wp\/v2\/media?parent=40237"}],"wp:term":[{"taxonomy":"product_cat","embeddable":true,"href":"https:\/\/librairie7l.com\/en\/wp-json\/wp\/v2\/product_cat?post=40237"},{"taxonomy":"product_tag","embeddable":true,"href":"https:\/\/librairie7l.com\/en\/wp-json\/wp\/v2\/product_tag?post=40237"}],"curies":[{"name":"wp","href":"https:\/\/api.w.org\/{rel}","templated":true}]}}