{"id":40253,"date":"2024-04-12T09:18:11","date_gmt":"2024-04-12T07:18:11","guid":{"rendered":"https:\/\/librairie7l.com\/?post_type=product&#038;p=40253"},"modified":"2026-04-22T15:27:16","modified_gmt":"2026-04-22T13:27:16","slug":"les-annees-declic","status":"publish","type":"product","link":"https:\/\/librairie7l.com\/en\/produit\/les-annees-declic\/","title":{"rendered":"LES ANN\u00c9ES D\u00c9CLIC"},"content":{"rendered":"<p>Ceci est le portrait d&#8217;un instrument de travail. Un scooter de la marque Rumi. \u00c0 ne pas confondre avec une Vespa, qui, \u00e0 la suite de son succ\u00e8s, finit par devenir un nom g\u00e9n\u00e9rique, comme Mobylette pour v\u00e9lomoteur. L&#8217;engin est typique des deux-roues d&#8217;apr\u00e8s-guerre : rustique, robuste, mais avec une touche de modernit\u00e9 qui tient pour l&#8217;essentiel au profilage de son phare. Le Rumi \u00e9tait fabriqu\u00e9 en Italie, une des patries du design industriel o\u00f9 il fut rebaptis\u00e9 Formicchino, en fran\u00e7ais \u00ab petite fourmi \u00bb. L&#8217;envie nous taraude de sauter sur sa selle comme sur le dos d&#8217;une bestiole \u00e0 remonter le temps pour s&#8217;en aller \u00ab rumiser \u00bb le soir dans les rues de Rome au temps de la Dolce Vita.<\/p>\n<p>Ce portrait du Rumi est aussi celui de son propri\u00e9taire, fatalement invisible puisque c&#8217;est lui qui prend la photo. On devine cependant son labeur \u00e0 voir le barda pos\u00e9 sur le trottoir \u00e0 c\u00f4t\u00e9 : une sacoche et un appareil photo. Vavavoom ! Profession : reporter. Et sans casque, cela va de soi.<\/p>\n<p>G\u00e9rard Lefort<\/p>\n","protected":false},"excerpt":{"rendered":"<p>Ceci est le portrait d&#8217;un instrument de travail. Un scooter de la marque Rumi. \u00c0 ne pas confondre avec une Vespa, qui, \u00e0 la suite de son succ\u00e8s, finit par devenir un nom g\u00e9n\u00e9rique, comme Mobylette pour v\u00e9lomoteur. L&#8217;engin est typique des deux-roues d&#8217;apr\u00e8s-guerre : rustique, robuste, mais avec une touche de modernit\u00e9 qui tient [&hellip;]<\/p>\n","protected":false},"featured_media":40251,"template":"","meta":[],"product_cat":[2948,2958],"product_tag":[],"acf":[],"yoast_head":"<!-- This site is optimized with the Yoast SEO plugin v20.11 - https:\/\/yoast.com\/wordpress\/plugins\/seo\/ -->\n<title>Les ann\u00e9es d\u00e9clic - Librairie 7L<\/title>\n<meta name=\"robots\" content=\"index, follow, max-snippet:-1, max-image-preview:large, max-video-preview:-1\" \/>\n<link rel=\"canonical\" href=\"https:\/\/librairie7l.com\/en\/produit\/les-annees-declic\/\" \/>\n<meta property=\"og:locale\" content=\"en_US\" \/>\n<meta property=\"og:type\" content=\"article\" \/>\n<meta property=\"og:title\" content=\"Les ann\u00e9es d\u00e9clic - Librairie 7L\" \/>\n<meta property=\"og:description\" content=\"Ceci est le portrait d&#8217;un instrument de travail. Un scooter de la marque Rumi. \u00c0 ne pas confondre avec une Vespa, qui, \u00e0 la suite de son succ\u00e8s, finit par devenir un nom g\u00e9n\u00e9rique, comme Mobylette pour v\u00e9lomoteur. L&#8217;engin est typique des deux-roues d&#8217;apr\u00e8s-guerre : rustique, robuste, mais avec une touche de modernit\u00e9 qui tient [&hellip;]\" \/>\n<meta property=\"og:url\" content=\"https:\/\/librairie7l.com\/en\/produit\/les-annees-declic\/\" \/>\n<meta property=\"og:site_name\" content=\"Librairie 7L\" \/>\n<meta property=\"article:modified_time\" content=\"2026-04-22T13:27:16+00:00\" \/>\n<meta property=\"og:image\" content=\"https:\/\/librairie7l.com\/wp-content\/uploads\/2023\/12\/9782021558999_1_75.jpg\" \/>\n\t<meta property=\"og:image:width\" content=\"600\" \/>\n\t<meta property=\"og:image:height\" content=\"800\" \/>\n\t<meta property=\"og:image:type\" content=\"image\/jpeg\" \/>\n<meta name=\"twitter:card\" content=\"summary_large_image\" \/>\n<meta name=\"twitter:label1\" content=\"Est. reading time\" \/>\n\t<meta name=\"twitter:data1\" content=\"1 minute\" \/>\n<script type=\"application\/ld+json\" class=\"yoast-schema-graph\">{\"@context\":\"https:\/\/schema.org\",\"@graph\":[{\"@type\":\"WebPage\",\"@id\":\"https:\/\/librairie7l.com\/en\/produit\/les-annees-declic\/\",\"url\":\"https:\/\/librairie7l.com\/en\/produit\/les-annees-declic\/\",\"name\":\"Les ann\u00e9es d\u00e9clic - Librairie 7L\",\"isPartOf\":{\"@id\":\"https:\/\/librairie7l.com\/en\/#website\"},\"datePublished\":\"2024-04-12T07:18:11+00:00\",\"dateModified\":\"2026-04-22T13:27:16+00:00\",\"breadcrumb\":{\"@id\":\"https:\/\/librairie7l.com\/en\/produit\/les-annees-declic\/#breadcrumb\"},\"inLanguage\":\"en-US\",\"potentialAction\":[{\"@type\":\"ReadAction\",\"target\":[\"https:\/\/librairie7l.com\/en\/produit\/les-annees-declic\/\"]}]},{\"@type\":\"BreadcrumbList\",\"@id\":\"https:\/\/librairie7l.com\/en\/produit\/les-annees-declic\/#breadcrumb\",\"itemListElement\":[{\"@type\":\"ListItem\",\"position\":1,\"name\":\"Accueil\",\"item\":\"https:\/\/librairie7l.com\/en\/\"},{\"@type\":\"ListItem\",\"position\":2,\"name\":\"Shop\",\"item\":\"https:\/\/librairie7l.com\/en\/shop\/\"},{\"@type\":\"ListItem\",\"position\":3,\"name\":\"LES ANN\u00c9ES D\u00c9CLIC\"}]},{\"@type\":\"WebSite\",\"@id\":\"https:\/\/librairie7l.com\/en\/#website\",\"url\":\"https:\/\/librairie7l.com\/en\/\",\"name\":\"Librairie 7L\",\"description\":\"Librairie fond\u00e9e en 1999 par Karl Lagerfeld \u00e0 Paris\",\"publisher\":{\"@id\":\"https:\/\/librairie7l.com\/en\/#organization\"},\"potentialAction\":[{\"@type\":\"SearchAction\",\"target\":{\"@type\":\"EntryPoint\",\"urlTemplate\":\"https:\/\/librairie7l.com\/en\/?s={search_term_string}\"},\"query-input\":\"required name=search_term_string\"}],\"inLanguage\":\"en-US\"},{\"@type\":\"Organization\",\"@id\":\"https:\/\/librairie7l.com\/en\/#organization\",\"name\":\"Librairie 7L\",\"url\":\"https:\/\/librairie7l.com\/en\/\",\"logo\":{\"@type\":\"ImageObject\",\"inLanguage\":\"en-US\",\"@id\":\"https:\/\/librairie7l.com\/en\/#\/schema\/logo\/image\/\",\"url\":\"https:\/\/librairie7l.com\/wp-content\/uploads\/2022\/08\/logo-1.png\",\"contentUrl\":\"https:\/\/librairie7l.com\/wp-content\/uploads\/2022\/08\/logo-1.png\",\"width\":227,\"height\":301,\"caption\":\"Librairie 7L\"},\"image\":{\"@id\":\"https:\/\/librairie7l.com\/en\/#\/schema\/logo\/image\/\"}}]}<\/script>\n<!-- \/ Yoast SEO plugin. -->","yoast_head_json":{"title":"Les ann\u00e9es d\u00e9clic - Librairie 7L","robots":{"index":"index","follow":"follow","max-snippet":"max-snippet:-1","max-image-preview":"max-image-preview:large","max-video-preview":"max-video-preview:-1"},"canonical":"https:\/\/librairie7l.com\/en\/produit\/les-annees-declic\/","og_locale":"en_US","og_type":"article","og_title":"Les ann\u00e9es d\u00e9clic - Librairie 7L","og_description":"Ceci est le portrait d&#8217;un instrument de travail. Un scooter de la marque Rumi. \u00c0 ne pas confondre avec une Vespa, qui, \u00e0 la suite de son succ\u00e8s, finit par devenir un nom g\u00e9n\u00e9rique, comme Mobylette pour v\u00e9lomoteur. L&#8217;engin est typique des deux-roues d&#8217;apr\u00e8s-guerre : rustique, robuste, mais avec une touche de modernit\u00e9 qui tient [&hellip;]","og_url":"https:\/\/librairie7l.com\/en\/produit\/les-annees-declic\/","og_site_name":"Librairie 7L","article_modified_time":"2026-04-22T13:27:16+00:00","og_image":[{"width":600,"height":800,"url":"https:\/\/librairie7l.com\/wp-content\/uploads\/2023\/12\/9782021558999_1_75.jpg","type":"image\/jpeg"}],"twitter_card":"summary_large_image","twitter_misc":{"Est. reading time":"1 minute"},"schema":{"@context":"https:\/\/schema.org","@graph":[{"@type":"WebPage","@id":"https:\/\/librairie7l.com\/en\/produit\/les-annees-declic\/","url":"https:\/\/librairie7l.com\/en\/produit\/les-annees-declic\/","name":"Les ann\u00e9es d\u00e9clic - Librairie 7L","isPartOf":{"@id":"https:\/\/librairie7l.com\/en\/#website"},"datePublished":"2024-04-12T07:18:11+00:00","dateModified":"2026-04-22T13:27:16+00:00","breadcrumb":{"@id":"https:\/\/librairie7l.com\/en\/produit\/les-annees-declic\/#breadcrumb"},"inLanguage":"en-US","potentialAction":[{"@type":"ReadAction","target":["https:\/\/librairie7l.com\/en\/produit\/les-annees-declic\/"]}]},{"@type":"BreadcrumbList","@id":"https:\/\/librairie7l.com\/en\/produit\/les-annees-declic\/#breadcrumb","itemListElement":[{"@type":"ListItem","position":1,"name":"Accueil","item":"https:\/\/librairie7l.com\/en\/"},{"@type":"ListItem","position":2,"name":"Shop","item":"https:\/\/librairie7l.com\/en\/shop\/"},{"@type":"ListItem","position":3,"name":"LES ANN\u00c9ES D\u00c9CLIC"}]},{"@type":"WebSite","@id":"https:\/\/librairie7l.com\/en\/#website","url":"https:\/\/librairie7l.com\/en\/","name":"Librairie 7L","description":"Librairie fond\u00e9e en 1999 par Karl Lagerfeld \u00e0 Paris","publisher":{"@id":"https:\/\/librairie7l.com\/en\/#organization"},"potentialAction":[{"@type":"SearchAction","target":{"@type":"EntryPoint","urlTemplate":"https:\/\/librairie7l.com\/en\/?s={search_term_string}"},"query-input":"required name=search_term_string"}],"inLanguage":"en-US"},{"@type":"Organization","@id":"https:\/\/librairie7l.com\/en\/#organization","name":"Librairie 7L","url":"https:\/\/librairie7l.com\/en\/","logo":{"@type":"ImageObject","inLanguage":"en-US","@id":"https:\/\/librairie7l.com\/en\/#\/schema\/logo\/image\/","url":"https:\/\/librairie7l.com\/wp-content\/uploads\/2022\/08\/logo-1.png","contentUrl":"https:\/\/librairie7l.com\/wp-content\/uploads\/2022\/08\/logo-1.png","width":227,"height":301,"caption":"Librairie 7L"},"image":{"@id":"https:\/\/librairie7l.com\/en\/#\/schema\/logo\/image\/"}}]}},"_links":{"self":[{"href":"https:\/\/librairie7l.com\/en\/wp-json\/wp\/v2\/product\/40253"}],"collection":[{"href":"https:\/\/librairie7l.com\/en\/wp-json\/wp\/v2\/product"}],"about":[{"href":"https:\/\/librairie7l.com\/en\/wp-json\/wp\/v2\/types\/product"}],"wp:featuredmedia":[{"embeddable":true,"href":"https:\/\/librairie7l.com\/en\/wp-json\/wp\/v2\/media\/40251"}],"wp:attachment":[{"href":"https:\/\/librairie7l.com\/en\/wp-json\/wp\/v2\/media?parent=40253"}],"wp:term":[{"taxonomy":"product_cat","embeddable":true,"href":"https:\/\/librairie7l.com\/en\/wp-json\/wp\/v2\/product_cat?post=40253"},{"taxonomy":"product_tag","embeddable":true,"href":"https:\/\/librairie7l.com\/en\/wp-json\/wp\/v2\/product_tag?post=40253"}],"curies":[{"name":"wp","href":"https:\/\/api.w.org\/{rel}","templated":true}]}}