{"id":40263,"date":"2024-04-12T09:18:28","date_gmt":"2024-04-12T07:18:28","guid":{"rendered":"https:\/\/librairie7l.com\/?post_type=product&#038;p=40263"},"modified":"2026-04-12T10:52:53","modified_gmt":"2026-04-12T08:52:53","slug":"loeil-de-paris","status":"publish","type":"product","link":"https:\/\/librairie7l.com\/en\/produit\/loeil-de-paris\/","title":{"rendered":"L&#8217;OEIL DE PARIS"},"content":{"rendered":"<p>\u00c0 travers plus de deux cents impressions d&#8217;\u00e9poque, le volume pr\u00e9sente un large \u00e9ventail, exhaustif et in\u00e9dit, de l&#8217;oeuvre de Brassa\u00ef. Hongrois de naissance mais parisien d&#8217;adoption, Brassa\u00ef &#8211; pseudonyme de Gyula Hal\u00e1sz &#8211; fut l&#8217;un des principaux acteurs de la photographie du xxe si\u00e8cle, celui que son ami Henry Miller surnommait \u00ab l&#8217;oeil vivant \u00bb. Ses clich\u00e9s d&#8217;un Paris myst\u00e9rieux sont c\u00e9l\u00e8bres. D\u00e9voil\u00e9s par l&#8217;\u00e9clairage public, envelopp\u00e9s dans la brume ou baign\u00e9s par la pluie, ils offrent un t\u00e9moignage sur l&#8217;atmosph\u00e8re nocturne qui r\u00e9gnait dans la capitale \u00e0 son \u00e9poque. Mais Brassa\u00ef a \u00e9galement voyag\u00e9 dans l&#8217;Europe enti\u00e8re, en Italie et en Espagne entre autres, et aux \u00c9tats-Unis, laissant derri\u00e8re lui des photographies qui portent l&#8217;empreinte de sa curiosit\u00e9 et de son style. Sa production est propos\u00e9e ici, de ses premiers clich\u00e9s influenc\u00e9s par le mouvement surr\u00e9aliste aux iconiques images de Paris dans ses habits voluptueux et mondains. Une attention particuli\u00e8re a \u00e9t\u00e9 port\u00e9e aux \u00ab graffiti \u00bb, immortalis\u00e9s par Brassa\u00ef lors de ses explorations des murs parisiens, r\u00e9v\u00e9lateurs de son attachement aux arts visuels et \u00e0 des artistes comme Jean Dubuffet. Enfin, les photographies d\u00e9di\u00e9es au nu f\u00e9minin, \u00e0 la mode, aux portraits de ses amis artistes et d&#8217;enfants, et ces petits paradoxes et sculptures involontaires que la r\u00e9alit\u00e9 offrait \u00e0 son regard et que Brassa\u00ef, cr\u00e9ateur d&#8217;images, savait saisir dans l&#8217;imm\u00e9diatet\u00e9 de l&#8217;instant.<\/p>\n","protected":false},"excerpt":{"rendered":"<p>\u00c0 travers plus de deux cents impressions d&#8217;\u00e9poque, le volume pr\u00e9sente un large \u00e9ventail, exhaustif et in\u00e9dit, de l&#8217;oeuvre de Brassa\u00ef. Hongrois de naissance mais parisien d&#8217;adoption, Brassa\u00ef &#8211; pseudonyme de Gyula Hal\u00e1sz &#8211; fut l&#8217;un des principaux acteurs de la photographie du xxe si\u00e8cle, celui que son ami Henry Miller surnommait \u00ab l&#8217;oeil vivant [&hellip;]<\/p>\n","protected":false},"featured_media":40261,"template":"","meta":[],"product_cat":[2948,2958],"product_tag":[],"acf":[],"yoast_head":"<!-- This site is optimized with the Yoast SEO plugin v20.11 - https:\/\/yoast.com\/wordpress\/plugins\/seo\/ -->\n<title>L&#039;oeil de Paris - Librairie 7L<\/title>\n<meta name=\"robots\" content=\"index, follow, max-snippet:-1, max-image-preview:large, max-video-preview:-1\" \/>\n<link rel=\"canonical\" href=\"https:\/\/librairie7l.com\/en\/produit\/loeil-de-paris\/\" \/>\n<meta property=\"og:locale\" content=\"en_US\" \/>\n<meta property=\"og:type\" content=\"article\" \/>\n<meta property=\"og:title\" content=\"L&#039;oeil de Paris - Librairie 7L\" \/>\n<meta property=\"og:description\" content=\"\u00c0 travers plus de deux cents impressions d&#8217;\u00e9poque, le volume pr\u00e9sente un large \u00e9ventail, exhaustif et in\u00e9dit, de l&#8217;oeuvre de Brassa\u00ef. Hongrois de naissance mais parisien d&#8217;adoption, Brassa\u00ef &#8211; pseudonyme de Gyula Hal\u00e1sz &#8211; fut l&#8217;un des principaux acteurs de la photographie du xxe si\u00e8cle, celui que son ami Henry Miller surnommait \u00ab l&#8217;oeil vivant [&hellip;]\" \/>\n<meta property=\"og:url\" content=\"https:\/\/librairie7l.com\/en\/produit\/loeil-de-paris\/\" \/>\n<meta property=\"og:site_name\" content=\"Librairie 7L\" \/>\n<meta property=\"article:modified_time\" content=\"2026-04-12T08:52:53+00:00\" \/>\n<meta property=\"og:image\" content=\"https:\/\/librairie7l.com\/wp-content\/uploads\/2024\/01\/9788836657421_1_75.jpg\" \/>\n\t<meta property=\"og:image:width\" content=\"600\" \/>\n\t<meta property=\"og:image:height\" content=\"724\" \/>\n\t<meta property=\"og:image:type\" content=\"image\/jpeg\" \/>\n<meta name=\"twitter:card\" content=\"summary_large_image\" \/>\n<meta name=\"twitter:label1\" content=\"Est. reading time\" \/>\n\t<meta name=\"twitter:data1\" content=\"1 minute\" \/>\n<script type=\"application\/ld+json\" class=\"yoast-schema-graph\">{\"@context\":\"https:\/\/schema.org\",\"@graph\":[{\"@type\":\"WebPage\",\"@id\":\"https:\/\/librairie7l.com\/en\/produit\/loeil-de-paris\/\",\"url\":\"https:\/\/librairie7l.com\/en\/produit\/loeil-de-paris\/\",\"name\":\"L'oeil de Paris - Librairie 7L\",\"isPartOf\":{\"@id\":\"https:\/\/librairie7l.com\/en\/#website\"},\"datePublished\":\"2024-04-12T07:18:28+00:00\",\"dateModified\":\"2026-04-12T08:52:53+00:00\",\"breadcrumb\":{\"@id\":\"https:\/\/librairie7l.com\/en\/produit\/loeil-de-paris\/#breadcrumb\"},\"inLanguage\":\"en-US\",\"potentialAction\":[{\"@type\":\"ReadAction\",\"target\":[\"https:\/\/librairie7l.com\/en\/produit\/loeil-de-paris\/\"]}]},{\"@type\":\"BreadcrumbList\",\"@id\":\"https:\/\/librairie7l.com\/en\/produit\/loeil-de-paris\/#breadcrumb\",\"itemListElement\":[{\"@type\":\"ListItem\",\"position\":1,\"name\":\"Accueil\",\"item\":\"https:\/\/librairie7l.com\/en\/\"},{\"@type\":\"ListItem\",\"position\":2,\"name\":\"Shop\",\"item\":\"https:\/\/librairie7l.com\/en\/shop\/\"},{\"@type\":\"ListItem\",\"position\":3,\"name\":\"L&#8217;OEIL DE PARIS\"}]},{\"@type\":\"WebSite\",\"@id\":\"https:\/\/librairie7l.com\/en\/#website\",\"url\":\"https:\/\/librairie7l.com\/en\/\",\"name\":\"Librairie 7L\",\"description\":\"Librairie fond\u00e9e en 1999 par Karl Lagerfeld \u00e0 Paris\",\"publisher\":{\"@id\":\"https:\/\/librairie7l.com\/en\/#organization\"},\"potentialAction\":[{\"@type\":\"SearchAction\",\"target\":{\"@type\":\"EntryPoint\",\"urlTemplate\":\"https:\/\/librairie7l.com\/en\/?s={search_term_string}\"},\"query-input\":\"required name=search_term_string\"}],\"inLanguage\":\"en-US\"},{\"@type\":\"Organization\",\"@id\":\"https:\/\/librairie7l.com\/en\/#organization\",\"name\":\"Librairie 7L\",\"url\":\"https:\/\/librairie7l.com\/en\/\",\"logo\":{\"@type\":\"ImageObject\",\"inLanguage\":\"en-US\",\"@id\":\"https:\/\/librairie7l.com\/en\/#\/schema\/logo\/image\/\",\"url\":\"https:\/\/librairie7l.com\/wp-content\/uploads\/2022\/08\/logo-1.png\",\"contentUrl\":\"https:\/\/librairie7l.com\/wp-content\/uploads\/2022\/08\/logo-1.png\",\"width\":227,\"height\":301,\"caption\":\"Librairie 7L\"},\"image\":{\"@id\":\"https:\/\/librairie7l.com\/en\/#\/schema\/logo\/image\/\"}}]}<\/script>\n<!-- \/ Yoast SEO plugin. -->","yoast_head_json":{"title":"L'oeil de Paris - Librairie 7L","robots":{"index":"index","follow":"follow","max-snippet":"max-snippet:-1","max-image-preview":"max-image-preview:large","max-video-preview":"max-video-preview:-1"},"canonical":"https:\/\/librairie7l.com\/en\/produit\/loeil-de-paris\/","og_locale":"en_US","og_type":"article","og_title":"L'oeil de Paris - Librairie 7L","og_description":"\u00c0 travers plus de deux cents impressions d&#8217;\u00e9poque, le volume pr\u00e9sente un large \u00e9ventail, exhaustif et in\u00e9dit, de l&#8217;oeuvre de Brassa\u00ef. Hongrois de naissance mais parisien d&#8217;adoption, Brassa\u00ef &#8211; pseudonyme de Gyula Hal\u00e1sz &#8211; fut l&#8217;un des principaux acteurs de la photographie du xxe si\u00e8cle, celui que son ami Henry Miller surnommait \u00ab l&#8217;oeil vivant [&hellip;]","og_url":"https:\/\/librairie7l.com\/en\/produit\/loeil-de-paris\/","og_site_name":"Librairie 7L","article_modified_time":"2026-04-12T08:52:53+00:00","og_image":[{"width":600,"height":724,"url":"https:\/\/librairie7l.com\/wp-content\/uploads\/2024\/01\/9788836657421_1_75.jpg","type":"image\/jpeg"}],"twitter_card":"summary_large_image","twitter_misc":{"Est. reading time":"1 minute"},"schema":{"@context":"https:\/\/schema.org","@graph":[{"@type":"WebPage","@id":"https:\/\/librairie7l.com\/en\/produit\/loeil-de-paris\/","url":"https:\/\/librairie7l.com\/en\/produit\/loeil-de-paris\/","name":"L'oeil de Paris - Librairie 7L","isPartOf":{"@id":"https:\/\/librairie7l.com\/en\/#website"},"datePublished":"2024-04-12T07:18:28+00:00","dateModified":"2026-04-12T08:52:53+00:00","breadcrumb":{"@id":"https:\/\/librairie7l.com\/en\/produit\/loeil-de-paris\/#breadcrumb"},"inLanguage":"en-US","potentialAction":[{"@type":"ReadAction","target":["https:\/\/librairie7l.com\/en\/produit\/loeil-de-paris\/"]}]},{"@type":"BreadcrumbList","@id":"https:\/\/librairie7l.com\/en\/produit\/loeil-de-paris\/#breadcrumb","itemListElement":[{"@type":"ListItem","position":1,"name":"Accueil","item":"https:\/\/librairie7l.com\/en\/"},{"@type":"ListItem","position":2,"name":"Shop","item":"https:\/\/librairie7l.com\/en\/shop\/"},{"@type":"ListItem","position":3,"name":"L&#8217;OEIL DE PARIS"}]},{"@type":"WebSite","@id":"https:\/\/librairie7l.com\/en\/#website","url":"https:\/\/librairie7l.com\/en\/","name":"Librairie 7L","description":"Librairie fond\u00e9e en 1999 par Karl Lagerfeld \u00e0 Paris","publisher":{"@id":"https:\/\/librairie7l.com\/en\/#organization"},"potentialAction":[{"@type":"SearchAction","target":{"@type":"EntryPoint","urlTemplate":"https:\/\/librairie7l.com\/en\/?s={search_term_string}"},"query-input":"required name=search_term_string"}],"inLanguage":"en-US"},{"@type":"Organization","@id":"https:\/\/librairie7l.com\/en\/#organization","name":"Librairie 7L","url":"https:\/\/librairie7l.com\/en\/","logo":{"@type":"ImageObject","inLanguage":"en-US","@id":"https:\/\/librairie7l.com\/en\/#\/schema\/logo\/image\/","url":"https:\/\/librairie7l.com\/wp-content\/uploads\/2022\/08\/logo-1.png","contentUrl":"https:\/\/librairie7l.com\/wp-content\/uploads\/2022\/08\/logo-1.png","width":227,"height":301,"caption":"Librairie 7L"},"image":{"@id":"https:\/\/librairie7l.com\/en\/#\/schema\/logo\/image\/"}}]}},"_links":{"self":[{"href":"https:\/\/librairie7l.com\/en\/wp-json\/wp\/v2\/product\/40263"}],"collection":[{"href":"https:\/\/librairie7l.com\/en\/wp-json\/wp\/v2\/product"}],"about":[{"href":"https:\/\/librairie7l.com\/en\/wp-json\/wp\/v2\/types\/product"}],"wp:featuredmedia":[{"embeddable":true,"href":"https:\/\/librairie7l.com\/en\/wp-json\/wp\/v2\/media\/40261"}],"wp:attachment":[{"href":"https:\/\/librairie7l.com\/en\/wp-json\/wp\/v2\/media?parent=40263"}],"wp:term":[{"taxonomy":"product_cat","embeddable":true,"href":"https:\/\/librairie7l.com\/en\/wp-json\/wp\/v2\/product_cat?post=40263"},{"taxonomy":"product_tag","embeddable":true,"href":"https:\/\/librairie7l.com\/en\/wp-json\/wp\/v2\/product_tag?post=40263"}],"curies":[{"name":"wp","href":"https:\/\/api.w.org\/{rel}","templated":true}]}}