{"id":40288,"date":"2024-04-13T09:18:36","date_gmt":"2024-04-13T07:18:36","guid":{"rendered":"https:\/\/librairie7l.com\/?post_type=product&#038;p=40288"},"modified":"2026-04-13T11:55:16","modified_gmt":"2026-04-13T09:55:16","slug":"la-traversee-des-apparences-la-mode-au-centre-pompidou","status":"publish","type":"product","link":"https:\/\/librairie7l.com\/en\/produit\/la-traversee-des-apparences-la-mode-au-centre-pompidou\/","title":{"rendered":"LA TRAVERS\u00c9E DES APPARENCES : LA MODE AU CENTRE POMPIDOU"},"content":{"rendered":"<p>Le Centre Pompidou donne carte blanche \u00e0 l&#8217;\u00e9crivaine et journaliste, Laurence Bena\u00efm, qui investit pour l&#8217;occasion, les collection d&#8217;art moderne avec des robes de cr\u00e9ateurs parmi les plus embl\u00e9matiques de leurs g\u00e9n\u00e9rations.<br \/>\nLoin d&#8217;un parcours p\u00e9dagogique traditionnel, l&#8217;exposition montre les liens \u00e9vidents qui se tissent entre l&#8217;histoire de l&#8217;art et l&#8217;histoire de la mode au xxe et xxie si\u00e8cle et rend hommage \u00e0 ces ponts entre disciplines et ma\u00eetres.<br \/>\nCette promenade r\u00e9jouissante r\u00e9v\u00e8le de nombreuses surprises : des cr\u00e9ations embl\u00e9matiques d&#8217;Yves Saint Laurent, de Chanel, de Gaultier ou en core de Dior, qui dialoguent avec les oeuvres d&#8217;Henri Matisse, Christian Schad ou Ellsworth Kelly. La jeune cr\u00e9ation est \u00e9galement de la partie, avec Charles de Vilmorin ou Kevin Germanier, qui entrent en r\u00e9sonnance avec Sonia Delaunay. Mais au-del\u00e0 de ces dialogues, l&#8217;exposition questionne la notion de corps et son rapport \u00e0 l&#8217;espace. Laurence Bena\u00efm nous montre \u00e9galement comment la mode s&#8217;int\u00e8gre dans son \u00e9poque, se rel\u00e8ve des crises et devient parfois une revendication politique et sociale.<br \/>\nBeaux Arts \u00c9ditions, dans ce qui tient lieu de catalogue, \u00e9claire ce parcours et donne la parole aux experts et aux cr\u00e9ateurs \u00e0 travers essais et interviews in\u00e9dites.<\/p>\n","protected":false},"excerpt":{"rendered":"<p>Le Centre Pompidou donne carte blanche \u00e0 l&#8217;\u00e9crivaine et journaliste, Laurence Bena\u00efm, qui investit pour l&#8217;occasion, les collection d&#8217;art moderne avec des robes de cr\u00e9ateurs parmi les plus embl\u00e9matiques de leurs g\u00e9n\u00e9rations. Loin d&#8217;un parcours p\u00e9dagogique traditionnel, l&#8217;exposition montre les liens \u00e9vidents qui se tissent entre l&#8217;histoire de l&#8217;art et l&#8217;histoire de la mode au [&hellip;]<\/p>\n","protected":false},"featured_media":40286,"template":"","meta":[],"product_cat":[2948,2953],"product_tag":[],"acf":[],"yoast_head":"<!-- This site is optimized with the Yoast SEO plugin v20.11 - https:\/\/yoast.com\/wordpress\/plugins\/seo\/ -->\n<title>La travers\u00e9e des apparences : la mode au Centre Pompidou - Librairie 7L<\/title>\n<meta name=\"robots\" content=\"index, follow, max-snippet:-1, max-image-preview:large, max-video-preview:-1\" \/>\n<link rel=\"canonical\" href=\"https:\/\/librairie7l.com\/en\/produit\/la-traversee-des-apparences-la-mode-au-centre-pompidou\/\" \/>\n<meta property=\"og:locale\" content=\"en_US\" \/>\n<meta property=\"og:type\" content=\"article\" \/>\n<meta property=\"og:title\" content=\"La travers\u00e9e des apparences : la mode au Centre Pompidou - Librairie 7L\" \/>\n<meta property=\"og:description\" content=\"Le Centre Pompidou donne carte blanche \u00e0 l&#8217;\u00e9crivaine et journaliste, Laurence Bena\u00efm, qui investit pour l&#8217;occasion, les collection d&#8217;art moderne avec des robes de cr\u00e9ateurs parmi les plus embl\u00e9matiques de leurs g\u00e9n\u00e9rations. Loin d&#8217;un parcours p\u00e9dagogique traditionnel, l&#8217;exposition montre les liens \u00e9vidents qui se tissent entre l&#8217;histoire de l&#8217;art et l&#8217;histoire de la mode au [&hellip;]\" \/>\n<meta property=\"og:url\" content=\"https:\/\/librairie7l.com\/en\/produit\/la-traversee-des-apparences-la-mode-au-centre-pompidou\/\" \/>\n<meta property=\"og:site_name\" content=\"Librairie 7L\" \/>\n<meta property=\"article:modified_time\" content=\"2026-04-13T09:55:16+00:00\" \/>\n<meta property=\"og:image\" content=\"https:\/\/librairie7l.com\/wp-content\/uploads\/2024\/01\/9791020409041_1_75.jpg\" \/>\n\t<meta property=\"og:image:width\" content=\"600\" \/>\n\t<meta property=\"og:image:height\" content=\"777\" \/>\n\t<meta property=\"og:image:type\" content=\"image\/jpeg\" \/>\n<meta name=\"twitter:card\" content=\"summary_large_image\" \/>\n<meta name=\"twitter:label1\" content=\"Est. reading time\" \/>\n\t<meta name=\"twitter:data1\" content=\"1 minute\" \/>\n<script type=\"application\/ld+json\" class=\"yoast-schema-graph\">{\"@context\":\"https:\/\/schema.org\",\"@graph\":[{\"@type\":\"WebPage\",\"@id\":\"https:\/\/librairie7l.com\/en\/produit\/la-traversee-des-apparences-la-mode-au-centre-pompidou\/\",\"url\":\"https:\/\/librairie7l.com\/en\/produit\/la-traversee-des-apparences-la-mode-au-centre-pompidou\/\",\"name\":\"La travers\u00e9e des apparences : la mode au Centre Pompidou - Librairie 7L\",\"isPartOf\":{\"@id\":\"https:\/\/librairie7l.com\/en\/#website\"},\"datePublished\":\"2024-04-13T07:18:36+00:00\",\"dateModified\":\"2026-04-13T09:55:16+00:00\",\"breadcrumb\":{\"@id\":\"https:\/\/librairie7l.com\/en\/produit\/la-traversee-des-apparences-la-mode-au-centre-pompidou\/#breadcrumb\"},\"inLanguage\":\"en-US\",\"potentialAction\":[{\"@type\":\"ReadAction\",\"target\":[\"https:\/\/librairie7l.com\/en\/produit\/la-traversee-des-apparences-la-mode-au-centre-pompidou\/\"]}]},{\"@type\":\"BreadcrumbList\",\"@id\":\"https:\/\/librairie7l.com\/en\/produit\/la-traversee-des-apparences-la-mode-au-centre-pompidou\/#breadcrumb\",\"itemListElement\":[{\"@type\":\"ListItem\",\"position\":1,\"name\":\"Accueil\",\"item\":\"https:\/\/librairie7l.com\/en\/\"},{\"@type\":\"ListItem\",\"position\":2,\"name\":\"Shop\",\"item\":\"https:\/\/librairie7l.com\/en\/shop\/\"},{\"@type\":\"ListItem\",\"position\":3,\"name\":\"LA TRAVERS\u00c9E DES APPARENCES : LA MODE AU CENTRE POMPIDOU\"}]},{\"@type\":\"WebSite\",\"@id\":\"https:\/\/librairie7l.com\/en\/#website\",\"url\":\"https:\/\/librairie7l.com\/en\/\",\"name\":\"Librairie 7L\",\"description\":\"Librairie fond\u00e9e en 1999 par Karl Lagerfeld \u00e0 Paris\",\"publisher\":{\"@id\":\"https:\/\/librairie7l.com\/en\/#organization\"},\"potentialAction\":[{\"@type\":\"SearchAction\",\"target\":{\"@type\":\"EntryPoint\",\"urlTemplate\":\"https:\/\/librairie7l.com\/en\/?s={search_term_string}\"},\"query-input\":\"required name=search_term_string\"}],\"inLanguage\":\"en-US\"},{\"@type\":\"Organization\",\"@id\":\"https:\/\/librairie7l.com\/en\/#organization\",\"name\":\"Librairie 7L\",\"url\":\"https:\/\/librairie7l.com\/en\/\",\"logo\":{\"@type\":\"ImageObject\",\"inLanguage\":\"en-US\",\"@id\":\"https:\/\/librairie7l.com\/en\/#\/schema\/logo\/image\/\",\"url\":\"https:\/\/librairie7l.com\/wp-content\/uploads\/2022\/08\/logo-1.png\",\"contentUrl\":\"https:\/\/librairie7l.com\/wp-content\/uploads\/2022\/08\/logo-1.png\",\"width\":227,\"height\":301,\"caption\":\"Librairie 7L\"},\"image\":{\"@id\":\"https:\/\/librairie7l.com\/en\/#\/schema\/logo\/image\/\"}}]}<\/script>\n<!-- \/ Yoast SEO plugin. -->","yoast_head_json":{"title":"La travers\u00e9e des apparences : la mode au Centre Pompidou - Librairie 7L","robots":{"index":"index","follow":"follow","max-snippet":"max-snippet:-1","max-image-preview":"max-image-preview:large","max-video-preview":"max-video-preview:-1"},"canonical":"https:\/\/librairie7l.com\/en\/produit\/la-traversee-des-apparences-la-mode-au-centre-pompidou\/","og_locale":"en_US","og_type":"article","og_title":"La travers\u00e9e des apparences : la mode au Centre Pompidou - Librairie 7L","og_description":"Le Centre Pompidou donne carte blanche \u00e0 l&#8217;\u00e9crivaine et journaliste, Laurence Bena\u00efm, qui investit pour l&#8217;occasion, les collection d&#8217;art moderne avec des robes de cr\u00e9ateurs parmi les plus embl\u00e9matiques de leurs g\u00e9n\u00e9rations. Loin d&#8217;un parcours p\u00e9dagogique traditionnel, l&#8217;exposition montre les liens \u00e9vidents qui se tissent entre l&#8217;histoire de l&#8217;art et l&#8217;histoire de la mode au [&hellip;]","og_url":"https:\/\/librairie7l.com\/en\/produit\/la-traversee-des-apparences-la-mode-au-centre-pompidou\/","og_site_name":"Librairie 7L","article_modified_time":"2026-04-13T09:55:16+00:00","og_image":[{"width":600,"height":777,"url":"https:\/\/librairie7l.com\/wp-content\/uploads\/2024\/01\/9791020409041_1_75.jpg","type":"image\/jpeg"}],"twitter_card":"summary_large_image","twitter_misc":{"Est. reading time":"1 minute"},"schema":{"@context":"https:\/\/schema.org","@graph":[{"@type":"WebPage","@id":"https:\/\/librairie7l.com\/en\/produit\/la-traversee-des-apparences-la-mode-au-centre-pompidou\/","url":"https:\/\/librairie7l.com\/en\/produit\/la-traversee-des-apparences-la-mode-au-centre-pompidou\/","name":"La travers\u00e9e des apparences : la mode au Centre Pompidou - Librairie 7L","isPartOf":{"@id":"https:\/\/librairie7l.com\/en\/#website"},"datePublished":"2024-04-13T07:18:36+00:00","dateModified":"2026-04-13T09:55:16+00:00","breadcrumb":{"@id":"https:\/\/librairie7l.com\/en\/produit\/la-traversee-des-apparences-la-mode-au-centre-pompidou\/#breadcrumb"},"inLanguage":"en-US","potentialAction":[{"@type":"ReadAction","target":["https:\/\/librairie7l.com\/en\/produit\/la-traversee-des-apparences-la-mode-au-centre-pompidou\/"]}]},{"@type":"BreadcrumbList","@id":"https:\/\/librairie7l.com\/en\/produit\/la-traversee-des-apparences-la-mode-au-centre-pompidou\/#breadcrumb","itemListElement":[{"@type":"ListItem","position":1,"name":"Accueil","item":"https:\/\/librairie7l.com\/en\/"},{"@type":"ListItem","position":2,"name":"Shop","item":"https:\/\/librairie7l.com\/en\/shop\/"},{"@type":"ListItem","position":3,"name":"LA TRAVERS\u00c9E DES APPARENCES : LA MODE AU CENTRE POMPIDOU"}]},{"@type":"WebSite","@id":"https:\/\/librairie7l.com\/en\/#website","url":"https:\/\/librairie7l.com\/en\/","name":"Librairie 7L","description":"Librairie fond\u00e9e en 1999 par Karl Lagerfeld \u00e0 Paris","publisher":{"@id":"https:\/\/librairie7l.com\/en\/#organization"},"potentialAction":[{"@type":"SearchAction","target":{"@type":"EntryPoint","urlTemplate":"https:\/\/librairie7l.com\/en\/?s={search_term_string}"},"query-input":"required name=search_term_string"}],"inLanguage":"en-US"},{"@type":"Organization","@id":"https:\/\/librairie7l.com\/en\/#organization","name":"Librairie 7L","url":"https:\/\/librairie7l.com\/en\/","logo":{"@type":"ImageObject","inLanguage":"en-US","@id":"https:\/\/librairie7l.com\/en\/#\/schema\/logo\/image\/","url":"https:\/\/librairie7l.com\/wp-content\/uploads\/2022\/08\/logo-1.png","contentUrl":"https:\/\/librairie7l.com\/wp-content\/uploads\/2022\/08\/logo-1.png","width":227,"height":301,"caption":"Librairie 7L"},"image":{"@id":"https:\/\/librairie7l.com\/en\/#\/schema\/logo\/image\/"}}]}},"_links":{"self":[{"href":"https:\/\/librairie7l.com\/en\/wp-json\/wp\/v2\/product\/40288"}],"collection":[{"href":"https:\/\/librairie7l.com\/en\/wp-json\/wp\/v2\/product"}],"about":[{"href":"https:\/\/librairie7l.com\/en\/wp-json\/wp\/v2\/types\/product"}],"wp:featuredmedia":[{"embeddable":true,"href":"https:\/\/librairie7l.com\/en\/wp-json\/wp\/v2\/media\/40286"}],"wp:attachment":[{"href":"https:\/\/librairie7l.com\/en\/wp-json\/wp\/v2\/media?parent=40288"}],"wp:term":[{"taxonomy":"product_cat","embeddable":true,"href":"https:\/\/librairie7l.com\/en\/wp-json\/wp\/v2\/product_cat?post=40288"},{"taxonomy":"product_tag","embeddable":true,"href":"https:\/\/librairie7l.com\/en\/wp-json\/wp\/v2\/product_tag?post=40288"}],"curies":[{"name":"wp","href":"https:\/\/api.w.org\/{rel}","templated":true}]}}